{"id":14392,"date":"2026-04-24T09:16:13","date_gmt":"2026-04-24T07:16:13","guid":{"rendered":"https:\/\/zrc1904.com\/produit\/securicode-torch-new\/"},"modified":"2026-05-07T15:45:57","modified_gmt":"2026-05-07T13:45:57","slug":"sc3948521328-securicode-torch","status":"publish","type":"product","link":"https:\/\/zrc1904.com\/it\/produit\/sc3948521328-securicode-torch\/","title":{"rendered":"EDIZIONE LIMITATA TORCH &#8211; <span data-red>NEW<\/span>"},"content":{"rendered":"<p><strong>Edizione limitata a soli 50 esemplari<\/strong>, questa creazione esclusiva rende omaggio ai sommergibilisti della flotta subacquea francese e alla loro eredit\u00e0 di discrezione, maestria ed eccellenza negli abissi. Un segnatempo dal carattere deciso, concepito come un autentico oggetto orologiero della memoria.<\/p>\n<p>Il suo quadrante in ottone guilloch\u00e9 a doppio livello \u00e8 impreziosito da un d\u00e9grad\u00e9 verde e nero profondo, evocando le variazioni ipnotiche dell\u2019Oceano Atlantico al largo delle coste marocchine. Questa profondit\u00e0 cromatica conferisce al quadrante una presenza unica, al tempo stesso misteriosa e raffinata.<\/p>\n<p>La lunetta, dotata di un inserto in ceramica, ne rafforza l\u2019identit\u00e0 contemporanea, mentre la cassa in bronzo, con finitura spazzolata circolare ispirata ai modelli storici del marchio, esprime un equilibrio sottile tra eredit\u00e0 e sofisticazione moderna.<\/p>\n<p>Decisamente sport-chic nella sua espressione pi\u00f9 elevata, l\u2019orologio \u00e8 completato da un cinturino in caucci\u00f9 tipo Tropic, che ne esalta il carattere tecnico e vintage allo stesso tempo. L\u2019insieme riflette una visione esigente dell\u2019orologeria svizzera, in cui ogni dettaglio contribuisce a un\u2019estetica di grande distinzione.<\/p>\n<p>\u00c8 animato dal calibro automatico Sellita SW200-1 in versione elaborata, rinomato per affidabilit\u00e0, precisione e robustezza, garantendo prestazioni all\u2019altezza della sua esclusivit\u00e0.<\/p>\n","protected":false},"excerpt":{"rendered":"<p>L\u20198 novembre 1942, l\u2019Operazione TORCH segna una svolta strategica in Nord Africa. A Casablanca, i combattimenti sono di rara intensit\u00e0. Diversi sommergibili francesi da 1.500 tonnellate tentano di resistere alle forze americane comandate da George S. Patton.<\/p>\n<p>Il <em>Tonnant<\/em> riesce a fuggire prima di autoaffondarsi al largo di Cadice il 15 novembre 1942.<\/p>\n<p>Il 15 novembre 2025, esattamente 83 anni dopo la sua scomparsa, il suo relitto \u00e8 stato ufficialmente localizzato e identificato da una squadra di subacquei professionisti e idrografi incaricati da ZRC, nel pieno rispetto di questo sito diventato luogo della memoria.<\/p>\n","protected":false},"featured_media":14385,"comment_status":"closed","ping_status":"closed","template":"","meta":{"_acf_changed":false},"product_cat":[239,184],"product_tag":[],"acf":[],"_links":{"self":[{"href":"https:\/\/zrc1904.com\/it\/wp-json\/wp\/v2\/product\/14392"}],"collection":[{"href":"https:\/\/zrc1904.com\/it\/wp-json\/wp\/v2\/product"}],"about":[{"href":"https:\/\/zrc1904.com\/it\/wp-json\/wp\/v2\/types\/product"}],"replies":[{"embeddable":true,"href":"https:\/\/zrc1904.com\/it\/wp-json\/wp\/v2\/comments?post=14392"}],"wp:featuredmedia":[{"embeddable":true,"href":"https:\/\/zrc1904.com\/it\/wp-json\/wp\/v2\/media\/14385"}],"wp:attachment":[{"href":"https:\/\/zrc1904.com\/it\/wp-json\/wp\/v2\/media?parent=14392"}],"wp:term":[{"taxonomy":"product_cat","embeddable":true,"href":"https:\/\/zrc1904.com\/it\/wp-json\/wp\/v2\/product_cat?post=14392"},{"taxonomy":"product_tag","embeddable":true,"href":"https:\/\/zrc1904.com\/it\/wp-json\/wp\/v2\/product_tag?post=14392"}],"curies":[{"name":"wp","href":"https:\/\/api.w.org\/{rel}","templated":true}]}}