{"id":14369,"date":"2026-04-24T08:39:13","date_gmt":"2026-04-24T06:39:13","guid":{"rendered":"https:\/\/zrc1904.com\/produit\/securicode-diver300-new\/"},"modified":"2026-05-07T15:38:56","modified_gmt":"2026-05-07T13:38:56","slug":"sc3916221118-securicode-diver300","status":"publish","type":"product","link":"https:\/\/zrc1904.com\/it\/produit\/sc3916221118-securicode-diver300\/","title":{"rendered":"DIVER300\u2122-GOMMA \u2013 <span data-red>NEW<\/span>"},"content":{"rendered":"<p>Con un quadrante blu profondo che sfuma nel nero in un d\u00e9grad\u00e9 mozzafiato, arricchito da un effetto iridescente dai riflessi cangianti a seconda della luce, questa interpretazione del modello originario del 1959 affascina per una presenza visiva di grande intensit\u00e0.<\/p>\n<p>Abbinato a un cinturino in caucci\u00f9 FKM di tipo \u00abTropic\u00bb, l\u2019insieme reinterpreta con precisione e modernit\u00e0 i codici fondativi della storia ZRC, dove gli indici guilloch\u00e9 del quadrante giocano con la materia e la luce, offrendo una profondit\u00e0 vibrante. La lunetta, dotata di un inserto in ceramica, aggiunge un tocco discreto di sofisticazione.<\/p>\n<p>La cassa in acciaio satinato si distingue inoltre per una realizzazione particolarmente curata, in cui i chanfreins lucidati mettono in risalto la qualit\u00e0 costruttiva e la particolare attenzione al dettaglio, rafforzando l\u2019eleganza complessiva del segnatempo.<\/p>\n<p>Le finiture circolari spazzolate della cassa, ispirate ai modelli storici del marchio, prolungano un\u2019estetica sobria e controllata, in cui l\u2019eleganza nasce dalla purezza delle linee.<\/p>\n<p>L\u2019insieme \u00e8 animato dal calibro automatico Sellita SW200-1 in versione elaborata, riconosciuto per affidabilit\u00e0 e precisione, garantendo una continuit\u00e0 orologiera esigente e duratura.<\/p>\n","protected":false},"excerpt":{"rendered":"<p>Nuova arrivata nella gamma SECURICODE, adotta un quadrante sfumato blu\/nero con indici guilloch\u00e9. Dotata di un cinturino in gomma (FKM) tipo \u201cTropic\u201d, interpreta uno stile neo-vintage.<\/p>\n","protected":false},"featured_media":14382,"comment_status":"closed","ping_status":"closed","template":"","meta":{"_acf_changed":false},"product_cat":[239],"product_tag":[],"acf":[],"_links":{"self":[{"href":"https:\/\/zrc1904.com\/it\/wp-json\/wp\/v2\/product\/14369"}],"collection":[{"href":"https:\/\/zrc1904.com\/it\/wp-json\/wp\/v2\/product"}],"about":[{"href":"https:\/\/zrc1904.com\/it\/wp-json\/wp\/v2\/types\/product"}],"replies":[{"embeddable":true,"href":"https:\/\/zrc1904.com\/it\/wp-json\/wp\/v2\/comments?post=14369"}],"wp:featuredmedia":[{"embeddable":true,"href":"https:\/\/zrc1904.com\/it\/wp-json\/wp\/v2\/media\/14382"}],"wp:attachment":[{"href":"https:\/\/zrc1904.com\/it\/wp-json\/wp\/v2\/media?parent=14369"}],"wp:term":[{"taxonomy":"product_cat","embeddable":true,"href":"https:\/\/zrc1904.com\/it\/wp-json\/wp\/v2\/product_cat?post=14369"},{"taxonomy":"product_tag","embeddable":true,"href":"https:\/\/zrc1904.com\/it\/wp-json\/wp\/v2\/product_tag?post=14369"}],"curies":[{"name":"wp","href":"https:\/\/api.w.org\/{rel}","templated":true}]}}