{"id":12991,"date":"2025-03-13T17:13:58","date_gmt":"2025-03-13T16:13:58","guid":{"rendered":"https:\/\/zrc1904.com\/?post_type=product&#038;p=12991"},"modified":"2026-04-16T11:05:35","modified_gmt":"2026-04-16T09:05:35","slug":"mn64-heterium-gf421618","status":"publish","type":"product","link":"https:\/\/zrc1904.com\/it\/produit\/mn64-heterium-gf421618\/","title":{"rendered":"HETERIUM"},"content":{"rendered":"<p>Con il suo quadrante blu navy\/nero sfumato, la cassa in acciaio satinato e il cinturino in caucci\u00f9 FKM, questa versione rappresenta la quintessenza dell&#8217;orologio subacqueo Grands Fonds 300<sup>\u00ae<\/sup>.<br \/>\nIl Crown Protection System\u2122 contribuisce a garantire l&#8217;impermeabilit\u00e0. Il bracciale pu\u00f2 essere chiuso solo se la corona a ore 6 \u00e8 perfettamente avvitata.<br \/>\nIl sistema ECS\u2122garantisce un risciacquo ottimale dopo l&#8217;immersione ed elimina le impurit\u00e0 e i cristalli di sale depositati tra la lunetta girevole unidirezionale con inserto in ceramica e la cassa.<br \/>\nLe lancette sono orchestrate da un affidabile calibro Swiss Made a carica automatica.<\/p>\n","protected":false},"excerpt":{"rendered":"<p>Lo Grands Fonds 300<sup>\u00ae<\/sup> unisce il comfort e l&#8217;estetica tradizionale a un&#8217;affidabilit\u00e0 tecnica senza compromessi.<\/p>\n<p>Volto contemporaneo dell&#8217;originale Grands Fonds 300\u00ae, questa versione dotata di cinturino in caucci\u00f9 ha tutte le caratteristiche di un orologio subacqueo.<\/p>\n<p>&nbsp;<\/p>\n","protected":false},"featured_media":13000,"comment_status":"closed","ping_status":"closed","template":"","meta":{"_acf_changed":false},"product_cat":[215,187],"product_tag":[],"acf":[],"_links":{"self":[{"href":"https:\/\/zrc1904.com\/it\/wp-json\/wp\/v2\/product\/12991"}],"collection":[{"href":"https:\/\/zrc1904.com\/it\/wp-json\/wp\/v2\/product"}],"about":[{"href":"https:\/\/zrc1904.com\/it\/wp-json\/wp\/v2\/types\/product"}],"replies":[{"embeddable":true,"href":"https:\/\/zrc1904.com\/it\/wp-json\/wp\/v2\/comments?post=12991"}],"wp:featuredmedia":[{"embeddable":true,"href":"https:\/\/zrc1904.com\/it\/wp-json\/wp\/v2\/media\/13000"}],"wp:attachment":[{"href":"https:\/\/zrc1904.com\/it\/wp-json\/wp\/v2\/media?parent=12991"}],"wp:term":[{"taxonomy":"product_cat","embeddable":true,"href":"https:\/\/zrc1904.com\/it\/wp-json\/wp\/v2\/product_cat?post=12991"},{"taxonomy":"product_tag","embeddable":true,"href":"https:\/\/zrc1904.com\/it\/wp-json\/wp\/v2\/product_tag?post=12991"}],"curies":[{"name":"wp","href":"https:\/\/api.w.org\/{rel}","templated":true}]}}