{"id":12978,"date":"2025-03-13T14:24:55","date_gmt":"2025-03-13T13:24:55","guid":{"rendered":"https:\/\/zrc1904.com\/?post_type=product&#038;p=12978"},"modified":"2026-04-28T16:42:12","modified_gmt":"2026-04-28T14:42:12","slug":"mn64-heterium-gf4216121213","status":"publish","type":"product","link":"https:\/\/zrc1904.com\/it\/produit\/mn64-heterium-gf4216121213\/","title":{"rendered":"HETERIUM"},"content":{"rendered":"<p>Con il suo quadrante blu navy\/nero sfumato, la cassa in acciaio satinato e il bracciale in metallo, questa versione rappresenta la quintessenza dell&#8217;orologio subacqueo Grands Fonds 300<sup><span style=\"vertical-align: inherit;\">\u00ae<\/span><\/sup>.<br \/>\nIl Crown Protection System\u2122 contribuisce a garantire l&#8217;impermeabilit\u00e0. Il bracciale pu\u00f2 essere chiuso solo se la corona a ore 6 \u00e8 perfettamente avvitata.<br \/>\nIl sistema ECS\u00ae garantisce un risciacquo ottimale dopo l&#8217;immersione ed elimina le impurit\u00e0 e i cristalli di sale depositati tra la lunetta girevole unidirezionale con inserto in ceramica e la cassa.<br \/>\nLe lancette sono orchestrate da un affidabile calibro Swiss Made a carica automatica.<\/p>\n","protected":false},"excerpt":{"rendered":"<p>Lo ZRC Grands Fonds unisce il comfort e l&#8217;estetica tradizionale a un&#8217;affidabilit\u00e0 tecnica senza compromessi.<\/p>\n<p>Volto contemporaneo dell&#8217;originale Grands Fonds 300<sup><span style=\"vertical-align: inherit;\">\u00ae<\/span><\/sup>, questa versione dotata di bracciale in metallo ha tutte le caratteristiche di un orologio subacqueo.<\/p>\n","protected":false},"featured_media":12987,"comment_status":"closed","ping_status":"closed","template":"","meta":{"_acf_changed":false},"product_cat":[215,187],"product_tag":[],"acf":[],"_links":{"self":[{"href":"https:\/\/zrc1904.com\/it\/wp-json\/wp\/v2\/product\/12978"}],"collection":[{"href":"https:\/\/zrc1904.com\/it\/wp-json\/wp\/v2\/product"}],"about":[{"href":"https:\/\/zrc1904.com\/it\/wp-json\/wp\/v2\/types\/product"}],"replies":[{"embeddable":true,"href":"https:\/\/zrc1904.com\/it\/wp-json\/wp\/v2\/comments?post=12978"}],"wp:featuredmedia":[{"embeddable":true,"href":"https:\/\/zrc1904.com\/it\/wp-json\/wp\/v2\/media\/12987"}],"wp:attachment":[{"href":"https:\/\/zrc1904.com\/it\/wp-json\/wp\/v2\/media?parent=12978"}],"wp:term":[{"taxonomy":"product_cat","embeddable":true,"href":"https:\/\/zrc1904.com\/it\/wp-json\/wp\/v2\/product_cat?post=12978"},{"taxonomy":"product_tag","embeddable":true,"href":"https:\/\/zrc1904.com\/it\/wp-json\/wp\/v2\/product_tag?post=12978"}],"curies":[{"name":"wp","href":"https:\/\/api.w.org\/{rel}","templated":true}]}}