{"id":11876,"date":"2024-08-29T07:38:31","date_gmt":"2024-08-29T05:38:31","guid":{"rendered":"https:\/\/zrc1904.com\/?post_type=product&#038;p=11876"},"modified":"2026-05-07T15:50:55","modified_gmt":"2026-05-07T13:50:55","slug":"securicode-reedition-new-copie-2","status":"publish","type":"product","link":"https:\/\/zrc1904.com\/it\/produit\/securicode-reedition-new-copie-2\/","title":{"rendered":"EDIZIONE LIMITATA BRONZE"},"content":{"rendered":"<p>Quadrante nero profondo, cassa in bronzo e ceramica: questa edizione limitata celebra il 65\u00b0 anniversario della SECURICODE reinterpretando con eleganza il modello originale del 1959.<\/p>\n<p>Il suo quadrante in ottone guilloch\u00e9 a doppio livello gioca con la profondit\u00e0 e la luce, offrendo una lettura sottile e sofisticata del nero. La lunetta, delicatamente impreziosita da un inserto in ceramica, introduce un tocco discreto di modernit\u00e0, in perfetta continuit\u00e0 con lo spirito fondatore del modello.<\/p>\n<p>La cassa, dalle proporzioni equilibrate e dalla finitura spazzolata circolare, reinterpreta con sensibilit\u00e0 i codici delle prime SECURICODE. Essa incarna un\u2019eleganza orologiera senza tempo, in cui ogni dettaglio privilegia la purezza delle linee e l\u2019armonia dei volumi.<\/p>\n<p>Animato da un\u2019estetica decisamente r\u00e9tro-chic, l\u2019orologio \u00e8 completato da un cinturino in pelle di vitello, scelto per la sua nobilt\u00e0 e sobriet\u00e0, che prolunga naturalmente la raffinatezza dell\u2019insieme.<\/p>\n<p>Dotato del calibro automatico Sellita SW200-1 in versione elaborata, unisce tradizione meccanica e precisione contemporanea, in una reinterpretazione raffinata e pienamente ma\u00eetris\u00e9e dell\u2019eredit\u00e0 SECURICODE.<\/p>\n","protected":false},"excerpt":{"rendered":"<p>Per i suoi 120 anni, ZRC\u00ae svela una nuova collezione dal nome evocativo, la SECURICODE. Tre modelli dai toni vintage declinati in diversi materiali inaugurano questo emozionante capitolo nella storia del marchio.<\/p>\n<p>La combinazione di bronzo e ceramica per questa <strong>Edizione Limitata a 200 pezzi<\/strong> che rende omaggio ai 65 anni della SECURICODE.<\/p>\n","protected":false},"featured_media":11879,"comment_status":"closed","ping_status":"closed","template":"","meta":{"_acf_changed":false},"product_cat":[239],"product_tag":[],"acf":[],"_links":{"self":[{"href":"https:\/\/zrc1904.com\/it\/wp-json\/wp\/v2\/product\/11876"}],"collection":[{"href":"https:\/\/zrc1904.com\/it\/wp-json\/wp\/v2\/product"}],"about":[{"href":"https:\/\/zrc1904.com\/it\/wp-json\/wp\/v2\/types\/product"}],"replies":[{"embeddable":true,"href":"https:\/\/zrc1904.com\/it\/wp-json\/wp\/v2\/comments?post=11876"}],"wp:featuredmedia":[{"embeddable":true,"href":"https:\/\/zrc1904.com\/it\/wp-json\/wp\/v2\/media\/11879"}],"wp:attachment":[{"href":"https:\/\/zrc1904.com\/it\/wp-json\/wp\/v2\/media?parent=11876"}],"wp:term":[{"taxonomy":"product_cat","embeddable":true,"href":"https:\/\/zrc1904.com\/it\/wp-json\/wp\/v2\/product_cat?post=11876"},{"taxonomy":"product_tag","embeddable":true,"href":"https:\/\/zrc1904.com\/it\/wp-json\/wp\/v2\/product_tag?post=11876"}],"curies":[{"name":"wp","href":"https:\/\/api.w.org\/{rel}","templated":true}]}}