{"id":11861,"date":"2024-08-28T16:49:37","date_gmt":"2024-08-28T14:49:38","guid":{"rendered":"https:\/\/zrc1904.com\/?post_type=product&#038;p=11861"},"modified":"2024-09-17T09:25:03","modified_gmt":"2024-09-17T07:25:03","slug":"securicode-reedition-new-copie","status":"publish","type":"product","link":"https:\/\/zrc1904.com\/it\/produit\/securicode-reedition-new-copie\/","title":{"rendered":"SECURICODE REEDITION \u2013 <span data-red>NEW<\/span>"},"content":{"rendered":"<p>Con il suo quadrante nero, la cassa in acciaio satinato e il cinturino in caucci\u00f9 (FKM) di tipo tropic, questa versione \u00e8 un&#8217;interpretazione del modello del 1958. Il quadrante in ottone doppio strato guilloch\u00e9 integra una lunetta dotata di un inserto lavorato in ceramica. Il set presenta una finitura spazzolata circolare come i modelli originali. Questa rivisitazione del 70&#8217;S \u00e8 accompagnata da une braccialleto in gomma. Decisamente retr\u00f2-chic, gli aghi sono animati da un potente calibro automatico SW200-1 nella sua versione elaborata.<\/p>\n","protected":false},"excerpt":{"rendered":"<p>Per i suoi 120 anni, ZRC\u00ae svela una nuova collezione dal nome evocativo, la SECURICODE. Tre modelli dai toni vintage declinati in diversi materiali inaugurano questo emozionante capitolo nella storia del marchio.<\/p>\n<p>Questa interpretazione 70&#8217;S del SECURICODE adotta un quadrante rifinito che mette in scena una data a 3H. Equipaggiato con un braccialetto in gomma (FKM) di tipo &#8220;Tropic&#8221; surfa su un look neo-vintage.<\/p>\n","protected":false},"featured_media":11864,"comment_status":"closed","ping_status":"closed","template":"","meta":{"_acf_changed":false},"product_cat":[239],"product_tag":[],"acf":[],"_links":{"self":[{"href":"https:\/\/zrc1904.com\/it\/wp-json\/wp\/v2\/product\/11861"}],"collection":[{"href":"https:\/\/zrc1904.com\/it\/wp-json\/wp\/v2\/product"}],"about":[{"href":"https:\/\/zrc1904.com\/it\/wp-json\/wp\/v2\/types\/product"}],"replies":[{"embeddable":true,"href":"https:\/\/zrc1904.com\/it\/wp-json\/wp\/v2\/comments?post=11861"}],"wp:featuredmedia":[{"embeddable":true,"href":"https:\/\/zrc1904.com\/it\/wp-json\/wp\/v2\/media\/11864"}],"wp:attachment":[{"href":"https:\/\/zrc1904.com\/it\/wp-json\/wp\/v2\/media?parent=11861"}],"wp:term":[{"taxonomy":"product_cat","embeddable":true,"href":"https:\/\/zrc1904.com\/it\/wp-json\/wp\/v2\/product_cat?post=11861"},{"taxonomy":"product_tag","embeddable":true,"href":"https:\/\/zrc1904.com\/it\/wp-json\/wp\/v2\/product_tag?post=11861"}],"curies":[{"name":"wp","href":"https:\/\/api.w.org\/{rel}","templated":true}]}}