{"id":11711,"date":"2024-07-26T07:51:36","date_gmt":"2024-07-26T05:51:36","guid":{"rendered":"https:\/\/zrc1904.com\/produit\/reedition-edition-limitee-new\/"},"modified":"2025-03-13T18:09:41","modified_gmt":"2025-03-13T17:09:41","slug":"gf42168ph-reedition-edition-limitee","status":"publish","type":"product","link":"https:\/\/zrc1904.com\/it\/produit\/gf42168ph-reedition-edition-limitee\/","title":{"rendered":"EDITION LIMITEE PHENIX"},"content":{"rendered":"<p>Il suo quadrante blu soleil \u00e8 stato sviluppato per imitare i riflessi dell&#8217;acqua in mare cos\u00ec come i raggi del sole che penetrano le profondit\u00e0 abissali. Come tutti gli MN64 1000M, \u00e8 dotato del sistema ECS, che garantisce un risciacquo ottimale dopo l&#8217;immersione in acqua salata ed elimina impurit\u00e0 e cristalli di sale alloggiati tra la lunetta girevole unidirezionale con inserto in ceramica e la cassa.<br \/>\nLe sue mani sono orchestrate dal nuovo movimento automatico SELLITA SW300-1 nella sua versione elaborata. Questo movimento 100% Swiss Made \u00e8 preciso a +\/- 5sec\/giorno e ha una riserva di carica di 56H.<\/p>\n","protected":false},"excerpt":{"rendered":"<p>Per i suoi 120 anni ZRC ha lanciato la ricerca del sottomarino perduto Q157 PHENIX scomparso nella baia di Cam Rahn in Vietnam il 15 giugno 1939 per far luce su un mistero di 85 anni. In questa occasione ZRC\u00ae offre un&#8217;edizione limitata di 200 pezzi dei suoi Grands Fonds MN64 1000M. Vantaggiosamente evidenziato in una confezione specifica con il rubinetto a bocca PHENIX cos\u00ec come un 1\/750th per l&#8217;identico del sottomarino, questa edizione limitata \u00e8 l&#8217;ultimo omaggio ai 76 marinai scomparsi durante l&#8217;affondamento.<\/p>\n","protected":false},"featured_media":11700,"comment_status":"closed","ping_status":"closed","template":"","meta":{"_acf_changed":false},"product_cat":[215,187],"product_tag":[],"acf":[],"_links":{"self":[{"href":"https:\/\/zrc1904.com\/it\/wp-json\/wp\/v2\/product\/11711"}],"collection":[{"href":"https:\/\/zrc1904.com\/it\/wp-json\/wp\/v2\/product"}],"about":[{"href":"https:\/\/zrc1904.com\/it\/wp-json\/wp\/v2\/types\/product"}],"replies":[{"embeddable":true,"href":"https:\/\/zrc1904.com\/it\/wp-json\/wp\/v2\/comments?post=11711"}],"wp:featuredmedia":[{"embeddable":true,"href":"https:\/\/zrc1904.com\/it\/wp-json\/wp\/v2\/media\/11700"}],"wp:attachment":[{"href":"https:\/\/zrc1904.com\/it\/wp-json\/wp\/v2\/media?parent=11711"}],"wp:term":[{"taxonomy":"product_cat","embeddable":true,"href":"https:\/\/zrc1904.com\/it\/wp-json\/wp\/v2\/product_cat?post=11711"},{"taxonomy":"product_tag","embeddable":true,"href":"https:\/\/zrc1904.com\/it\/wp-json\/wp\/v2\/product_tag?post=11711"}],"curies":[{"name":"wp","href":"https:\/\/api.w.org\/{rel}","templated":true}]}}