{"id":9932,"date":"2024-04-11T14:01:37","date_gmt":"2024-04-11T12:01:37","guid":{"rendered":"https:\/\/zrc.web-74.com\/gli-ambasciatori-di-zrc\/catalin-preda-sommozzatore-di-alto-livello\/"},"modified":"2024-04-17T18:56:38","modified_gmt":"2024-04-17T16:56:38","slug":"catalin-preda-sommozzatore-di-alto-livello","status":"publish","type":"page","link":"https:\/\/zrc1904.com\/it\/gli-ambasciatori-di-zrc\/catalin-preda-sommozzatore-di-alto-livello\/","title":{"rendered":"C\u0103t\u0103lin Preda, sommozzatore di alto livello"},"content":{"rendered":"<div class=\"wp-block-media-text alignwide has-media-on-the-right is-stacked-on-mobile\"><div class=\"wp-block-media-text__content\"><h2 class=\"wp-block-heading\" id=\"ambassadeur\">2023 Punti salienti della stagione<\/h2>\n\n<p>3\u00ba posto @ Red Bull Ciff Diving World Series\r\nPolignano a Mare, ITA<\/p>\n\n<p>Medaglia d&#8217;argento @ Campionati mondiali di acquariofilia\r\nFukuoka, Repubblica popolare cinese<\/p>\n\n<p>2\u00ba posto @ Red Bull Cliff Diving World Series\r\nMostar, BIH<\/p>\n\n<p>2\u00ba posto @ Red Bull Cliff Diving World Series\r\nAuckland, Nuova Zelanda<\/p>\n\n<p>Medaglia di bronzo @ 2024 Campionati mondiali di acquariofilia\r\nDoha, Qatar<\/p><\/div><figure class=\"wp-block-media-text__media\"><\/figure><\/div><div class=\"wp-block-media-text alignwide is-stacked-on-mobile\"><figure class=\"wp-block-media-text__media\"><img loading=\"lazy\" decoding=\"async\" width=\"500\" height=\"332\" src=\"https:\/\/zrc1904.com\/wp-content\/uploads\/2024\/04\/catalin-photo1.jpg\" alt=\"\" class=\"wp-image-9326 size-full\" srcset=\"https:\/\/zrc1904.com\/wp-content\/uploads\/2024\/04\/catalin-photo1.jpg 500w, https:\/\/zrc1904.com\/wp-content\/uploads\/2024\/04\/catalin-photo1-100x66.jpg 100w\" sizes=\"(max-width: 500px) 100vw, 500px\" \/><\/figure><div class=\"wp-block-media-text__content\"><p>&#8220;La partnership con Z.R.C. nasce naturalmente dall&#8217;abbinamento organico, dai nostri valori individuali, dalla nostra prospettiva e dalla nostra visione che si intrecciano armoniosamente. Era come una seconda natura fare i prossimi passi, insieme, su una missione comune di seguire il cammino dell&#8217;eccellenza con un cuore appassionato per i nostri mestieri e guidato da una bussola calibrata attraverso il nostro spirito forte e veramente avventuroso.&#8221;<\/p><\/div><\/div><div class=\"wp-block-media-text alignwide has-media-on-the-right is-stacked-on-mobile\"><div class=\"wp-block-media-text__content\"><p>&#8220;Il modo in cui ho capito, e pi\u00f9 siamo cresciuti, ZRC si \u00e8 rivelato essere pi\u00f9 di un marchio di orologi di lusso; un riflesso dei miei valori personali, artigianato e filosofia &#8211; una forma d&#8217;arte di alta precisione dove qualit\u00e0, eleganza e stile, prestazioni, autenticit\u00e0, scopo e un forte desiderio di eccellenza sono le stelle del Nord che ci guidano nella nostra ricerca di spingere i confini e stabilire nuovi confini nei nostri rispettivi campi. \u00bb<\/p><\/div><figure class=\"wp-block-media-text__media\"><img loading=\"lazy\" decoding=\"async\" width=\"500\" height=\"332\" src=\"https:\/\/zrc1904.com\/wp-content\/uploads\/2024\/04\/catalin-photo2.jpg\" alt=\"\" class=\"wp-image-9329 size-full\" srcset=\"https:\/\/zrc1904.com\/wp-content\/uploads\/2024\/04\/catalin-photo2.jpg 500w, https:\/\/zrc1904.com\/wp-content\/uploads\/2024\/04\/catalin-photo2-100x66.jpg 100w\" sizes=\"(max-width: 500px) 100vw, 500px\" \/><\/figure><\/div><figure class=\"wp-block-embed aligncenter is-provider-youtube wp-block-embed-youtube\"><div class=\"wp-block-embed__wrapper\">\n<iframe loading=\"lazy\" title=\"CHASING EXCELLENCE - Catalin Preda&#039;s life adventure story\" width=\"640\" height=\"360\" src=\"https:\/\/www.youtube.com\/embed\/wCgT3ZVY57Y?feature=oembed\" frameborder=\"0\" allow=\"accelerometer; autoplay; clipboard-write; encrypted-media; gyroscope; picture-in-picture; web-share\" referrerpolicy=\"strict-origin-when-cross-origin\" allowfullscreen><\/iframe> \n<\/div><\/figure>","protected":false},"excerpt":{"rendered":"<p>2023 Punti salienti della stagione 3\u00ba posto @ Red Bull Ciff Diving World Series Polignano a Mare, ITA Medaglia d&#8217;argento @ Campionati mondiali di acquariofilia Fukuoka, Repubblica popolare cinese 2\u00ba posto @ Red Bull Cliff Diving World Series Mostar, BIH 2\u00ba posto @ Red Bull Cliff Diving World Series Auckland, Nuova Zelanda Medaglia di bronzo [&hellip;]<\/p>\n","protected":false},"author":757,"featured_media":0,"parent":7681,"menu_order":0,"comment_status":"closed","ping_status":"closed","template":"template-catalin-preda.php","meta":{"_acf_changed":false,"footnotes":""},"acf":[],"_links":{"self":[{"href":"https:\/\/zrc1904.com\/it\/wp-json\/wp\/v2\/pages\/9932"}],"collection":[{"href":"https:\/\/zrc1904.com\/it\/wp-json\/wp\/v2\/pages"}],"about":[{"href":"https:\/\/zrc1904.com\/it\/wp-json\/wp\/v2\/types\/page"}],"author":[{"embeddable":true,"href":"https:\/\/zrc1904.com\/it\/wp-json\/wp\/v2\/users\/757"}],"replies":[{"embeddable":true,"href":"https:\/\/zrc1904.com\/it\/wp-json\/wp\/v2\/comments?post=9932"}],"version-history":[{"count":4,"href":"https:\/\/zrc1904.com\/it\/wp-json\/wp\/v2\/pages\/9932\/revisions"}],"predecessor-version":[{"id":10129,"href":"https:\/\/zrc1904.com\/it\/wp-json\/wp\/v2\/pages\/9932\/revisions\/10129"}],"up":[{"embeddable":true,"href":"https:\/\/zrc1904.com\/it\/wp-json\/wp\/v2\/pages\/7681"}],"wp:attachment":[{"href":"https:\/\/zrc1904.com\/it\/wp-json\/wp\/v2\/media?parent=9932"}],"curies":[{"name":"wp","href":"https:\/\/api.w.org\/{rel}","templated":true}]}}