{"id":9590,"date":"2024-04-10T14:30:00","date_gmt":"2024-04-10T12:30:00","guid":{"rendered":"https:\/\/zrc.web-74.com\/gli-ambasciatori-di-zrc\/sebastien-bouillet-pasticcere-e-cioccolatiere\/"},"modified":"2024-04-10T14:30:03","modified_gmt":"2024-04-10T12:30:03","slug":"sebastien-bouillet-pasticcere-e-cioccolatiere","status":"publish","type":"page","link":"https:\/\/zrc1904.com\/it\/gli-ambasciatori-di-zrc\/sebastien-bouillet-pasticcere-e-cioccolatiere\/","title":{"rendered":"S\u00e9bastien Bouillet, Pasticcere e cioccolatiere"},"content":{"rendered":"<div class=\"wp-block-media-text alignwide has-media-on-the-right is-stacked-on-mobile\"><div class=\"wp-block-media-text__content\"><h2 class=\"wp-block-heading\" id=\"ambassadeur\">Pasticcere e cioccolatiere a Lione e in Giappone<\/h2>\n\n<p>S\u00e9bastien Bouillet gestisce diverse pasticcerie, una fabbrica di cioccolato e le boutique [Go\u00fbter] e [Caf\u00e9] Bouillet.<\/p>\n\n<p>Estetica, gusti schietti, freschezza e leggerezza: mette in scena delizie gastronomiche con precisione ed eleganza. Dalle creazioni audaci ai pasticcini viennesi e alle torte di una volta, ai cioccolatini e ai salatini, S\u00e9bastien si sta diversificando con un gusto sempre pi\u00f9 gourmet, sempre nel rispetto del prodotto e del know-how. <\/p>\n\n<p>\u00c8 anche membro dell&#8217;associazione internazionale Relais Desserts, che riunisce i migliori pasticceri del mondo.<\/p><\/div><figure class=\"wp-block-media-text__media\"><img loading=\"lazy\" decoding=\"async\" width=\"629\" height=\"561\" src=\"https:\/\/zrc1904.com\/wp-content\/uploads\/2024\/04\/bouillet-0.png\" alt=\"\" class=\"wp-image-9426 size-full\" srcset=\"https:\/\/zrc1904.com\/wp-content\/uploads\/2024\/04\/bouillet-0.png 629w, https:\/\/zrc1904.com\/wp-content\/uploads\/2024\/04\/bouillet-0-510x455.png 510w, https:\/\/zrc1904.com\/wp-content\/uploads\/2024\/04\/bouillet-0-100x89.png 100w\" sizes=\"(max-width: 629px) 100vw, 629px\" \/><\/figure><\/div><div class=\"wp-block-media-text alignwide is-stacked-on-mobile\"><figure class=\"wp-block-media-text__media\"><img loading=\"lazy\" decoding=\"async\" width=\"500\" height=\"332\" src=\"https:\/\/zrc1904.com\/wp-content\/uploads\/2024\/04\/bouillet-photo1.jpg\" alt=\"\" class=\"wp-image-9422 size-full\" srcset=\"https:\/\/zrc1904.com\/wp-content\/uploads\/2024\/04\/bouillet-photo1.jpg 500w, https:\/\/zrc1904.com\/wp-content\/uploads\/2024\/04\/bouillet-photo1-100x66.jpg 100w\" sizes=\"(max-width: 500px) 100vw, 500px\" \/><\/figure><div class=\"wp-block-media-text__content\"><p>&#8220;Con ZRC condividiamo il gusto per l&#8217;innovazione, il design e la creativit\u00e0.<\/p>\n\n<p>Gli orologi ZRC sono al passo con i tempi. Sportivi ed eleganti, sono i miei compagni per ogni occasione.&#13;\nSono molto orgoglioso di essere uno degli ambasciatori degli orologi ZRC, che combinano estetica e flessibilit\u00e0 con la personalit\u00e0.&#8221;<\/p><\/div><\/div>","protected":false},"excerpt":{"rendered":"<p>Pasticcere e cioccolatiere a Lione e in Giappone S\u00e9bastien Bouillet gestisce diverse pasticcerie, una fabbrica di cioccolato e le boutique [Go\u00fbter] e [Caf\u00e9] Bouillet. Estetica, gusti schietti, freschezza e leggerezza: mette in scena delizie gastronomiche con precisione ed eleganza. Dalle creazioni audaci ai pasticcini viennesi e alle torte di una volta, ai cioccolatini e ai [&hellip;]<\/p>\n","protected":false},"author":757,"featured_media":0,"parent":7681,"menu_order":0,"comment_status":"closed","ping_status":"closed","template":"template-bouillet.php","meta":{"_acf_changed":false,"footnotes":""},"acf":[],"_links":{"self":[{"href":"https:\/\/zrc1904.com\/it\/wp-json\/wp\/v2\/pages\/9590"}],"collection":[{"href":"https:\/\/zrc1904.com\/it\/wp-json\/wp\/v2\/pages"}],"about":[{"href":"https:\/\/zrc1904.com\/it\/wp-json\/wp\/v2\/types\/page"}],"author":[{"embeddable":true,"href":"https:\/\/zrc1904.com\/it\/wp-json\/wp\/v2\/users\/757"}],"replies":[{"embeddable":true,"href":"https:\/\/zrc1904.com\/it\/wp-json\/wp\/v2\/comments?post=9590"}],"version-history":[{"count":3,"href":"https:\/\/zrc1904.com\/it\/wp-json\/wp\/v2\/pages\/9590\/revisions"}],"predecessor-version":[{"id":9593,"href":"https:\/\/zrc1904.com\/it\/wp-json\/wp\/v2\/pages\/9590\/revisions\/9593"}],"up":[{"embeddable":true,"href":"https:\/\/zrc1904.com\/it\/wp-json\/wp\/v2\/pages\/7681"}],"wp:attachment":[{"href":"https:\/\/zrc1904.com\/it\/wp-json\/wp\/v2\/media?parent=9590"}],"curies":[{"name":"wp","href":"https:\/\/api.w.org\/{rel}","templated":true}]}}