{"id":7687,"date":"2023-03-31T11:29:11","date_gmt":"2023-03-31T09:29:11","guid":{"rendered":"https:\/\/www.zrc.test\/la-storia-di-una-marca-dal-1904\/il-diving-center-di-collaudo-di-zrc-lavandou-plongee-france\/"},"modified":"2024-05-21T15:13:30","modified_gmt":"2024-05-21T13:13:30","slug":"diving-center-lavandou-plongee-france","status":"publish","type":"page","link":"https:\/\/zrc1904.com\/it\/dive-test-center\/diving-center-lavandou-plongee-france\/","title":{"rendered":"Lavandou plong\u00e9e <br \/> France"},"content":{"rendered":"<div class=\"wp-block-media-text alignwide has-media-on-the-right is-stacked-on-mobile\"><div class=\"wp-block-media-text__content\"><p>\u00c8 l&#8217;incontro tra Georges BRUNET e i Fratelli AUGUSTIN (Laurent e Frank) che ha permesso il riavvicinamento di ZRC<sup>\u00ae<\/sup> e del LAVANDOU PLONGEE. <br>Amici di lunga data, condividono la stessa passione per il mare, l&#8217;avventura e l&#8217;orologeria. <br>Grazie a una piattaforma unica nel Mediterraneo, pi\u00f9 di 1.500 appassionati dal 2015 hanno potuto testare un ZRC<sup>\u00ae<\/sup> al polso mentre praticavano la loro attivit\u00e0 preferita nel Parco Nazionale di Port Cros.<br>Dal 2015 Le Lavandou Plong\u00e9e \u00e8 il <a href=\"https:\/\/zrc1904.com\/it\/dive-test-center\/centro-di-prova-zrc\/\">centro di test ufficiale degli orologi ZRC<sup>\u00ae<\/sup><\/a>.<\/p><\/div><figure class=\"wp-block-media-text__media\"><img loading=\"lazy\" decoding=\"async\" width=\"446\" height=\"174\" src=\"https:\/\/zrc1904.com\/wp-content\/uploads\/2022\/03\/image-page-divecenter1.png\" alt=\"\" class=\"wp-image-1535 size-full\"\/><\/figure><\/div><div class=\"wp-block-media-text alignwide is-stacked-on-mobile\"><figure class=\"wp-block-media-text__media\"><img loading=\"lazy\" decoding=\"async\" width=\"446\" height=\"271\" src=\"https:\/\/zrc1904.com\/wp-content\/uploads\/2022\/05\/Dive-center-ZRC.jpg\" alt=\"\" class=\"wp-image-3346 size-full\" srcset=\"https:\/\/zrc1904.com\/wp-content\/uploads\/2022\/05\/Dive-center-ZRC.jpg 446w, https:\/\/zrc1904.com\/wp-content\/uploads\/2022\/05\/Dive-center-ZRC-100x61.jpg 100w\" sizes=\"(max-width: 446px) 100vw, 446px\" \/><\/figure><div class=\"wp-block-media-text__content\"><h2 class=\"wp-block-heading\">Port-Cros, Rocs Dive, Wrecks&#8230;\nVieni a scoprire\ni siti pi\u00f9 accattivanti e famosi\ndella costa del Var.<\/h2><\/div><\/div><div class=\"wp-block-columns is-layout-flex wp-container-core-columns-is-layout-1 wp-block-columns-is-layout-flex\"><div class=\"wp-block-column is-layout-flow wp-block-column-is-layout-flow\"><figure class=\"wp-block-image size-full\"><img loading=\"lazy\" decoding=\"async\" width=\"446\" height=\"271\" src=\"https:\/\/zrc1904.com\/wp-content\/uploads\/2022\/04\/ZRC-dive-center-lavandou.jpg\" alt=\"\" class=\"wp-image-2909\" srcset=\"https:\/\/zrc1904.com\/wp-content\/uploads\/2022\/04\/ZRC-dive-center-lavandou.jpg 446w, https:\/\/zrc1904.com\/wp-content\/uploads\/2022\/04\/ZRC-dive-center-lavandou-100x61.jpg 100w\" sizes=\"(max-width: 446px) 100vw, 446px\" \/><\/figure><\/div>\n\n<div class=\"wp-block-column is-layout-flow wp-block-column-is-layout-flow\"><figure class=\"wp-block-image size-full\"><img loading=\"lazy\" decoding=\"async\" width=\"446\" height=\"271\" src=\"https:\/\/zrc1904.com\/wp-content\/uploads\/2022\/03\/image-page-divecenter4.jpg\" alt=\"\" class=\"wp-image-1543\"\/><\/figure><\/div><\/div><div class=\"wp-block-columns is-layout-flex wp-container-core-columns-is-layout-2 wp-block-columns-is-layout-flex\"><div class=\"wp-block-column is-layout-flow wp-block-column-is-layout-flow\"><figure class=\"wp-block-image size-full\"><img loading=\"lazy\" decoding=\"async\" width=\"446\" height=\"271\" src=\"https:\/\/zrc1904.com\/wp-content\/uploads\/2022\/03\/image-page-divecenter5.jpg\" alt=\"\" class=\"wp-image-1545\"\/><\/figure><\/div>\n\n<div class=\"wp-block-column is-layout-flow wp-block-column-is-layout-flow\"><figure class=\"wp-block-image size-full\"><img loading=\"lazy\" decoding=\"async\" width=\"446\" height=\"271\" src=\"https:\/\/zrc1904.com\/wp-content\/uploads\/2022\/03\/image-page-divecenter6.jpg\" alt=\"\" class=\"wp-image-1547\"\/><\/figure><\/div><\/div><figure class=\"wp-block-embed is-type-video is-provider-youtube wp-block-embed-youtube wp-embed-aspect-16-9 wp-has-aspect-ratio\"><div class=\"wp-block-embed__wrapper\">\n<iframe loading=\"lazy\" title=\"Video du club - Lavandou Plong\u00e9e\" width=\"640\" height=\"360\" src=\"https:\/\/www.youtube.com\/embed\/PWTCBZ9djgs?feature=oembed\" frameborder=\"0\" allow=\"accelerometer; autoplay; clipboard-write; encrypted-media; gyroscope; picture-in-picture; web-share\" referrerpolicy=\"strict-origin-when-cross-origin\" allowfullscreen><\/iframe>\n<\/div><\/figure>","protected":false},"excerpt":{"rendered":"<p>\u00c8 l&#8217;incontro tra Georges BRUNET e i Fratelli AUGUSTIN (Laurent e Frank) che ha permesso il riavvicinamento di ZRC\u00ae e del LAVANDOU PLONGEE. Amici di lunga data, condividono la stessa passione per il mare, l&#8217;avventura e l&#8217;orologeria. Grazie a una piattaforma unica nel Mediterraneo, pi\u00f9 di 1.500 appassionati dal 2015 hanno potuto testare un ZRC\u00ae [&hellip;]<\/p>\n","protected":false},"author":553,"featured_media":6685,"parent":10453,"menu_order":0,"comment_status":"closed","ping_status":"closed","template":"template-dive-center.php","meta":{"_acf_changed":false,"footnotes":""},"acf":[],"_links":{"self":[{"href":"https:\/\/zrc1904.com\/it\/wp-json\/wp\/v2\/pages\/7687"}],"collection":[{"href":"https:\/\/zrc1904.com\/it\/wp-json\/wp\/v2\/pages"}],"about":[{"href":"https:\/\/zrc1904.com\/it\/wp-json\/wp\/v2\/types\/page"}],"author":[{"embeddable":true,"href":"https:\/\/zrc1904.com\/it\/wp-json\/wp\/v2\/users\/553"}],"replies":[{"embeddable":true,"href":"https:\/\/zrc1904.com\/it\/wp-json\/wp\/v2\/comments?post=7687"}],"version-history":[{"count":5,"href":"https:\/\/zrc1904.com\/it\/wp-json\/wp\/v2\/pages\/7687\/revisions"}],"predecessor-version":[{"id":11311,"href":"https:\/\/zrc1904.com\/it\/wp-json\/wp\/v2\/pages\/7687\/revisions\/11311"}],"up":[{"embeddable":true,"href":"https:\/\/zrc1904.com\/it\/wp-json\/wp\/v2\/pages\/10453"}],"wp:featuredmedia":[{"embeddable":true,"href":"https:\/\/zrc1904.com\/it\/wp-json\/wp\/v2\/media\/6685"}],"wp:attachment":[{"href":"https:\/\/zrc1904.com\/it\/wp-json\/wp\/v2\/media?parent=7687"}],"curies":[{"name":"wp","href":"https:\/\/api.w.org\/{rel}","templated":true}]}}