{"id":7685,"date":"2023-03-31T11:29:09","date_gmt":"2023-03-31T09:29:09","guid":{"rendered":"https:\/\/www.zrc.test\/la-storia-di-una-marca-dal-1904\/zrc-una-storia-di-famiglia-di-lunga-data\/"},"modified":"2023-10-06T10:28:24","modified_gmt":"2023-10-06T08:28:24","slug":"zrc-una-storia-di-famiglia-di-lunga-data","status":"publish","type":"page","link":"https:\/\/zrc1904.com\/it\/la-storia-di-una-marca-dal-1904\/zrc-una-storia-di-famiglia-di-lunga-data\/","title":{"rendered":"ZRC una storia di famiglia di lunga data"},"content":{"rendered":"<div class=\"wp-block-media-text alignwide is-stacked-on-mobile\"><figure class=\"wp-block-media-text__media\"><img loading=\"lazy\" decoding=\"async\" width=\"446\" height=\"346\" src=\"https:\/\/zrc1904.com\/wp-content\/uploads\/2022\/04\/ZRC-Zuccolo-Rochet.jpg\" alt=\"\" class=\"wp-image-2633 size-full\" srcset=\"https:\/\/zrc1904.com\/wp-content\/uploads\/2022\/04\/ZRC-Zuccolo-Rochet.jpg 446w, https:\/\/zrc1904.com\/wp-content\/uploads\/2022\/04\/ZRC-Zuccolo-Rochet-100x78.jpg 100w\" sizes=\"(max-width: 446px) 100vw, 446px\" \/><\/figure><div class=\"wp-block-media-text__content\"><h2 class=\"wp-block-heading\">1904<\/h2>\n\n<p>Fondata nel 1904 da Edmond Zuccolo e Joseph Rochet, ZRC<sup>\u00ae<\/sup> si \u00e8 costantemente innovata immaginando bracciali e cinturini e poi orologi subacquei. Ha sede a Ginevra e nel 1909, con l\u2019istituzione del Registro del commercio di Ginevra, fu registrata col n\u00b052.<br>Specialista delle catene per orologi DA TASCHINO, l\u2019azienda \u00e8 all\u2019origine dei primi bracciali \u201c\u00e0 griffes\u201d che consentivano di portare al polso il proprio orologio DA TASCHINO.<\/p><\/div><\/div><div class=\"wp-block-media-text alignwide has-media-on-the-right is-stacked-on-mobile\"><figure class=\"wp-block-media-text__media\"><img loading=\"lazy\" decoding=\"async\" width=\"446\" height=\"346\" src=\"https:\/\/zrc1904.com\/wp-content\/uploads\/2022\/03\/image-page-histoire2.jpg\" alt=\"\" class=\"wp-image-1481 size-full\"\/><\/figure><div class=\"wp-block-media-text__content\">\n<h2 class=\"wp-block-heading\">1917<\/h2>\n<p>Nel 1917 l\u2019azienda ottenne l\u2019ambito attestato dell\u2019Industrie Nouvelle a Ginevra per la messa a punto del primo bracciale estensibile e diventer\u00e0 la n\u00b01 al mondo in tale produzione.<\/p>\n<\/div><\/div><div class=\"wp-block-media-text alignwide is-stacked-on-mobile\"><figure class=\"wp-block-media-text__media\"><img loading=\"lazy\" decoding=\"async\" width=\"446\" height=\"411\" src=\"https:\/\/zrc1904.com\/wp-content\/uploads\/2022\/05\/HISTOIRE-GRAND-FOND-ZRC.jpg\" alt=\"\" class=\"wp-image-3770 size-full\" srcset=\"https:\/\/zrc1904.com\/wp-content\/uploads\/2022\/05\/HISTOIRE-GRAND-FOND-ZRC.jpg 446w, https:\/\/zrc1904.com\/wp-content\/uploads\/2022\/05\/HISTOIRE-GRAND-FOND-ZRC-100x92.jpg 100w\" sizes=\"(max-width: 446px) 100vw, 446px\" \/><\/figure><div class=\"wp-block-media-text__content\"><h2 class=\"wp-block-heading\">1960-1995<\/h2>\n\n<p>Specialista della tornitura dalla barra negli anni \u201850, i suoi clienti la sollecitavano anche per la fabbricazione di casse stagne per orologi subacquei. Nel 1958, nel corso di una conversazione casuale tra Yves Pastre, orologiaio della Marine Nationale, e il signor Bourdarian, all\u2019epoca direttore commerciale della marca, la direzione venne a sapere di una gara d\u2019appalto della Marine Nationale. <br>La marca, sostenuta da Louis Brunet, si lanci\u00f2 nell\u2019avventura della ZRC Grands Fonds<sup>\u00ae<\/sup>. <br><br>Fino al 1995 ZRC<sup>\u00ae<\/sup> equipaggi\u00f2 quindi gli artificieri sommozzatori.<\/p><\/div><\/div><div class=\"wp-block-media-text alignwide has-media-on-the-right is-stacked-on-mobile\"><figure class=\"wp-block-media-text__media\"><img loading=\"lazy\" decoding=\"async\" width=\"445\" height=\"271\" src=\"https:\/\/zrc1904.com\/wp-content\/uploads\/2022\/03\/image-page-histoire4.jpg\" alt=\"\" class=\"wp-image-1485 size-full\"\/><\/figure><div class=\"wp-block-media-text__content\">\n<h2 class=\"wp-block-heading\">2004<\/h2>\n<p>Discorso di Patrick Brunet (nipote di Joseph Rochet) per il centenario di ZRC<sup>\u00ae<\/sup>.<\/p>\n<\/div><\/div><div class=\"wp-block-media-text alignwide is-stacked-on-mobile\"><figure class=\"wp-block-media-text__media\"><img loading=\"lazy\" decoding=\"async\" width=\"445\" height=\"372\" src=\"https:\/\/zrc1904.com\/wp-content\/uploads\/2022\/04\/ZRC-Georges-Brunet-CEO-Owner.jpg\" alt=\"\" class=\"wp-image-2636 size-full\" srcset=\"https:\/\/zrc1904.com\/wp-content\/uploads\/2022\/04\/ZRC-Georges-Brunet-CEO-Owner.jpg 445w, https:\/\/zrc1904.com\/wp-content\/uploads\/2022\/04\/ZRC-Georges-Brunet-CEO-Owner-100x84.jpg 100w\" sizes=\"(max-width: 445px) 100vw, 445px\" \/><\/figure><div class=\"wp-block-media-text__content\"><h2 class=\"wp-block-heading\">2015<\/h2>\n\n<p>50 anni dopo il primo Grands Fonds 300<sup>\u00ae<\/sup>, Georges e Charles Brunet, alla testa dell\u2019attivit\u00e0 familiare (pronipoti di Joseph Rochet) lanciano lo studio della riedizione di questo modello emblematico.<\/p>\n\n<p>\u00c8 la rinascita del GF300 ZRC<sup>\u00ae<\/sup>.<\/p><\/div><\/div><div class=\"wp-block-media-text alignwide has-media-on-the-right is-stacked-on-mobile\"><div class=\"wp-block-media-text__content\"><h2 class=\"wp-block-heading\">2018<\/h2>\n\n<p>ZRC<sup>\u00ae<\/sup> sponsorizza Alban Michon durante la sua spedizione North Adventure nell\u2019Artico.<\/p><\/div><figure class=\"wp-block-media-text__media\"><img loading=\"lazy\" decoding=\"async\" width=\"446\" height=\"435\" src=\"https:\/\/zrc1904.com\/wp-content\/uploads\/2022\/04\/ZRC-sponsor-expedition-North-Adventure-2018.jpg\" alt=\"\" class=\"wp-image-2638 size-full\" srcset=\"https:\/\/zrc1904.com\/wp-content\/uploads\/2022\/04\/ZRC-sponsor-expedition-North-Adventure-2018.jpg 446w, https:\/\/zrc1904.com\/wp-content\/uploads\/2022\/04\/ZRC-sponsor-expedition-North-Adventure-2018-100x98.jpg 100w\" sizes=\"(max-width: 446px) 100vw, 446px\" \/><\/figure><\/div><div class=\"wp-block-media-text alignwide is-stacked-on-mobile\"><figure class=\"wp-block-media-text__media\"><img loading=\"lazy\" decoding=\"async\" width=\"446\" height=\"435\" src=\"https:\/\/zrc1904.com\/wp-content\/uploads\/2022\/04\/ZRC-EXPERTISE.jpg\" alt=\"\" class=\"wp-image-2640 size-full\" srcset=\"https:\/\/zrc1904.com\/wp-content\/uploads\/2022\/04\/ZRC-EXPERTISE.jpg 446w, https:\/\/zrc1904.com\/wp-content\/uploads\/2022\/04\/ZRC-EXPERTISE-100x98.jpg 100w\" sizes=\"(max-width: 446px) 100vw, 446px\" \/><\/figure><div class=\"wp-block-media-text__content\"><h2 class=\"wp-block-heading\">2020<\/h2>\n\n<p>ZRC<sup>\u00ae<\/sup> ha una forte esperienza nello studio dei vincoli legati alla deformazione programmata dei materiali, che garantiscono la fabbricazione di orologi stagni a grandi profondit\u00e0 (5.100 m) senza ricorrere a una valvola all\u2019elio oppure alla presenza del gel nella cassa. Tra l\u2019altro ci\u00f2 permette anche di ridurre lo spessore della cassa, rendendo l\u2019orologio pi\u00f9 comodo da indossare.<br>Infatti il vetro zaffiro, la cassa in acciaio e\/o titanio e la ceramica non reagiscono nello stesso modo alla pressione e agli sbalzi di temperatura. Tale esperienza riconosciuta permette alla marca di proporre orologi affidabili, semplici ed efficaci.<\/p><\/div><\/div><div class=\"wp-block-media-text alignwide has-media-on-the-right is-stacked-on-mobile\"><div class=\"wp-block-media-text__content\"><h2 class=\"wp-block-heading\">2021<\/h2>\n\n<p>Rifacimento completo della collezione.<\/p><\/div><figure class=\"wp-block-media-text__media\"><img loading=\"lazy\" decoding=\"async\" width=\"446\" height=\"435\" src=\"https:\/\/zrc1904.com\/wp-content\/uploads\/2022\/04\/ZRC-collection-2021.jpg\" alt=\"\" class=\"wp-image-2642 size-full\" srcset=\"https:\/\/zrc1904.com\/wp-content\/uploads\/2022\/04\/ZRC-collection-2021.jpg 446w, https:\/\/zrc1904.com\/wp-content\/uploads\/2022\/04\/ZRC-collection-2021-100x98.jpg 100w\" sizes=\"(max-width: 446px) 100vw, 446px\" \/><\/figure><\/div><div class=\"wp-block-media-text alignwide is-stacked-on-mobile\"><figure class=\"wp-block-media-text__media\"><img loading=\"lazy\" decoding=\"async\" width=\"446\" height=\"557\" src=\"https:\/\/zrc1904.com\/wp-content\/uploads\/2022\/04\/Montres-ZRC-serie-limitee-partenariat-GSPM.jpg\" alt=\"\" class=\"wp-image-2586 size-full\" srcset=\"https:\/\/zrc1904.com\/wp-content\/uploads\/2022\/04\/Montres-ZRC-serie-limitee-partenariat-GSPM.jpg 446w, https:\/\/zrc1904.com\/wp-content\/uploads\/2022\/04\/Montres-ZRC-serie-limitee-partenariat-GSPM-408x510.jpg 408w, https:\/\/zrc1904.com\/wp-content\/uploads\/2022\/04\/Montres-ZRC-serie-limitee-partenariat-GSPM-80x100.jpg 80w\" sizes=\"(max-width: 446px) 100vw, 446px\" \/><\/figure><div class=\"wp-block-media-text__content\"><h2 class=\"wp-block-heading\">2021<\/h2>\n\n<p>Partenariato col GSPM (Groupe S\u00e9curit\u00e9 Premier Ministre), una serie speciale limitata a 25 esemplari in dotazione agli agenti di questa unit\u00e0 d\u2019\u00e9lite.<\/p><\/div><\/div><div class=\"wp-block-media-text alignwide has-media-on-the-right is-stacked-on-mobile\"><div class=\"wp-block-media-text__content\"><h2 class=\"wp-block-heading\">2022<\/h2>\n\n<p>ZRC si lancia una nuova sfida con l&#8217;avventuriero Fr\u00e9d\u00e9ric Presles: SOUTH ADVENTURE &#8211; Ritorno a Campana 1840-2022 che ripercorre l&#8217;epopea straordinaria del Naufragio della Delphine sulle coste della Patagonia Cilena.<\/p><\/div><figure class=\"wp-block-media-text__media\"><img loading=\"lazy\" decoding=\"async\" width=\"445\" height=\"297\" src=\"https:\/\/zrc1904.com\/wp-content\/uploads\/2022\/05\/ZRC-Montre-South-Adventure.jpg\" alt=\"\" class=\"wp-image-3542 size-full\" srcset=\"https:\/\/zrc1904.com\/wp-content\/uploads\/2022\/05\/ZRC-Montre-South-Adventure.jpg 445w, https:\/\/zrc1904.com\/wp-content\/uploads\/2022\/05\/ZRC-Montre-South-Adventure-100x67.jpg 100w\" sizes=\"(max-width: 445px) 100vw, 445px\" \/><\/figure><\/div>","protected":false},"excerpt":{"rendered":"<p>1904 Fondata nel 1904 da Edmond Zuccolo e Joseph Rochet, ZRC\u00ae si \u00e8 costantemente innovata immaginando bracciali e cinturini e poi orologi subacquei. Ha sede a Ginevra e nel 1909, con l\u2019istituzione del Registro del commercio di Ginevra, fu registrata col n\u00b052.Specialista delle catene per orologi DA TASCHINO, l\u2019azienda \u00e8 all\u2019origine dei primi bracciali \u201c\u00e0 [&hellip;]<\/p>\n","protected":false},"author":553,"featured_media":0,"parent":7660,"menu_order":0,"comment_status":"closed","ping_status":"closed","template":"template-histoire.php","meta":{"_acf_changed":false,"footnotes":""},"acf":[],"_links":{"self":[{"href":"https:\/\/zrc1904.com\/it\/wp-json\/wp\/v2\/pages\/7685"}],"collection":[{"href":"https:\/\/zrc1904.com\/it\/wp-json\/wp\/v2\/pages"}],"about":[{"href":"https:\/\/zrc1904.com\/it\/wp-json\/wp\/v2\/types\/page"}],"author":[{"embeddable":true,"href":"https:\/\/zrc1904.com\/it\/wp-json\/wp\/v2\/users\/553"}],"replies":[{"embeddable":true,"href":"https:\/\/zrc1904.com\/it\/wp-json\/wp\/v2\/comments?post=7685"}],"version-history":[{"count":4,"href":"https:\/\/zrc1904.com\/it\/wp-json\/wp\/v2\/pages\/7685\/revisions"}],"predecessor-version":[{"id":8527,"href":"https:\/\/zrc1904.com\/it\/wp-json\/wp\/v2\/pages\/7685\/revisions\/8527"}],"up":[{"embeddable":true,"href":"https:\/\/zrc1904.com\/it\/wp-json\/wp\/v2\/pages\/7660"}],"wp:attachment":[{"href":"https:\/\/zrc1904.com\/it\/wp-json\/wp\/v2\/media?parent=7685"}],"curies":[{"name":"wp","href":"https:\/\/api.w.org\/{rel}","templated":true}]}}