{"id":7652,"date":"2023-03-31T11:27:40","date_gmt":"2023-03-31T09:27:40","guid":{"rendered":"https:\/\/www.zrc.test\/zrc-e-la-marine-nationale-francese\/"},"modified":"2023-08-21T15:06:01","modified_gmt":"2023-08-21T13:06:01","slug":"zrc-e-la-marine-nationale-francese","status":"publish","type":"page","link":"https:\/\/zrc1904.com\/it\/la-storia-di-una-marca-dal-1904\/zrc-e-la-marine-nationale-francese\/","title":{"rendered":"ZRC e la Marine Nationale francese"},"content":{"rendered":"<div class=\"wp-block-media-text alignwide is-stacked-on-mobile is-vertically-aligned-center\"><figure class=\"wp-block-media-text__media\"><\/figure><div class=\"wp-block-media-text__content\"><h2 class=\"wp-block-heading\">1964<\/h2>\n\n<p>Dopo avere omologato ufficialmente il primo Grands Fonds 300<sup>\u00ae<\/sup> nel 1960, la Marine Nationale francese indic\u00f2 ai progettisti che la corona posta a ore 3 costituiva un problema in quanto era troppo vulnerabile durante le operazioni subacquee. Chiese quindi a ZRC<sup>\u00ae<\/sup> di \u201ctrovare una soluzione\u201d per proteggere la corona senza ostacolare i movimenti del polso e, soprattutto, per garantire che non potesse aprirsi sott\u2019acqua.\nIl team si mise all\u2019opera e svilupp\u00f2 la celebre corona a ore 6, collegata alla cassa usando un sistema esclusivo costituito da un canotto tagliato in un singolo blocco, che rese il Grands Fonds 300<sup>\u00ae<\/sup> il primo e unico orologio a essere equipaggiato con una cassa assolutamente monoblocco. Inoltre la cassa fu realizzata con un particolare tipo di acciaio rinforzato al molibdeno, completamente non magnetico (una necessit\u00e0 assoluta per il gruppo degli artificieri sommozzatori).<\/p><\/div><\/div><div class=\"wp-block-media-text alignwide has-media-on-the-right is-stacked-on-mobile\"><div class=\"wp-block-media-text__content\"><h2 class=\"wp-block-heading\">L\u2019OMOLOGAZIONE DELLA MARINE NATIONALE FRANCESE<\/h2>\n\n<p>Direttamente dipendente dalla Direction Centrale du Commissariat de la Marine (DCCM) a Parigi, il Service Technique du Commissariat de la Marine (STCM) era il servizio competente del comando centrale incaricato di condurre gli studi preliminari e di approvare il nuovo equipaggiamento. Costituiva il ramo \u201cMarine Nationale\u201d del Bureau National de Codification francese (NCB) presso la NATO. L\u2019ufficio acquisti dell\u2019Arsenale di Tolone, che aveva richiesto la nuova attrezzatura, dovette completare (come previsto dalla procedura) un modulo d\u2019identificazione relativo al nuovo orologio ZRC<sup>\u00ae<\/sup> che voleva ottenere (designazione commerciale dell\u2019articolo, breve descrizione tecnica, prezzo di vendita dell\u2019articolo, nome, indirizzo e codice del fabbricante, motivo dell\u2019acquisto, destinazione d\u2019uso dell\u2019equipaggiamento all\u2019interno della Marina, ecc.). Questo modulo d\u2019identificazione compilato venne poi spedito al STCM di Parigi assieme a una richiesta di approvazione dell\u2019orologio per essere esaminato in vista dell\u2019attribuzione di un \u201cNum\u00e9ro de Gestion Marine\u201d (Numero di gestione marina &#8211; NGM), che ne avrebbe permesso il trattamento.<\/p><\/div><figure class=\"wp-block-media-text__media\"><img loading=\"lazy\" decoding=\"async\" width=\"446\" height=\"272\" src=\"https:\/\/zrc1904.com\/wp-content\/uploads\/2022\/01\/cms-img-1.jpg\" alt=\"\" class=\"wp-image-315 size-full\"\/><\/figure><\/div><div class=\"wp-block-media-text alignwide is-stacked-on-mobile\"><figure class=\"wp-block-media-text__media\"><img loading=\"lazy\" decoding=\"async\" width=\"446\" height=\"489\" src=\"https:\/\/zrc1904.com\/wp-content\/uploads\/2022\/01\/cms-img-2.jpg\" alt=\"\" class=\"wp-image-318 size-full\"\/><\/figure><div class=\"wp-block-media-text__content\"><h2 class=\"wp-block-heading\">1970<\/h2>\n\n<p>ZRC<sup>\u00ae<\/sup> svilupp\u00f2 un\u2019esclusiva ansetta retrattile specifica per l\u2019ansa, che permetteva esclusivamente alla corona di passare attraverso la maglia o al bracciale di ruotare nella posizione chiusa, rendendo impossibile l\u2019immersione con l\u2019orologio senza avere avvitato completamente la corona. L\u2019originalit\u00e0 del bracciale si trova anche nelle sue due maglie estensibili, che consentono di indossare l\u2019orologio sopra una muta da sub senza doverlo regolare. Le lancette ultra luminescenti in stile MAGNUM assicurano una perfetta lettura sott&#8217;acqua. Il Grands Fonds<sup>\u00ae<\/sup> ZRC<sup>\u00ae<\/sup> \u00e8 un orologio rivoluzionario sotto diversi punti di vista ed era in dotazione al servizio dei pompieri di Parigi e alla squadra francese di sci nautico. Ma soprattutto \u00e8 stato l\u2019orologio della Marine Nationale francese (scuola di immersioni di Tolone, terza divisione del gruppo degli artificieri sommozzatori di Tolone, il Commando Hubert) e della Marina Militare italiana. In qualit\u00e0 di orologio progettato dai sub per i sub venne adottato anche dalle unit\u00e0 civili sostenute dalla Marine Nationale francese, incluso il celebre Calypso del Comandante Cousteau, che port\u00f2 l\u2019orologio in giro per il mondo e ne forgi\u00f2 la sua reputazione.<\/p><\/div><\/div><div class=\"wp-block-media-text alignwide has-media-on-the-right is-stacked-on-mobile\"><figure class=\"wp-block-media-text__media\"><img loading=\"lazy\" decoding=\"async\" width=\"455\" height=\"275\" src=\"https:\/\/zrc1904.com\/wp-content\/uploads\/2022\/01\/cms-img-3.jpg\" alt=\"\" class=\"wp-image-321 size-full\"\/><\/figure><div class=\"wp-block-media-text__content\">\n<h2 class=\"wp-block-heading\">INSERIMENTO NEL CATALOGO\nDELL\u2019EQUIPAGGIAMENTO DELLA MARINA<\/h2>\n<p>Tutti gli orologi hanno quindi subito un periodo di collaudi, venendo testati in tutte le condizioni possibili per un \u201cimpiego intensivo di stampo militare\u201d. Il STCM di Parigi approv\u00f2 il nuovo equipaggiamento e lo inser\u00ec nel catalogo generale delle attrezzature del commissariato, attribuendogli un \u201cNum\u00e9ro de Gestion Marine (NGM)\u201d provvisorio a 13 cifre. Tale numero provvisorio venne poi convertito in un NATO Stock Number (NSM). Gli orologi, inizialmente classificati nella famiglia 6645 orologio subacqueo per grandi profondit\u00e0, vennero poi spostati nel gruppo 63 (famiglia 6355).<\/p>\n<\/div><\/div><h2 class=\"wp-block-heading\">LE UNIT\u00c0 PI\u00d9 PRESTIGIOSE AD AVERE USATO\nIL GRANDS FONDS 300 DI ZRC<sup>\u00ae<\/sup><\/h2><div class=\"wp-block-columns is-layout-flex wp-container-core-columns-is-layout-1 wp-block-columns-is-layout-flex\"><div class=\"wp-block-column is-layout-flow wp-block-column-is-layout-flow\"><figure class=\"wp-block-image size-full\"><img loading=\"lazy\" decoding=\"async\" width=\"217\" height=\"213\" src=\"https:\/\/zrc1904.com\/wp-content\/uploads\/2022\/01\/cms-logo-1.png\" alt=\"\" class=\"wp-image-325\"\/><\/figure>\n\n<h2 class=\"wp-block-heading\">Scuola\ndi immersioni<\/h2>\n\n<p>La scuola di immersioni risale al 1860 e fu fondata per formare \u201cmeccanici, piloti e sommozzatori\u201d. La scuola di immersioni \u00e8 incaricata della formazione di tutti i sub della Marine Nationale francese in quattro discipline (palombaro della marina, gruppo degli artificieri sommozzatori, sommozzatore da combattimento, infermieri iperbarici). Inoltre forma i sub della Gendarmerie Maritime, dell\u2019Arm\u00e9e de l\u2019Air e i sommozzatori da combattimento. Oltre a tutto ci\u00f2, ogni anno accoglie diversi gruppi di tirocinanti stranieri.<\/p><\/div>\n\n<div class=\"wp-block-column is-layout-flow wp-block-column-is-layout-flow\"><figure class=\"wp-block-image size-full\"><img loading=\"lazy\" decoding=\"async\" width=\"217\" height=\"213\" src=\"https:\/\/zrc1904.com\/wp-content\/uploads\/2022\/01\/cms-logo-2.png\" alt=\"\" class=\"wp-image-328\"\/><\/figure>\n\n<h2 class=\"wp-block-heading\">Artificieri\nsommozzatori<\/h2>\n\n<p>La terza divisione del gruppo degli artificieri sommozzatori di Tolone (GPD III) interviene tutto l\u2019anno per neutralizzare ordigni bellici (granate, mine, torpedini, ecc.) che costituiscono un pericolo per la navigazione. Inoltre \u00e8 specializzata in grandi opere subacquee.\nL\u2019orologio Grands Fonds<sup>\u00ae<\/sup> di ZRC<sup>\u00ae<\/sup> e il suo bracciale, completamente non magnetici (come i loro coltelli da sub e persino le fibbie di regolazione sulle loro pinne). sono stati ampiamente apprezzati dai sub, che talvolta sono dovuti intervenire su mine a innesco magnetico.<\/p><\/div>\n\n<div class=\"wp-block-column is-layout-flow wp-block-column-is-layout-flow\"><figure class=\"wp-block-image size-full\"><img loading=\"lazy\" decoding=\"async\" width=\"217\" height=\"213\" src=\"https:\/\/zrc1904.com\/wp-content\/uploads\/2022\/01\/cms-logo-3.png\" alt=\"\" class=\"wp-image-330\"\/><\/figure>\n\n<h2 class=\"wp-block-heading\">Sommozzatori da combattimento\ne Commando Hubert<\/h2>\n\n<p>Il Commando Hubert \u00e8 un commando navale che fu creato nel dicembre 1947. La sua base si trova a Le Cannier, sulla penisola di Saint-Mandrier. Il commando porta il nome del tenente Augustin Hubert, caduto in battaglia il 6 giugno 1944 a Ouistreham.\nNel 1953 il commando divenne un\u2019unit\u00e0 di sommozzatori da combattimento e venne ribattezzato Commando d\u2019Actions Sous Marines (Commando per le operazioni sottomarine &#8211; CASM). Si tratta di un\u2019unit\u00e0 estremamente segreta.\nAncora oggi il Commando Hubert costituisce l\u2019unica unit\u00e0 di sommozzatori da combattimento della Marine Nationale francese.<\/p><\/div><\/div><h2 class=\"wp-block-heading\">UNA FORTE COLLABORAZIONE<\/h2><div class=\"wp-block-media-text alignwide is-stacked-on-mobile\"><figure class=\"wp-block-media-text__media\"><img loading=\"lazy\" decoding=\"async\" width=\"446\" height=\"446\" src=\"https:\/\/zrc1904.com\/wp-content\/uploads\/2022\/01\/cms-img-4.jpg\" alt=\"\" class=\"wp-image-332 size-full\" srcset=\"https:\/\/zrc1904.com\/wp-content\/uploads\/2022\/01\/cms-img-4.jpg 446w, https:\/\/zrc1904.com\/wp-content\/uploads\/2022\/01\/cms-img-4-100x100.jpg 100w, https:\/\/zrc1904.com\/wp-content\/uploads\/2022\/01\/cms-img-4-250x250.jpg 250w\" sizes=\"(max-width: 446px) 100vw, 446px\" \/><\/figure><div class=\"wp-block-media-text__content\">\n<h2 class=\"wp-block-heading\">1965-2015<\/h2>\n<p><strong>50\u00b0 anniversario del GPD<\/strong>&#13;\nDal 2015 ZRC<sup>\u00ae<\/sup> ha rafforzato la propria collaborazione con la Marina. In occasione del 50\u00b0 anniversario del GPD e poi ogni anno nel corso della cerimonia di investitura dei nuovi \u201cartificieri sommozzatori\u201d.<\/p>\n<\/div><\/div><div class=\"wp-block-media-text alignwide has-media-on-the-right is-stacked-on-mobile\"><figure class=\"wp-block-media-text__media\"><img loading=\"lazy\" decoding=\"async\" width=\"446\" height=\"447\" src=\"https:\/\/zrc1904.com\/wp-content\/uploads\/2022\/01\/cms-img-5.jpg\" alt=\"\" class=\"wp-image-334 size-full\" srcset=\"https:\/\/zrc1904.com\/wp-content\/uploads\/2022\/01\/cms-img-5.jpg 446w, https:\/\/zrc1904.com\/wp-content\/uploads\/2022\/01\/cms-img-5-100x100.jpg 100w, https:\/\/zrc1904.com\/wp-content\/uploads\/2022\/01\/cms-img-5-250x250.jpg 250w\" sizes=\"(max-width: 446px) 100vw, 446px\" \/><\/figure><div class=\"wp-block-media-text__content\">\n<h2 class=\"wp-block-heading\">2016-17<\/h2>\n<p><strong>FOST<\/strong>&#13;\nLa Force Oc\u00e9anique Strat\u00e9gique (FOST), creata il 1\u00b0 marzo 1972, \u00e8 la componente sottomarina delle forze nucleari francesi, fondata per volont\u00e0 del Generale De Gaulle quale dissuasione nucleare.&#13;\nNel 2016-17 ZRC<sup>\u00ae<\/sup> ha prodotto una serie di 50 orologi ZRC<sup>\u00ae<\/sup>-FOST dedicata ai sommergibilisti attivi della Marine Nationale francese.&#13;\nUn riconoscimento definitivo per ZRC<sup>\u00ae<\/sup> nell\u2019equipaggiare dei sommergibilisti abituati a manovrare i macchinari pi\u00f9 tecnologici e pi\u00f9 potenti al mondo.<\/p>\n<\/div><\/div><div class=\"wp-block-media-text alignwide is-stacked-on-mobile\"><figure class=\"wp-block-media-text__media\"><img loading=\"lazy\" decoding=\"async\" width=\"446\" height=\"446\" src=\"https:\/\/zrc1904.com\/wp-content\/uploads\/2022\/01\/cms-img-6.jpg\" alt=\"\" class=\"wp-image-336 size-full\" srcset=\"https:\/\/zrc1904.com\/wp-content\/uploads\/2022\/01\/cms-img-6.jpg 446w, https:\/\/zrc1904.com\/wp-content\/uploads\/2022\/01\/cms-img-6-100x100.jpg 100w, https:\/\/zrc1904.com\/wp-content\/uploads\/2022\/01\/cms-img-6-250x250.jpg 250w\" sizes=\"(max-width: 446px) 100vw, 446px\" \/><\/figure><div class=\"wp-block-media-text__content\">\n<h2 class=\"wp-block-heading\">2017<\/h2>\n<p><strong>I sommozzatori militari<\/strong> Negli anni \u201860 i pionieri di quest\u2019avventura svilupparono con ZRC<sup>\u00ae<\/sup> un orologio sbalorditivo, che sarebbe diventato un\u2019icona delle immersioni&#8230; Progettato dai sub per i sub, \u00e8 stato sviluppato in stretta collaborazione con la terza divisione del gruppo di sommozzatori del Mediterraneo per rispondere a una gara d\u2019appalto. Orologio rivoluzionario sotto diversi punti di vista, il Grands Fonds 300<sup>\u00ae<\/sup> di ZRC<sup>\u00ae<\/sup> equipaggi\u00f2 la scuola di immersioni della Marine Nationale francese, i tre gruppi di artificieri sommozzatori (Manica-Mare del Nord, Atlantico e Mediterraneo) e il Commando Hubert. Punta di lancia delle Forze Speciali, questa mitica unit\u00e0 viene impiegata in gran segreto su tutti i continenti. Nel giugno 2017 ZRC<sup>\u00ae<\/sup> e un piccolo gruppo di artificieri sommozzatori hanno organizzato una giornata di collaudo per valutare la capacit\u00e0 operativa dell\u2019orologio ZRC<sup>\u00ae<\/sup>. Missione compiuta per il Grands Fonds<sup>\u00ae<\/sup>. Cos\u00ec, nel giugno 2018, 175 artificieri sommozzatori e sommozzatori da combattimento hanno ricevuto il loro ZRC<sup>\u00ae<\/sup> PLD o NC in Edizione speciale su richiesta privata. Una prova incontestabile della qualit\u00e0 del Grands Fonds 300<sup>\u00ae<\/sup> di ZRC<sup>\u00ae<\/sup>.<\/p>\n<\/div><\/div><div class=\"wp-block-media-text alignwide has-media-on-the-right is-stacked-on-mobile\"><figure class=\"wp-block-media-text__media\"><img loading=\"lazy\" decoding=\"async\" width=\"446\" height=\"446\" src=\"https:\/\/zrc1904.com\/wp-content\/uploads\/2022\/01\/cms-img-7.jpg\" alt=\"\" class=\"wp-image-338 size-full\" srcset=\"https:\/\/zrc1904.com\/wp-content\/uploads\/2022\/01\/cms-img-7.jpg 446w, https:\/\/zrc1904.com\/wp-content\/uploads\/2022\/01\/cms-img-7-100x100.jpg 100w, https:\/\/zrc1904.com\/wp-content\/uploads\/2022\/01\/cms-img-7-250x250.jpg 250w\" sizes=\"(max-width: 446px) 100vw, 446px\" \/><\/figure><div class=\"wp-block-media-text__content\">\n<h2 class=\"wp-block-heading\">2018<\/h2>\n<p><strong>Il 60\u00b0 anniversario della scuola di immersioni Saint.Mandrier della Marine Nationale francese<\/strong> Nel giugno 2018 la scuola di immersioni Saint-Mandrier ha celebrato il suo 60\u00b0 anniversario (1958-2018). Fondata su iniziativa del \u201cMousquemer\u201d Jacques Yves Cousteau, Philippe Taillez e Fr\u00e9d\u00e9ric Dumas, sottolinea la necessit\u00e0 della Marine Nationale francese di sviluppare unit\u00e0 operative subacquee.<\/p>\n<\/div><\/div>","protected":false},"excerpt":{"rendered":"<p>1964 Dopo avere omologato ufficialmente il primo Grands Fonds 300\u00ae nel 1960, la Marine Nationale francese indic\u00f2 ai progettisti che la corona posta a ore 3 costituiva un problema in quanto era troppo vulnerabile durante le operazioni subacquee. Chiese quindi a ZRC\u00ae di \u201ctrovare una soluzione\u201d per proteggere la corona senza ostacolare i movimenti del [&hellip;]<\/p>\n","protected":false},"author":553,"featured_media":5916,"parent":7660,"menu_order":0,"comment_status":"closed","ping_status":"closed","template":"template-zrc-et-la-marine-nationale.php","meta":{"_acf_changed":false,"footnotes":""},"acf":[],"_links":{"self":[{"href":"https:\/\/zrc1904.com\/it\/wp-json\/wp\/v2\/pages\/7652"}],"collection":[{"href":"https:\/\/zrc1904.com\/it\/wp-json\/wp\/v2\/pages"}],"about":[{"href":"https:\/\/zrc1904.com\/it\/wp-json\/wp\/v2\/types\/page"}],"author":[{"embeddable":true,"href":"https:\/\/zrc1904.com\/it\/wp-json\/wp\/v2\/users\/553"}],"replies":[{"embeddable":true,"href":"https:\/\/zrc1904.com\/it\/wp-json\/wp\/v2\/comments?post=7652"}],"version-history":[{"count":3,"href":"https:\/\/zrc1904.com\/it\/wp-json\/wp\/v2\/pages\/7652\/revisions"}],"predecessor-version":[{"id":8480,"href":"https:\/\/zrc1904.com\/it\/wp-json\/wp\/v2\/pages\/7652\/revisions\/8480"}],"up":[{"embeddable":true,"href":"https:\/\/zrc1904.com\/it\/wp-json\/wp\/v2\/pages\/7660"}],"wp:featuredmedia":[{"embeddable":true,"href":"https:\/\/zrc1904.com\/it\/wp-json\/wp\/v2\/media\/5916"}],"wp:attachment":[{"href":"https:\/\/zrc1904.com\/it\/wp-json\/wp\/v2\/media?parent=7652"}],"curies":[{"name":"wp","href":"https:\/\/api.w.org\/{rel}","templated":true}]}}