{"id":7525,"date":"2023-03-16T14:14:51","date_gmt":"2023-03-16T13:14:51","guid":{"rendered":"https:\/\/www.zrc.test\/termini-di-utilizzo\/"},"modified":"2024-05-20T15:59:37","modified_gmt":"2024-05-20T13:59:37","slug":"termini-di-utilizzo","status":"publish","type":"page","link":"https:\/\/zrc1904.com\/it\/termini-di-utilizzo\/","title":{"rendered":"Termini di utilizzo"},"content":{"rendered":"<p>Informazioni su ZRC<sup>\u00ae<\/sup> e sui presenti Termini di utilizzo<\/p><p>ZRC<sup>\u00ae<\/sup> Gen\u00e8ve SA ha sede legale in Route de Thonon 152A, 1222 VESENAZ, Svizzera. Il sito Internet \u00e8 ospitato e modificato da ZRC<sup>\u00ae<\/sup> Gen\u00e8ve SA Svizzera.<\/p><p>I presenti Termini di utilizzo (\u201cTermini di utilizzo\u201d) regolano l\u2019utilizzo delle Piattaforme di ZRC<sup>\u00ae<\/sup> da parte dell\u2019utente. Nei presenti Termini di utilizzo usiamo il termine ZRC<sup>\u00ae<\/sup> (\u201cnoi\u201d, \u201cnostro\u201d e \u201cnostri\u201d) per indicare la sede centrale di ZRC<sup>\u00ae<\/sup> Gen\u00e8ve SA, il cui indirizzo \u00e8 citato qui sopra.<\/p><p>Invitiamo l&#8217;utente a leggere attentamente i presenti Termini di utilizzo prima di usare la Piattaforma. Utilizzando la Piattaforma, l\u2019utente conferma di acconsentire e accettare i presenti Termini di utilizzo. Qualora l\u2019utente non accettasse i presenti Termini di utilizzo, non sar\u00e0 autorizzato a continuare a usare la Piattaforma.&nbsp;<\/p><p><strong>Aggiornamento dei presenti Termini di utilizzo<\/strong><strong><\/strong><\/p><p>Potremmo apportare in qualunque momento delle modifiche ai presenti Termini di utilizzo. Di conseguenza, invitiamo l\u2019utente a verificarli regolarmente per essere informato degli aggiornamenti. L\u2019ultima versione dei presenti Termini di utilizzo sar\u00e0 sempre disponibile sulla Piattaforma. Ogni nuova versione dei presenti Termini di utilizzo prender\u00e0 effetto e regoler\u00e0 l\u2019uso della Piattaforma, nonch\u00e9 i rapporti tra noi e l\u2019utente, il giorno stesso della sua pubblicazione. Continuando a utilizzare la Piattaforma l\u2019utente accetta di essere vincolato dalle disposizioni presenti in tali aggiornamenti e modifiche.<\/p><p><strong>I nostri servizi di hosting<\/strong><strong><\/strong><\/p><p>I servizi di hosting del sito Internet di ZRC<sup>\u00ae<\/sup> sono forniti dalla societ\u00e0&nbsp;<strong>HOSTEUR SA (www.hosteur.com)<\/strong>, con un capitale di&nbsp;<strong>CHF 100.000<\/strong>, registrata al Registro del commercio svizzero di&nbsp;<strong>Friburgo in Svizzera<\/strong>&nbsp;col numero&nbsp;<strong>CH-550-1056728<\/strong>&nbsp;e con la P.I. intracomunitaria numero&nbsp;<strong>CHE-114.684.132<\/strong>.<\/p><p><strong>La nostra Informativa sulla privacy<\/strong><strong><\/strong><\/p><p>Le nostre pratiche per quanto riguarda la raccolta dei dati personali sulle Piattaforme, come il tipo di dati che raccogliamo sui visitatori delle Piattaforme e il modo in cui possiamo utilizzare tali informazioni, sono regolate dalle disposizioni previste nella nostra Informativa sulla privacy.<\/p><p><strong>Utilizzo dei documenti sulle Piattaforme<\/strong><\/p><p>ZRC<sup>\u00ae<\/sup> ha creato le sue Piattaforme per fornire informazioni sull\u2019azienda e sui suoi prodotti per l\u2019uso personale dell\u2019utente. Nonostante siano stati effettuati degli sforzi considerevoli per garantire che la rappresentazione visiva dei prodotti di ZRC<sup>\u00ae<\/sup> pubblicati sulle Piattaforme siano rappresentativi del colore, del design, dello stile, ecc. dei prodotti originali, possono sussistere delle leggere variazioni, distorsioni e\/o differenze rispetto al prodotto originale. Ci\u00f2 pu\u00f2 derivare, ad esempio, da problemi tecnici come la configurazione del browser o del computer dell\u2019utente. Di conseguenza, ZRC<sup>\u00ae<\/sup> non pu\u00f2 essere ritenuta responsabile per le differenze apparenti tra le immagini dei prodotti pubblicate sulle Piattaforme e i prodotti originali. Raccomandiamo vivamente all\u2019utente di visitare uno dei nostri Rivenditori prima di effettuare un acquisto online.<\/p><p>L\u2019utente potr\u00e0 scaricare una copia in formato elettronico o stampare una copia del documento che gli viene fornito attraverso le Piattaforme di ZRC<sup>\u00ae<\/sup> esclusivamente per il proprio uso personale e privato, per finalit\u00e0 domestiche e non commerciali, a condizione che le dichiarazioni di propriet\u00e0 (e in particolare le dichiarazioni di propriet\u00e0 intellettuale come i diritti d\u2019autore\u00a9 e i marchi registrati\u2122) siano mantenute intatte e non siano n\u00e9 cancellate n\u00e9 modificate. Salvo indicazione contraria, l\u2019utente deve considerare che tutto ci\u00f2 che vede o legge sulle Piattaforme (come le creazioni o i prodotti di ZRC<sup>\u00ae<\/sup>, le immagini, le foto, incluse le eventuali persone mostrate nelle foto, le illustrazioni, le icone, i testi, i videoclip, le musiche, i documenti scritti o di altro tipo) (\u201cDocumenti di ZRC<sup>\u00ae<\/sup>\u201d) appartiene a ZRC<sup>\u00ae<\/sup> ed \u00e8 protetto dalla legge, in particolare da tutte le norme che proteggono i diritti d\u2019autore, i design e i marchi registrati, nonch\u00e9 dalle disposizioni dei trattati internazionali e dalle normative nazionali di tutto il mondo.<\/p><p>\u00c8 severamente vietato vendere, riprodurre, distribuire, trasmettere, modificare, pubblicare, esibire in pubblico, riportare o produrre in altro modo delle opere derivate o di seconda mano basate su qualsivoglia Documento di ZRC<sup>\u00ae<\/sup> oppure utilizzare detto documento in qualsiasi altra maniera per scopi pubblici o commerciali. Inoltre un Documento di ZRC<sup>\u00ae<\/sup> non pu\u00f2 essere pubblicato o trasmesso su qualsiasi altra piattaforma, in una rete i computer o su qualsiasi altra piattaforma digitale, per qualsiasi finalit\u00e0, senza il previo accordo scritto di ZRC<sup>\u00ae<\/sup>. In caso di violazione di uno qualsiasi dei presenti Termini di utilizzo, l&#8217;autorizzazione concessa all&#8217;utente per utilizzare un Documento di ZRC<sup>\u00ae<\/sup> verr\u00e0 automaticamente rimossa e tutte le copie realizzate di detto Documento di ZRC<sup>\u00ae<\/sup> dovranno essere immediatamente distrutte. Inoltre ci riserviamo il diritto di perseguire ogni trasgressore con ogni mezzo legale e giudiziario. Ogni utilizzo non autorizzato di un Documento di ZRC<sup>\u00ae<\/sup> potrebbe violare le leggi relative a diritti d\u2019autore, marchi registrati, privacy e pubblicit\u00e0 nonch\u00e9 le norme e gli statuti relativi alle comunicazioni<\/p><p><strong>Comunicazioni non richieste da parte dell\u2019utente<\/strong><strong><\/strong><\/p><p>La presente sezione si occupa delle comunicazioni inviate a ZRC<sup>\u00ae<\/sup>. Non riguarda la comunicazione di dati personali a ZRC<sup>\u00ae<\/sup> relativi a richieste dei clienti, all\u2019utilizzo di servizi o all\u2019acquisto dei prodotti sulla Piattaforma. Quest\u2019ultimo \u00e8 regolato dalle norme elencate nell\u2019Informativa sulla privacy.<\/p><p>Le comunicazioni o i documenti non richiesti inviati dall\u2019utente a ZRC<sup>\u00ae<\/sup> attraverso le Piattaforme o i social media, via e-mail o in altro modo, incluso&nbsp;<\/p><p>(ma non limitato a) dati, domande o risposte, commenti, suggerimenti o altro, verranno considerati da ZRC<sup>\u00ae<\/sup> come a carattere non riservato e non esclusivo. Qualora l\u2019utente inviasse delle comunicazioni a ZRC<sup>\u00ae<\/sup>, concede automaticamente a ZRC<sup>\u00ae<\/sup> dei diritti mondiali, privi di royalty, perpetui, irrevocabili e non esclusivi per usare, riprodurre, modificare, stampare, elaborare, tradurre, distribuire, eseguire e pubblicare dette comunicazioni, da sole o nell\u2019ambito di altre opere, con ogni tipo di forma, mezzo o tecnologia conosciuto o successivamente sviluppato e il diritto di trasferire tali diritti a terzi. Tutte le informazioni inviate dall\u2019utente possono essere usate da ZRC<sup>\u00ae<\/sup> e dalle sue affiliate per ogni scopo, incluso (ma non limitato a) la riproduzione, la trasmissione, la stampa, la distribuzione e la pubblicazione oppure lo sviluppo, la produzione e il marketing di prodotti sulla base di dette informazioni.<\/p><p>Inoltre ZRC<sup>\u00ae<\/sup> gode di una fama mondiale sia nel design che nella manifattura di articoli pregiati di alta qualit\u00e0. Per questo motivo conserva le proprie fonti creative, in particolare i team di creatori altamente qualificati che progetta e migliora le creazioni di ZRC<sup>\u00ae<\/sup>. Pertanto ZRC<sup>\u00ae<\/sup> non pu\u00f2 acconsentire o accettare di essere il destinatario di proposte spontanee di collaborazione. Infatti \u00e8 concepibile che ZRC<sup>\u00ae<\/sup> stia gi\u00e0 lavorando su idee e\/o design analoghi. Pertanto informiamo l\u2019utente che ZRC<sup>\u00ae<\/sup> non \u00e8 interessata a ricevere idee o altre proposte creative che l\u2019utente potrebbe volere presentare.<\/p><p><strong>Limitazione di responsabilit\u00e0<\/strong><strong><\/strong><\/p><p>La presente sezione si applica alle Piattaforme e non ai prodotti che potrebbero essere venduti online o per telefono da uno dei nostri rivenditori locali o regionali.<\/p><p>ZRC<sup>\u00ae<\/sup> tenta di garantire che le informazioni fornite siano accurate ed esaustive. A ogni modo ZRC<sup>\u00ae<\/sup> non pu\u00f2 garantire implicitamente o esplicitamente che ogni Documento di ZRC<sup>\u00ae<\/sup> sia accurato, esaustivo o affidabile oppure che l\u2019utilizzo di detto Documento di ZRC<sup>\u00ae<\/sup> non infranga i diritti di terzi.<\/p><p>ZRC<sup>\u00ae<\/sup> non garantisce che gli aspetti funzionali e\/o tecnici delle Piattaforme o di un qualsivoglia Documento di ZRC<sup>\u00ae<\/sup> siano privi di errori o che le Piattaforme, i Documenti di ZRC<sup>\u00ae<\/sup> o i server che li rendono disponibili siano privi di virus o malware. Qualora l\u2019impiego delle Piattaforme o di un qualsivoglia Documento di ZRC<sup>\u00ae<\/sup> comportasse la necessit\u00e0 di riparare o sostituire beni, materiali, equipaggiamenti, dati o altri elementi, ZRC<sup>\u00ae<\/sup> non potr\u00e0 in alcun caso essere considerata responsabile di tali spese. Fermo restando quanto precede, tutti gli elementi forniti all\u2019utente sulle Piattaforme sono forniti \u201cCOS\u00cc COME SONO\u201d E \u201cCOME DISPONIBILI\u201d E, SALVO IN CASO DI DISPOSIZIONI LEGALI VINCOLANTI CONTRARIE, SENZA GARANZIE DI ALCUN TIPO, ESPLICITE O IMPLICITE INCLUSO (MA NON LIMITATO A) PER QUANTO RIGUARDA IL VALORE COMMERCIALE, LA QUALIT\u00c0 SODDISFACENTE, L\u2019IDONEIT\u00c0 A UNO SCOPO SPECIFICO, IL RAGIONEVOLE LIVELLO DI CURA E PERIZIA OPPURE LA MANCATA VIOLAZIONE DEI DIRITTI DI PROPRIET\u00c0 INTELLETTUALE. ZRC<sup>\u00ae<\/sup> e i suoi fornitori non garantiscono documenti, software, testi, download, elementi grafici o link di ZRC<sup>\u00ae<\/sup> n\u00e9 per quanto riguarda i risultati attesi con l\u2019ausilio delle Piattaforme.<\/p><p>Salvo in caso di disposizioni legali vincolanti contrarie, ZRC<sup>\u00ae<\/sup> non pu\u00f2 essere considerata responsabile di danni diretti o indiretti di alcun tipo, causa, origine o conseguenza risultanti dall\u2019utilizzo di informazioni disponibili sulle Piattaforme o relativamente all\u2019utilizzo di dette informazioni, n\u00e9 pu\u00f2 essere ritenuta responsabile di eventuali perdite di utilizzo, interruzioni d\u2019esercizio oppure perdite di profitti o dati, a prescindere dalla forma dell\u2019azione, persino qualora ZRC<sup>\u00ae<\/sup> fosse stata informata del possibile insorgere di tali danni.<\/p><p>Ricordiamo che in alcune giurisdizioni, le leggi per la protezione dei consumatori potrebbero non autorizzare determinate esclusioni o limitazioni delle garanzie o delle responsabilit\u00e0 e, di conseguenza, alcune delle esclusioni e delle limitazioni sopra citate potrebbero non essere applicabili.<\/p><p><strong>Informativa sui marchi commerciali<\/strong><strong><\/strong><\/p><p>In generale, tutti i marchi commerciali, i brevetti, i loghi e i marchi di servizio (collettivamente denominati i \u201cMarchi commerciali\u201d) che compaiono sulle Piattaforme sono marchi commerciali registrati, non registrati o altrimenti protetti di ZRC<sup>\u00ae<\/sup> oppure sono utilizzati attraverso una sublicenza concessa a ZRC<sup>\u00ae<\/sup> da terzi. Le altre marche sono marchi commerciali registrati dai loro rispettivi proprietari. Nulla di quanto contenuto sulle Piattaforme pu\u00f2 essere interpretato come una concessione implicita o esplicita di una licenza o di qualsivoglia altro diritto di utilizzare un Marchio commerciale o un brevetto qualsiasi senza il previo accordo scritto di ZRC<sup>\u00ae<\/sup> o di colui che detiene il Marchio commerciale. \u00c8 assolutamente vietata l\u2019appropriazione indebita di qualunque Marchio commerciale o brevetto pubblicato sulle Piattaforme oppure di qualsiasi altro contenuto sulle Piattaforme, salvo indicazione contraria nel presente accordo, e verr\u00e0 perseguita con ogni mezzo legale disponibile.<\/p><p><strong>Informativa sui diritti d\u2019autore<\/strong><strong><\/strong><\/p><p>Tutti i contenuti (inclusi i Documenti di ZRC<sup>\u00ae<\/sup>) presenti sulle Piattaforme sono protette dal diritto d\u2019autore di ZRC<sup>\u00ae<\/sup> (Copyright\u00a9) oppure sono concessi in licenza e usati da ZRC<sup>\u00ae<\/sup>. Tutti i diritti riservati. L\u2019utente \u00e8 invitato a fare riferimento alla sezione qui sopra relativa all\u2019utilizzo dei Documenti sulle Piattaforme.<\/p><p><strong>Link e collegamenti<\/strong><strong><\/strong><\/p><p>Le Piattaforme possono contenere dei link verso altre piattaforme gestite da terzi non affiliati a ZRC<sup>\u00ae<\/sup>. L\u2019inclusione di eventuali link verso siti terzi non implica l\u2019approvazione da parte di ZRC<sup>\u00ae<\/sup> dei contenuti su tali siti. ZRC<sup>\u00ae<\/sup> non ha esaminato integralmente i contenuti dei siti a cui rimandano i link e non pu\u00f2 essere considerata responsabile dei contenuti o dell\u2019accuratezza delle pagine esterne oppure di ogni altro sito collegato a una qualsiasi delle nostre Piattaforme. Qualora l\u2019utente scegliesse di cliccare su un link verso pagine esterne o siti di terzi, lo far\u00e0 a proprio rischio e pericolo.<\/p><p>ZRC<sup>\u00ae<\/sup> non autorizza i collegamenti verso una qualsiasi delle sue Piattaforme a partire da piattaforme di terzi senza il suo previo accordo scritto.<\/p><p><strong>Cessazione e sospensione<\/strong><strong><\/strong><\/p><p>L\u2019utente accetta che ZRC<sup>\u00ae<\/sup> possa, senza pregiudicare gli altri suoi diritti, cessare o sospendere a pieno titolo l\u2019accesso e l\u2019utilizzo delle Piattaforme da parte dell\u2019utente, con o senza preavviso, in caso di mancato rispetto da parte dell\u2019utente di una clausola qualsiasi del presente contratto oppure in caso di violazione dei diritti di ZRC<sup>\u00ae<\/sup>, delle sue affiliate o di terzi da parte dell\u2019utente. L\u2019utente accetta che ZRC<sup>\u00ae<\/sup> possa modificare o sospendere l\u2019accesso alle sue Piattaforme, con o senza preavviso. L\u2019utente accetta che ZRC<sup>\u00ae<\/sup> non possa essere ritenuta responsabile nei confronti dell\u2019utente o di terzi a seguito di tale modifica o sospensione. Le disposizioni intitolate \u201cLimitazione di responsabilit\u00e0\u201d o \u201cDisposizioni generali\u201d continueranno a essere in vigore anche dopo la risoluzione dei presenti Termini di utilizzo.<\/p><p><strong>Disposizioni generali<\/strong><strong><\/strong><\/p><p>Salvo indicazione contraria, le informazioni e i Documenti di ZRC<sup>\u00ae<\/sup> presentati sulle Piattaforme vengono presentati esclusivamente per promuovere i prodotti e i servizi di ZRC<sup>\u00ae<\/sup> e, in alcuni casi, per presentare i prodotti in vendita attraverso una serie di mezzi diversi. ZRC<sup>\u00ae<\/sup> non stipula che i Documenti di ZRC<sup>\u00ae<\/sup> siano adatti o utilizzabili in ogni Paese del mondo. L\u2019utente ha la responsabilit\u00e0 di rispettare le leggi locali applicabili tenendo a mente che l\u2019accesso ai Documenti di ZRC<sup>\u00ae<\/sup> pu\u00f2 essere illegale per determinate persone o in alcuni Paesi. I nostri prodotti sono disponibili in diverse parti del mondo. Ciononostante le Piattaforme possono indicare prodotti non disponibili su scala mondiale, in particolare per quanto riguarda le Edizioni speciali.<\/p><p>Qualora una o pi\u00f9 disposizioni dei presenti Termini di utilizzo fossero considerate o dichiarate non valide da una qualsiasi legge o normativa oppure a seguito di una sentenza da parte di un foro competente, dovranno essere considerate come tacite e le altre disposizioni rimarranno in vigore.<\/p><p>I presenti Termini di utilizzo costituiscono l\u2019accordo completo tra noi e l\u2019utente per quanto riguarda l\u2019utilizzo della Piattaforma. Sostituiscono e annullano ogni altro accordo, bozza di accordo, disposizione, impegno o accordo accessorio di qualunque natura precedentemente stipulato tra le parti, orale o scritto che sia, relativo a tale argomento.<\/p><p>L\u2019atto di rinuncia di ZRC<sup>\u00ae<\/sup> ai propri diritti a seguito della violazione di una qualsiasi disposizione dei presenti Termini di utilizzo non pu\u00f2 essere interpretato come una rinuncia al diritto di sostenere i propri diritti a seguito di ogni altra violazione o violazione successiva.<\/p><p><strong>Diritto applicabile e foro competente<\/strong><strong><\/strong><\/p><p>I presenti Termini di utilizzo sono regolati e interpretati secondo la normativa svizzera, senza riferimento a eventuali conflitti normativi. Ogni contestazione, controversia o reclamo derivante da o relativo ai Termini di utilizzo, inclusi la validit\u00e0, l\u2019invalidit\u00e0, la violazione o la cessazione di questi ultimi, dovr\u00e0 essere giudicata o mediata secondo quanto previsto dai presenti Termini di utilizzo. Qualora le leggi svizzere fossero diverse dalle leggi a tutela del consumatore del Paese dell\u2019utente, dovremo garantire all\u2019utente una protezione analoga.<\/p><p><strong>Contatti<\/strong><strong><\/strong><\/p><p>Qualora l\u2019utente avesse domande o commenti relativi ai presenti Termini di utilizzo oppure di ordine generale, pu\u00f2 contattarci all\u2019indirizzo sotto indicato. L\u2019utente potr\u00e0 anche usare tale indirizzo per richiedere una copia dei suoi dati personali da noi detenuti.<\/p><p>E-mail: customerservice@zrc1904.com<\/p><p>Ultimo aggiornamento: giugno 2018<\/p><p><strong>Certificato di autenticit\u00e0 di ZRC<sup>\u00ae<\/sup><\/strong><strong><\/strong><\/p><p>ZRC<sup>\u00ae<\/sup> si assicura scrupolosamente che ogni prodotto sia conforme alle norme di qualit\u00e0 a esso applicabili e che soddisfi tutti i controlli tecnici ed estetici.<\/p><p>I prodotti selezionati sono coperti dalla Garanzia internazionale di ZRC<sup>\u00ae<\/sup>. Qualora l\u2019utente desiderasse fare riparare un prodotto coperto dalla Garanzia internazionale di ZRC<sup>\u00ae<\/sup> dovr\u00e0 fare riferimento a oppure chiamare il nostro Servizio clienti per ottenere maggiori informazioni.&nbsp;<\/p><p><strong>Resi e cambi facilitati<\/strong><strong><\/strong><\/p><p>\u2022 L\u2019utente dispone di un periodo di 14 giorni per contattare il nostro Servizio clienti, che gli comunicher\u00e0 via e-mail un numero di reso. Dalla ricezione di quest\u2019ultimo l\u2019utente dispone di 14 giorni per effettuare il proprio reso o cambio.<\/p><p>\u2022 Solo le creazioni acquistate tramite l\u2019e-shop svizzero possono essere rese e cambiate tramite l\u2019e-shop svizzero.<\/p><p>\u2022 Le creazioni incise o modificate, invece, non possono essere rese n\u00e9 cambiate.<\/p><p>\u2022 Invitiamo l\u2019utente a consultare le Condizioni generali di vendita o a contattare il Servizio clienti per conoscere tutte le condizioni e le modalit\u00e0 di reso.<\/p><p><strong>Lessico di ZRC<sup>\u00ae<\/sup><\/strong><strong><\/strong><\/p><p><strong>PIATTAFORME:&nbsp;<\/strong><strong><\/strong><\/p><p>il sito Internet\/ Facebook\/ Instagram\/ Mini sito North Adventure\/ KickStarter\/ Sito Internet dei nostri concessionari\/ i gruppi su Facebook (elenco non esaustivo).<\/p><p><strong>GARANZIA:<\/strong><strong><\/strong><\/p><p>l\u2019insieme degli obblighi contrattuali o legali che impegnano un fornitore (il garante) nei confronti di un acquirente nel caso della vendita di un bene o della fornitura di un servizio.<\/p><p><strong>ORDINE:<\/strong><strong><\/strong><\/p><p>ordine attraverso cui un cliente chiede un bene o un servizio entro un termine stabilito.<\/p><p><strong>RESO DELLA MERCE:<\/strong><strong><\/strong><\/p><p>beni rimandati al fornitore perch\u00e9 non erano conformi all\u2019ordine oppure perch\u00e9 presentano dei difetti di fabbricazione.<\/p><p><strong>FAQ:<\/strong><strong><\/strong><\/p><p>domande frequenti. Per tutte le domande relative alla marca ZRC<sup>\u00ae<\/sup> e\/o ai prodotti ZRC<sup>\u00ae<\/sup>, fare riferimento alle FAQ.<\/p><p><strong>CONDIZIONI GENERALI DI VENDITA:<\/strong><strong><\/strong><\/p><p>le Condizioni generali di vendita o CGV sono delle informazioni fornite da un fornitore al proprio cliente relativamente alle condizioni legali di vendita dei propri prodotti o servizi in assenza di un accordo specifico.<\/p><p>Se non diversamente indicato, l\u2019acquisto di un bene o un servizio a tale fornitore costituisce un\u2019accettazione implicita di tali condizioni.<\/p><p><strong>INFORMATIVA SULLA PRIVACY:<\/strong><strong><\/strong><\/p><p>l\u2019Informativa sulla privacy \u00e8 un testo che descrive come una societ\u00e0 conserva, tratta, pubblica e cancella i dati trasmessi dai propri clienti.&nbsp;<\/p><p>Un\u2019Informativa sulla privacy dovrebbe solitamente contenere delle clausole che descrivono come vengono archiviati i dati personali, come possono essere&nbsp;<\/p><p>utilizzati, le persone a cui potrebbero essere trasmessi, le misure di protezione introdotte. Nel caso dei siti web, dovrebbe anche indicare se il sito fa ricorso ai cookie.<\/p><p>Alcune clausole divergono a seconda del Paese e delle leggi locali in vigore.<\/p><p><strong>TERMINI DI UTILIZZO:<\/strong><strong><\/strong><\/p><p>Le condizioni generali di utilizzo non costituiscono un documento obbligatorio. Si tratta di un documento facoltativo che pu\u00f2 essere sottoposto all\u2019utente di un servizio o di un prodotto per inquadrarne l\u2019utilizzo.<\/p><p>Le condizioni generali di utilizzo costituiscono un documento contrattuale. Si parla di contratto d\u2019adesione in contrapposizione al contratto negoziato. L\u2019utente del servizio sceglie di accettarle o di rifiutarle, ma non tratta il loro contenuto col fornitore del servizio.<\/p><p>Come ogni documento contrattuale, le condizioni generali di utilizzo impegnano l\u2019utente del servizio e il suo fornitore a rispettarne il contenuto.<\/p>","protected":false},"excerpt":{"rendered":"<p>Informazioni su ZRC\u00ae e sui presenti Termini di utilizzo ZRC\u00ae Gen\u00e8ve SA ha sede legale in Route de Thonon 152A, 1222 VESENAZ, Svizzera. Il sito Internet \u00e8 ospitato e modificato da ZRC\u00ae Gen\u00e8ve SA Svizzera. I presenti Termini di utilizzo (\u201cTermini di utilizzo\u201d) regolano l\u2019utilizzo delle Piattaforme di ZRC\u00ae da parte dell\u2019utente. Nei presenti Termini [&hellip;]<\/p>\n","protected":false},"author":553,"featured_media":0,"parent":0,"menu_order":0,"comment_status":"closed","ping_status":"closed","template":"","meta":{"_acf_changed":false,"footnotes":""},"acf":[],"_links":{"self":[{"href":"https:\/\/zrc1904.com\/it\/wp-json\/wp\/v2\/pages\/7525"}],"collection":[{"href":"https:\/\/zrc1904.com\/it\/wp-json\/wp\/v2\/pages"}],"about":[{"href":"https:\/\/zrc1904.com\/it\/wp-json\/wp\/v2\/types\/page"}],"author":[{"embeddable":true,"href":"https:\/\/zrc1904.com\/it\/wp-json\/wp\/v2\/users\/553"}],"replies":[{"embeddable":true,"href":"https:\/\/zrc1904.com\/it\/wp-json\/wp\/v2\/comments?post=7525"}],"version-history":[{"count":2,"href":"https:\/\/zrc1904.com\/it\/wp-json\/wp\/v2\/pages\/7525\/revisions"}],"predecessor-version":[{"id":11223,"href":"https:\/\/zrc1904.com\/it\/wp-json\/wp\/v2\/pages\/7525\/revisions\/11223"}],"wp:attachment":[{"href":"https:\/\/zrc1904.com\/it\/wp-json\/wp\/v2\/media?parent=7525"}],"curies":[{"name":"wp","href":"https:\/\/api.w.org\/{rel}","templated":true}]}}