{"id":7521,"date":"2023-03-16T14:14:45","date_gmt":"2023-03-16T13:14:45","guid":{"rendered":"https:\/\/www.zrc.test\/informativa-sulla-privacy\/"},"modified":"2024-05-20T15:52:05","modified_gmt":"2024-05-20T13:52:05","slug":"informativa-sulla-privacy","status":"publish","type":"page","link":"https:\/\/zrc1904.com\/it\/informativa-sulla-privacy\/","title":{"rendered":"Informativa sulla privacy"},"content":{"rendered":"<p><strong>Informazioni su ZRC<sup>\u00ae<\/sup> e sulla sua Informativa sulla privacy<\/strong><strong><\/strong><\/p><p>ZRC<sup>\u00ae<\/sup> SA ha sede legale al 15 rue du 31 D\u00e9cembre, 1207 Ginevra, Svizzera. Nella presente Informativa sulla privacy usiamo il termine ZRC<sup>\u00ae<\/sup> (nonch\u00e9 \u201c<strong>noi<\/strong>\u201d, \u201c<strong>ci<\/strong>\u201d e \u201c<strong>nostro<\/strong>\u201d) per fare riferimento a ZRC<sup>\u00ae<\/sup> Gen\u00e8ve SA, l\u2019azienda il cui indirizzo \u00e8 indicato qui sopra, nonch\u00e9 alle sue affiliate e ai suoi punti vendita.<\/p><p>Invitiamo l\u2019utente a dedicare alcuni minuti alla lettura della seguente informativa, che spiega come raccogliamo, usiamo e potremmo divulgare e trasferire i dati personali da lui forniti sui nostri siti web, applicazioni per dispositivi mobili e altre piattaforme digitali (collettivamente le \u201c<strong>Piattaforme<\/strong>\u201d) quando contatta i Distributori e gli Ambasciatori di ZRC<sup>\u00ae<\/sup> telefonicamente oppure quando interagisce con noi attraverso i social media. Inoltre spiega come raccogliamo le informazioni attraverso l\u2019uso di cookie e la relativa tecnologia quando usa le nostre Piattaforme.<\/p><p>Quando mettiamo i nostri prodotti in vendita online o telefonicamente attraverso il Servizio clienti ZRC<sup>\u00ae<\/sup>, l\u2019utente deve prendere nota dei Termini e Condizioni di vendita applicabili che determineranno le modalit\u00e0 e le condizioni di ogni acquisto effettuato tramite tale canale.<\/p><p><strong>Aggiornamenti della presente Informativa sulla privacy<\/strong><strong><\/strong><\/p><p>Potremmo aggiornare in qualunque momento la presente Informativa sulla privacy. Nel caso di un aggiornamento, le modifiche verranno pubblicate su questa Piattaforma.<\/p><p><strong>Le informazioni che ci vengono fornite dall\u2019utente e come le usiamo<\/strong><strong><\/strong><\/p><p>Potremmo raccogliere informazioni sull\u2019utente come segue:<\/p><p>\u2022 per accedere a determinate aree della nostra Piattaforma \u00e8 necessario effettuare la registrazione ai nostri servizi. Nel corso del processo di registrazione verranno chiesti alcuni dati personali all\u2019utente (inclusi il nome, l\u2019indirizzo, la data di nascita, l\u2019indirizzo e-mail e un numero di telefono). Inserendo i propri dati personali nei campi richiesti, l\u2019utente autorizza ZRC<sup>\u00ae<\/sup> a fornire i servizi selezionati;<\/p><p>\u2022 quando l\u2019utente acquista prodotti online raccogliamo informazioni come il dettaglio dei suoi acquisti e le informazioni necessarie alla fatturazione. Inoltre raccogliamo i dati personali dell\u2019utente anche quando comunica con noi (ad esempio se ci contatta con una domanda relativa a uno dei nostri prodotti o servizi, quando fornisce i propri dati comunicando telefonicamente con gli Ambasciatori di ZRC<sup>\u00ae<\/sup> o di persona quando visita un Distributore di ZRC<sup>\u00ae<\/sup>). Ricordiamo che le chiamate telefoniche potrebbero essere registrate per finalit\u00e0 di sicurezza, formazione e miglioramento del servizio;<\/p><p>\u2022 se l\u2019utente sceglie di interagire con ZRC<sup>\u00ae<\/sup> tramite la piattaforma di un social media o un servizio di terzi raccoglieremo le informazioni che l\u2019utente ci ha fornito attraverso tale Piattaforma;<\/p><p>\u2022 raccoglieremo informazioni sulla posizione dell\u2019utente nella misura in cui forniamo servizi di localizzazione, come descritto nella sezione sottostante \u201cServizi di localizzazione\u201d.<\/p><p>Potremmo usare le informazioni raccolte sull\u2019utente per:<\/p><p>\u2022 gestire e rispondere a richieste di riparazione e fornire servizi post-vendita;<\/p><p>\u2022 gestire account e registrazioni e attivare le garanzie;<\/p><p>\u2022 elaborare le domande e le richieste dell\u2019utente;<\/p><p>\u2022 inviare comunicazioni relative al servizio, inclusi annunci e messaggi amministrativi come le convalide degli ordini;<\/p><p>\u2022 identificare i prodotti e i servizi che riteniamo possano interessare l\u2019utente sulla base delle informazioni raccolte, incluso lo storico degli acquisti e le precedenti interazioni con noi;<\/p><p>\u2022 inviare all\u2019utente comunicazioni di marketing (incluse e-mail e messaggi sui social media) su di noi e su terzi che riteniamo possano interessare l\u2019utente, quando abbiamo una ragione legittima di farlo (vedere anche la sezione sottostante \u201cLe opzioni dell\u2019utente\u201d per maggiori informazioni sul modo in cui l\u2019utente pu\u00f2 controllare tali comunicazioni);<\/p><p>\u2022 svolgere studi di mercato come parte integrante del miglioramento continuo dei servizi che forniamo ai nostri clienti;<\/p><p>\u2022 realizzare controlli sul credito, prevenire le frodi e altre attivit\u00e0 vietate o illegali e proseguire i nostri sforzi per mantenere sicura la nostra Piattaforma;<\/p><p>\u2022 comprendere l\u2019utilizzo che viene fatto della nostra Piattaforma per effettuare miglioramenti continui ai servizi sulla nostra Piattaforma e alle nostre altre offerte.<\/p><p>Quando l\u2019utente acconsente a un uso specifico dei suoi dati personali, trattiamo tali informazioni sulla base del consenso fornito dall\u2019utente. L\u2019utente pu\u00f2 revocare il suo consenso in qualunque momento (ad esempio per quanto riguarda l\u2019invio di comunicazioni marketing) contattandoci (vedere la sezione sottostante \u201cContatti\u201d). Inoltre trattiamo i dati personali dell\u2019utente quando \u00e8 necessario farlo per eseguire un contratto con l\u2019utente oppure quando \u00e8 necessario per i nostri fini legittimi per portare avanti, proteggere e migliorare la nostra attivit\u00e0.<\/p><p><strong>Cookie e altre informazioni che raccogliamo automaticamente<\/strong><strong><\/strong><\/p><p>Come la maggior parte delle Piattaforme, ZRC<sup>\u00ae<\/sup> registra gli indirizzi IP e usa i cookie e altre tecnologie analoghe che ci consentono di riconoscere l\u2019utente e di personalizzare la sua esperienza, oltre che fornirci informazioni sul modo in cui i visitatori accedono alla nostra Piattaforma. Qui sotto l\u2019utente potr\u00e0 trovare ulteriori informazioni sul modo in cui usiamo i cookie e le relative tecnologie.<\/p><p><strong>Cos\u2019\u00e8 un cookie?<\/strong><strong><\/strong><\/p><p>I cookie sono file di testo che contengono piccole quantit\u00e0 di informazioni, che vengono scaricate nel computer o nel dispositivo mobile dell\u2019utente quando visita un sito web o un\u2019applicazione per dispositivi mobili. Vengono usate per riconoscere il computer dell\u2019utente quando naviga tra diverse pagine di un sito web o quando torna su un sito web oppure su un\u2019applicazione per dispositivi mobili precedentemente visitati. I cookie sono ampiamente diffusi nelle operazioni delle piattaforme di lavoro per migliorare le loro operazioni e per fornire informazioni ai proprietari delle piattaforme.<\/p><p>Usiamo i cookie per migliorare l\u2019esperienza online dei nostri visitatori (ad esempio per ricordare la lingua dell\u2019utente e\/o i prodotti preferiti) e per capire meglio come viene usata la nostra Piattaforma. Ad esempio i cookie ci possono dire se l\u2019utente ha gi\u00e0 visitato la nostra Piattaforma o se si tratta di un nuovo visitatore. Possono anche aiutarci a garantire che le pubblicit\u00e0 viste online dall\u2019utente siano pi\u00f9 rilevanti e incentrate sui suoi interessi.<\/p><p>Ci sono due grandi categorie di cookie:<\/p><p><strong>i cookie sviluppati internamente<\/strong>, che ZRC<sup>\u00ae<\/sup> usa direttamente sul computer o sul dispositivo mobile dell\u2019utente. Questi vengono usati esclusivamente da ZRC<sup>\u00ae<\/sup> per riconoscere il computer o il dispositivo mobile dell\u2019utente quando visita nuovamente la nostra Piattaforma.<\/p><p><strong>i cookie di terzi<\/strong>, usati da un fornitore di servizi esterno sulla nostra Piattaforma, che potrebbero essere usati dal fornitore di servizi per riconoscere il computer o il dispositivo mobile dell\u2019utente quando visita altre piattaforme. I cookie di terzi sono generalmente utilizzati per finalit\u00e0 pubblicitarie o di analisi delle piattaforme.<\/p><p>I cookie potrebbero rimanere per diversi periodi di tempo sul computer o sul dispositivo mobile dell\u2019utente. ZRC<sup>\u00ae<\/sup> usa sia i \u201ccookie di sessione\u201d che i \u201ccookie persistenti\u201d. I cookie di sessione durano fintanto che il browser rimane aperto e vengono cancellati automaticamente alla chiusura del browser. I cookie persistenti rimangono registrati dopo la chiusura del browser e possono essere usati per riconoscere il computer o il dispositivo mobile dell\u2019utente quando apre il browser e torna nuovamente online.&nbsp;<\/p><p><strong>Quali cookie usa ZRC<sup>\u00ae<\/sup>?<\/strong><strong><\/strong><\/p><p>La Piattaforma usa esclusivamente i seguenti tipi di cookie sul computer o sul dispositivo mobile dell\u2019utente:<\/p><figure class=\"wp-block-table\"><table><tbody><tr><td><strong>Tipo di cookie<\/strong><\/td><td><strong>Finalit\u00e0<\/strong><\/td><\/tr><tr><td><strong>Cookie richiesti per finalit\u00e0 essenziali<\/strong><\/td><td>Questi cookie sono necessari per fornire all\u2019utente dei servizi su tale Piattaforma e per garantire che possa utilizzare alcune delle sue caratteristiche, come l\u2019accesso alle aree protette. Senza tali cookie alcuni servizi richiesti dall\u2019utente, come le pagine delle transazioni e gli account con accesso protetto, non sarebbero usufruibili.<\/td><\/tr><tr><td><strong>Cookie funzionali<\/strong><\/td><td>Questi cookie hanno una serie di finalit\u00e0 legate alla presentazione, alle performance e alle caratteristiche di questa Piattaforma. A ogni modo, il loro fine generale \u00e8 di migliorare l\u2019esperienza dei visitatori e la loro fruizione della Piattaforma. Ad esempio alcuni cookie consentono ai visitatori di specificare una lingua, un prodotto o altre preferenze relative alla Piattaforma. Questi cookie vengono usati per raccogliere informazioni sul modo in cui i visitatori usano la nostra Piattaforma.<\/td><\/tr><tr><td><strong>Cookie di prestazione<\/strong><\/td><td>Le informazioni raccolte vengono aggregate e non individuano un singolo utente. Includono il numero di visitatori della nostra Piattaforma, le piattaforme che dirigono i visitatori verso la nostra Piattaforma e le pagine che visitano sulla nostra Piattaforma. Usiamo tali informazioni quale ausilio per gestire in modo pi\u00f9 efficace la nostra Piattaforma, per raccogliere dati demografici generali e per monitorare il livello di attivit\u00e0 sulla nostra Piattaforma.<\/td><\/tr><tr><td><strong>Cookie pubblicitari<\/strong><\/td><td>Quando l\u2019utente visita la nostra Piattaforma o clicca sulla nostra pubblicit\u00e0 o sulle aree promozionali sulla Piattaforma, tali cookie vengono usati per fornire la pubblicit\u00e0 pi\u00f9 rilevante incentrata sugli interessi dell\u2019utente. Vengono usati anche per limitare il numero di volte in cui l\u2019utente visualizza la medesima pubblicit\u00e0, nonch\u00e9 per aiutare a valutare l\u2019efficacia della pubblicit\u00e0 e delle promozioni. Vengono anche posizionati da reti pubblicitarie con la nostra autorizzazione. Ricordano la visita di una piattaforma da parte dell\u2019utente e tale informazione viene condivisa con altre organizzazioni, come gli inserzionisti.<\/td><\/tr><tr><td><strong>Cookie dei social media<\/strong><\/td><td>Questi cookie permettono agli utenti di condividere le pagine e il loro contenuto a social network terzi e ad altre piattaforme. Le compagnie che usano tali cookie possono anche utilizzare i dati personali dell\u2019utente per finalit\u00e0 di pubblicit\u00e0 mirata su altre piattaforme.<\/td><\/tr><\/tbody><\/table><\/figure><p><strong>Come controllare o cancellare i cookie<\/strong><strong><\/strong><\/p><p>Usiamo cookie non essenziali a seconda del consenso fornito dall\u2019utente. L\u2019utente ha il diritto di revocare il suo consenso e di rifiutarne l\u2019utilizzo in qualunque momento. Nella sezione sottostante spieghiamo come l\u2019utente pu\u00f2 esercitare tale diritto. A ogni modo ricordiamo che se l\u2019utente sceglie di rifiutare i cookie, potrebbe non essere in grado di utilizzare tutte le funzioni della nostra Piattaforma.<\/p><p>L\u2019utente pu\u00f2 impostare le proprie preferenze relative ai cookie modificando le impostazioni del proprio browser, affinch\u00e9 i cookie di questa Piattaforma non possano essere registrati sul suo computer o sul suo dispositivo mobile. L\u2019utente deve seguire le indicazioni fornite dal proprio browser (solitamente nella sezione \u201cAiuto\u201d, \u201cStrumenti\u201d o \u201cPreferenze\u201d).<\/p><p>Per maggiori informazioni sui cookie, incluso il modo in cui i cookie sono stati registrati sul computer o sul dispositivo mobile dell\u2019utente e come gestirli o cancellarli, visitare la pagina http:\/\/www.allaboutcookies.org\/fr\/&nbsp;<\/p><p><strong>Indirizzi IP<\/strong><strong><\/strong><\/p><p>Raccogliamo informazioni sul computer o sul dispositivo mobile dell\u2019utente inclusi, quando disponibili, l\u2019indirizzo IP, il sistema operativo, gli orari di login e il tipo di browser. Usiamo tali informazioni per capire meglio come i visitatori usano la nostra Piattaforma e per effettuare dei rapporti interni. Non condivideremo tali informazioni con inserzionisti, promotori o altre aziende.<\/p><p><strong>La pubblicit\u00e0<\/strong><strong><\/strong><\/p><p>Le Piattaforme contano su terzi, come gli inserzionisti di rete e gli scambi pubblicitari, per fornire pubblicit\u00e0 su piattaforme di terzi una volta che l\u2019utente ha lasciato le nostre Piattaforme. Usiamo fornitori di servizi analitici esterni e altri fornitori di servizi per valutare e fornire, a noi o a terzi, informazioni relative all\u2019utilizzo delle Piattaforme, alla pubblicit\u00e0 e alle visualizzazioni dei contenuti. Gli inserzionisti di rete sono terzi che pubblicano pubblicit\u00e0 sulla base delle visite dell\u2019utente sulle Piattaforme e su altre applicazioni e siti visitati dall\u2019utente. Gli emittenti pubblicitari esterni ci permettono di fornire pubblicit\u00e0, prodotti e servizi mirati che possano interessare all\u2019utente.<\/p><p>Non controlliamo le tecnologie di tracciamento usate da terzi, anche se sono associati alle nostre Piattaforme o alle nostre pubblicit\u00e0. Le dichiarazioni relative alle nostre pratiche non si applicano ai metodi di raccolta delle informazioni usati da terzi e da altre entit\u00e0 per quanto riguarda l\u2019uso delle informazioni raccolte da tali entit\u00e0 o terzi. Per maggiori informazioni sulle pratiche di raccolta, archiviazione e condivisione da parte di terzi, consultare le loro Condizioni generali di utilizzo, Informativa sulla privacy, autorizzazioni, avvisi e opzioni importanti. Non forniamo alcuna garanzia riguardo alle informative e alle pratiche di inserzionisti esterni, reti o scambi pubblicitari n\u00e9 degli associati di terzi.<\/p><p>L\u2019utente ha diverse opzioni relativamente alle pubblicit\u00e0 che gli vengono mostrate. Pu\u00f2 scegliere di non ricevere determinati tipi di pubblicit\u00e0 mirate comportamentali quando visita i siti web di terzi, descritti nella sezione sottostante intitolata \u201cCome controllare o cancellare i cookie\u201d. Non siamo responsabili dell\u2019efficienza n\u00e9 del rispetto dei meccanismi di opt-out da parte di terzi.<\/p><p><strong>Condivisione dei dati personali dell\u2019utente<\/strong><strong><\/strong><\/p><p>Non affittiamo, vendiamo o condividiamo i dati personali dell\u2019utente con altre aziende o individui non affiliati salvo nelle seguenti circostanze:<\/p><p>Divulgheremo i dati personali dell\u2019utente a fornitori esterni per la fornitura di servizi online e altri servizi di pagamento, verifica dei crediti e prevenzione delle frodi oltre che per ogni altro servizio necessario per permetterci di usare le informazioni dell\u2019utente per le finalit\u00e0 indicate nella sezione \u201cLe informazioni che ci vengono fornite dall\u2019utente e come le usiamo\u201d;<\/p><p>Divulgheremo i dati personali dell\u2019utente a ogni forza dell\u2019ordine, tribunale, autorit\u00e0 di controllo, autorit\u00e0 governativa o terzi quando riteniamo sia necessario per ottemperare a un obbligo legale o normativo oppure per proteggere i nostri diritti o quelli di terzi;<\/p><p>E<\/p><p>Divulgheremo i dati personali dell\u2019utente a terzi che dovessero acquistare o a chi dovessimo trasferire la totalit\u00e0 o la maggior parte dei nostri cespiti e della nostra attivit\u00e0 commerciale. Qualora si verificasse una tale vendita o trasferimento, faremo quanto ragionevolmente possibile per garantire che l\u2019entit\u00e0 a cui trasferiremo i dati personali dell\u2019utente li user\u00e0 nel rispetto della presente Informativa sulla privacy.<\/p><p><strong>Trasferimenti internazionali<\/strong><strong><\/strong><\/p><p>Abbiamo inserito delle clausole contrattuali standard per garantire che siano in vigore le garanzie adeguate per proteggere i dati personali dell\u2019utente quando vengono trasferiti ai nostri distributori affiliati in territori esterni allo Spazio Economico Europeo e alla Svizzera. Quando condividiamo le informazioni dell\u2019utente con un fornitore esterno sito al di fuori dello Spazio Economico Europeo e della Svizzera (come dettagliato nella sezione \u201cCondivisione dei dati personali dell\u2019utente\u201d), obblighiamo contrattualmente il fornitore di servizi esterno a prendere le misure di sicurezza adeguate per proteggere i dati personali dell\u2019utente.<\/p><p><strong>Come proteggiamo le informazioni personali dell\u2019utente<\/strong><strong><\/strong><\/p><p>Vogliamo che l\u2019utente usi la nostra Piattaforma in modo fiducioso e ci impegniamo a proteggere i dati personali da noi raccolti. Limitiamo l\u2019accesso alle informazioni personali dell\u2019utente a quei dipendenti che hanno un bisogno ragionevole di accedervi al fine di fornire all\u2019utente prodotti o servizi oppure di svolgere i loro obblighi professionali. Prendiamo misure fisiche, elettroniche, procedurali, tecniche e organizzative adeguate per custodire i dati personali che ci vengono forniti dall\u2019utente al fine di evitare un utilizzo illegale o non autorizzato nonch\u00e9 eventuali perdite, cancellazioni, danni o la loro distruzione accidentale. Ciononostante, quando chiediamo all\u2019utente di selezionare una password per accedere a determinate parti della nostra Piattaforma, \u00e8 responsabilit\u00e0 dell\u2019utente la creazione di una password sicura e il suo mantenimento al sicuro. L\u2019utente non deve selezionare una password gi\u00e0 usata su un altro sito e non deve condividerla con nessuno.<\/p><p><strong>Conservazione delle informazioni dell\u2019utente<\/strong><strong><\/strong><\/p><p>Conserviamo le informazioni dell\u2019utente per il tempo necessario alle nostre finalit\u00e0, in particolare per proteggerci nel caso di una controversia (ad esempio le informazioni relative a un contratto con l\u2019utente saranno salvate per tutta la durata di tale contratto e fino a 10 anni dopo la sua cessazione). Al termine di tale periodo verranno cancellate o, in alcuni casi, rese anonime. Quando richiediamo il consenso dell\u2019utente per trattare i suoi dati personali e non abbiamo altri motivi legali per continuare a trattarli, cancelleremo i dati personali dell\u2019utente se quest\u2019ultimo successivamente revocher\u00e0 il suo consenso.<\/p><p>Qualora l\u2019utente ci chiedesse di smettere di inviare comunicazioni di marketing diretto, salveremmo un record della sua richiesta e le sue coordinate di contatto per assicurarci di rispettare la sua richiesta.<\/p><p><strong>Le opzioni dell\u2019utente<\/strong><strong><\/strong><\/p><p>L\u2019utente ha il diritto di richiedere l\u2019accesso ai suoi dati personali da noi conservati nei nostri file per correggere eventuali errori e aggiornare informazioni obsolete. In determinate circostanze l\u2019utente ha il diritto di chiedere la cancellazione o la limitazione del trattamento dei suoi dati personali.<\/p><p>In alcuni casi l\u2019utente ha il diritto di opporsi al trattamento dei propri dati personali. In particolare l\u2019utente pu\u00f2 richiederci in qualunque momento di interrompere l\u2019invio di comunicazioni di marketing diretto (a ogni modo ricordiamo che potremmo continuare a mandare comunicazioni relative al servizio [i.e., non-marketing communications], come e-mail di aggiornamento relative allo stato dell\u2019ordine). Qualora l\u2019utente volesse esercitare uno di tali diritti, pu\u00f2 scriverci all\u2019indirizzo sotto indicato.<\/p><p>L\u2019utente pu\u00f2 cancellare in qualunque momento la propria iscrizione alle comunicazioni di marketing inviandoci un\u2019e-mail all\u2019indirizzo indicato nella sezione \u201cContatti\u201d oppure cliccando sul link \u201cCancella l\u2019iscrizione\u201d presente nelle e-mail di marketing di ZRC<sup>\u00ae<\/sup>.<\/p><p>In caso di dubbi sul modo in cui trattiamo i suoi dati personali, l\u2019utente \u00e8 invitato a contattarci usando le coordinate di contatto qui sotto: faremo del nostro meglio per risolvere il suo problema. Dopo un\u2019analisi del reclamo dell\u2019utente, risponderemo in tempi ragionevoli descrivendo le misure correttive da noi proposte. Qualora l\u2019utente ritenesse che abbiamo trattato i suoi dati personali in modo illegale o contrario ai suoi diritti, ha anche il diritto di presentare un reclamo all\u2019Ufficio cantonale per la protezione dei dati personali oppure a un Garante europeo per la protezione dei dati personali nella giurisdizione in cui risiede o lavora oppure laddove \u00e8 stato effettuato il trattamento.<\/p><p><strong>Contatti<\/strong><strong><\/strong><\/p><p>Qualora l\u2019utente avesse domande o commenti relativi alla presente Informativa sulla privacy oppure relativamente alla privacy in generale, pu\u00f2 contattarci all\u2019indirizzo sotto indicato. L\u2019utente pu\u00f2 anche usare questo indirizzo per chiedere di accedere ai propri dati personali da noi detenuti oppure per cancellare la propria iscrizione alle comunicazioni di marketing.<\/p><p>Qualora l\u2019utente avesse altre domande sulla presente Informativa sulla privacy o sul modo in cui vengono trattati i suoi dati personali, pu\u00f2 contattare:<\/p><p>E-mail: customerservice@zrc1904.com\u00a0<\/p><p>Ultimo aggiornamento: giugno 2018<\/p>","protected":false},"excerpt":{"rendered":"<p>Informazioni su ZRC\u00ae e sulla sua Informativa sulla privacy ZRC\u00ae SA ha sede legale al 15 rue du 31 D\u00e9cembre, 1207 Ginevra, Svizzera. Nella presente Informativa sulla privacy usiamo il termine ZRC\u00ae (nonch\u00e9 \u201cnoi\u201d, \u201cci\u201d e \u201cnostro\u201d) per fare riferimento a ZRC\u00ae Gen\u00e8ve SA, l\u2019azienda il cui indirizzo \u00e8 indicato qui sopra, nonch\u00e9 alle sue [&hellip;]<\/p>\n","protected":false},"author":553,"featured_media":0,"parent":0,"menu_order":0,"comment_status":"closed","ping_status":"closed","template":"","meta":{"_acf_changed":false,"footnotes":""},"acf":[],"_links":{"self":[{"href":"https:\/\/zrc1904.com\/it\/wp-json\/wp\/v2\/pages\/7521"}],"collection":[{"href":"https:\/\/zrc1904.com\/it\/wp-json\/wp\/v2\/pages"}],"about":[{"href":"https:\/\/zrc1904.com\/it\/wp-json\/wp\/v2\/types\/page"}],"author":[{"embeddable":true,"href":"https:\/\/zrc1904.com\/it\/wp-json\/wp\/v2\/users\/553"}],"replies":[{"embeddable":true,"href":"https:\/\/zrc1904.com\/it\/wp-json\/wp\/v2\/comments?post=7521"}],"version-history":[{"count":2,"href":"https:\/\/zrc1904.com\/it\/wp-json\/wp\/v2\/pages\/7521\/revisions"}],"predecessor-version":[{"id":11218,"href":"https:\/\/zrc1904.com\/it\/wp-json\/wp\/v2\/pages\/7521\/revisions\/11218"}],"wp:attachment":[{"href":"https:\/\/zrc1904.com\/it\/wp-json\/wp\/v2\/media?parent=7521"}],"curies":[{"name":"wp","href":"https:\/\/api.w.org\/{rel}","templated":true}]}}