{"id":7452,"date":"2023-03-16T14:14:31","date_gmt":"2023-03-16T13:14:31","guid":{"rendered":"https:\/\/www.zrc.test\/consigli-per-la-manutenzione\/"},"modified":"2026-03-24T09:22:19","modified_gmt":"2026-03-24T08:22:19","slug":"consigli-per-la-manutenzione","status":"publish","type":"page","link":"https:\/\/zrc1904.com\/it\/consigli-per-la-manutenzione\/","title":{"rendered":"INSTRUZIONI PER LA CURA"},"content":{"rendered":"<p>I componenti e i materiali del tuo orologio sono stati selezionati per la loro grande qualit\u00e0 e per le loro propriet\u00e0 tecniche. I seguenti consigli per la manutenzione e la pulizia ti aiuteranno a mantenere il tuo orologio ZRC<sup>\u00ae<\/sup> bello e funzionale.<\/p><h3 class=\"wp-block-heading\">Magnetismo:<\/h3><p>Visti i tanti dispositivi in uso, i campi magnetici ed elettromagnetici sono sempre pi\u00f9 presenti nel mondo intorno a noi e tale magnetismo pu\u00f2 influire sulle prestazioni del tuo orologio.\n\nAl fine di evitare le interferenze magnetiche, ti consigliamo di tenere il tuo orologio lontano da ogni dispositivo che possa emettere dei campi magnetici (ad es. cellulari, computer, frigoriferi, altoparlanti, porte magnetiche, televisori). Inoltre \u00e8 fortemente consigliato togliersi l\u2019orologio prima di passare i controlli di sicurezza all\u2019aeroporto.<\/p><h3 class=\"wp-block-heading\">Impermeabilit\u00e0:<\/h3><p>Il tuo orologio ZRC<sup>\u00ae<\/sup> \u00e8 garantito per un\u2019impermeabilit\u00e0 fino a 300 m ed \u00e8 stato collaudato fino a 475 m. Le guarnizioni hanno un ciclo di vita limitato, perci\u00f2 ti consigliamo di fare verificare l\u2019impermeabilit\u00e0 del tuo orologio ogni due anni.<\/p><h3 class=\"wp-block-heading\">Impostazione dell\u2019ora:<\/h3><p>Come indicato nei manuali dell\u2019utente, ti consigliamo di non impostare l\u2019ora del tuo orologio tra le 23:00 e le 3:00, quando sta cambiando la data.<\/p><h3 class=\"wp-block-heading\">Nuotare in mare e in piscina:<\/h3><p>Il tuo orologio ZRC<sup>\u00ae<\/sup> \u00e8 un vero e proprio \u201cDispositivo subacqueo\u201d, perci\u00f2 sei libero di usarlo in acqua quando vuoi. Risciacqua sempre il tuo orologio con acqua dolce dopo avere nuotato (in mare o in piscina). Assicurati di risciacquare la lunetta grazie al nostro sistema ECS<sup>\u00ae<\/sup>&nbsp;brevettato usando \u201cacqua di rubinetto\u201d per rimuovere tutta la polvere e il sale.<\/p><h3 class=\"wp-block-heading\">Temperature:<\/h3><p>Il tuo orologio ZRC<sup>\u00ae<\/sup> \u00e8 dotato d\u2019origine di un movimento ETA 2824-2 \u201csofisticato\u201d, che \u00e8 garantito per funzionare correttamente tra -30\u00b0C e +60\u00b0C.\n<\/p><p>Al di fuori di questo intervallo di temperature il tuo orologio sar\u00e0 meno preciso. Inoltre ti consigliamo di evitare gli sbalzi termici che potrebbero danneggiare il tuo orologio o alcuni dei suoi componenti come il cristallo e le guarnizioni, che potrebbero rompersi. <\/p><p>Una temperatura eccessiva pu\u00f2 anche influenzare l\u2019olio nel movimento: temperature molto basse lo rendono meno fluido, mentre temperature molto elevate tendono a farlo asciugare pi\u00f9 velocemente. Perci\u00f2 ti raccomandiamo di effettuare pi\u00f9 spesso la manutenzione del tuo orologio se vivi in climi caldi. Evita sbalzi improvvisi di temperatura. <\/p><p>Apr\u00e8s un choc thermique important, de la condensation peut appara\u00eetre sous le verre saphir, celle-ci devrait dispara\u00eetre en quelques minutes en laissant la couronne ouverte et n\u2019affecte pas les performances de votre montre. Si la condensation ne dispara\u00eet pas, merci de contacter le <a href=\"https:\/\/zrc1904.com\/it\/store-locator\/\">revendeur agr\u00e9\u00e9 ZRC<sup>\u00ae<\/sup> le plus proche<\/a>.<\/p><h3 class=\"wp-block-heading\">Prodotti chimici:<\/h3><p>I prodotti chimici (ad es. solventi, detergenti, cosmetici) possono danneggiare il cinturino e le guarnizioni del tuo orologio, compromettendo quindi la sua impermeabilit\u00e0.<\/p><h3 class=\"wp-block-heading\">Cinturini e bracciali:<\/h3><p>\u00c8 normale che, col passare del tempo, i cinturini in pelle sviluppino una patina e i bracciali in metallo si graffino. Per preservare il cinturino in pelle ti consigliamo di tenerlo lontano dall\u2019acqua.<\/p><p>Per effettuare la manutenzione del tuo bracciale in metallo, usa una spazzola di piccole dimensioni e acqua calda insaponata, poi asciuga con un panno morbido.<\/p><h3 class=\"wp-block-heading\">Corona:<\/h3><p>Assicurati che la corona del tuo orologio sia sempre completamente avvitata, in quanto garantisce l\u2019impermeabilit\u00e0 del tuo orologio.<\/p><div class=\"block block-separator\">\n            <div class=\"container\">\n        <div class=\"separator\"><\/div>\n            <\/div>\n    <\/div><h2 class=\"wp-block-heading\">Pulizia<\/h2><p>IMPORTANTE! Al fine di garantire una PERFETTA impermeabilit\u00e0, assicurati di non utilizzare la corona sott\u2019acqua. Verifica di aver avvitato completamente la corona nella sua posizione prima di immergerti in acqua.<\/p><p>Il nostro sistema esclusivo Crown Protection System\u2122&nbsp;ti impedisce di scordarti di avvitarla nuovamente nella posizione \u201cstagna\u201d.<\/p><p>Usa una spazzola morbida per le unghie con acqua calda insaponata per pulire il tuo orologio (acciaio o Nato).<\/p><p>Non dimenticare di sciacquare la lunetta con il nostro sistema ECS<sup>\u00ae<\/sup> per tenere il tuo orologio ZRC<sup>\u00ae<\/sup> in buone condizioni.<\/p><div class=\"block block-separator\">\n            <div class=\"container\">\n        <div class=\"separator\"><\/div>\n            <\/div>\n    <\/div><h2 class=\"wp-block-heading\">Orologi automatici<\/h2><p>Un orologio automatico \u00e8 rivolto agli appassionati di orologi, a tutti coloro che amano sentire il movimento del loro orologio automatico e a coloro che amano ammirarne il movimento.<\/p><p>A ogni modo, un orologio automatico non \u00e8 accurato quanto uno al quarzo. Un orologio automatico \u00e8 pura meccanica. Tende ad andare avanti o ad accumulare ritardo, il che \u00e8 normale.<\/p><p>Dovrai rodarlo per un mese prima che il movimento sia efficace al 100%. Il tuo orologio automatico pu\u00f2 fermarsi o accumulare ritardo a seconda della posizione in cui viene messo. Ecco perch\u00e9 la regolazione pu\u00f2 essere fatta su 3 o 5 posizioni. Nel caso del 2824-2 \u201csofisticato\u201d usato nei Grands Fonds<sup>\u00ae<\/sup>, effettuiamo una regolazione su 3 posizioni con una precisione di +\/- 7 sec.\/giorno (con una tolleranza di +\/- 7 secondi), il che significa che nel migliore dei casi l\u2019orologio non va avanti e non accumula ritardo, mentre nel peggiore dei casi pu\u00f2 accumulare fino a 14 sec.\/giorno di ritardo, che rientra nella tolleranza della struttura ETA.<\/p><h3 class=\"wp-block-heading\">Impostazione della data:<\/h3><p>Per impostare la data sul tuo orologio automatico devi verificare che le lancette non si trovino nell\u2019intervallo compreso tra le 10:00 e le 15:00. Il tuo orologio automatico potrebbe non funzionare pi\u00f9 perch\u00e9 il movimento verrebbe forzato e ci\u00f2 potrebbe influenzare anche la sua precisione. Nel caso di una manipolazione scorretta che porta a una \u201cforzatura\u201d del movimento, la garanzia non sar\u00e0 applicabile.<\/p><h3 class=\"wp-block-heading\">Messa in servizio:<\/h3><p>Qualora il tuo orologio automatico smettesse di funzionare o persino prima del primo utilizzo, dovrai ricaricare manualmente il tuo orologio automatico per avviare il movimento. Questa operazione non \u00e8 obbligatoria, ma \u00e8 fortemente consigliata per consentire il primo avviamento nelle migliori condizioni. Per ricaricare manualmente il tuo orologio automatico, devi ricaricare MANUALMENTE la corona per 10-25 volte (ma ti consigliamo di effettuare 30-40 giri) con la corona a vite nella posizione \u201cspinta\u201d sbloccata ma non ingranata, dalla posizione a ore 12 alla posizione a ore 6 (nel caso della GF300).<\/p><p>Poi passi alla regolazione dell\u2019ora e blocchi accuratamente la corona nella giusta posizione, senza applicare una pressione eccessiva che \u201cschiaccerebbe e danneggerebbe\u201d la guarnizione e quindi impedirebbe di disporre di una perfetta impermeabilit\u00e0.<\/p><p>Nonostante siano dotati di dispositivi performanti per assorbire gli urti, i movimenti degli orologi meccanici rimangono delicati e sensibili a:<\/p><ul><li>urti violenti (caduta su un pavimento duro)<\/li><\/ul><p>Di conseguenza ti consigliamo di non indossare il tuo orologio quando pratichi sport \u201ccon forti urti\u201d come il golf o il tennis, in quanto questi ripetuti movimenti a scatti potrebbero alterare la regolazione o persino danneggiare uno o pi\u00f9 componenti del meccanismo.<\/p>","protected":false},"excerpt":{"rendered":"<p>I componenti e i materiali del tuo orologio sono stati selezionati per la loro grande qualit\u00e0 e per le loro propriet\u00e0 tecniche. I seguenti consigli per la manutenzione e la pulizia ti aiuteranno a mantenere il tuo orologio ZRC\u00ae bello e funzionale. Magnetismo: Visti i tanti dispositivi in uso, i campi magnetici ed elettromagnetici sono [&hellip;]<\/p>\n","protected":false},"author":553,"featured_media":0,"parent":0,"menu_order":0,"comment_status":"closed","ping_status":"closed","template":"template-content-right.php","meta":{"_acf_changed":false,"footnotes":""},"acf":[],"_links":{"self":[{"href":"https:\/\/zrc1904.com\/it\/wp-json\/wp\/v2\/pages\/7452"}],"collection":[{"href":"https:\/\/zrc1904.com\/it\/wp-json\/wp\/v2\/pages"}],"about":[{"href":"https:\/\/zrc1904.com\/it\/wp-json\/wp\/v2\/types\/page"}],"author":[{"embeddable":true,"href":"https:\/\/zrc1904.com\/it\/wp-json\/wp\/v2\/users\/553"}],"replies":[{"embeddable":true,"href":"https:\/\/zrc1904.com\/it\/wp-json\/wp\/v2\/comments?post=7452"}],"version-history":[{"count":3,"href":"https:\/\/zrc1904.com\/it\/wp-json\/wp\/v2\/pages\/7452\/revisions"}],"predecessor-version":[{"id":14226,"href":"https:\/\/zrc1904.com\/it\/wp-json\/wp\/v2\/pages\/7452\/revisions\/14226"}],"wp:attachment":[{"href":"https:\/\/zrc1904.com\/it\/wp-json\/wp\/v2\/media?parent=7452"}],"curies":[{"name":"wp","href":"https:\/\/api.w.org\/{rel}","templated":true}]}}