{"id":7450,"date":"2023-03-16T14:14:30","date_gmt":"2023-03-16T13:14:30","guid":{"rendered":"https:\/\/www.zrc.test\/gamma-di-servizi\/"},"modified":"2026-01-06T17:07:31","modified_gmt":"2026-01-06T16:07:31","slug":"gamma-di-servizi","status":"publish","type":"page","link":"https:\/\/zrc1904.com\/it\/gamma-di-servizi\/","title":{"rendered":"MANUTENZIONE"},"content":{"rendered":"<p>\u00c8 fondamentale effettuare la manutenzione del tuo orologio in media ogni cinque anni affinch\u00e9 sia perfettamente affidabile.<\/p><p>Tale servizio include le seguenti operazioni:<\/p><ul><li>revisione e regolazione del movimento<\/li>\n\n<li>controllo delle funzioni e della riserva di carica<\/li>\n\n<li>pulizia della cassa e del cinturino<\/li>\n\n<li>sostituzione delle guarnizioni<\/li>\n\n<li>controllo dell\u2019impermeabilit\u00e0<\/li><\/ul><p>Ti verr\u00e0 fornito un preventivo, che dovr\u00e0 essere convalidato prima di prendere a carico il tuo orologio.<\/p><p>Per maggiori informazioni contatta il nostro Servizio clienti: <a href=\"mailto:customerservice@zrc1904.ch\">customerservice@zrc1904.ch<\/a><\/p><div class=\"block block-separator\">\n            <div class=\"container\">\n        <div class=\"separator\"><\/div>\n            <\/div>\n    <\/div><h2 class=\"wp-block-heading\">Revisione completa<\/h2><p>Si raccomanda una revisione completa ogni cinque anni per prolungare al massimo il suo ciclo di vita.<\/p><p>Tale servizio include le seguenti operazioni:<\/p><ul><li>smontaggio completo del movimento<\/li>\n\n<li>pulizia e sostituzione dei componenti usurati<\/li>\n\n<li>rimessa a nuovo della cassa e del cinturino<\/li>\n\n<li>sostituzione delle guarnizioni<\/li>\n\n<li>controllo dell\u2019impermeabilit\u00e0, delle funzioni e della riserva di carica<\/li><\/ul><p>Ti verr\u00e0 fornito un preventivo, che dovr\u00e0 essere convalidato prima di prendere a carico il tuo orologio.<\/p><p>Per maggiori informazioni contatta il nostro Servizio clienti: <a href=\"mailto:customerservice@zrc1904.ch\">customerservice@zrc1904.ch<\/a><\/p>","protected":false},"excerpt":{"rendered":"<p>\u00c8 fondamentale effettuare la manutenzione del tuo orologio in media ogni cinque anni affinch\u00e9 sia perfettamente affidabile. Tale servizio include le seguenti operazioni: Ti verr\u00e0 fornito un preventivo, che dovr\u00e0 essere convalidato prima di prendere a carico il tuo orologio. Per maggiori informazioni contatta il nostro Servizio clienti: customerservice@zrc1904.ch Revisione completa Si raccomanda una revisione [&hellip;]<\/p>\n","protected":false},"author":553,"featured_media":0,"parent":0,"menu_order":0,"comment_status":"closed","ping_status":"closed","template":"template-content-right.php","meta":{"_acf_changed":false,"footnotes":""},"acf":[],"_links":{"self":[{"href":"https:\/\/zrc1904.com\/it\/wp-json\/wp\/v2\/pages\/7450"}],"collection":[{"href":"https:\/\/zrc1904.com\/it\/wp-json\/wp\/v2\/pages"}],"about":[{"href":"https:\/\/zrc1904.com\/it\/wp-json\/wp\/v2\/types\/page"}],"author":[{"embeddable":true,"href":"https:\/\/zrc1904.com\/it\/wp-json\/wp\/v2\/users\/553"}],"replies":[{"embeddable":true,"href":"https:\/\/zrc1904.com\/it\/wp-json\/wp\/v2\/comments?post=7450"}],"version-history":[{"count":3,"href":"https:\/\/zrc1904.com\/it\/wp-json\/wp\/v2\/pages\/7450\/revisions"}],"predecessor-version":[{"id":14026,"href":"https:\/\/zrc1904.com\/it\/wp-json\/wp\/v2\/pages\/7450\/revisions\/14026"}],"wp:attachment":[{"href":"https:\/\/zrc1904.com\/it\/wp-json\/wp\/v2\/media?parent=7450"}],"curies":[{"name":"wp","href":"https:\/\/api.w.org\/{rel}","templated":true}]}}