{"id":10166,"date":"2024-04-17T19:38:51","date_gmt":"2024-04-17T17:38:51","guid":{"rendered":"https:\/\/zrc.web-74.com\/la-storia-di-una-marca-dal-1904\/lesperienza-di-zrc\/crown-metal-band\/"},"modified":"2026-04-29T16:49:25","modified_gmt":"2026-04-29T14:49:25","slug":"corona-bracciale-da-immersione","status":"publish","type":"page","link":"https:\/\/zrc1904.com\/it\/lesperienza-di-zrc\/corona-bracciale-da-immersione\/","title":{"rendered":"CORONA &amp; BRACCIALE DA IMMERSIONE"},"content":{"rendered":"<div class=\"block block-savoir-faire\">\n        <div class=\"container\">\n                        <div class=\"elements\">\n                            <div class=\"element\">\n                    <img loading=\"lazy\" decoding=\"async\" width=\"700\" height=\"660\" src=\"https:\/\/zrc1904.com\/wp-content\/uploads\/2022\/06\/ZRC-CPS-Crown-Protcetion-System.png\" class=\"attachment-full size-full\" alt=\"ZRC\u00ae-CPS-Crown-Protcetion-System\" srcset=\"https:\/\/zrc1904.com\/wp-content\/uploads\/2022\/06\/ZRC-CPS-Crown-Protcetion-System.png 700w, https:\/\/zrc1904.com\/wp-content\/uploads\/2022\/06\/ZRC-CPS-Crown-Protcetion-System-510x481.png 510w, https:\/\/zrc1904.com\/wp-content\/uploads\/2022\/06\/ZRC-CPS-Crown-Protcetion-System-100x94.png 100w\" sizes=\"(max-width: 700px) 100vw, 700px\" title=\"ZRC\u00ae-CPS-Crown-Protcetion-System\" \/>                    <div class=\"element-inner\">\n                                                    <h3>CORONA CROWN PROTECTION SYSTEM\u2122<\/h3>\n                                                                                                    <div class=\"accordion\">\n                                <a href=\"#\" class=\"more\" aria-controls=\"element-1\">Maggiori informazioni<\/a>\n                                <div class=\"element-1 accordion-target\">\n                                    <p>Derivato da un brevetto ZRC\u00ae depositato nel 1961, l\u2019esclusivo sistema di ansette a scomparsa per il cinturino rappresenta un approccio radicale alla sicurezza in immersione.<BR><\/BR>\r\n\r\nProgettato per eliminare qualsiasi rischio critico di dimenticanza prima dell\u2019ingresso in acqua, si basa su un principio semplice e infallibile: finch\u00e9 la corona non \u00e8 stata completamente avvitata nella sua posizione iniziale, il cinturino non pu\u00f2 essere fissato. Questa impossibilit\u00e0 meccanica rende di fatto l\u2019ingresso in acqua irrealizzabile in una configurazione non conforme.<BR><\/BR>\r\n\r\nAl di l\u00e0 della sua dimensione tecnica, questo dispositivo riflette una filosofia chiara: trasformare il potenziale errore umano in un\u2019impossibilit\u00e0 funzionale, garantendo una sicurezza totale in immersione ed evitando qualsiasi inconveniente legato a un utilizzo scorretto.<BR><\/BR>\r\n\r\nOggi, questo sistema \u00e8 diventato una delle firme pi\u00f9 emblematiche di ZRC\u00ae, immediatamente riconoscibile a colpo d\u2019occhio e parte integrante dell\u2019identit\u00e0 del marchio.<BR><\/BR><\/p>\n                                <\/div>\n                            <\/div>\n                                            <\/div>\n                <\/div>\n                            <div class=\"element\">\n                    <img loading=\"lazy\" decoding=\"async\" width=\"1500\" height=\"1500\" src=\"https:\/\/zrc1904.com\/wp-content\/uploads\/2022\/04\/Dive-Extension-ZRC-strap.png\" class=\"attachment-full size-full\" alt=\"Dive-Extension-ZRC\u00ae-strap\" srcset=\"https:\/\/zrc1904.com\/wp-content\/uploads\/2022\/04\/Dive-Extension-ZRC-strap.png 1500w, https:\/\/zrc1904.com\/wp-content\/uploads\/2022\/04\/Dive-Extension-ZRC-strap-510x510.png 510w, https:\/\/zrc1904.com\/wp-content\/uploads\/2022\/04\/Dive-Extension-ZRC-strap-1024x1024.png 1024w, https:\/\/zrc1904.com\/wp-content\/uploads\/2022\/04\/Dive-Extension-ZRC-strap-100x100.png 100w, https:\/\/zrc1904.com\/wp-content\/uploads\/2022\/04\/Dive-Extension-ZRC-strap-768x768.png 768w, https:\/\/zrc1904.com\/wp-content\/uploads\/2022\/04\/Dive-Extension-ZRC-strap-166x166.png 166w, https:\/\/zrc1904.com\/wp-content\/uploads\/2022\/04\/Dive-Extension-ZRC-strap-250x250.png 250w\" sizes=\"(max-width: 1500px) 100vw, 1500px\" title=\"Dive-Extension-ZRC\u00ae-strap\" \/>                    <div class=\"element-inner\">\n                                                    <h3>BRACCIALE DA IMMERSIONE ESCLUSIVO ZRC<sup>\u00ae<\/sup><\/h3>\n                                                                                                    <div class=\"accordion\">\n                                <a href=\"#\" class=\"more\" aria-controls=\"element-2\">Maggiori informazioni<\/a>\n                                <div class=\"element-2 accordion-target\">\n                                    <p>Erede di un brevetto ZRC<sup>\u00ae<\/sup> depositato nel 1912, il sistema di bracciale della Grands Fonds MN64<sup>TM<\/sup> riflette oltre un secolo di evoluzione tecnica dedicata al comfort e alle prestazioni in immersione.<BR><\/BR>\r\n\r\nIl modello \u00e8 dotato di un bracciale metallico massiccio che integra, all\u2019interno delle maglie estensibili, una molla nascosta nella struttura. Questo meccanismo esclusivo consente al bracciale di adattarsi automaticamente alle variazioni del diametro del polso.<BR><\/BR>\r\n\r\nQuesta ingegnosa progettazione offre una flessibilit\u00e0 unica: il bracciale pu\u00f2 comprimersi per essere indossato comodamente sopra una muta da immersione o qualsiasi equipaggiamento tecnico, mantenendo al contempo una tenuta perfettamente sicura.<BR><\/BR>\r\n\r\nGrazie a questo sistema di regolazione integrato, il comfort di utilizzo si adatta naturalmente al polso, garantendo un\u2019ergonomia ottimale in ogni condizione. Le mezze maglie consentono una regolazione fine, precisa fino a +\/- 3 mm, assicurando un\u2019ampia compatibilit\u00e0 e una vestibilit\u00e0 su misura.<BR><\/BR>\r\n\r\nOltre alla sua funzione tecnica, questo sistema ha contribuito a definire un\u2019estetica immediatamente riconoscibile, divenuta nel tempo una vera firma visiva ZRC\u00ae, identificabile a colpo d\u2019occhio.<BR><\/BR>\r\n\r\nUn dispositivo tecnico che incarna pienamente la filosofia ZRC\u00ae: unire eredit\u00e0, robustezza e funzionalit\u00e0 senza compromessi.<\/p>\n                                <\/div>\n                            <\/div>\n                                            <\/div>\n                <\/div>\n                            <div class=\"element\">\n                    <img loading=\"lazy\" decoding=\"async\" width=\"700\" height=\"700\" src=\"https:\/\/zrc1904.com\/wp-content\/uploads\/2022\/03\/montres-ZRC-grosplans-fermoir.jpg\" class=\"attachment-full size-full\" alt=\"montres-ZRC\u00ae-grosplans-fermoir\" srcset=\"https:\/\/zrc1904.com\/wp-content\/uploads\/2022\/03\/montres-ZRC-grosplans-fermoir.jpg 700w, https:\/\/zrc1904.com\/wp-content\/uploads\/2022\/03\/montres-ZRC-grosplans-fermoir-510x510.jpg 510w, https:\/\/zrc1904.com\/wp-content\/uploads\/2022\/03\/montres-ZRC-grosplans-fermoir-100x100.jpg 100w, https:\/\/zrc1904.com\/wp-content\/uploads\/2022\/03\/montres-ZRC-grosplans-fermoir-166x166.jpg 166w, https:\/\/zrc1904.com\/wp-content\/uploads\/2022\/03\/montres-ZRC-grosplans-fermoir-250x250.jpg 250w\" sizes=\"(max-width: 700px) 100vw, 700px\" title=\"montres-ZRC\u00ae-grosplans-fermoir\" \/>                    <div class=\"element-inner\">\n                                                    <h3>FIBBIA \u201cDIVER\u201d<\/h3>\n                                                                                                    <div class=\"accordion\">\n                                <a href=\"#\" class=\"more\" aria-controls=\"element-3\">Maggiori informazioni<\/a>\n                                <div class=\"element-3 accordion-target\">\n                                    <p>Originaria di un brevetto ZRC<sup>\u00ae<\/sup> depositato nel 1961, l\u2019esclusiva fibbia della Grands Fonds\u00ae incarna un approccio radicale alla sicurezza in immersione, inizialmente progettato per rispondere alle esigenze operative dei sommozzatori sminatori della Marina Militare francese.<BR><\/BR>\r\n\r\nLa sua architettura unica combina un sistema anti-ritorno con un meccanismo di chiusura a 360\u00b0, garantendo la massima sicurezza in ogni condizione. Ogni componente \u00e8 stato progettato per eliminare qualsiasi rischio di apertura accidentale, anche negli ambienti pi\u00f9 estremi.<BR><\/BR>\r\n\r\nOltre alla sua funzione tecnica, la fibbia si distingue per la qualit\u00e0 della sua esecuzione, riflesso degli standard produttivi rigorosi del marchio. Nel tempo \u00e8 diventata un segno distintivo della Grands Fonds\u00ae, rappresentando l\u2019unione tra ingegneria di precisione ed eredit\u00e0 operativa.<\/p>\n                                <\/div>\n                            <\/div>\n                                            <\/div>\n                <\/div>\n                    <\/div>\n            <\/div>\n    <\/div><figure class=\"wp-block-embed aligncenter is-type-video is-provider-youtube wp-block-embed-youtube wp-embed-aspect-16-9 wp-has-aspect-ratio\"><div class=\"wp-block-embed__wrapper\">\n<iframe loading=\"lazy\" title=\"ZRC CLASP TUTO\" width=\"640\" height=\"360\" src=\"https:\/\/www.youtube.com\/embed\/wJZBMmpwv2s?feature=oembed\" frameborder=\"0\" allow=\"accelerometer; autoplay; clipboard-write; encrypted-media; gyroscope; picture-in-picture; web-share\" referrerpolicy=\"strict-origin-when-cross-origin\" allowfullscreen><\/iframe>\n<\/div><\/figure><figure class=\"wp-block-embed aligncenter is-type-video is-provider-youtube wp-block-embed-youtube wp-embed-aspect-16-9 wp-has-aspect-ratio\"><div class=\"wp-block-embed__wrapper\">\n<iframe loading=\"lazy\" title=\"ZRC TIME SETTING TUTO\" width=\"640\" height=\"360\" src=\"https:\/\/www.youtube.com\/embed\/6fEZo8B9q4E?feature=oembed\" frameborder=\"0\" allow=\"accelerometer; autoplay; clipboard-write; encrypted-media; gyroscope; picture-in-picture; web-share\" referrerpolicy=\"strict-origin-when-cross-origin\" allowfullscreen><\/iframe>\n<\/div><\/figure><figure class=\"wp-block-embed aligncenter is-type-video is-provider-youtube wp-block-embed-youtube wp-embed-aspect-16-9 wp-has-aspect-ratio\"><div class=\"wp-block-embed__wrapper\">\n<iframe loading=\"lazy\" title=\"ZRC GF300 &amp; GF3000 BRACELET REPLACEMENT TUTO\" width=\"640\" height=\"360\" src=\"https:\/\/www.youtube.com\/embed\/SDRLiKXew7o?feature=oembed\" frameborder=\"0\" allow=\"accelerometer; autoplay; clipboard-write; encrypted-media; gyroscope; picture-in-picture; web-share\" referrerpolicy=\"strict-origin-when-cross-origin\" allowfullscreen><\/iframe>\n<\/div><\/figure><figure class=\"wp-block-embed aligncenter is-type-video is-provider-youtube wp-block-embed-youtube wp-embed-aspect-16-9 wp-has-aspect-ratio\"><div class=\"wp-block-embed__wrapper\">\n<iframe loading=\"lazy\" title=\"ZRC GF38 BRACELET SEIZING\" width=\"640\" height=\"360\" src=\"https:\/\/www.youtube.com\/embed\/xgkOQJUVqB4?feature=oembed\" frameborder=\"0\" allow=\"accelerometer; autoplay; clipboard-write; encrypted-media; gyroscope; picture-in-picture; web-share\" referrerpolicy=\"strict-origin-when-cross-origin\" allowfullscreen><\/iframe>\n<\/div><\/figure><div class=\"block block-content-cta\">\n            <div class=\"cta-item\">\n                                            <img loading=\"lazy\" decoding=\"async\" width=\"700\" height=\"630\" src=\"https:\/\/zrc1904.com\/wp-content\/uploads\/2025\/03\/fond-deformation.jpg\" class=\"attachment-full size-full\" alt=\"DEFORMAZIONE PROGRAMMATA DEI MATERIALI\" srcset=\"https:\/\/zrc1904.com\/wp-content\/uploads\/2025\/03\/fond-deformation.jpg 700w, https:\/\/zrc1904.com\/wp-content\/uploads\/2025\/03\/fond-deformation-510x459.jpg 510w, https:\/\/zrc1904.com\/wp-content\/uploads\/2025\/03\/fond-deformation-100x90.jpg 100w\" sizes=\"(max-width: 700px) 100vw, 700px\" \/>\n            \n            <a href=\"https:\/\/zrc1904.com\/it\/lesperienza-di-zrc\/deformazione-programmata-dei-materiali\/\" class=\"cta-item-link\" aria-label=\"DEFORMAZIONE PROGRAMMATA DEI MATERIALI\"><\/a>\n            <div class=\"cta-item-content\">\n                <span>L\u2019ESPERIENZA DI ZRC\u00ae<\/span>\n                <h2 class=\"h1\">DEFORMAZIONE PROGRAMMATA DEI MATERIALI<\/h2>\n            <\/div>\n        <\/div>\n            <div class=\"cta-item\">\n                                            <img loading=\"lazy\" decoding=\"async\" width=\"700\" height=\"630\" src=\"https:\/\/zrc1904.com\/wp-content\/uploads\/2025\/03\/fond-ecs.jpg\" class=\"attachment-full size-full\" alt=\"LUNETTA ECS\u2122 (EASY CLEAN SYSTEM)\" srcset=\"https:\/\/zrc1904.com\/wp-content\/uploads\/2025\/03\/fond-ecs.jpg 700w, https:\/\/zrc1904.com\/wp-content\/uploads\/2025\/03\/fond-ecs-510x459.jpg 510w, https:\/\/zrc1904.com\/wp-content\/uploads\/2025\/03\/fond-ecs-100x90.jpg 100w\" sizes=\"(max-width: 700px) 100vw, 700px\" \/>\n            \n            <a href=\"https:\/\/zrc1904.com\/it\/lesperienza-di-zrc\/lunetta-ecs-easy-clean-system\/\" class=\"cta-item-link\" aria-label=\"LUNETTA ECS\u2122 (EASY CLEAN SYSTEM)\"><\/a>\n            <div class=\"cta-item-content\">\n                <span>L\u2019ESPERIENZA DI ZRC\u00ae<\/span>\n                <h2 class=\"h1\">LUNETTA ECS\u2122 (EASY CLEAN SYSTEM)<\/h2>\n            <\/div>\n        <\/div>\n            <div class=\"cta-item\">\n                                            <img loading=\"lazy\" decoding=\"async\" width=\"700\" height=\"630\" src=\"https:\/\/zrc1904.com\/wp-content\/uploads\/2024\/04\/mouvement-fond-bloc.jpg\" class=\"attachment-full size-full\" alt=\"MOVIMENTO\" srcset=\"https:\/\/zrc1904.com\/wp-content\/uploads\/2024\/04\/mouvement-fond-bloc.jpg 700w, https:\/\/zrc1904.com\/wp-content\/uploads\/2024\/04\/mouvement-fond-bloc-510x459.jpg 510w, https:\/\/zrc1904.com\/wp-content\/uploads\/2024\/04\/mouvement-fond-bloc-100x90.jpg 100w\" sizes=\"(max-width: 700px) 100vw, 700px\" \/>\n            \n            <a href=\"https:\/\/zrc1904.com\/it\/lesperienza-di-zrc\/movimento\/\" class=\"cta-item-link\" aria-label=\"MOVIMENTO\"><\/a>\n            <div class=\"cta-item-content\">\n                <span>L\u2019ESPERIENZA DI ZRC\u00ae<\/span>\n                <h2 class=\"h1\">MOVIMENTO<\/br><\/br><\/h2>\n            <\/div>\n        <\/div>\n    <\/div>","protected":false},"excerpt":{"rendered":"","protected":false},"author":2,"featured_media":0,"parent":7662,"menu_order":0,"comment_status":"closed","ping_status":"closed","template":"template-savoir-faire.php","meta":{"_acf_changed":false,"footnotes":""},"acf":[],"_links":{"self":[{"href":"https:\/\/zrc1904.com\/it\/wp-json\/wp\/v2\/pages\/10166"}],"collection":[{"href":"https:\/\/zrc1904.com\/it\/wp-json\/wp\/v2\/pages"}],"about":[{"href":"https:\/\/zrc1904.com\/it\/wp-json\/wp\/v2\/types\/page"}],"author":[{"embeddable":true,"href":"https:\/\/zrc1904.com\/it\/wp-json\/wp\/v2\/users\/2"}],"replies":[{"embeddable":true,"href":"https:\/\/zrc1904.com\/it\/wp-json\/wp\/v2\/comments?post=10166"}],"version-history":[{"count":12,"href":"https:\/\/zrc1904.com\/it\/wp-json\/wp\/v2\/pages\/10166\/revisions"}],"predecessor-version":[{"id":14446,"href":"https:\/\/zrc1904.com\/it\/wp-json\/wp\/v2\/pages\/10166\/revisions\/14446"}],"up":[{"embeddable":true,"href":"https:\/\/zrc1904.com\/it\/wp-json\/wp\/v2\/pages\/7662"}],"wp:attachment":[{"href":"https:\/\/zrc1904.com\/it\/wp-json\/wp\/v2\/media?parent=10166"}],"curies":[{"name":"wp","href":"https:\/\/api.w.org\/{rel}","templated":true}]}}