{"id":10154,"date":"2024-04-17T19:24:33","date_gmt":"2024-04-17T17:24:33","guid":{"rendered":"https:\/\/zrc.web-74.com\/la-storia-di-una-marca-dal-1904\/lesperienza-di-zrc\/bezel-ecs-easy-clean-system\/"},"modified":"2025-03-20T17:03:06","modified_gmt":"2025-03-20T16:03:06","slug":"lunetta-ecs-easy-clean-system","status":"publish","type":"page","link":"https:\/\/zrc1904.com\/it\/lesperienza-di-zrc\/lunetta-ecs-easy-clean-system\/","title":{"rendered":"LUNETTA ECS\u2122"},"content":{"rendered":"<div class=\"block block-savoir-faire\">\n        <div class=\"container\">\n                        <div class=\"elements\">\n                            <div class=\"element\">\n                    <img loading=\"lazy\" decoding=\"async\" width=\"1500\" height=\"1500\" src=\"https:\/\/zrc1904.com\/wp-content\/uploads\/2025\/03\/GF421613-montre-homme-ZRC-MN64-HETERIUM-ECS.png\" class=\"attachment-full size-full\" alt=\"GF421613-montre-homme-ZRC-MN64-HETERIUM-ECS\" srcset=\"https:\/\/zrc1904.com\/wp-content\/uploads\/2025\/03\/GF421613-montre-homme-ZRC-MN64-HETERIUM-ECS.png 1500w, https:\/\/zrc1904.com\/wp-content\/uploads\/2025\/03\/GF421613-montre-homme-ZRC-MN64-HETERIUM-ECS-510x510.png 510w, https:\/\/zrc1904.com\/wp-content\/uploads\/2025\/03\/GF421613-montre-homme-ZRC-MN64-HETERIUM-ECS-1024x1024.png 1024w, https:\/\/zrc1904.com\/wp-content\/uploads\/2025\/03\/GF421613-montre-homme-ZRC-MN64-HETERIUM-ECS-100x100.png 100w, https:\/\/zrc1904.com\/wp-content\/uploads\/2025\/03\/GF421613-montre-homme-ZRC-MN64-HETERIUM-ECS-768x768.png 768w, https:\/\/zrc1904.com\/wp-content\/uploads\/2025\/03\/GF421613-montre-homme-ZRC-MN64-HETERIUM-ECS-166x166.png 166w, https:\/\/zrc1904.com\/wp-content\/uploads\/2025\/03\/GF421613-montre-homme-ZRC-MN64-HETERIUM-ECS-250x250.png 250w\" sizes=\"(max-width: 1500px) 100vw, 1500px\" title=\"GF421613-montre-homme-ZRC-MN64-HETERIUM-ECS\" \/>                    <div class=\"element-inner\">\n                                                                                                    <div class=\"accordion\">\n                                <a href=\"#\" class=\"more\" aria-controls=\"element-1\">Maggiori informazioni<\/a>\n                                <div class=\"element-1 accordion-target\">\n                                    <p>\u00c8 in occasione di un incontro tra Yves PASTRES e Georges BRUNET che l&#8217;idea dell&#8217;ECS<sup>\u00ae<\/sup> germoglier\u00e0 nello spirito del giovane imprenditore. Il vecchio orologiaio continuava a raccontare quanti occhiali aveva cambiato durante la sua lunga carriera e la necessit\u00e0 di trovare un sistema per evitare la loro usura prematura a contatto con il sale marino. \u00c8 quasi 10 anni pi\u00f9 tardi che Georges BRUNET trover\u00e0 la soluzione ispirata da una scena del film \u00abDas Boot\u00bb Capisce che invece di cercare di impedire all&#8217;acqua di entrare sarebbe pi\u00f9 intelligente permettergli di circolare liberamente in modo da poter sciacquare i componenti esposti ai vari elementi e prolungarne cos\u00ec l&#8217;integrit\u00e0. L&#8217;ECS<sup>\u00ae<\/sup> era nato.<\/p>\n                                <\/div>\n                            <\/div>\n                                            <\/div>\n                <\/div>\n                            <div class=\"element\">\n                    <img loading=\"lazy\" decoding=\"async\" width=\"1815\" height=\"1237\" src=\"https:\/\/zrc1904.com\/wp-content\/uploads\/2024\/04\/circuito-idraulico-dell-impianto-ECS-ZRC.png\" class=\"attachment-full size-full\" alt=\"circuito-idraulico-dell-impianto-ECS-ZRC\" srcset=\"https:\/\/zrc1904.com\/wp-content\/uploads\/2024\/04\/circuito-idraulico-dell-impianto-ECS-ZRC.png 1815w, https:\/\/zrc1904.com\/wp-content\/uploads\/2024\/04\/circuito-idraulico-dell-impianto-ECS-ZRC-510x348.png 510w, https:\/\/zrc1904.com\/wp-content\/uploads\/2024\/04\/circuito-idraulico-dell-impianto-ECS-ZRC-1024x698.png 1024w, https:\/\/zrc1904.com\/wp-content\/uploads\/2024\/04\/circuito-idraulico-dell-impianto-ECS-ZRC-768x523.png 768w, https:\/\/zrc1904.com\/wp-content\/uploads\/2024\/04\/circuito-idraulico-dell-impianto-ECS-ZRC-1536x1047.png 1536w, https:\/\/zrc1904.com\/wp-content\/uploads\/2024\/04\/circuito-idraulico-dell-impianto-ECS-ZRC-100x68.png 100w\" sizes=\"(max-width: 1815px) 100vw, 1815px\" title=\"circuito-idraulico-dell-impianto-ECS-ZRC\" \/>                    <div class=\"element-inner\">\n                                                    <h3>Easy Clean System<\/h3>\n                                                                            <h4>Brevetto n\u00b01462496<\/h4>\n                                                                            <div class=\"accordion\">\n                                <a href=\"#\" class=\"more\" aria-controls=\"element-2\">Maggiori informazioni<\/a>\n                                <div class=\"element-2 accordion-target\">\n                                    <p>L\u2019ECS<sup>\u00ae<\/sup>\u00a0\u00e8 una soluzione tecnica che risponde alla problematica rilevata dagli artificieri sommozzatori della Marine Nationale nel corso delle loro innumerevoli immersioni: il sale si cristallizzava nello spazio tra la lunetta e la cassa, bloccandone cos\u00ec la rotazione. ZRC<sup>\u00ae<\/sup> ha messo a punto e brevettato una soluzione funzionale per la riedizione 2015 del Grands Fonds 300<sup>\u00ae<\/sup>. Cos\u00ec \u00e8 nato l\u2019ECS<sup>\u00ae<\/sup>.\r\nL\u2019ECS<sup>\u00ae<\/sup>\u00a0\u00e8 un sistema unico per pulire l\u2019interno della lunetta facendo circolare dell\u2019acqua dolce, permettendo la diluizione e la rimozione del sale marino. Costituisce un omaggio definitivo al Grands Fonds<sup>\u00ae<\/sup> originale e mostra chiaramente il DNA della marca.<\/p>\n                                <\/div>\n                            <\/div>\n                                            <\/div>\n                <\/div>\n                    <\/div>\n            <\/div>\n    <\/div><div class=\"block block-content-cta\">\n            <div class=\"cta-item\">\n                                            <img loading=\"lazy\" decoding=\"async\" width=\"700\" height=\"630\" src=\"https:\/\/zrc1904.com\/wp-content\/uploads\/2025\/03\/fond-deformation.jpg\" class=\"attachment-full size-full\" alt=\"DEFORMAZIONE PROGRAMMATA DEI MATERIALI\" srcset=\"https:\/\/zrc1904.com\/wp-content\/uploads\/2025\/03\/fond-deformation.jpg 700w, https:\/\/zrc1904.com\/wp-content\/uploads\/2025\/03\/fond-deformation-510x459.jpg 510w, https:\/\/zrc1904.com\/wp-content\/uploads\/2025\/03\/fond-deformation-100x90.jpg 100w\" sizes=\"(max-width: 700px) 100vw, 700px\" \/>\n            \n            <a href=\"https:\/\/zrc1904.com\/it\/lesperienza-di-zrc\/deformazione-programmata-dei-materiali\/\" class=\"cta-item-link\" aria-label=\"DEFORMAZIONE PROGRAMMATA DEI MATERIALI\"><\/a>\n            <div class=\"cta-item-content\">\n                <span>L\u2019ESPERIENZA DI ZRC\u00ae<\/span>\n                <h2 class=\"h1\">DEFORMAZIONE PROGRAMMATA DEI MATERIALI<\/h2>\n            <\/div>\n        <\/div>\n            <div class=\"cta-item\">\n                                            <img loading=\"lazy\" decoding=\"async\" width=\"700\" height=\"630\" src=\"https:\/\/zrc1904.com\/wp-content\/uploads\/2024\/04\/cps-bracelets-fond-bloc.jpg\" class=\"attachment-full size-full\" alt=\"CORONA &amp; BRACCIALE DA IMMERSIONE\" srcset=\"https:\/\/zrc1904.com\/wp-content\/uploads\/2024\/04\/cps-bracelets-fond-bloc.jpg 700w, https:\/\/zrc1904.com\/wp-content\/uploads\/2024\/04\/cps-bracelets-fond-bloc-510x459.jpg 510w, https:\/\/zrc1904.com\/wp-content\/uploads\/2024\/04\/cps-bracelets-fond-bloc-100x90.jpg 100w\" sizes=\"(max-width: 700px) 100vw, 700px\" \/>\n            \n            <a href=\"https:\/\/zrc1904.com\/it\/lesperienza-di-zrc\/corona-bracciale-da-immersione\/\" class=\"cta-item-link\" aria-label=\"CORONA &#038; BRACCIALE DA IMMERSIONE\"><\/a>\n            <div class=\"cta-item-content\">\n                <span>L\u2019ESPERIENZA DI ZRC\u00ae<\/span>\n                <h2 class=\"h1\">CORONA &#038; BRACCIALE DA IMMERSIONE<\/h2>\n            <\/div>\n        <\/div>\n            <div class=\"cta-item\">\n                                            <img loading=\"lazy\" decoding=\"async\" width=\"700\" height=\"630\" src=\"https:\/\/zrc1904.com\/wp-content\/uploads\/2024\/04\/mouvement-fond-bloc.jpg\" class=\"attachment-full size-full\" alt=\"MOVIMENTO\" srcset=\"https:\/\/zrc1904.com\/wp-content\/uploads\/2024\/04\/mouvement-fond-bloc.jpg 700w, https:\/\/zrc1904.com\/wp-content\/uploads\/2024\/04\/mouvement-fond-bloc-510x459.jpg 510w, https:\/\/zrc1904.com\/wp-content\/uploads\/2024\/04\/mouvement-fond-bloc-100x90.jpg 100w\" sizes=\"(max-width: 700px) 100vw, 700px\" \/>\n            \n            <a href=\"https:\/\/zrc1904.com\/it\/lesperienza-di-zrc\/movimento\/\" class=\"cta-item-link\" aria-label=\"MOVIMENTO\"><\/a>\n            <div class=\"cta-item-content\">\n                <span>L\u2019ESPERIENZA DI ZRC\u00ae<\/span>\n                <h2 class=\"h1\">MOVIMENTO<\/br><\/br><\/h2>\n            <\/div>\n        <\/div>\n    <\/div>","protected":false},"excerpt":{"rendered":"","protected":false},"author":2,"featured_media":0,"parent":7662,"menu_order":0,"comment_status":"closed","ping_status":"closed","template":"template-savoir-faire.php","meta":{"_acf_changed":false,"footnotes":""},"acf":[],"_links":{"self":[{"href":"https:\/\/zrc1904.com\/it\/wp-json\/wp\/v2\/pages\/10154"}],"collection":[{"href":"https:\/\/zrc1904.com\/it\/wp-json\/wp\/v2\/pages"}],"about":[{"href":"https:\/\/zrc1904.com\/it\/wp-json\/wp\/v2\/types\/page"}],"author":[{"embeddable":true,"href":"https:\/\/zrc1904.com\/it\/wp-json\/wp\/v2\/users\/2"}],"replies":[{"embeddable":true,"href":"https:\/\/zrc1904.com\/it\/wp-json\/wp\/v2\/comments?post=10154"}],"version-history":[{"count":16,"href":"https:\/\/zrc1904.com\/it\/wp-json\/wp\/v2\/pages\/10154\/revisions"}],"predecessor-version":[{"id":13188,"href":"https:\/\/zrc1904.com\/it\/wp-json\/wp\/v2\/pages\/10154\/revisions\/13188"}],"up":[{"embeddable":true,"href":"https:\/\/zrc1904.com\/it\/wp-json\/wp\/v2\/pages\/7662"}],"wp:attachment":[{"href":"https:\/\/zrc1904.com\/it\/wp-json\/wp\/v2\/media?parent=10154"}],"curies":[{"name":"wp","href":"https:\/\/api.w.org\/{rel}","templated":true}]}}