{"id":10131,"date":"2024-04-17T08:52:23","date_gmt":"2024-04-17T06:52:23","guid":{"rendered":"https:\/\/zrc.web-74.com\/la-storia-di-una-marca-dal-1904\/lesperienza-di-zrc\/programmed-deformation-of-materials\/"},"modified":"2026-04-29T15:59:55","modified_gmt":"2026-04-29T13:59:55","slug":"deformazione-programmata-dei-materiali","status":"publish","type":"page","link":"https:\/\/zrc1904.com\/it\/lesperienza-di-zrc\/deformazione-programmata-dei-materiali\/","title":{"rendered":"DEFORMAZIONE PROGRAMMATA DEI MATERIALI"},"content":{"rendered":"<div class=\"block block-savoir-faire\">\n        <div class=\"container\">\n                        <div class=\"elements\">\n                            <div class=\"element\">\n                    <img loading=\"lazy\" decoding=\"async\" width=\"1500\" height=\"1500\" src=\"https:\/\/zrc1904.com\/wp-content\/uploads\/2025\/03\/GF422618-montre-homme-ZRC-MN64-3000-TITANIUM-Dos.png\" class=\"attachment-full size-full\" alt=\"GF422618-montre-homme-ZRC-MN64-3000-TITANIUM-Dos\" srcset=\"https:\/\/zrc1904.com\/wp-content\/uploads\/2025\/03\/GF422618-montre-homme-ZRC-MN64-3000-TITANIUM-Dos.png 1500w, https:\/\/zrc1904.com\/wp-content\/uploads\/2025\/03\/GF422618-montre-homme-ZRC-MN64-3000-TITANIUM-Dos-510x510.png 510w, https:\/\/zrc1904.com\/wp-content\/uploads\/2025\/03\/GF422618-montre-homme-ZRC-MN64-3000-TITANIUM-Dos-1024x1024.png 1024w, https:\/\/zrc1904.com\/wp-content\/uploads\/2025\/03\/GF422618-montre-homme-ZRC-MN64-3000-TITANIUM-Dos-100x100.png 100w, https:\/\/zrc1904.com\/wp-content\/uploads\/2025\/03\/GF422618-montre-homme-ZRC-MN64-3000-TITANIUM-Dos-768x768.png 768w, https:\/\/zrc1904.com\/wp-content\/uploads\/2025\/03\/GF422618-montre-homme-ZRC-MN64-3000-TITANIUM-Dos-166x166.png 166w, https:\/\/zrc1904.com\/wp-content\/uploads\/2025\/03\/GF422618-montre-homme-ZRC-MN64-3000-TITANIUM-Dos-250x250.png 250w\" sizes=\"(max-width: 1500px) 100vw, 1500px\" title=\"GF422618-montre-homme-ZRC-MN64-3000-TITANIUM-Dos\" \/>                    <div class=\"element-inner\">\n                                                                                                    <div class=\"accordion\">\n                                <a href=\"#\" class=\"more\" aria-controls=\"element-1\">Maggiori informazioni<\/a>\n                                <div class=\"element-1 accordion-target\">\n                                    <p>Fin dagli anni \u201950, ZRC\u00ae figura tra le rarissime manifatture ad aver sviluppato e costantemente perfezionato una competenza unica nello studio delle sollecitazioni legate alla deformazione programmata dei materiali. Questa padronanza, affinata nel corso di oltre settant\u2019anni, rappresenta oggi la firma tecnologica esclusiva del marchio.<BR><\/BR>\r\n\r\nQuesto approccio distintivo trova inoltre origine nella riflessione del suo CEO, Georges Brunet. Dopo la sua esperienza nella Marina, osserva durante un\u2019esercitazione nel Mar Rosso a bordo del sottomarino nucleare <em>La Perle<\/em> il funzionamento dei sistemi di tenuta dei sas dei sommergibili atomici. Questa esperienza contribuisce a formare una visione radicalmente diversa dell\u2019impermeabilit\u00e0 orologiera, fondata sulla logica delle pressioni equilibrate e dei volumi controllati.<\/p>\n                                <\/div>\n                            <\/div>\n                                            <\/div>\n                <\/div>\n                            <div class=\"element\">\n                    <img loading=\"lazy\" decoding=\"async\" width=\"427\" height=\"823\" src=\"https:\/\/zrc1904.com\/wp-content\/uploads\/2024\/04\/Deformation-programme-des-materiaux-ZRC.jpg\" class=\"attachment-full size-full\" alt=\"Deformation-programme-des-materiaux-ZRC\" srcset=\"https:\/\/zrc1904.com\/wp-content\/uploads\/2024\/04\/Deformation-programme-des-materiaux-ZRC.jpg 427w, https:\/\/zrc1904.com\/wp-content\/uploads\/2024\/04\/Deformation-programme-des-materiaux-ZRC-265x510.jpg 265w, https:\/\/zrc1904.com\/wp-content\/uploads\/2024\/04\/Deformation-programme-des-materiaux-ZRC-52x100.jpg 52w\" sizes=\"(max-width: 427px) 100vw, 427px\" title=\"Deformation-programme-des-materiaux-ZRC\" \/>                    <div class=\"element-inner\">\n                                                                                                    <div class=\"accordion\">\n                                <a href=\"#\" class=\"more\" aria-controls=\"element-2\">Maggiori informazioni<\/a>\n                                <div class=\"element-2 accordion-target\">\n                                    <p>Al di l\u00e0 delle prestazioni in profondit\u00e0, \u00e8 la qualit\u00e0 delle lavorazioni e la precisione micrometrica degli assemblaggi a distinguere profondamente questo approccio dall\u2019orologeria tradizionale. Laddove i sistemi convenzionali si basano sulla compressione meccanica di una guarnizione del fondello tramite rotazione, ZRC\u00ae adotta un principio inverso ed evolutivo: una pressione applicata in modo proporzionale alla pressione ambientale.<BR><\/BR>\r\n\r\nIn questa logica unica, maggiore \u00e8 la pressione esterna, maggiore diventa l\u2019efficacia dell\u2019impermeabilit\u00e0, trasformando la sollecitazione in un fattore di sicurezza.<BR><\/BR>\r\n\r\nQuesta tecnologia esclusiva consente la realizzazione di orologi impermeabili a profondit\u00e0 estreme \u2014 fino a 5.100 metri per le versioni in titanio e 1.000 metri per le versioni in acciaio \u2014 senza ricorrere a una valvola per l\u2019elio n\u00e9 all\u2019impiego di gel all\u2019interno della cassa. Un approccio radicalmente diverso, proprio di ZRC\u00ae, basato su un\u2019architettura strutturale controllata piuttosto che su sistemi di compensazione.<BR><\/BR>\r\n\r\nPermette inoltre di ottimizzare i volumi riducendo lo spessore delle casse, garantendo cos\u00ec un comfort al polso nettamente migliorato, senza alcun compromesso sulle prestazioni.<BR><\/BR>\r\n\r\nSi fonda su una profonda comprensione del comportamento dei materiali sotto pressioni estreme e variazioni termiche, dove vetro zaffiro, acciaio, titanio e ceramica reagiscono in modo differente alle sollecitazioni.<\/p>\n                                <\/div>\n                            <\/div>\n                                            <\/div>\n                <\/div>\n                    <\/div>\n            <\/div>\n    <\/div><div class=\"block block-content-cta\">\n            <div class=\"cta-item\">\n                                            <img loading=\"lazy\" decoding=\"async\" width=\"700\" height=\"630\" src=\"https:\/\/zrc1904.com\/wp-content\/uploads\/2025\/03\/fond-ecs.jpg\" class=\"attachment-full size-full\" alt=\"LUNETTA ECS\u2122 (EASY CLEAN SYSTEM)\" srcset=\"https:\/\/zrc1904.com\/wp-content\/uploads\/2025\/03\/fond-ecs.jpg 700w, https:\/\/zrc1904.com\/wp-content\/uploads\/2025\/03\/fond-ecs-510x459.jpg 510w, https:\/\/zrc1904.com\/wp-content\/uploads\/2025\/03\/fond-ecs-100x90.jpg 100w\" sizes=\"(max-width: 700px) 100vw, 700px\" \/>\n            \n            <a href=\"https:\/\/zrc1904.com\/it\/lesperienza-di-zrc\/lunetta-ecs-easy-clean-system\/\" class=\"cta-item-link\" aria-label=\"LUNETTA ECS\u2122 (EASY CLEAN SYSTEM)\"><\/a>\n            <div class=\"cta-item-content\">\n                <span>L\u2019ESPERIENZA DI ZRC\u00ae<\/span>\n                <h2 class=\"h1\">LUNETTA ECS\u2122 (EASY CLEAN SYSTEM)<\/h2>\n            <\/div>\n        <\/div>\n            <div class=\"cta-item\">\n                                            <img loading=\"lazy\" decoding=\"async\" width=\"700\" height=\"630\" src=\"https:\/\/zrc1904.com\/wp-content\/uploads\/2024\/04\/cps-bracelets-fond-bloc.jpg\" class=\"attachment-full size-full\" alt=\"CORONA &amp; BRACCIALE DA IMMERSIONE\" srcset=\"https:\/\/zrc1904.com\/wp-content\/uploads\/2024\/04\/cps-bracelets-fond-bloc.jpg 700w, https:\/\/zrc1904.com\/wp-content\/uploads\/2024\/04\/cps-bracelets-fond-bloc-510x459.jpg 510w, https:\/\/zrc1904.com\/wp-content\/uploads\/2024\/04\/cps-bracelets-fond-bloc-100x90.jpg 100w\" sizes=\"(max-width: 700px) 100vw, 700px\" \/>\n            \n            <a href=\"https:\/\/zrc1904.com\/it\/lesperienza-di-zrc\/corona-bracciale-da-immersione\/\" class=\"cta-item-link\" aria-label=\"CORONA &#038; BRACCIALE DA IMMERSIONE\"><\/a>\n            <div class=\"cta-item-content\">\n                <span>L\u2019ESPERIENZA DI ZRC\u00ae<\/span>\n                <h2 class=\"h1\">CORONA &#038; BRACCIALE DA IMMERSIONE<\/h2>\n            <\/div>\n        <\/div>\n            <div class=\"cta-item\">\n                                            <img loading=\"lazy\" decoding=\"async\" width=\"700\" height=\"630\" src=\"https:\/\/zrc1904.com\/wp-content\/uploads\/2024\/04\/mouvement-fond-bloc.jpg\" class=\"attachment-full size-full\" alt=\"MOVIMENTO\" srcset=\"https:\/\/zrc1904.com\/wp-content\/uploads\/2024\/04\/mouvement-fond-bloc.jpg 700w, https:\/\/zrc1904.com\/wp-content\/uploads\/2024\/04\/mouvement-fond-bloc-510x459.jpg 510w, https:\/\/zrc1904.com\/wp-content\/uploads\/2024\/04\/mouvement-fond-bloc-100x90.jpg 100w\" sizes=\"(max-width: 700px) 100vw, 700px\" \/>\n            \n            <a href=\"https:\/\/zrc1904.com\/it\/lesperienza-di-zrc\/movimento\/\" class=\"cta-item-link\" aria-label=\"MOVIMENTO\"><\/a>\n            <div class=\"cta-item-content\">\n                <span>L\u2019ESPERIENZA DI ZRC\u00ae<\/span>\n                <h2 class=\"h1\">MOVIMENTO<\/br><\/br><\/h2>\n            <\/div>\n        <\/div>\n    <\/div>","protected":false},"excerpt":{"rendered":"","protected":false},"author":2,"featured_media":0,"parent":7662,"menu_order":0,"comment_status":"closed","ping_status":"closed","template":"template-savoir-faire.php","meta":{"_acf_changed":false,"footnotes":""},"acf":[],"_links":{"self":[{"href":"https:\/\/zrc1904.com\/it\/wp-json\/wp\/v2\/pages\/10131"}],"collection":[{"href":"https:\/\/zrc1904.com\/it\/wp-json\/wp\/v2\/pages"}],"about":[{"href":"https:\/\/zrc1904.com\/it\/wp-json\/wp\/v2\/types\/page"}],"author":[{"embeddable":true,"href":"https:\/\/zrc1904.com\/it\/wp-json\/wp\/v2\/users\/2"}],"replies":[{"embeddable":true,"href":"https:\/\/zrc1904.com\/it\/wp-json\/wp\/v2\/comments?post=10131"}],"version-history":[{"count":12,"href":"https:\/\/zrc1904.com\/it\/wp-json\/wp\/v2\/pages\/10131\/revisions"}],"predecessor-version":[{"id":14414,"href":"https:\/\/zrc1904.com\/it\/wp-json\/wp\/v2\/pages\/10131\/revisions\/14414"}],"up":[{"embeddable":true,"href":"https:\/\/zrc1904.com\/it\/wp-json\/wp\/v2\/pages\/7662"}],"wp:attachment":[{"href":"https:\/\/zrc1904.com\/it\/wp-json\/wp\/v2\/media?parent=10131"}],"curies":[{"name":"wp","href":"https:\/\/api.w.org\/{rel}","templated":true}]}}