{"id":9313,"date":"2024-04-02T17:04:50","date_gmt":"2024-04-02T15:04:50","guid":{"rendered":"https:\/\/zrc.web-74.com\/produit\/9313\/"},"modified":"2025-07-28T09:34:45","modified_gmt":"2025-07-28T07:34:45","slug":"bracelets-cuir","status":"publish","type":"product","link":"https:\/\/zrc1904.com\/fr\/produit\/bracelets-cuir\/","title":{"rendered":"Bracelets cuir"},"content":{"rendered":"<p>ZRC\u00ae utilise principalement 2 types de cuir de vachette. Le BULGARO qui b\u00e9n\u00e9ficie d&rsquo;un tannage r\u00e9sistant \u00e0 l&rsquo;eau, aux UV ainsi qu&rsquo;\u00e0 la sueur id\u00e9al pour le sport. Le tannage v\u00e9g\u00e9tal par contre 100% biocompatible et sans m\u00e9taux lourd prendra une belle patine avec le temps mais est fortement d\u00e9conseill\u00e9 pour toute activit\u00e9 sportive ou aquatique.<\/p>\n<p><strong>Montage :<\/strong><br \/>\nLe montage de ce bracelet requiert l\u2019intervention d\u2019un horloger de m\u00e9tier. Toutes interventions effectu\u00e9es par une personne non qualifi\u00e9e engendreraient la d\u00e9ch\u00e9ance de la garantie.<\/p>\n<p><img loading=\"lazy\" decoding=\"async\" class=\"alignnone wp-image-3642 size-full\" title=\"ISO 764 : 4800 A\/m\" src=\"https:\/\/zrc1904.com\/wp-content\/uploads\/2022\/05\/picto-ZRC-iso764.png\" alt=\"\" width=\"60\" height=\"60\" \/> <img loading=\"lazy\" decoding=\"async\" class=\"alignnone wp-image-3652 size-full\" title=\"Restriction of the use Of certain Hazardous Substances in electrical and electronic equipment\" src=\"https:\/\/zrc1904.com\/wp-content\/uploads\/2022\/05\/picto-ZRC-rohs.png\" alt=\"\" width=\"60\" height=\"60\" \/> <img loading=\"lazy\" decoding=\"async\" class=\"alignnone wp-image-3650 size-full\" title=\"Registration, Evaluation and Authorisation of CHemicals\" src=\"https:\/\/zrc1904.com\/wp-content\/uploads\/2022\/05\/picto-ZRC-reach.png\" alt=\"\" width=\"60\" height=\"60\" \/> <img loading=\"lazy\" decoding=\"async\" class=\"alignnone wp-image-3646 size-full\" title=\"Nickel free\" src=\"https:\/\/zrc1904.com\/wp-content\/uploads\/2022\/05\/picto-ZRC-nickel-free.png\" alt=\"\" width=\"60\" height=\"60\" \/> <img loading=\"lazy\" decoding=\"async\" class=\"alignnone wp-image-3666 size-full\" title=\"Chrome free\" src=\"https:\/\/zrc1904.com\/wp-content\/uploads\/2022\/05\/picto-ZRC-chrome-free.png\" alt=\"\" width=\"60\" height=\"60\" \/><\/p>\n<p>&nbsp;<\/p>\n<p><a href=\"https:\/\/zrc1904.com\/wp-content\/uploads\/2025\/07\/ZRC1904-Catalogue-2025-Bracelet-Cuir-CHF.pdf\" target=\"_blank\" rel=\"noopener\">Consultez le catalogue des bracelets cuir ZRC<sup>\u00ae<\/sup><\/a><\/p>\n","protected":false},"excerpt":{"rendered":"<p>ZRC\u00ae utilise principalement 2 types de cuir de vachette. Le BULGARO qui b\u00e9n\u00e9ficie d&rsquo;un tannage r\u00e9sistant \u00e0 l&rsquo;eau, aux UV ainsi qu&rsquo;\u00e0 la sueur id\u00e9al pour le sport. Le tannage v\u00e9g\u00e9tal par contre 100% biocompatible et sans m\u00e9taux lourd prendra une belle patine avec le temps mais est fortement d\u00e9conseill\u00e9 pour toute activit\u00e9 sportive ou [&hellip;]<\/p>\n","protected":false},"featured_media":9311,"comment_status":"closed","ping_status":"closed","template":"","meta":{"_acf_changed":false},"product_cat":[211,24],"product_tag":[],"acf":[],"_links":{"self":[{"href":"https:\/\/zrc1904.com\/fr\/wp-json\/wp\/v2\/product\/9313"}],"collection":[{"href":"https:\/\/zrc1904.com\/fr\/wp-json\/wp\/v2\/product"}],"about":[{"href":"https:\/\/zrc1904.com\/fr\/wp-json\/wp\/v2\/types\/product"}],"replies":[{"embeddable":true,"href":"https:\/\/zrc1904.com\/fr\/wp-json\/wp\/v2\/comments?post=9313"}],"wp:featuredmedia":[{"embeddable":true,"href":"https:\/\/zrc1904.com\/fr\/wp-json\/wp\/v2\/media\/9311"}],"wp:attachment":[{"href":"https:\/\/zrc1904.com\/fr\/wp-json\/wp\/v2\/media?parent=9313"}],"wp:term":[{"taxonomy":"product_cat","embeddable":true,"href":"https:\/\/zrc1904.com\/fr\/wp-json\/wp\/v2\/product_cat?post=9313"},{"taxonomy":"product_tag","embeddable":true,"href":"https:\/\/zrc1904.com\/fr\/wp-json\/wp\/v2\/product_tag?post=9313"}],"curies":[{"name":"wp","href":"https:\/\/api.w.org\/{rel}","templated":true}]}}