{"id":9307,"date":"2024-04-02T16:53:05","date_gmt":"2024-04-02T14:53:05","guid":{"rendered":"https:\/\/zrc.web-74.com\/produit\/bracelets-nato-tissu\/"},"modified":"2025-07-28T09:38:41","modified_gmt":"2025-07-28T07:38:41","slug":"bracelets-nato-tissu","status":"publish","type":"product","link":"https:\/\/zrc1904.com\/fr\/produit\/bracelets-nato-tissu\/","title":{"rendered":"Bracelets Nato Tissu"},"content":{"rendered":"<p>La gamme Grands Fonds peut \u00e9galement \u00eatre \u00e9quip\u00e9e d\u2019un bracelet NATO exclusif en 2 brins. Cette configuration unique de NATO s\u2019adapte automatiquement au diam\u00e8tre du poignet apportant un confort incomparable. Aucun ajustement compl\u00e9mentaire n\u2019est n\u00e9cessaire, il s\u2019adapte en toutes circonstances gr\u00e2ce \u00e0 ses versions S-SM-M-L.<\/p>\n<p><img loading=\"lazy\" decoding=\"async\" class=\"alignnone wp-image-3641 size-full\" title=\"ISO 764 : 4800 A\/m\" src=\"https:\/\/zrc1904.com\/wp-content\/uploads\/2022\/05\/picto-ZRC-iso764.png\" alt=\"\" width=\"60\" height=\"60\" \/> <img loading=\"lazy\" decoding=\"async\" class=\"alignnone wp-image-3651 size-full\" title=\"Restriction of the use Of certain Hazardous Substances in electrical and electronic equipment\" src=\"https:\/\/zrc1904.com\/wp-content\/uploads\/2022\/05\/picto-ZRC-rohs.png\" alt=\"\" width=\"60\" height=\"60\" \/> <img loading=\"lazy\" decoding=\"async\" class=\"alignnone wp-image-3649 size-full\" title=\"Registration, Evaluation and Authorisation of CHemicals\" src=\"https:\/\/zrc1904.com\/wp-content\/uploads\/2022\/05\/picto-ZRC-reach.png\" alt=\"\" width=\"60\" height=\"60\" \/> <img loading=\"lazy\" decoding=\"async\" class=\"alignnone wp-image-3645 size-full\" title=\"Nickel free\" src=\"https:\/\/zrc1904.com\/wp-content\/uploads\/2022\/05\/picto-ZRC-nickel-free.png\" alt=\"\" width=\"60\" height=\"60\" \/> <img loading=\"lazy\" decoding=\"async\" class=\"alignnone wp-image-3665 size-full\" title=\"Chrome free\" src=\"https:\/\/zrc1904.com\/wp-content\/uploads\/2022\/05\/picto-ZRC-chrome-free.png\" alt=\"\" width=\"60\" height=\"60\" \/> <img loading=\"lazy\" decoding=\"async\" class=\"alignnone wp-image-3653 size-full\" title=\"Synthetic Nato strap\" src=\"https:\/\/zrc1904.com\/wp-content\/uploads\/2022\/05\/picto-ZRC-synthetique.png\" alt=\"\" width=\"60\" height=\"60\" \/><\/p>\n<p><a href=\"https:\/\/zrc1904.com\/wp-content\/uploads\/2025\/07\/ZRC1904-Catalogue-2025-Bracelet-Nato-CHF.pdf\" target=\"_blank\" rel=\"noopener\">Consultez le catalogue des bracelets Nato ZRC<sup>\u00ae<\/sup><\/a><\/p>\n","protected":false},"excerpt":{"rendered":"<p>La gamme Grands Fonds peut \u00e9galement \u00eatre \u00e9quip\u00e9e d\u2019un bracelet NATO exclusif en 2 brins. Cette configuration unique de NATO s\u2019adapte automatiquement au diam\u00e8tre du poignet apportant un confort incomparable. Aucun ajustement compl\u00e9mentaire n\u2019est n\u00e9cessaire, il s\u2019adapte en toutes circonstances gr\u00e2ce \u00e0 ses versions S-SM-M-L. Consultez le catalogue des bracelets Nato ZRC\u00ae<\/p>\n","protected":false},"featured_media":9305,"comment_status":"closed","ping_status":"closed","template":"","meta":{"_acf_changed":false},"product_cat":[211,24],"product_tag":[],"acf":[],"_links":{"self":[{"href":"https:\/\/zrc1904.com\/fr\/wp-json\/wp\/v2\/product\/9307"}],"collection":[{"href":"https:\/\/zrc1904.com\/fr\/wp-json\/wp\/v2\/product"}],"about":[{"href":"https:\/\/zrc1904.com\/fr\/wp-json\/wp\/v2\/types\/product"}],"replies":[{"embeddable":true,"href":"https:\/\/zrc1904.com\/fr\/wp-json\/wp\/v2\/comments?post=9307"}],"wp:featuredmedia":[{"embeddable":true,"href":"https:\/\/zrc1904.com\/fr\/wp-json\/wp\/v2\/media\/9305"}],"wp:attachment":[{"href":"https:\/\/zrc1904.com\/fr\/wp-json\/wp\/v2\/media?parent=9307"}],"wp:term":[{"taxonomy":"product_cat","embeddable":true,"href":"https:\/\/zrc1904.com\/fr\/wp-json\/wp\/v2\/product_cat?post=9307"},{"taxonomy":"product_tag","embeddable":true,"href":"https:\/\/zrc1904.com\/fr\/wp-json\/wp\/v2\/product_tag?post=9307"}],"curies":[{"name":"wp","href":"https:\/\/api.w.org\/{rel}","templated":true}]}}