{"id":9301,"date":"2024-04-02T16:41:16","date_gmt":"2024-04-02T14:41:16","guid":{"rendered":"https:\/\/zrc.web-74.com\/produit\/bracelets-metal\/"},"modified":"2025-07-28T09:37:02","modified_gmt":"2025-07-28T07:37:02","slug":"bracelets-metal","status":"publish","type":"product","link":"https:\/\/zrc1904.com\/fr\/produit\/bracelets-metal\/","title":{"rendered":"Bracelets M\u00e9tal"},"content":{"rendered":"<p>BRACELET PLONGEUR EXCLUSIF ZRC<sup>\u00ae<br \/>\n<\/sup><br \/>\nD\u00e9velopp\u00e9 en collaboration \u00e9troite avec les plongeurs de la Marine Nationale dans les ann\u00e9es 60, les bracelets m\u00e9tal \u00ab\u00a0DIVERS\u00a0\u00bb ZRC<sup>\u00ae<\/sup> rec\u00e8lent d\u2019ing\u00e9nieux ressorts noy\u00e9s dans la masse. Ce syst\u00e8me unique s\u2019adapte automatiquement au diam\u00e8tre du poignet et apporte un confort de porter in\u00e9galable. Gr\u00e2ce \u00e0 ses demi-maillons vous pouvez l\u2019ajuster \u00e0 +\/- 3mm pr\u00e8s ce qui lui conf\u00e8re une compatibilit\u00e9 universelle.<\/p>\n<p><a href=\"https:\/\/zrc1904.com\/wp-content\/uploads\/2025\/07\/ZRC1904-Catalogue-2025-Bracelet-Metal-CHF.pdf\" target=\"_blank\" rel=\"noopener\">Consultez le catalogue des bracelets m\u00e9tal ZRC<sup>\u00ae<\/sup><\/a><\/p>\n","protected":false},"excerpt":{"rendered":"<p>BRACELET PLONGEUR EXCLUSIF ZRC\u00ae D\u00e9velopp\u00e9 en collaboration \u00e9troite avec les plongeurs de la Marine Nationale dans les ann\u00e9es 60, les bracelets m\u00e9tal \u00ab\u00a0DIVERS\u00a0\u00bb ZRC\u00ae rec\u00e8lent d\u2019ing\u00e9nieux ressorts noy\u00e9s dans la masse. Ce syst\u00e8me unique s\u2019adapte automatiquement au diam\u00e8tre du poignet et apporte un confort de porter in\u00e9galable. Gr\u00e2ce \u00e0 ses demi-maillons vous pouvez l\u2019ajuster \u00e0 [&hellip;]<\/p>\n","protected":false},"featured_media":9284,"comment_status":"closed","ping_status":"closed","template":"","meta":{"_acf_changed":false},"product_cat":[211,24],"product_tag":[],"acf":[],"_links":{"self":[{"href":"https:\/\/zrc1904.com\/fr\/wp-json\/wp\/v2\/product\/9301"}],"collection":[{"href":"https:\/\/zrc1904.com\/fr\/wp-json\/wp\/v2\/product"}],"about":[{"href":"https:\/\/zrc1904.com\/fr\/wp-json\/wp\/v2\/types\/product"}],"replies":[{"embeddable":true,"href":"https:\/\/zrc1904.com\/fr\/wp-json\/wp\/v2\/comments?post=9301"}],"wp:featuredmedia":[{"embeddable":true,"href":"https:\/\/zrc1904.com\/fr\/wp-json\/wp\/v2\/media\/9284"}],"wp:attachment":[{"href":"https:\/\/zrc1904.com\/fr\/wp-json\/wp\/v2\/media?parent=9301"}],"wp:term":[{"taxonomy":"product_cat","embeddable":true,"href":"https:\/\/zrc1904.com\/fr\/wp-json\/wp\/v2\/product_cat?post=9301"},{"taxonomy":"product_tag","embeddable":true,"href":"https:\/\/zrc1904.com\/fr\/wp-json\/wp\/v2\/product_tag?post=9301"}],"curies":[{"name":"wp","href":"https:\/\/api.w.org\/{rel}","templated":true}]}}