{"id":9170,"date":"2024-03-26T15:34:43","date_gmt":"2024-03-26T14:34:43","guid":{"rendered":"https:\/\/zrc.web-74.com\/?post_type=product&#038;p=9170"},"modified":"2025-03-13T18:04:44","modified_gmt":"2025-03-13T17:04:44","slug":"montre-homme-gf42103-ruthenium","status":"publish","type":"product","link":"https:\/\/zrc1904.com\/fr\/produit\/montre-homme-gf42103-ruthenium\/","title":{"rendered":"RUTHENIUM\u2122"},"content":{"rendered":"<p>Avec son cadran gris soleill\u00e9, son bo\u00eetier en acier satin\u00e9 et son bracelet caoutchouc FKM, cette version repr\u00e9sente la quintessence de la montre de plong\u00e9e Grands Fonds 300\u00ae.<br \/>\nSon Crown Protection System\u2122 participe \u00e0 garantir son \u00e9tanch\u00e9it\u00e9. Son bracelet ne peut se fermer que si la couronne \u00e0 6 h est parfaitement viss\u00e9e.<br \/>\nSon syst\u00e8me ECS\u00ae assure un rin\u00e7age optimal apr\u00e8s une plong\u00e9e et permet d\u2019\u00e9liminer les impuret\u00e9s et les cristaux de sel log\u00e9s entre la lunette tournante unidirectionnelle dot\u00e9e d\u2019un insert en c\u00e9ramique et la bo\u00eete.<br \/>\nSes aiguilles sont orchestr\u00e9es par un calibre fiable \u00e0 remontage automatique Swiss Made.<\/p>\n","protected":false},"excerpt":{"rendered":"<p>La ZRC Grands Fonds combine confort et esth\u00e9tique traditionnelle \u00e0 une fiabilit\u00e9 technique sans concession.<\/p>\n<p>Visage contemporain de la Grands Fonds 300<sup>\u00ae <\/sup>originale, cette d\u00e9clinaison classique avec son cadran gris soleill\u00e9 et \u00e9quip\u00e9e d\u2019un bracelet caoutchouc poss\u00e8de tous les atouts d\u2019une montre de plong\u00e9e.<\/p>\n","protected":false},"featured_media":9160,"comment_status":"closed","ping_status":"closed","template":"","meta":{"_acf_changed":false},"product_cat":[214,44,23],"product_tag":[],"acf":[],"_links":{"self":[{"href":"https:\/\/zrc1904.com\/fr\/wp-json\/wp\/v2\/product\/9170"}],"collection":[{"href":"https:\/\/zrc1904.com\/fr\/wp-json\/wp\/v2\/product"}],"about":[{"href":"https:\/\/zrc1904.com\/fr\/wp-json\/wp\/v2\/types\/product"}],"replies":[{"embeddable":true,"href":"https:\/\/zrc1904.com\/fr\/wp-json\/wp\/v2\/comments?post=9170"}],"wp:featuredmedia":[{"embeddable":true,"href":"https:\/\/zrc1904.com\/fr\/wp-json\/wp\/v2\/media\/9160"}],"wp:attachment":[{"href":"https:\/\/zrc1904.com\/fr\/wp-json\/wp\/v2\/media?parent=9170"}],"wp:term":[{"taxonomy":"product_cat","embeddable":true,"href":"https:\/\/zrc1904.com\/fr\/wp-json\/wp\/v2\/product_cat?post=9170"},{"taxonomy":"product_tag","embeddable":true,"href":"https:\/\/zrc1904.com\/fr\/wp-json\/wp\/v2\/product_tag?post=9170"}],"curies":[{"name":"wp","href":"https:\/\/api.w.org\/{rel}","templated":true}]}}