{"id":8693,"date":"2024-01-02T10:42:55","date_gmt":"2024-01-02T09:42:55","guid":{"rendered":"https:\/\/www.zrc.test\/?post_type=product&#038;p=8693"},"modified":"2025-11-05T15:28:10","modified_gmt":"2025-11-05T14:28:10","slug":"gf38213-vintage","status":"publish","type":"product","link":"https:\/\/zrc1904.com\/fr\/produit\/gf38213-vintage\/","title":{"rendered":"Vintage &#8211; <span data-red>NEW<\/span>"},"content":{"rendered":"<p>\u00c0 la fois sobre et \u00e9l\u00e9gante la nouvelle Grands Fonds<sup>\u00ae<\/sup> \u00ab VINTAGE \u00bb de la gamme HERITAGE bien que taill\u00e9e pour l&rsquo;aventure devient un compagnon indispensable au quotidien. Sans renier son ADV de plongeuse, la minuterie de sa lunette, la finesse de ses aiguilles et sa finition coquille d&rsquo;oeuf lui conf\u00e8re un caract\u00e8re \u00ab\u00a0Sport Vintage\u00a0\u00bb. Son calibre Suisse pr\u00e9cis et s\u00fbre vous apportera confort et s\u00e9curit\u00e9. A l&rsquo;aise sur un poignet masculin comme f\u00e9minin elle est le compagnon id\u00e9al de votre quotidien.<\/p>\n","protected":false},"excerpt":{"rendered":"<p>La r\u00e9f\u00e9rence GF38213 est taill\u00e9e pour toutes les aventures. Sa lunette tournante unidirectionnelle par\u00e9e d\u2019une graduation pr\u00e9cise tout comme sa minuterie, la pr\u00e9sence d\u2019une date fait de cette montre de plong\u00e9e l\u2019indispensable compagnon de votre quotidien.<\/p>\n","protected":false},"featured_media":8842,"comment_status":"closed","ping_status":"closed","template":"","meta":{"_acf_changed":false},"product_cat":[141,23],"product_tag":[],"acf":[],"_links":{"self":[{"href":"https:\/\/zrc1904.com\/fr\/wp-json\/wp\/v2\/product\/8693"}],"collection":[{"href":"https:\/\/zrc1904.com\/fr\/wp-json\/wp\/v2\/product"}],"about":[{"href":"https:\/\/zrc1904.com\/fr\/wp-json\/wp\/v2\/types\/product"}],"replies":[{"embeddable":true,"href":"https:\/\/zrc1904.com\/fr\/wp-json\/wp\/v2\/comments?post=8693"}],"wp:featuredmedia":[{"embeddable":true,"href":"https:\/\/zrc1904.com\/fr\/wp-json\/wp\/v2\/media\/8842"}],"wp:attachment":[{"href":"https:\/\/zrc1904.com\/fr\/wp-json\/wp\/v2\/media?parent=8693"}],"wp:term":[{"taxonomy":"product_cat","embeddable":true,"href":"https:\/\/zrc1904.com\/fr\/wp-json\/wp\/v2\/product_cat?post=8693"},{"taxonomy":"product_tag","embeddable":true,"href":"https:\/\/zrc1904.com\/fr\/wp-json\/wp\/v2\/product_tag?post=8693"}],"curies":[{"name":"wp","href":"https:\/\/api.w.org\/{rel}","templated":true}]}}