{"id":4793,"date":"2022-07-08T08:58:49","date_gmt":"2022-07-08T06:58:49","guid":{"rendered":"https:\/\/www.zrc.test\/produit\/gf38163\/"},"modified":"2026-04-21T15:54:33","modified_gmt":"2026-04-21T13:54:33","slug":"gf38163-reedition","status":"publish","type":"product","link":"https:\/\/zrc1904.com\/fr\/produit\/gf38163-reedition\/","title":{"rendered":"S2-metal"},"content":{"rendered":"<p>Plus qu&rsquo;une montre de plong\u00e9e, avec son design audacieux et intemporel, ce mod\u00e8le poss\u00e8de tous les atouts pour devenir un alli\u00e9 du quotidien du vestiaire masculin et f\u00e9minin. Son cadran bomb\u00e9 \u00e9pur\u00e9, ses aiguilles de type Magnum, son tour d&rsquo;heures et sa lunette minimaliste lui conf\u00e8rent une personnalit\u00e9 polyvalente. Le confortable bracelet en acier de la r\u00e9f\u00e9rence GF38163 \u2013 S2 renforce son caract\u00e8re \u00e9l\u00e9gant en prolongeant id\u00e9alement les lignes saillantes de l&#8217;embl\u00e9matique bo\u00eetier en acier hexagonal. Comme toutes les montres ZRC<sup>\u00ae<\/sup>, pour une \u00e9tanch\u00e9it\u00e9 sans compromis, sa conception moderne b\u00e9n\u00e9ficie des derni\u00e8res innovations issues des \u00e9tudes sur la d\u00e9formation programm\u00e9e des mat\u00e9riaux.<\/p>\n","protected":false},"excerpt":{"rendered":"<p>Chaque d\u00e9tail de cette montre de plong\u00e9e r\u00e9solument sport chic conserve les m\u00eames attributs que le mod\u00e8le original cr\u00e9\u00e9 au d\u00e9but des ann\u00e9es 1960.<\/p>\n","protected":false},"featured_media":4750,"comment_status":"closed","ping_status":"closed","template":"","meta":{"_acf_changed":false},"product_cat":[141,23],"product_tag":[],"acf":[],"_links":{"self":[{"href":"https:\/\/zrc1904.com\/fr\/wp-json\/wp\/v2\/product\/4793"}],"collection":[{"href":"https:\/\/zrc1904.com\/fr\/wp-json\/wp\/v2\/product"}],"about":[{"href":"https:\/\/zrc1904.com\/fr\/wp-json\/wp\/v2\/types\/product"}],"replies":[{"embeddable":true,"href":"https:\/\/zrc1904.com\/fr\/wp-json\/wp\/v2\/comments?post=4793"}],"wp:featuredmedia":[{"embeddable":true,"href":"https:\/\/zrc1904.com\/fr\/wp-json\/wp\/v2\/media\/4750"}],"wp:attachment":[{"href":"https:\/\/zrc1904.com\/fr\/wp-json\/wp\/v2\/media?parent=4793"}],"wp:term":[{"taxonomy":"product_cat","embeddable":true,"href":"https:\/\/zrc1904.com\/fr\/wp-json\/wp\/v2\/product_cat?post=4793"},{"taxonomy":"product_tag","embeddable":true,"href":"https:\/\/zrc1904.com\/fr\/wp-json\/wp\/v2\/product_tag?post=4793"}],"curies":[{"name":"wp","href":"https:\/\/api.w.org\/{rel}","templated":true}]}}