{"id":14391,"date":"2026-04-24T09:16:13","date_gmt":"2026-04-24T07:16:13","guid":{"rendered":"https:\/\/zrc1904.com\/produit\/securicode-torch-new\/"},"modified":"2026-04-24T15:01:07","modified_gmt":"2026-04-24T13:01:07","slug":"edition-limitee-securicode-torch-sc3948521328","status":"publish","type":"product","link":"https:\/\/zrc1904.com\/fr\/produit\/edition-limitee-securicode-torch-sc3948521328\/","title":{"rendered":"SECURICODE TORCH &#8211; <span data-red>NEW<\/span>"},"content":{"rendered":"<p>Cadran vert d\u00e9grad\u00e9 aux couleurs de l\u2019Atlantique et bo\u00eetier bronze\/c\u00e9ramique pour cette Edition Limit\u00e9e \u00a0en hommage au sous-mariniers Fran\u00e7ais. Son cadran en laiton guilloch\u00e9 double \u00e9paisseur int\u00e8gre une lunette \u00e9quip\u00e9e d\u2019un insert c\u00e9ramique.<br \/>\nLe bo\u00eetier est dot\u00e9 d\u2019une finition circulaire bross\u00e9e \u00e0 l\u2019instar des mod\u00e8les originaux. R\u00e9solument r\u00e9tro-chic, le bracelet en cuir de veau renforce son look vintage. Les aiguilles sont entra\u00een\u00e9es par un puissant calibre automatique SW200-1 dans sa version \u00e9labor\u00e9e.<\/p>\n","protected":false},"excerpt":{"rendered":"<p>Le 8 novembre 1942, l\u2019Op\u00e9ration TORCH marque un tournant strat\u00e9gique en Afrique du Nord. \u00c0 Casablanca, les combats sont d\u2019une rare intensit\u00e9. Plusieurs sous-marins fran\u00e7ais de 1 500 tonnes tentent de r\u00e9sister aux forces am\u00e9ricaines command\u00e9es par George S. Patton.<\/p>\n<p>Le Tonnant parvient \u00e0 s\u2019\u00e9chapper avant de se saborder au large de Cadix le 15 novembre 1942.<\/p>\n<p>Le 15 novembre 2025, 83 ans jour pour jour apr\u00e8s sa disparition, son \u00e9pave a \u00e9t\u00e9 officiellement localis\u00e9e et identifi\u00e9e par une \u00e9quipe de plongeurs professionnels et d\u2019hydrographes missionn\u00e9e par ZRC, dans le respect absolu de ce site devenu lieu de m\u00e9moire.<\/p>\n","protected":false},"featured_media":14384,"comment_status":"closed","ping_status":"closed","template":"","meta":{"_acf_changed":false},"product_cat":[238,23],"product_tag":[],"acf":[],"_links":{"self":[{"href":"https:\/\/zrc1904.com\/fr\/wp-json\/wp\/v2\/product\/14391"}],"collection":[{"href":"https:\/\/zrc1904.com\/fr\/wp-json\/wp\/v2\/product"}],"about":[{"href":"https:\/\/zrc1904.com\/fr\/wp-json\/wp\/v2\/types\/product"}],"replies":[{"embeddable":true,"href":"https:\/\/zrc1904.com\/fr\/wp-json\/wp\/v2\/comments?post=14391"}],"wp:featuredmedia":[{"embeddable":true,"href":"https:\/\/zrc1904.com\/fr\/wp-json\/wp\/v2\/media\/14384"}],"wp:attachment":[{"href":"https:\/\/zrc1904.com\/fr\/wp-json\/wp\/v2\/media?parent=14391"}],"wp:term":[{"taxonomy":"product_cat","embeddable":true,"href":"https:\/\/zrc1904.com\/fr\/wp-json\/wp\/v2\/product_cat?post=14391"},{"taxonomy":"product_tag","embeddable":true,"href":"https:\/\/zrc1904.com\/fr\/wp-json\/wp\/v2\/product_tag?post=14391"}],"curies":[{"name":"wp","href":"https:\/\/api.w.org\/{rel}","templated":true}]}}