{"id":14368,"date":"2026-04-24T08:39:13","date_gmt":"2026-04-24T06:39:13","guid":{"rendered":"https:\/\/zrc1904.com\/produit\/securicode-diver300-new\/"},"modified":"2026-04-24T08:52:46","modified_gmt":"2026-04-24T06:52:46","slug":"sc3916221118-securicode-diver300","status":"publish","type":"product","link":"https:\/\/zrc1904.com\/fr\/produit\/sc3916221118-securicode-diver300\/","title":{"rendered":"SECURICODE DIVER300 \u2013 <span data-red>NEW<\/span>"},"content":{"rendered":"<p>Avec son cadran bleu d\u00e9grad\u00e9 au noir, son bo\u00eetier en acier satin\u00e9 et son bracelet en caoutchouc (FKM) type \u00ab\u00a0Tropic\u00a0\u00bb, cette version est une interpr\u00e9tation du mod\u00e8le 1958.<br \/>\nSon cadran en laiton guilloch\u00e9 double \u00e9paisseur int\u00e8gre une lunette avec un insert c\u00e9ramique.<br \/>\nLe bo\u00eetier pr\u00e9sente une finition circulaire bross\u00e9e \u00e0 l\u2019instar des mod\u00e8les originaux.<br \/>\nCette r\u00e9interpr\u00e9tation 70\u2019S est \u00e9quip\u00e9e d\u2019un bracelet en caoutchouc FKM .<br \/>\nR\u00e9solument r\u00e9tro-chic, les aiguilles sont anim\u00e9es par un puissant calibre automatique SW200-1 dans sa version \u00e9labor\u00e9e.<\/p>\n","protected":false},"excerpt":{"rendered":"<p>Nouvelle venue dans la gamme SECURICODE, elle adopte un cadran d\u00e9grad\u00e9 bleu\/noir avec index guilloch\u00e9s. Equip\u00e9e d\u2019un bracelet en caoutchouc (FKM) de type \u00ab Tropic \u00bb elle surfe sur un look n\u00e9o-vintage.<\/p>\n","protected":false},"featured_media":14381,"comment_status":"closed","ping_status":"closed","template":"","meta":{"_acf_changed":false},"product_cat":[238],"product_tag":[],"acf":[],"_links":{"self":[{"href":"https:\/\/zrc1904.com\/fr\/wp-json\/wp\/v2\/product\/14368"}],"collection":[{"href":"https:\/\/zrc1904.com\/fr\/wp-json\/wp\/v2\/product"}],"about":[{"href":"https:\/\/zrc1904.com\/fr\/wp-json\/wp\/v2\/types\/product"}],"replies":[{"embeddable":true,"href":"https:\/\/zrc1904.com\/fr\/wp-json\/wp\/v2\/comments?post=14368"}],"wp:featuredmedia":[{"embeddable":true,"href":"https:\/\/zrc1904.com\/fr\/wp-json\/wp\/v2\/media\/14381"}],"wp:attachment":[{"href":"https:\/\/zrc1904.com\/fr\/wp-json\/wp\/v2\/media?parent=14368"}],"wp:term":[{"taxonomy":"product_cat","embeddable":true,"href":"https:\/\/zrc1904.com\/fr\/wp-json\/wp\/v2\/product_cat?post=14368"},{"taxonomy":"product_tag","embeddable":true,"href":"https:\/\/zrc1904.com\/fr\/wp-json\/wp\/v2\/product_tag?post=14368"}],"curies":[{"name":"wp","href":"https:\/\/api.w.org\/{rel}","templated":true}]}}