{"id":14341,"date":"2026-04-22T14:44:45","date_gmt":"2026-04-22T12:44:45","guid":{"rendered":"https:\/\/zrc1904.com\/produit\/abyss-new\/"},"modified":"2026-04-24T08:21:19","modified_gmt":"2026-04-24T06:21:19","slug":"gf4226521118-abyss","status":"publish","type":"product","link":"https:\/\/zrc1904.com\/fr\/produit\/gf4226521118-abyss\/","title":{"rendered":"ABYSS &#8211; <span data-red>NEW<\/span>"},"content":{"rendered":"<p>La <strong>ZRC MN64 Titane<\/strong> se distingue comme une montre tout-terrain, con\u00e7ue pour les passionn\u00e9s de technologie et d&rsquo;aventure, mais aussi pour ceux qui recherchent l&rsquo;exclusivit\u00e9 d&rsquo;un objet de d\u00e9sir au design intemporel. Son bo\u00eetier en titane grade 5, \u00e0 la fois l\u00e9ger et r\u00e9sistant, b\u00e9n\u00e9ficie des derni\u00e8res innovations, notamment la d\u00e9formation programm\u00e9e des mat\u00e9riaux, garantissant une robustesse exceptionnelle et une ergonomie optimis\u00e9e pour un confort in\u00e9gal\u00e9. Un parfait exemple du savoir-faire unique de la marque genevoise.<\/p>\n","protected":false},"excerpt":{"rendered":"<p>La Nouvelle ZRC Grands Fonds MN64 Titane n\u2019est pas une simple montre de plong\u00e9e, c\u2019est LA REFERENCE en la mati\u00e8re.<\/p>\n","protected":false},"featured_media":14321,"comment_status":"closed","ping_status":"closed","template":"","meta":{"_acf_changed":false},"product_cat":[214,44],"product_tag":[],"acf":[],"_links":{"self":[{"href":"https:\/\/zrc1904.com\/fr\/wp-json\/wp\/v2\/product\/14341"}],"collection":[{"href":"https:\/\/zrc1904.com\/fr\/wp-json\/wp\/v2\/product"}],"about":[{"href":"https:\/\/zrc1904.com\/fr\/wp-json\/wp\/v2\/types\/product"}],"replies":[{"embeddable":true,"href":"https:\/\/zrc1904.com\/fr\/wp-json\/wp\/v2\/comments?post=14341"}],"wp:featuredmedia":[{"embeddable":true,"href":"https:\/\/zrc1904.com\/fr\/wp-json\/wp\/v2\/media\/14321"}],"wp:attachment":[{"href":"https:\/\/zrc1904.com\/fr\/wp-json\/wp\/v2\/media?parent=14341"}],"wp:term":[{"taxonomy":"product_cat","embeddable":true,"href":"https:\/\/zrc1904.com\/fr\/wp-json\/wp\/v2\/product_cat?post=14341"},{"taxonomy":"product_tag","embeddable":true,"href":"https:\/\/zrc1904.com\/fr\/wp-json\/wp\/v2\/product_tag?post=14341"}],"curies":[{"name":"wp","href":"https:\/\/api.w.org\/{rel}","templated":true}]}}