{"id":14314,"date":"2026-04-21T15:29:40","date_gmt":"2026-04-21T13:29:40","guid":{"rendered":"https:\/\/zrc1904.com\/produit\/chesnut-new\/"},"modified":"2026-04-22T14:59:24","modified_gmt":"2026-04-22T12:59:24","slug":"chesnut-new","status":"publish","type":"product","link":"https:\/\/zrc1904.com\/fr\/produit\/chesnut-new\/","title":{"rendered":"CHESNUT &#8211; <span data-red>NEW<\/span>"},"content":{"rendered":"<p>\u00c0 la fois sobre et \u00e9l\u00e9gante cette nouvelle Grands Fonds<sup>\u00ae<\/sup> \u00ab CHESNUT \u00bb de la gamme HERITAGE reste taill\u00e9e pour l\u2019aventure. \u00a0Compagnon indispensable au quotidien le souci du d\u00e9tail affirme son ADN de plongeuse : \u00a0la minuterie pr\u00e9cise de sa lunette, la finesse de ses aiguilles et l\u2019\u00e9l\u00e9gance de son bracelet maille Milanaise lui conf\u00e8rent un caract\u00e8re \u00ab Sport Vintage unique \u00bb. Pr\u00e9cis et s\u00fbre son calibre Swiss Made vous apportera confort et s\u00e9curit\u00e9. A l\u2019aise sur un poignet masculin comme f\u00e9minin elle est le compagnon id\u00e9al de votre quotidien.<\/p>\n","protected":false},"excerpt":{"rendered":"<p>Cette toute nouvelle d\u00e9clinaison de la Grands Fonds<sup>\u00ae<\/sup>\u00a0S2 de1964 d\u00e9voile un \u00e9tonnant cadran marron glac\u00e9 d\u00e9grad\u00e9 circulaire mettant avantageusement en valeur ses nouveaux indexes en relief emprunt\u00e9s \u00e0 la ZRC \u00ab\u00a0Electron\u00a0\u00bb des ann\u00e9es 70.<\/p>\n","protected":false},"featured_media":14309,"comment_status":"closed","ping_status":"closed","template":"","meta":{"_acf_changed":false},"product_cat":[141],"product_tag":[],"acf":[],"_links":{"self":[{"href":"https:\/\/zrc1904.com\/fr\/wp-json\/wp\/v2\/product\/14314"}],"collection":[{"href":"https:\/\/zrc1904.com\/fr\/wp-json\/wp\/v2\/product"}],"about":[{"href":"https:\/\/zrc1904.com\/fr\/wp-json\/wp\/v2\/types\/product"}],"replies":[{"embeddable":true,"href":"https:\/\/zrc1904.com\/fr\/wp-json\/wp\/v2\/comments?post=14314"}],"wp:featuredmedia":[{"embeddable":true,"href":"https:\/\/zrc1904.com\/fr\/wp-json\/wp\/v2\/media\/14309"}],"wp:attachment":[{"href":"https:\/\/zrc1904.com\/fr\/wp-json\/wp\/v2\/media?parent=14314"}],"wp:term":[{"taxonomy":"product_cat","embeddable":true,"href":"https:\/\/zrc1904.com\/fr\/wp-json\/wp\/v2\/product_cat?post=14314"},{"taxonomy":"product_tag","embeddable":true,"href":"https:\/\/zrc1904.com\/fr\/wp-json\/wp\/v2\/product_tag?post=14314"}],"curies":[{"name":"wp","href":"https:\/\/api.w.org\/{rel}","templated":true}]}}