{"id":14305,"date":"2026-04-21T15:07:54","date_gmt":"2026-04-21T13:07:54","guid":{"rendered":"https:\/\/zrc1904.com\/produit\/crimson-new\/"},"modified":"2026-04-21T15:14:57","modified_gmt":"2026-04-21T13:14:57","slug":"crimson-new","status":"publish","type":"product","link":"https:\/\/zrc1904.com\/fr\/produit\/crimson-new\/","title":{"rendered":"CRIMSON &#8211; <span data-red>NEW<\/span>"},"content":{"rendered":"<p>Plus qu\u2019une montre de plong\u00e9e, avec son design audacieux et intemporel, ce mod\u00e8le poss\u00e8de tous les atouts pour devenir un alli\u00e9 du quotidien du vestiaire masculin et f\u00e9minin. Son cadran bomb\u00e9 \u00e9pur\u00e9, ses aiguilles de type Magnum, son tour d\u2019heures et sa lunette minimaliste lui conf\u00e8rent une personnalit\u00e9 polyvalente. Le confortable bracelet caoutchouc de type \u00ab\u00a0TROPIC\u00a0\u00bb de la r\u00e9f\u00e9rence GF3815235118 renforce son caract\u00e8re \u00e9l\u00e9gant en prolongeant id\u00e9alement les lignes saillantes de l\u2019embl\u00e9matique bo\u00eetier en acier hexagonal. Comme toutes les montres ZRC<sup>\u00ae<\/sup>, pour une \u00e9tanch\u00e9it\u00e9 sans compromis, sa conception moderne b\u00e9n\u00e9ficie des derni\u00e8res innovations issues des \u00e9tudes sur la d\u00e9formation programm\u00e9e des mat\u00e9riaux.<\/p>\n","protected":false},"excerpt":{"rendered":"<p>Cette toute nouvelle d\u00e9clinaison de la Grands Fonds<sup>\u00ae<\/sup> S2 de 1964 d\u00e9voile un exotique cadran rouge d\u00e9grad\u00e9 qui met en valeur ses nouveaux indexes en relief emprunt\u00e9s \u00e0 la ZRC \u00ab\u00a0Electron\u00a0\u00bb des ann\u00e9es 70.<\/p>\n","protected":false},"featured_media":14300,"comment_status":"closed","ping_status":"closed","template":"","meta":{"_acf_changed":false},"product_cat":[141],"product_tag":[],"acf":[],"_links":{"self":[{"href":"https:\/\/zrc1904.com\/fr\/wp-json\/wp\/v2\/product\/14305"}],"collection":[{"href":"https:\/\/zrc1904.com\/fr\/wp-json\/wp\/v2\/product"}],"about":[{"href":"https:\/\/zrc1904.com\/fr\/wp-json\/wp\/v2\/types\/product"}],"replies":[{"embeddable":true,"href":"https:\/\/zrc1904.com\/fr\/wp-json\/wp\/v2\/comments?post=14305"}],"wp:featuredmedia":[{"embeddable":true,"href":"https:\/\/zrc1904.com\/fr\/wp-json\/wp\/v2\/media\/14300"}],"wp:attachment":[{"href":"https:\/\/zrc1904.com\/fr\/wp-json\/wp\/v2\/media?parent=14305"}],"wp:term":[{"taxonomy":"product_cat","embeddable":true,"href":"https:\/\/zrc1904.com\/fr\/wp-json\/wp\/v2\/product_cat?post=14305"},{"taxonomy":"product_tag","embeddable":true,"href":"https:\/\/zrc1904.com\/fr\/wp-json\/wp\/v2\/product_tag?post=14305"}],"curies":[{"name":"wp","href":"https:\/\/api.w.org\/{rel}","templated":true}]}}