{"id":13118,"date":"2025-03-19T18:19:07","date_gmt":"2025-03-19T17:19:07","guid":{"rendered":"https:\/\/zrc1904.com\/?post_type=product&#038;p=13118"},"modified":"2026-04-20T08:32:34","modified_gmt":"2026-04-20T06:32:34","slug":"heritage-smoke-gf381318","status":"publish","type":"product","link":"https:\/\/zrc1904.com\/fr\/produit\/heritage-smoke-gf381318\/","title":{"rendered":"SMOKE"},"content":{"rendered":"<p>\u00c0 la fois sobre et \u00e9l\u00e9gante la nouvelle Grands Fonds<sup>\u00ae<\/sup> de la gamme HERITAGE bien que taill\u00e9e pour l\u2019aventure devient un compagnon indispensable au quotidien. Sans renier son ADN de plongeuse, la minuterie de sa lunette et la finesse de ses aiguilles lui conf\u00e8re un caract\u00e8re \u00ab Sport Chic \u00bb. Son calibre Suisse pr\u00e9cis et s\u00fbre vous apportera confort et s\u00e9curit\u00e9. A l\u2019aise sur un poignet masculin comme f\u00e9minin elle est le compagnon id\u00e9al de votre quotidien.<\/p>\n","protected":false},"excerpt":{"rendered":"<p>Cette nouvelle version de la gamme HERITAGE de la Grands Fonds<sup>\u00ae<\/sup> 1964 arbore un cadran tropicalis\u00e9, offrant une allure vintage pleine de charme.<\/p>\n","protected":false},"featured_media":13121,"comment_status":"closed","ping_status":"closed","template":"","meta":{"_acf_changed":false},"product_cat":[141,23],"product_tag":[],"acf":[],"_links":{"self":[{"href":"https:\/\/zrc1904.com\/fr\/wp-json\/wp\/v2\/product\/13118"}],"collection":[{"href":"https:\/\/zrc1904.com\/fr\/wp-json\/wp\/v2\/product"}],"about":[{"href":"https:\/\/zrc1904.com\/fr\/wp-json\/wp\/v2\/types\/product"}],"replies":[{"embeddable":true,"href":"https:\/\/zrc1904.com\/fr\/wp-json\/wp\/v2\/comments?post=13118"}],"wp:featuredmedia":[{"embeddable":true,"href":"https:\/\/zrc1904.com\/fr\/wp-json\/wp\/v2\/media\/13121"}],"wp:attachment":[{"href":"https:\/\/zrc1904.com\/fr\/wp-json\/wp\/v2\/media?parent=13118"}],"wp:term":[{"taxonomy":"product_cat","embeddable":true,"href":"https:\/\/zrc1904.com\/fr\/wp-json\/wp\/v2\/product_cat?post=13118"},{"taxonomy":"product_tag","embeddable":true,"href":"https:\/\/zrc1904.com\/fr\/wp-json\/wp\/v2\/product_tag?post=13118"}],"curies":[{"name":"wp","href":"https:\/\/api.w.org\/{rel}","templated":true}]}}