{"id":13047,"date":"2025-03-17T09:29:01","date_gmt":"2025-03-17T08:29:01","guid":{"rendered":"https:\/\/zrc1904.com\/?post_type=product&#038;p=13047"},"modified":"2025-03-17T10:30:52","modified_gmt":"2025-03-17T09:30:52","slug":"coffret-20-montres-alcantara-em202406","status":"publish","type":"product","link":"https:\/\/zrc1904.com\/fr\/produit\/coffret-20-montres-alcantara-em202406\/","title":{"rendered":"Coffret 20 Montres Alcantara"},"content":{"rendered":"<p>28 x 32 x 8 cm<\/p>\n<p><strong>Mat\u00e9riaux :<\/strong><br \/>\nALCANTARA \/ piqure blanche<br \/>\nDisponible en bleu marine<\/p>\n","protected":false},"excerpt":{"rendered":"<p>ZRC<sup>\u00ae<\/sup> propose toute une gamme d&rsquo;\u00e9crins id\u00e9als pour le stockage ou lors de vos d\u00e9placements.<br \/>\nFabriqu\u00e9 \u00e0 la main en Alcantara ils b\u00e9n\u00e9ficient de tout le savoir-faire de la Marque.<\/p>\n","protected":false},"featured_media":13050,"comment_status":"closed","ping_status":"closed","template":"","meta":{"_acf_changed":false},"product_cat":[93],"product_tag":[],"acf":[],"_links":{"self":[{"href":"https:\/\/zrc1904.com\/fr\/wp-json\/wp\/v2\/product\/13047"}],"collection":[{"href":"https:\/\/zrc1904.com\/fr\/wp-json\/wp\/v2\/product"}],"about":[{"href":"https:\/\/zrc1904.com\/fr\/wp-json\/wp\/v2\/types\/product"}],"replies":[{"embeddable":true,"href":"https:\/\/zrc1904.com\/fr\/wp-json\/wp\/v2\/comments?post=13047"}],"wp:featuredmedia":[{"embeddable":true,"href":"https:\/\/zrc1904.com\/fr\/wp-json\/wp\/v2\/media\/13050"}],"wp:attachment":[{"href":"https:\/\/zrc1904.com\/fr\/wp-json\/wp\/v2\/media?parent=13047"}],"wp:term":[{"taxonomy":"product_cat","embeddable":true,"href":"https:\/\/zrc1904.com\/fr\/wp-json\/wp\/v2\/product_cat?post=13047"},{"taxonomy":"product_tag","embeddable":true,"href":"https:\/\/zrc1904.com\/fr\/wp-json\/wp\/v2\/product_tag?post=13047"}],"curies":[{"name":"wp","href":"https:\/\/api.w.org\/{rel}","templated":true}]}}