{"id":12977,"date":"2025-03-13T14:24:55","date_gmt":"2025-03-13T13:24:55","guid":{"rendered":"https:\/\/zrc1904.com\/?post_type=product&#038;p=12977"},"modified":"2026-04-16T11:01:53","modified_gmt":"2026-04-16T09:01:53","slug":"mn64-heterium-gf421613","status":"publish","type":"product","link":"https:\/\/zrc1904.com\/fr\/produit\/mn64-heterium-gf421613\/","title":{"rendered":"HETERIUM"},"content":{"rendered":"<p>Avec son cadran d\u00e9grad\u00e9 bleu marine\/noir, son bo\u00eetier en acier satin\u00e9 et son bracelet m\u00e9tal, cette version repr\u00e9sente la quintessence de la montre de plong\u00e9e Grands Fonds 300<sup>\u00ae<\/sup>.<br \/>\nSon Crown Protection System\u2122 participe \u00e0 garantir son \u00e9tanch\u00e9it\u00e9. Son bracelet ne peut se fermer que si la couronne \u00e0 6 h est parfaitement viss\u00e9e.<br \/>\nSon syst\u00e8me ECS<sup>\u00ae<\/sup> assure un rin\u00e7age optimal apr\u00e8s une plong\u00e9e et permet d\u2019\u00e9liminer les impuret\u00e9s et les cristaux de sel log\u00e9s entre la lunette tournante unidirectionnelle dot\u00e9e d\u2019un insert en c\u00e9ramique et la bo\u00eete.<br \/>\nSes aiguilles sont orchestr\u00e9es par un calibre fiable \u00e0 remontage automatique Swiss Made.<\/p>\n","protected":false},"excerpt":{"rendered":"<p>La ZRC Grands Fonds combine confort et esth\u00e9tique traditionnelle \u00e0 une fiabilit\u00e9 technique sans concession.<\/p>\n<p>Visage contemporain de la Grands Fonds 300<sup>\u00ae <\/sup>originale, cette d\u00e9clinaison \u00e9quip\u00e9e d\u2019un bracelet m\u00e9tal poss\u00e8de tous les atouts d\u2019une montre de plong\u00e9e.<\/p>\n","protected":false},"featured_media":12986,"comment_status":"closed","ping_status":"closed","template":"","meta":{"_acf_changed":false},"product_cat":[214,44],"product_tag":[],"acf":[],"_links":{"self":[{"href":"https:\/\/zrc1904.com\/fr\/wp-json\/wp\/v2\/product\/12977"}],"collection":[{"href":"https:\/\/zrc1904.com\/fr\/wp-json\/wp\/v2\/product"}],"about":[{"href":"https:\/\/zrc1904.com\/fr\/wp-json\/wp\/v2\/types\/product"}],"replies":[{"embeddable":true,"href":"https:\/\/zrc1904.com\/fr\/wp-json\/wp\/v2\/comments?post=12977"}],"wp:featuredmedia":[{"embeddable":true,"href":"https:\/\/zrc1904.com\/fr\/wp-json\/wp\/v2\/media\/12986"}],"wp:attachment":[{"href":"https:\/\/zrc1904.com\/fr\/wp-json\/wp\/v2\/media?parent=12977"}],"wp:term":[{"taxonomy":"product_cat","embeddable":true,"href":"https:\/\/zrc1904.com\/fr\/wp-json\/wp\/v2\/product_cat?post=12977"},{"taxonomy":"product_tag","embeddable":true,"href":"https:\/\/zrc1904.com\/fr\/wp-json\/wp\/v2\/product_tag?post=12977"}],"curies":[{"name":"wp","href":"https:\/\/api.w.org\/{rel}","templated":true}]}}