{"id":11875,"date":"2024-08-29T07:38:31","date_gmt":"2024-08-29T05:38:31","guid":{"rendered":"https:\/\/zrc1904.com\/?post_type=product&#038;p=11875"},"modified":"2026-05-07T15:49:50","modified_gmt":"2026-05-07T13:49:50","slug":"securicode-reedition-new-copie-2","status":"publish","type":"product","link":"https:\/\/zrc1904.com\/fr\/produit\/securicode-reedition-new-copie-2\/","title":{"rendered":"\u00c9DITION LIMIT\u00c9E BRONZE"},"content":{"rendered":"<p>Cadran noir profond, bo\u00eetier en bronze et c\u00e9ramique : cette \u00e9dition limit\u00e9e c\u00e9l\u00e8bre les 65 ans de la SECURICODE en r\u00e9interpr\u00e9tant avec \u00e9l\u00e9gance le mod\u00e8le originel de 1959.<\/p>\n<p>Son cadran en laiton guilloch\u00e9 double \u00e9paisseur joue sur la profondeur et la lumi\u00e8re, offrant une lecture subtile et sophistiqu\u00e9e du noir. La lunette, d\u00e9licatement soulign\u00e9e d\u2019un insert en c\u00e9ramique, introduit une modernit\u00e9 discr\u00e8te, en parfaite continuit\u00e9 avec l\u2019esprit fondateur de la pi\u00e8ce.<\/p>\n<p>Le bo\u00eetier, aux proportions \u00e9quilibr\u00e9es et \u00e0 la finition circulaire bross\u00e9e, r\u00e9interpr\u00e8te avec justesse les codes des premi\u00e8res SECURICODE. Il incarne une \u00e9l\u00e9gance horlog\u00e8re intemporelle, o\u00f9 chaque d\u00e9tail privil\u00e9gie la puret\u00e9 des lignes et la justesse des volumes.<\/p>\n<p>Port\u00e9e par une esth\u00e9tique r\u00e9solument r\u00e9tro-chic, la montre est compl\u00e9t\u00e9e par un bracelet en cuir de veau, choisi pour sa noblesse et sa sobri\u00e9t\u00e9, prolongeant naturellement la sophistication de l\u2019ensemble.<\/p>\n<p>Anim\u00e9e par le calibre automatique Sellita SW200-1 en version \u00e9labor\u00e9e, elle associe tradition m\u00e9canique et pr\u00e9cision contemporaine, dans une interpr\u00e9tation raffin\u00e9e et parfaitement ma\u00eetris\u00e9e de l\u2019h\u00e9ritage SECURICODE.<\/p>\n","protected":false},"excerpt":{"rendered":"<p>Pour ses 120 ans, ZRC<sup>\u00ae<\/sup> d\u00e9voile une nouvelle collection au nom \u00e9vocateur de SECURICODE. Trois mod\u00e8les aux accents vintage propos\u00e9s dans diff\u00e9rents mat\u00e9riaux ouvrent ce chapitre passionnant de l\u2019histoire de la marque.<\/p>\n<p>La combinaison du bronze et de la c\u00e9ramique pour cette <strong>\u00e9dition limit\u00e9e \u00e0 200 exemplaires<\/strong> qui rend hommage aux 65 ans de SECURICODE.<\/p>\n","protected":false},"featured_media":11878,"comment_status":"closed","ping_status":"closed","template":"","meta":{"_acf_changed":false},"product_cat":[238],"product_tag":[],"acf":[],"_links":{"self":[{"href":"https:\/\/zrc1904.com\/fr\/wp-json\/wp\/v2\/product\/11875"}],"collection":[{"href":"https:\/\/zrc1904.com\/fr\/wp-json\/wp\/v2\/product"}],"about":[{"href":"https:\/\/zrc1904.com\/fr\/wp-json\/wp\/v2\/types\/product"}],"replies":[{"embeddable":true,"href":"https:\/\/zrc1904.com\/fr\/wp-json\/wp\/v2\/comments?post=11875"}],"wp:featuredmedia":[{"embeddable":true,"href":"https:\/\/zrc1904.com\/fr\/wp-json\/wp\/v2\/media\/11878"}],"wp:attachment":[{"href":"https:\/\/zrc1904.com\/fr\/wp-json\/wp\/v2\/media?parent=11875"}],"wp:term":[{"taxonomy":"product_cat","embeddable":true,"href":"https:\/\/zrc1904.com\/fr\/wp-json\/wp\/v2\/product_cat?post=11875"},{"taxonomy":"product_tag","embeddable":true,"href":"https:\/\/zrc1904.com\/fr\/wp-json\/wp\/v2\/product_tag?post=11875"}],"curies":[{"name":"wp","href":"https:\/\/api.w.org\/{rel}","templated":true}]}}