{"id":11860,"date":"2024-08-28T16:49:37","date_gmt":"2024-08-28T14:49:37","guid":{"rendered":"https:\/\/zrc1904.com\/?post_type=product&#038;p=11860"},"modified":"2024-09-17T09:24:22","modified_gmt":"2024-09-17T07:24:22","slug":"securicode-reedition-new-copie","status":"publish","type":"product","link":"https:\/\/zrc1904.com\/fr\/produit\/securicode-reedition-new-copie\/","title":{"rendered":"SECURICODE DIVER300 \u2013 <span data-red>NEW<\/span>"},"content":{"rendered":"<p>Avec son cadran noir, son bo\u00eetier en acier satin\u00e9 et son bracelet en caoutchouc (FKM) type \u00ab\u00a0Tropic\u00a0\u00bb, cette version est une interpr\u00e9tation du mod\u00e8le 1958. Son cadran en laiton guilloch\u00e9 double \u00e9paisseur int\u00e8gre une lunette avec un insert c\u00e9ramique.<br \/>\nLe bo\u00eetier pr\u00e9sente une finition circulaire bross\u00e9e \u00e0 l&rsquo;instar des mod\u00e8les originaux. Cette r\u00e9interpr\u00e9tation 70&rsquo;S est \u00e9quip\u00e9e d\u2019un bracelet en caoutchouc FKM . R\u00e9solument r\u00e9tro-chic, les aiguilles sont anim\u00e9es par un puissant calibre automatique SW200-1 dans sa version \u00e9labor\u00e9e.<\/p>\n","protected":false},"excerpt":{"rendered":"<p>Pour ses 120 ans, ZRC<sup>\u00ae<\/sup> d\u00e9voile une nouvelle collection au nom \u00e9vocateur de SECURICODE. Trois mod\u00e8les aux accents vintage propos\u00e9s dans diff\u00e9rents mat\u00e9riaux ouvrent ce chapitre passionnant de l\u2019histoire de la marque.<\/p>\n<p>Cette interpr\u00e9tation 70&rsquo;S de la SECURICODE adopte un cadran raffin\u00e9 avec une date \u00e0 3 heures. Equip\u00e9e d\u2019un bracelet en caoutchouc (FKM) de type \u00ab\u00a0Tropic\u00a0\u00bb elle surfe sur un look n\u00e9o-vintage.<\/p>\n","protected":false},"featured_media":11863,"comment_status":"closed","ping_status":"closed","template":"","meta":{"_acf_changed":false},"product_cat":[238],"product_tag":[],"acf":[],"_links":{"self":[{"href":"https:\/\/zrc1904.com\/fr\/wp-json\/wp\/v2\/product\/11860"}],"collection":[{"href":"https:\/\/zrc1904.com\/fr\/wp-json\/wp\/v2\/product"}],"about":[{"href":"https:\/\/zrc1904.com\/fr\/wp-json\/wp\/v2\/types\/product"}],"replies":[{"embeddable":true,"href":"https:\/\/zrc1904.com\/fr\/wp-json\/wp\/v2\/comments?post=11860"}],"wp:featuredmedia":[{"embeddable":true,"href":"https:\/\/zrc1904.com\/fr\/wp-json\/wp\/v2\/media\/11863"}],"wp:attachment":[{"href":"https:\/\/zrc1904.com\/fr\/wp-json\/wp\/v2\/media?parent=11860"}],"wp:term":[{"taxonomy":"product_cat","embeddable":true,"href":"https:\/\/zrc1904.com\/fr\/wp-json\/wp\/v2\/product_cat?post=11860"},{"taxonomy":"product_tag","embeddable":true,"href":"https:\/\/zrc1904.com\/fr\/wp-json\/wp\/v2\/product_tag?post=11860"}],"curies":[{"name":"wp","href":"https:\/\/api.w.org\/{rel}","templated":true}]}}