{"id":11857,"date":"2024-08-28T16:16:00","date_gmt":"2024-08-28T14:16:00","guid":{"rendered":"https:\/\/zrc1904.com\/produit\/securicode-reedition-sc39163\/"},"modified":"2024-09-02T16:47:05","modified_gmt":"2024-09-02T14:47:05","slug":"securicode-reedition-sc39163","status":"publish","type":"product","link":"https:\/\/zrc1904.com\/fr\/produit\/securicode-reedition-sc39163\/","title":{"rendered":"SECURICODE DIVER300 \u2013 <span data-red>NEW<\/span>"},"content":{"rendered":"<p>Avec son cadran noir, son bo\u00eetier en acier satin\u00e9 et son bracelet m\u00e9tal extensible, cette version reste tr\u00e8s fid\u00e8le \u00e0 la premi\u00e8re ZRC\u00ae 1958. Son cadran en laiton guilloch\u00e9 double \u00e9paisseur int\u00e8gre une lunette dont l\u2019insert est usin\u00e9 dans le m\u00eame mat\u00e9riau.<br \/>Le bo\u00eetier est dot\u00e9 d\u2019une finition bross\u00e9e circulaire \u00e0 l&rsquo;instar des mod\u00e8les originaux. Cette r\u00e9interpr\u00e9tation contemporaine est r\u00e9solument r\u00e9tro-chic. Les aiguilles sont propuls\u00e9es par un puissant calibre automatique SW200-1 dans sa version \u00e9labor\u00e9e.<\/p>\n","protected":false},"excerpt":{"rendered":"<p>Pour ses 120 ans, ZRC<sup>\u00ae<\/sup> d\u00e9voile une nouvelle collection au nom \u00e9vocateur de SECURICODE. Trois mod\u00e8les aux accents vintage propos\u00e9s dans diff\u00e9rents mat\u00e9riaux ouvrent ce chapitre passionnant de l\u2019histoire de la marque.<\/p>\n<p>Fid\u00e8le au mod\u00e8le S1 de 1958, la nouvelle SECURICODE propose des finitions de qualit\u00e9. Cadran guilloch\u00e9, aiguilles magnum super lumineuses et bracelet extensible Vintage.<\/p>\n","protected":false},"featured_media":11834,"comment_status":"closed","ping_status":"closed","template":"","meta":{"_acf_changed":false},"product_cat":[238],"product_tag":[],"acf":[],"_links":{"self":[{"href":"https:\/\/zrc1904.com\/fr\/wp-json\/wp\/v2\/product\/11857"}],"collection":[{"href":"https:\/\/zrc1904.com\/fr\/wp-json\/wp\/v2\/product"}],"about":[{"href":"https:\/\/zrc1904.com\/fr\/wp-json\/wp\/v2\/types\/product"}],"replies":[{"embeddable":true,"href":"https:\/\/zrc1904.com\/fr\/wp-json\/wp\/v2\/comments?post=11857"}],"wp:featuredmedia":[{"embeddable":true,"href":"https:\/\/zrc1904.com\/fr\/wp-json\/wp\/v2\/media\/11834"}],"wp:attachment":[{"href":"https:\/\/zrc1904.com\/fr\/wp-json\/wp\/v2\/media?parent=11857"}],"wp:term":[{"taxonomy":"product_cat","embeddable":true,"href":"https:\/\/zrc1904.com\/fr\/wp-json\/wp\/v2\/product_cat?post=11857"},{"taxonomy":"product_tag","embeddable":true,"href":"https:\/\/zrc1904.com\/fr\/wp-json\/wp\/v2\/product_tag?post=11857"}],"curies":[{"name":"wp","href":"https:\/\/api.w.org\/{rel}","templated":true}]}}