{"id":11710,"date":"2024-07-26T07:51:36","date_gmt":"2024-07-26T05:51:36","guid":{"rendered":"https:\/\/zrc1904.com\/produit\/reedition-edition-limitee-new\/"},"modified":"2025-03-13T18:09:09","modified_gmt":"2025-03-13T17:09:09","slug":"gf42168ph-reedition-edition-limitee","status":"publish","type":"product","link":"https:\/\/zrc1904.com\/fr\/produit\/gf42168ph-reedition-edition-limitee\/","title":{"rendered":"EDITION LIMITEE PHENIX"},"content":{"rendered":"<p>Son cadran bleu soleill\u00e9 a \u00e9t\u00e9 d\u00e9velopp\u00e9 pour imiter les reflets de l\u2019eau en mer ainsi que les rayons du soleil p\u00e9n\u00e9trant dans les profondeurs abyssale. Comme toutes les MN64 1000M elle est \u00e9quip\u00e9e du syst\u00e8me ECS\u00ae qui assure un rin\u00e7age optimal apr\u00e8s une immersion en eau sal\u00e9e et permet d\u2019\u00e9liminer les impuret\u00e9s et les cristaux de sel log\u00e9s entre la lunette tournante unidirectionnelle dot\u00e9e d\u2019un insert en c\u00e9ramique et le boitier.<br \/>\nSes aiguilles sont orchestr\u00e9es par un le nouveau mouvement SELLITA SW300-1 en version \u00e9labor\u00e9e \u00e0 remontage automatique. Ce mouvement 100% Swiss Made est pr\u00e9cis \u00e0 +\/- 5sec\/jour et affiche une r\u00e9serve de marche de 56H.<\/p>\n","protected":false},"excerpt":{"rendered":"<p>Pour ses 120 ans, ZRC\u00ae se lance \u00e0 la recherche du sous-marin Q157 PHENIX disparu en Baie de Cam Rahn au Vietnam le 15 Juin 1939 afin de faire la lumi\u00e8re sur un myst\u00e8re vieux de 85 ans.<br \/>\nA cette occasion, ZRC\u00ae propose une Edition Limit\u00e9e \u00e0 200 pi\u00e8ces de sa Grands Fonds MN64 1000M.<br \/>\nAvantageusement mise en valeur dans un coffret sp\u00e9cifique avec la tape de bouche du PHENIX ainsi qu\u2019une reproduction \u00e0 l\u2019identique \u00e0 l\u2019\u00e9chelle 1\/750\u00e8me du sous-marin, cette Edition Limit\u00e9e est l\u2019ultime hommage rendu au 76 marins disparus lors du naufrage.<\/p>\n","protected":false},"featured_media":11699,"comment_status":"closed","ping_status":"closed","template":"","meta":{"_acf_changed":false},"product_cat":[214,44],"product_tag":[],"acf":[],"_links":{"self":[{"href":"https:\/\/zrc1904.com\/fr\/wp-json\/wp\/v2\/product\/11710"}],"collection":[{"href":"https:\/\/zrc1904.com\/fr\/wp-json\/wp\/v2\/product"}],"about":[{"href":"https:\/\/zrc1904.com\/fr\/wp-json\/wp\/v2\/types\/product"}],"replies":[{"embeddable":true,"href":"https:\/\/zrc1904.com\/fr\/wp-json\/wp\/v2\/comments?post=11710"}],"wp:featuredmedia":[{"embeddable":true,"href":"https:\/\/zrc1904.com\/fr\/wp-json\/wp\/v2\/media\/11699"}],"wp:attachment":[{"href":"https:\/\/zrc1904.com\/fr\/wp-json\/wp\/v2\/media?parent=11710"}],"wp:term":[{"taxonomy":"product_cat","embeddable":true,"href":"https:\/\/zrc1904.com\/fr\/wp-json\/wp\/v2\/product_cat?post=11710"},{"taxonomy":"product_tag","embeddable":true,"href":"https:\/\/zrc1904.com\/fr\/wp-json\/wp\/v2\/product_tag?post=11710"}],"curies":[{"name":"wp","href":"https:\/\/api.w.org\/{rel}","templated":true}]}}