{"id":96,"date":"2021-12-15T10:23:03","date_gmt":"2021-12-15T09:23:03","guid":{"rendered":"https:\/\/www.zrc.test\/?page_id=96"},"modified":"2024-05-21T15:10:01","modified_gmt":"2024-05-21T13:10:01","slug":"centre-de-plongee-lavandou","status":"publish","type":"page","link":"https:\/\/zrc1904.com\/fr\/dive-test-center\/centre-de-plongee-lavandou\/","title":{"rendered":"Lavandou plong\u00e9e <br \/> France"},"content":{"rendered":"<div class=\"wp-block-media-text alignwide has-media-on-the-right is-stacked-on-mobile\"><div class=\"wp-block-media-text__content\"><p>C&rsquo;est la rencontre entre Georges BRUNET et les Fr\u00e8res AUGUSTIN (Laurent et Frank) qui a permis le rapprochement de ZRC<sup>\u00ae<\/sup> et du LAVANDOU PLONGEE. <br>Amis de longues date, ils partagent la m\u00eame passion pour la mer, l&rsquo;aventure et l&rsquo;horlogerie. <br>Gr\u00e2ce \u00e0 une plateforme unique en M\u00e9diterran\u00e9e, ce sont plus de 1500 passionn\u00e9s qui ont pu depuis 2015, passer une ZRC<sup>\u00ae<\/sup> au poignet tout en pratiquant leur activit\u00e9 pr\u00e9f\u00e9r\u00e9e dans le Parc National de Port Cros.<br>Gr\u00e2ce \u00e0 un \u00e9quipement de 1er plan, le  \u201cLavandou Plong\u00e9e\u201d propose des plong\u00e9es s\u00e9curis\u00e9es dans un cadre idyllique.<br>Depuis 2015, Le Lavandou Plong\u00e9e est le <a href=\"https:\/\/zrc1904.com\/fr\/dive-test-center\/centre-de-test-zrc\/\">centre de test Officiel des montres ZRC<sup>\u00ae<\/sup><\/a>.<\/p><\/div><figure class=\"wp-block-media-text__media\"><img loading=\"lazy\" decoding=\"async\" width=\"446\" height=\"174\" src=\"https:\/\/zrc1904.com\/wp-content\/uploads\/2022\/03\/image-page-divecenter1.png\" alt=\"\" class=\"wp-image-1535 size-full\"\/><\/figure><\/div><div class=\"wp-block-media-text alignwide is-stacked-on-mobile\"><figure class=\"wp-block-media-text__media\"><img loading=\"lazy\" decoding=\"async\" width=\"446\" height=\"271\" src=\"https:\/\/zrc1904.com\/wp-content\/uploads\/2022\/05\/Dive-center-ZRC.jpg\" alt=\"\" class=\"wp-image-3347 size-full\" srcset=\"https:\/\/zrc1904.com\/wp-content\/uploads\/2022\/05\/Dive-center-ZRC.jpg 446w, https:\/\/zrc1904.com\/wp-content\/uploads\/2022\/05\/Dive-center-ZRC-100x61.jpg 100w\" sizes=\"(max-width: 446px) 100vw, 446px\" \/><\/figure><div class=\"wp-block-media-text__content\"><h2 class=\"wp-block-heading\">Port-Cros, roches, \u00e9paves\u2026<br>Venez d\u00e9couvrir les sites les plus<br>attractifs de la c\u00f4te varoise,<br>mondialement R\u00c9PUT\u00c9S.<\/h2><\/div><\/div><div class=\"wp-block-columns is-layout-flex wp-container-core-columns-is-layout-1 wp-block-columns-is-layout-flex\"><div class=\"wp-block-column is-layout-flow wp-block-column-is-layout-flow\"><figure class=\"wp-block-image size-full\"><img loading=\"lazy\" decoding=\"async\" width=\"500\" height=\"332\" src=\"https:\/\/zrc1904.com\/wp-content\/uploads\/2024\/04\/plongee4.jpg\" alt=\"\" class=\"wp-image-10429\" srcset=\"https:\/\/zrc1904.com\/wp-content\/uploads\/2024\/04\/plongee4.jpg 500w, https:\/\/zrc1904.com\/wp-content\/uploads\/2024\/04\/plongee4-100x66.jpg 100w\" sizes=\"(max-width: 500px) 100vw, 500px\" \/><\/figure><\/div>\n\n<div class=\"wp-block-column is-layout-flow wp-block-column-is-layout-flow\"><figure class=\"wp-block-image size-full\"><img loading=\"lazy\" decoding=\"async\" width=\"500\" height=\"332\" src=\"https:\/\/zrc1904.com\/wp-content\/uploads\/2024\/04\/plongee3.jpg\" alt=\"\" class=\"wp-image-10433\" srcset=\"https:\/\/zrc1904.com\/wp-content\/uploads\/2024\/04\/plongee3.jpg 500w, https:\/\/zrc1904.com\/wp-content\/uploads\/2024\/04\/plongee3-100x66.jpg 100w\" sizes=\"(max-width: 500px) 100vw, 500px\" \/><\/figure><\/div><\/div><div class=\"wp-block-columns is-layout-flex wp-container-core-columns-is-layout-2 wp-block-columns-is-layout-flex\"><div class=\"wp-block-column is-layout-flow wp-block-column-is-layout-flow\"><figure class=\"wp-block-image size-full\"><img loading=\"lazy\" decoding=\"async\" width=\"446\" height=\"271\" src=\"https:\/\/zrc1904.com\/wp-content\/uploads\/2022\/03\/image-page-divecenter5.jpg\" alt=\"\" class=\"wp-image-1544\"\/><\/figure><\/div>\n\n<div class=\"wp-block-column is-layout-flow wp-block-column-is-layout-flow\"><figure class=\"wp-block-image size-full\"><img loading=\"lazy\" decoding=\"async\" width=\"446\" height=\"271\" src=\"https:\/\/zrc1904.com\/wp-content\/uploads\/2022\/03\/image-page-divecenter6.jpg\" alt=\"\" class=\"wp-image-1546\"\/><\/figure><\/div><\/div><figure class=\"wp-block-embed is-type-video is-provider-youtube wp-block-embed-youtube wp-embed-aspect-16-9 wp-has-aspect-ratio\"><div class=\"wp-block-embed__wrapper\">\n<iframe loading=\"lazy\" title=\"Video du club - Lavandou Plong\u00e9e\" width=\"640\" height=\"360\" src=\"https:\/\/www.youtube.com\/embed\/PWTCBZ9djgs?feature=oembed\" frameborder=\"0\" allow=\"accelerometer; autoplay; clipboard-write; encrypted-media; gyroscope; picture-in-picture; web-share\" referrerpolicy=\"strict-origin-when-cross-origin\" allowfullscreen><\/iframe>\n<\/div><\/figure>","protected":false},"excerpt":{"rendered":"<p>C&rsquo;est la rencontre entre Georges BRUNET et les Fr\u00e8res AUGUSTIN (Laurent et Frank) qui a permis le rapprochement de ZRC\u00ae et du LAVANDOU PLONGEE. Amis de longues date, ils partagent la m\u00eame passion pour la mer, l&rsquo;aventure et l&rsquo;horlogerie. Gr\u00e2ce \u00e0 une plateforme unique en M\u00e9diterran\u00e9e, ce sont plus de 1500 passionn\u00e9s qui ont pu [&hellip;]<\/p>\n","protected":false},"author":553,"featured_media":3347,"parent":10392,"menu_order":0,"comment_status":"closed","ping_status":"closed","template":"template-dive-center.php","meta":{"_acf_changed":false,"footnotes":""},"acf":[],"_links":{"self":[{"href":"https:\/\/zrc1904.com\/fr\/wp-json\/wp\/v2\/pages\/96"}],"collection":[{"href":"https:\/\/zrc1904.com\/fr\/wp-json\/wp\/v2\/pages"}],"about":[{"href":"https:\/\/zrc1904.com\/fr\/wp-json\/wp\/v2\/types\/page"}],"author":[{"embeddable":true,"href":"https:\/\/zrc1904.com\/fr\/wp-json\/wp\/v2\/users\/553"}],"replies":[{"embeddable":true,"href":"https:\/\/zrc1904.com\/fr\/wp-json\/wp\/v2\/comments?post=96"}],"version-history":[{"count":14,"href":"https:\/\/zrc1904.com\/fr\/wp-json\/wp\/v2\/pages\/96\/revisions"}],"predecessor-version":[{"id":11307,"href":"https:\/\/zrc1904.com\/fr\/wp-json\/wp\/v2\/pages\/96\/revisions\/11307"}],"up":[{"embeddable":true,"href":"https:\/\/zrc1904.com\/fr\/wp-json\/wp\/v2\/pages\/10392"}],"wp:featuredmedia":[{"embeddable":true,"href":"https:\/\/zrc1904.com\/fr\/wp-json\/wp\/v2\/media\/3347"}],"wp:attachment":[{"href":"https:\/\/zrc1904.com\/fr\/wp-json\/wp\/v2\/media?parent=96"}],"curies":[{"name":"wp","href":"https:\/\/api.w.org\/{rel}","templated":true}]}}