{"id":9451,"date":"2024-04-09T10:07:21","date_gmt":"2024-04-09T08:07:21","guid":{"rendered":"https:\/\/zrc.web-74.com\/ambassadeurs\/sebastien-bouillet\/"},"modified":"2024-04-09T10:59:55","modified_gmt":"2024-04-09T08:59:55","slug":"sebastien-bouillet-patissier-chocolatier","status":"publish","type":"page","link":"https:\/\/zrc1904.com\/fr\/ambassadeurs\/sebastien-bouillet-patissier-chocolatier\/","title":{"rendered":"S\u00e9bastien Bouillet"},"content":{"rendered":"<div class=\"wp-block-media-text alignwide has-media-on-the-right is-stacked-on-mobile\"><div class=\"wp-block-media-text__content\"><h2 class=\"wp-block-heading\" id=\"ambassadeur\">P\u00e2tissier chocolatier<br>\u00e0 Lyon et au Japon<\/h2>\n\n<p>S\u00e9bastien Bouillet est \u00e0 la t\u00eate de plusieurs p\u00e2tisseries, d\u2019une chocolaterie, des boutiques [Go\u00fbter] et du [Caf\u00e9] Bouillet.<\/p>\n\n<p>Esth\u00e9tisme, go\u00fbts francs, fra\u00eecheur et l\u00e9g\u00e8ret\u00e9, il met en sc\u00e8ne la gourmandise avec pr\u00e9cision et \u00e9l\u00e9gance. Des cr\u00e9ations audacieuses aux viennoiseries et g\u00e2teaux d\u2019antan en passant par les chocolats et son offre sal\u00e9e, S\u00e9bastien se diversifie avec toujours plus de gourmandise, le tout dans le respect du produit et du savoir-faire.<\/p>\n\n<p>Il est aussi membre de l\u2019association Relais desserts international regroupant les meilleurs p\u00e2tissiers du monde.<\/p><\/div><figure class=\"wp-block-media-text__media\"><img loading=\"lazy\" decoding=\"async\" width=\"629\" height=\"561\" src=\"https:\/\/zrc1904.com\/wp-content\/uploads\/2024\/04\/bouillet-0.png\" alt=\"\" class=\"wp-image-9426 size-full\" srcset=\"https:\/\/zrc1904.com\/wp-content\/uploads\/2024\/04\/bouillet-0.png 629w, https:\/\/zrc1904.com\/wp-content\/uploads\/2024\/04\/bouillet-0-510x455.png 510w, https:\/\/zrc1904.com\/wp-content\/uploads\/2024\/04\/bouillet-0-100x89.png 100w\" sizes=\"(max-width: 629px) 100vw, 629px\" \/><\/figure><\/div><div class=\"wp-block-media-text alignwide is-stacked-on-mobile\"><figure class=\"wp-block-media-text__media\"><img loading=\"lazy\" decoding=\"async\" width=\"500\" height=\"332\" src=\"https:\/\/zrc1904.com\/wp-content\/uploads\/2024\/04\/bouillet-photo1.jpg\" alt=\"\" class=\"wp-image-9422 size-full\" srcset=\"https:\/\/zrc1904.com\/wp-content\/uploads\/2024\/04\/bouillet-photo1.jpg 500w, https:\/\/zrc1904.com\/wp-content\/uploads\/2024\/04\/bouillet-photo1-100x66.jpg 100w\" sizes=\"(max-width: 500px) 100vw, 500px\" \/><\/figure><div class=\"wp-block-media-text__content\"><p>\u201c Avec ZRC, nous partageons le go\u00fbt de l\u2019innovation, du design et de la cr\u00e9ativit\u00e9.<\/p>\n\n<p>Les montres ZRC sont dans l\u2019air du temps. A la fois sportives et \u00e9l\u00e9gantes, elles m\u2019accompagnent dans toutes les occasions. C\u2019est une grande fiert\u00e9 d\u2019\u00eatre l\u2019un des ambassadeurs des montres ZRC qui allient esth\u00e9tisme et flexibilit\u00e9 avec personnalit\u00e9. \u201d<\/p><\/div><\/div>","protected":false},"excerpt":{"rendered":"<p>P\u00e2tissier chocolatier\u00e0 Lyon et au Japon S\u00e9bastien Bouillet est \u00e0 la t\u00eate de plusieurs p\u00e2tisseries, d\u2019une chocolaterie, des boutiques [Go\u00fbter] et du [Caf\u00e9] Bouillet. Esth\u00e9tisme, go\u00fbts francs, fra\u00eecheur et l\u00e9g\u00e8ret\u00e9, il met en sc\u00e8ne la gourmandise avec pr\u00e9cision et \u00e9l\u00e9gance. Des cr\u00e9ations audacieuses aux viennoiseries et g\u00e2teaux d\u2019antan en passant par les chocolats et son [&hellip;]<\/p>\n","protected":false},"author":757,"featured_media":0,"parent":530,"menu_order":0,"comment_status":"closed","ping_status":"closed","template":"template-bouillet.php","meta":{"_acf_changed":false,"footnotes":""},"acf":[],"_links":{"self":[{"href":"https:\/\/zrc1904.com\/fr\/wp-json\/wp\/v2\/pages\/9451"}],"collection":[{"href":"https:\/\/zrc1904.com\/fr\/wp-json\/wp\/v2\/pages"}],"about":[{"href":"https:\/\/zrc1904.com\/fr\/wp-json\/wp\/v2\/types\/page"}],"author":[{"embeddable":true,"href":"https:\/\/zrc1904.com\/fr\/wp-json\/wp\/v2\/users\/757"}],"replies":[{"embeddable":true,"href":"https:\/\/zrc1904.com\/fr\/wp-json\/wp\/v2\/comments?post=9451"}],"version-history":[{"count":4,"href":"https:\/\/zrc1904.com\/fr\/wp-json\/wp\/v2\/pages\/9451\/revisions"}],"predecessor-version":[{"id":9457,"href":"https:\/\/zrc1904.com\/fr\/wp-json\/wp\/v2\/pages\/9451\/revisions\/9457"}],"up":[{"embeddable":true,"href":"https:\/\/zrc1904.com\/fr\/wp-json\/wp\/v2\/pages\/530"}],"wp:attachment":[{"href":"https:\/\/zrc1904.com\/fr\/wp-json\/wp\/v2\/media?parent=9451"}],"curies":[{"name":"wp","href":"https:\/\/api.w.org\/{rel}","templated":true}]}}