{"id":9324,"date":"2024-04-04T09:09:17","date_gmt":"2024-04-04T07:09:17","guid":{"rendered":"https:\/\/zrc.web-74.com\/?page_id=9324"},"modified":"2024-04-17T18:56:11","modified_gmt":"2024-04-17T16:56:11","slug":"catalin-preda-plongeur-de-haut-niveau","status":"publish","type":"page","link":"https:\/\/zrc1904.com\/fr\/ambassadeurs\/catalin-preda-plongeur-de-haut-niveau\/","title":{"rendered":"C\u0103t\u0103lin Preda, plongeur de haut niveau"},"content":{"rendered":"<div class=\"wp-block-media-text alignwide has-media-on-the-right is-stacked-on-mobile\"><div class=\"wp-block-media-text__content\"><h2 class=\"wp-block-heading\" id=\"ambassadeur\">R\u00c9SUM\u00c9 DE LA SAISON 2023<\/h2>\n\n<p>3e place aux Red Bull Ciff Diving World Series<br>Polignano a Mare, ITA<\/p>\n\n<p>M\u00e9daille d\u2019argent aux \u00ab\u00a0World Acquatics Championship\u00a0\u00bb<br>Fukuoka, JPN<\/p>\n\n<p>2e place aux Red Bull Cliff Diving World Series<br>Mostar, BIH<\/p>\n\n<p>2e place aux Red Bull Cliff Diving World Series<br>Auckland, NZ<\/p>\n\n<p>M\u00e9daille de bronze aux \u00ab\u00a0World Acquatics Championship\u00a0\u00bb 2024<br>Doha, Qatar<\/p><\/div><figure class=\"wp-block-media-text__media\"><\/figure><\/div><div class=\"wp-block-media-text alignwide is-stacked-on-mobile\"><figure class=\"wp-block-media-text__media\"><img loading=\"lazy\" decoding=\"async\" width=\"500\" height=\"332\" src=\"https:\/\/zrc1904.com\/wp-content\/uploads\/2024\/04\/catalin-photo1.jpg\" alt=\"\" class=\"wp-image-9326 size-full\" srcset=\"https:\/\/zrc1904.com\/wp-content\/uploads\/2024\/04\/catalin-photo1.jpg 500w, https:\/\/zrc1904.com\/wp-content\/uploads\/2024\/04\/catalin-photo1-100x66.jpg 100w\" sizes=\"(max-width: 500px) 100vw, 500px\" \/><\/figure><div class=\"wp-block-media-text__content\"><p>\u00ab Le partenariat avec Z.R.C. est naturellement n\u00e9 de l\u2019appariement organique, de nos valeurs individuelles, de notre perspective et de notre vision qui s\u2019entrem\u00ealent harmonieusement. C\u2019\u00e9tait comme une seconde nature de faire les prochaines \u00e9tapes, ensemble, sur une mission commune de suivre le chemin de l\u2019excellence avec un c\u0153ur passionn\u00e9 pour nos m\u00e9tiers et conduit par une boussole calibr\u00e9e \u00e0 travers notre esprit fort et v\u00e9ritablement aventureux. \u00bb<\/p><\/div><\/div><div class=\"wp-block-media-text alignwide has-media-on-the-right is-stacked-on-mobile\"><div class=\"wp-block-media-text__content\"><p>\u00ab La fa\u00e7on dont je l\u2019ai compris, et plus nous avons grandi, ZRC s\u2019est av\u00e9r\u00e9 \u00eatre plus qu\u2019une marque de montres de luxe; un reflet de mes valeurs personnelles, l\u2019artisanat et la philosophie &#8211; une forme d\u2019art de haute pr\u00e9cision o\u00f9 la qualit\u00e9, l\u2019\u00e9l\u00e9gance et le style, la performance, l\u2019authenticit\u00e9, l\u2019objectif et un fort d\u00e9sir d\u2019excellence sont les \u00e9toiles du Nord qui nous guident dans notre qu\u00eate de repousser les limites et d\u2019\u00e9tablir de nouvelles fronti\u00e8res dans nos domaines respectifs. \u00bb<\/p><\/div><figure class=\"wp-block-media-text__media\"><img loading=\"lazy\" decoding=\"async\" width=\"500\" height=\"332\" src=\"https:\/\/zrc1904.com\/wp-content\/uploads\/2024\/04\/catalin-photo2.jpg\" alt=\"\" class=\"wp-image-9329 size-full\" srcset=\"https:\/\/zrc1904.com\/wp-content\/uploads\/2024\/04\/catalin-photo2.jpg 500w, https:\/\/zrc1904.com\/wp-content\/uploads\/2024\/04\/catalin-photo2-100x66.jpg 100w\" sizes=\"(max-width: 500px) 100vw, 500px\" \/><\/figure><\/div><figure class=\"wp-block-embed aligncenter is-provider-youtube wp-block-embed-youtube\"><div class=\"wp-block-embed__wrapper\">\n<iframe loading=\"lazy\" title=\"CHASING EXCELLENCE - Catalin Preda&#039;s life adventure story\" width=\"640\" height=\"360\" src=\"https:\/\/www.youtube.com\/embed\/wCgT3ZVY57Y?feature=oembed\" frameborder=\"0\" allow=\"accelerometer; autoplay; clipboard-write; encrypted-media; gyroscope; picture-in-picture; web-share\" referrerpolicy=\"strict-origin-when-cross-origin\" allowfullscreen><\/iframe> \n<\/div><\/figure>","protected":false},"excerpt":{"rendered":"<p>R\u00c9SUM\u00c9 DE LA SAISON 2023 3e place aux Red Bull Ciff Diving World SeriesPolignano a Mare, ITA M\u00e9daille d\u2019argent aux \u00ab\u00a0World Acquatics Championship\u00a0\u00bbFukuoka, JPN 2e place aux Red Bull Cliff Diving World SeriesMostar, BIH 2e place aux Red Bull Cliff Diving World SeriesAuckland, NZ M\u00e9daille de bronze aux \u00ab\u00a0World Acquatics Championship\u00a0\u00bb 2024Doha, Qatar \u00ab Le [&hellip;]<\/p>\n","protected":false},"author":757,"featured_media":0,"parent":530,"menu_order":0,"comment_status":"closed","ping_status":"closed","template":"template-catalin-preda.php","meta":{"_acf_changed":false,"footnotes":""},"acf":[],"_links":{"self":[{"href":"https:\/\/zrc1904.com\/fr\/wp-json\/wp\/v2\/pages\/9324"}],"collection":[{"href":"https:\/\/zrc1904.com\/fr\/wp-json\/wp\/v2\/pages"}],"about":[{"href":"https:\/\/zrc1904.com\/fr\/wp-json\/wp\/v2\/types\/page"}],"author":[{"embeddable":true,"href":"https:\/\/zrc1904.com\/fr\/wp-json\/wp\/v2\/users\/757"}],"replies":[{"embeddable":true,"href":"https:\/\/zrc1904.com\/fr\/wp-json\/wp\/v2\/comments?post=9324"}],"version-history":[{"count":10,"href":"https:\/\/zrc1904.com\/fr\/wp-json\/wp\/v2\/pages\/9324\/revisions"}],"predecessor-version":[{"id":10128,"href":"https:\/\/zrc1904.com\/fr\/wp-json\/wp\/v2\/pages\/9324\/revisions\/10128"}],"up":[{"embeddable":true,"href":"https:\/\/zrc1904.com\/fr\/wp-json\/wp\/v2\/pages\/530"}],"wp:attachment":[{"href":"https:\/\/zrc1904.com\/fr\/wp-json\/wp\/v2\/media?parent=9324"}],"curies":[{"name":"wp","href":"https:\/\/api.w.org\/{rel}","templated":true}]}}