{"id":92,"date":"2021-12-15T10:22:33","date_gmt":"2021-12-15T09:22:33","guid":{"rendered":"https:\/\/www.zrc.test\/?page_id=92"},"modified":"2024-05-21T08:09:18","modified_gmt":"2024-05-21T06:09:18","slug":"savoir-faire","status":"publish","type":"page","link":"https:\/\/zrc1904.com\/fr\/savoir-faire\/","title":{"rendered":"Les savoir-faire ZRC\u00ae"},"content":{"rendered":"<div class=\"block block-content-cta\">\n            <div class=\"cta-item\">\n                                            <img loading=\"lazy\" decoding=\"async\" width=\"700\" height=\"630\" src=\"https:\/\/zrc1904.com\/wp-content\/uploads\/2024\/04\/deformation-fond-bloc.jpg\" class=\"attachment-full size-full\" alt=\"D\u00e9formation programm\u00e9e des mat\u00e9riaux\" srcset=\"https:\/\/zrc1904.com\/wp-content\/uploads\/2024\/04\/deformation-fond-bloc.jpg 700w, https:\/\/zrc1904.com\/wp-content\/uploads\/2024\/04\/deformation-fond-bloc-510x459.jpg 510w, https:\/\/zrc1904.com\/wp-content\/uploads\/2024\/04\/deformation-fond-bloc-100x90.jpg 100w\" sizes=\"(max-width: 700px) 100vw, 700px\" \/>\n            \n            <a href=\"https:\/\/zrc1904.com\/fr\/savoir-faire\/deformation-programmee-des-materiaux\/\" class=\"cta-item-link\" aria-label=\"D\u00e9formation programm\u00e9e des mat\u00e9riaux\"><\/a>\n            <div class=\"cta-item-content\">\n                <span>Expertise<\/span>\n                <h2 class=\"h1\">D\u00e9formation programm\u00e9e des mat\u00e9riaux<\/h2>\n            <\/div>\n        <\/div>\n            <div class=\"cta-item\">\n                                            <img loading=\"lazy\" decoding=\"async\" width=\"700\" height=\"630\" src=\"https:\/\/zrc1904.com\/wp-content\/uploads\/2024\/04\/ecs-fond-bloc.jpg\" class=\"attachment-full size-full\" alt=\"Couronne ECS\u2122 (EASY CLEAN SYSTEM)\" srcset=\"https:\/\/zrc1904.com\/wp-content\/uploads\/2024\/04\/ecs-fond-bloc.jpg 700w, https:\/\/zrc1904.com\/wp-content\/uploads\/2024\/04\/ecs-fond-bloc-510x459.jpg 510w, https:\/\/zrc1904.com\/wp-content\/uploads\/2024\/04\/ecs-fond-bloc-100x90.jpg 100w\" sizes=\"(max-width: 700px) 100vw, 700px\" \/>\n            \n            <a href=\"https:\/\/zrc1904.com\/fr\/savoir-faire\/couronne-ecs-easy-clean-system\/\" class=\"cta-item-link\" aria-label=\"Couronne ECS\u2122 (EASY CLEAN SYSTEM)\"><\/a>\n            <div class=\"cta-item-content\">\n                <span>Expertise<\/span>\n                <h2 class=\"h1\">Couronne ECS\u2122 (EASY CLEAN SYSTEM)<\/h2>\n            <\/div>\n        <\/div>\n    <\/div><div class=\"block block-content-cta\">\n            <div class=\"cta-item\">\n                                            <img loading=\"lazy\" decoding=\"async\" width=\"700\" height=\"630\" src=\"https:\/\/zrc1904.com\/wp-content\/uploads\/2024\/04\/cps-bracelets-fond-bloc.jpg\" class=\"attachment-full size-full\" alt=\"Couronne &amp; Bracelet plongeur\" srcset=\"https:\/\/zrc1904.com\/wp-content\/uploads\/2024\/04\/cps-bracelets-fond-bloc.jpg 700w, https:\/\/zrc1904.com\/wp-content\/uploads\/2024\/04\/cps-bracelets-fond-bloc-510x459.jpg 510w, https:\/\/zrc1904.com\/wp-content\/uploads\/2024\/04\/cps-bracelets-fond-bloc-100x90.jpg 100w\" sizes=\"(max-width: 700px) 100vw, 700px\" \/>\n            \n            <a href=\"https:\/\/zrc1904.com\/fr\/savoir-faire\/couronne-bracelet-plongeur\/\" class=\"cta-item-link\" aria-label=\"Couronne &#038; Bracelet plongeur\"><\/a>\n            <div class=\"cta-item-content\">\n                <span>Expertise<\/span>\n                <h2 class=\"h1\">Couronne &#038; Bracelet plongeur<\/h2>\n            <\/div>\n        <\/div>\n            <div class=\"cta-item\">\n                                            <img loading=\"lazy\" decoding=\"async\" width=\"700\" height=\"630\" src=\"https:\/\/zrc1904.com\/wp-content\/uploads\/2024\/04\/mouvement-fond-bloc.jpg\" class=\"attachment-full size-full\" alt=\"MOUVEMENT\" srcset=\"https:\/\/zrc1904.com\/wp-content\/uploads\/2024\/04\/mouvement-fond-bloc.jpg 700w, https:\/\/zrc1904.com\/wp-content\/uploads\/2024\/04\/mouvement-fond-bloc-510x459.jpg 510w, https:\/\/zrc1904.com\/wp-content\/uploads\/2024\/04\/mouvement-fond-bloc-100x90.jpg 100w\" sizes=\"(max-width: 700px) 100vw, 700px\" \/>\n            \n            <a href=\"https:\/\/zrc1904.com\/fr\/savoir-faire\/mouvement\/\" class=\"cta-item-link\" aria-label=\"MOUVEMENT\"><\/a>\n            <div class=\"cta-item-content\">\n                <span>Expertise<\/span>\n                <h2 class=\"h1\">MOUVEMENT<\/h2>\n            <\/div>\n        <\/div>\n    <\/div>","protected":false},"excerpt":{"rendered":"","protected":false},"author":553,"featured_media":0,"parent":0,"menu_order":0,"comment_status":"closed","ping_status":"closed","template":"template-marque.php","meta":{"_acf_changed":false,"footnotes":""},"acf":[],"_links":{"self":[{"href":"https:\/\/zrc1904.com\/fr\/wp-json\/wp\/v2\/pages\/92"}],"collection":[{"href":"https:\/\/zrc1904.com\/fr\/wp-json\/wp\/v2\/pages"}],"about":[{"href":"https:\/\/zrc1904.com\/fr\/wp-json\/wp\/v2\/types\/page"}],"author":[{"embeddable":true,"href":"https:\/\/zrc1904.com\/fr\/wp-json\/wp\/v2\/users\/553"}],"replies":[{"embeddable":true,"href":"https:\/\/zrc1904.com\/fr\/wp-json\/wp\/v2\/comments?post=92"}],"version-history":[{"count":64,"href":"https:\/\/zrc1904.com\/fr\/wp-json\/wp\/v2\/pages\/92\/revisions"}],"predecessor-version":[{"id":11228,"href":"https:\/\/zrc1904.com\/fr\/wp-json\/wp\/v2\/pages\/92\/revisions\/11228"}],"wp:attachment":[{"href":"https:\/\/zrc1904.com\/fr\/wp-json\/wp\/v2\/media?parent=92"}],"curies":[{"name":"wp","href":"https:\/\/api.w.org\/{rel}","templated":true}]}}