{"id":90,"date":"2021-12-15T10:22:20","date_gmt":"2021-12-15T09:22:20","guid":{"rendered":"https:\/\/www.zrc.test\/?page_id=90"},"modified":"2023-07-12T08:45:49","modified_gmt":"2023-07-12T06:45:49","slug":"zrc-et-la-marine-nationale","status":"publish","type":"page","link":"https:\/\/zrc1904.com\/fr\/la-marque\/zrc-et-la-marine-nationale\/","title":{"rendered":"ZRC et la marine nationale"},"content":{"rendered":"<div class=\"wp-block-media-text alignwide is-stacked-on-mobile is-vertically-aligned-center\"><figure class=\"wp-block-media-text__media\"><\/figure><div class=\"wp-block-media-text__content\"><h2 class=\"wp-block-heading\" id=\"1964\">1964<\/h2>\n\n<p>Suite \u00e0 l&rsquo;homologation de la premi\u00e8re Grands Fonds 300<sup>\u00ae<\/sup> en 1960, la Marine Nationale a expliqu\u00e9 aux concepteurs que la couronne \u00e0 3h posait un probl\u00e8me car trop vuln\u00e9rable lors des manipulations subaquatiques. Elle a ainsi demand\u00e9 \u00e0 ZRC<sup>\u00ae<\/sup> de \u201ctrouver une solution\u201d pour que la couronne soit prot\u00e9g\u00e9e sans pour autant g\u00eaner les mouvements du poignet et surtout, qu&rsquo;elle ne puisse pas s&rsquo;ouvrir sous l&rsquo;eau.<\/p>\n\n<p>L&rsquo;\u00e9quipe se remet au travail et cr\u00e9e ainsi la fameuse couronne \u00e0 6h reli\u00e9e au bo\u00eetier par un syst\u00e8me exclusif de canon taill\u00e9 dans la masse faisant de la Grands Fonds 300<sup>\u00ae<\/sup> la 1\u00e8re mais \u00e9galement l&rsquo;unique montre \u00e9quip\u00e9e d&rsquo;un boitier 100% monobloc, qui plus est, usin\u00e9 dans un acier sp\u00e9cifique renforc\u00e9 au molybd\u00e8ne et parfaitement antimagn\u00e9tique (une n\u00e9cessit\u00e9 absolue pour les plongeurs d\u00e9mineurs).<\/p><\/div><\/div><div class=\"wp-block-media-text alignwide has-media-on-the-right is-stacked-on-mobile\"><figure class=\"wp-block-media-text__media\"><img loading=\"lazy\" decoding=\"async\" width=\"446\" height=\"272\" src=\"https:\/\/zrc1904.com\/wp-content\/uploads\/2022\/01\/cms-img-1.jpg\" alt=\"\" class=\"wp-image-315 size-full\"\/><\/figure><div class=\"wp-block-media-text__content\"><h2 class=\"wp-block-heading\" id=\"homologation-par-la-marine-nationale\">HOMOLOGATION PAR LA MARINE NATIONALE<\/h2>\n\n<p>D\u00e9pendant directement de la Direction Centrale du Commissariat de la Marine \u00e0 Paris (DCCM), le Service Technique du Commissariat de la Marine (STCM), \u00e9tait le service comp\u00e9tent de l&rsquo;\u00e9chelon central, charg\u00e9 de proc\u00e9der \u00e0 l&rsquo;\u00e9tude pr\u00e9alable puis \u00e0 l&rsquo;homologation des nouveaux mat\u00e9riels devant \u00eatre approvisionn\u00e9s.<\/p>\n\n<p>Il \u00e9tait la branche \u201cMarine Nationale\u201d du Bureau National de Codification Fran\u00e7ais (BNC), sous d\u00e9pendance de l&rsquo;OTAN. Le service des AF de l&rsquo;Arsenal de Toulon, demandeur du nouveau mat\u00e9riel, a d\u00fb \u00e9tablir suivant la proc\u00e9dure, un Bulletin d&rsquo;Identification (BI), concernant la montre ZRC<sup>\u00ae<\/sup> nouvellement souhait\u00e9e en approvisionnement (d\u00e9signation commerciale de l&rsquo;article, descriptif technique succinct, prix public de l&rsquo;article, nom et adresse ainsi que le code du fabricant, raison de la demande d&rsquo;approvisionnement, utilisation souhait\u00e9e du mat\u00e9riel au sein de la Marine, etc.).<\/p>\n\n<p>Ce bulletin d&rsquo;identification ainsi r\u00e9dig\u00e9, a \u00e9t\u00e9 ensuite transmis au STCM de Paris, pour \u00e9tude, avec une demande d&rsquo;homologation de la montre, en vue de l&rsquo;attribution d&rsquo;un \u201cNum\u00e9ro de Gestion Marine\u201d (NGM), permettant ensuite sa gestion.<\/p><\/div><\/div><div class=\"wp-block-media-text alignwide is-stacked-on-mobile\"><figure class=\"wp-block-media-text__media\"><img loading=\"lazy\" decoding=\"async\" width=\"446\" height=\"489\" src=\"https:\/\/zrc1904.com\/wp-content\/uploads\/2022\/01\/cms-img-2.jpg\" alt=\"\" class=\"wp-image-318 size-full\"\/><\/figure><div class=\"wp-block-media-text__content\"><h2 class=\"wp-block-heading\" id=\"1970\">1970<\/h2>\n\n<p>ZRC<sup>\u00ae<\/sup> a d\u00e9velopp\u00e9 une anse escamotable exclusive et sp\u00e9cifique \u00e0 l&rsquo;entre-corne permettant le passage de la couronne ainsi que la rotation du bracelet en position ferm\u00e9e uniquement, rendant impossible la mise \u00e0 l&rsquo;eau si la couronne n&rsquo;\u00e9tait pas viss\u00e9e \u00e0 fond. L&rsquo;originalit\u00e9 du bracelet r\u00e9side \u00e9galement dans ses 2 maillons extensibles, permettant ainsi de porter la montre par-dessus la combinaison de plong\u00e9e sans autre forme de r\u00e9glage. Les aiguilles MAGNUM ultra luminescentes assurent une parfaite lecture en immersion. Montre r\u00e9volutionnaire par bien des aspects, la ZRC Grands Fonds<sup>\u00ae<\/sup> \u00e9quipa les pompiers de Paris et l&rsquo;\u00e9quipe de France de ski nautique. Mais elle fut surtout la montre de la Marine Nationale Fran\u00e7aise (\u00e9cole de plong\u00e9e de Toulon, 3\u1d49 groupe de plongeurs d\u00e9mineurs de Toulon, commando Hubert) ainsi que de la Marine Nationale Italienne. Montre de plong\u00e9e con\u00e7ue par des plongeurs, elle fut \u00e9galement adopt\u00e9e par des unit\u00e9s non militaris\u00e9es, mais soutenues par la Marine Nationale, dont la c\u00e9l\u00e8bre Calypso du Commandant Cousteau qui lui fit faire le tour du monde et forgea sa r\u00e9putation.<\/p><\/div><\/div><div class=\"wp-block-media-text alignwide has-media-on-the-right is-stacked-on-mobile\"><figure class=\"wp-block-media-text__media\"><img loading=\"lazy\" decoding=\"async\" width=\"455\" height=\"275\" src=\"https:\/\/zrc1904.com\/wp-content\/uploads\/2022\/01\/cms-img-3.jpg\" alt=\"\" class=\"wp-image-320 size-full\"\/><\/figure><div class=\"wp-block-media-text__content\"><h2 class=\"wp-block-heading\" id=\"inscription-dans-le-catalogue-du-materiel-de-la-marine\">INSCRIPTION DANS LE CATALOGUE DU MAT\u00c9RIEL DE LA MARINE<\/h2>\n\n<p>Les montres ont ainsi subi toute une p\u00e9riode de tests et d&rsquo;essais dans toutes les conditions possibles d&rsquo;une \u00ab\u00a0utilisation s\u00e9v\u00e8re \u00e0 caract\u00e8re militaire\u00a0\u00bb. Le STCM Paris a homologu\u00e9 ce nouveau mat\u00e9riel et l&rsquo;a inscrit, dans le catalogue g\u00e9n\u00e9ral du mat\u00e9riel du commissariat et lui a attribu\u00e9 provisoirement, un num\u00e9ro de gestion marine (NGM) \u00e0 13 chiffres (ce num\u00e9ro provisoire, sera plus tard converti en num\u00e9ro de nomenclature OTAN (MNO). Les montres class\u00e9es au d\u00e9part famille 6645 montre de plong\u00e9e grande profondeur, passeront finalement dans le groupe 63, famille 6355).<\/p><\/div><\/div><h2 class=\"wp-block-heading\" id=\"les-unites-les-plus-prestigieusesayant-utiliseesla-zrc-grands-fonds-300\">LES UNIT\u00c9S LES PLUS PRESTIGIEUSES<br>AYANT UTILIS\u00c9ES<br>LA ZRC<sup>\u00ae<\/sup> GRANDS FONDS 300<\/h2><div class=\"wp-block-columns is-layout-flex wp-container-core-columns-is-layout-1 wp-block-columns-is-layout-flex\"><div class=\"wp-block-column is-layout-flow wp-block-column-is-layout-flow\"><figure class=\"wp-block-image size-full\"><img loading=\"lazy\" decoding=\"async\" width=\"217\" height=\"213\" src=\"https:\/\/zrc1904.com\/wp-content\/uploads\/2022\/01\/cms-logo-1.png\" alt=\"\" class=\"wp-image-324\"\/><\/figure>\n\n<h2 class=\"wp-block-heading\" id=\"ecolede-plongee\">\u00c9cole<br>de plong\u00e9e<\/h2>\n\n<p>L&rsquo;origine de l&rsquo;\u00e9cole de plong\u00e9e remonte \u00e0 1860, afin de former des \u00ab m\u00e9caniciens-chauffeurs-scaphandriers \u00bb.<\/p>\n\n<p>L&rsquo;\u00e9cole de plong\u00e9e est charg\u00e9e de former la totalit\u00e9 des plongeurs de la Marine Nationale au sein de quatre cours principaux&nbsp;(plongeur de bord, plongeur d\u00e9mineur, nageur de combat, infirmier hyperbariste).<\/p>\n\n<p>Elle assure \u00e9galement : La formation des plongeurs de bord de la Gendarmerie Maritime et de l&rsquo;Arm\u00e9e de l&rsquo;Air ainsi que la formation des nageurs de combat.<\/p>\n\n<p>Elle accueille aussi chaque ann\u00e9e, des groupes de stagiaires \u00e9trangers. <\/p><\/div>\n\n<div class=\"wp-block-column is-layout-flow wp-block-column-is-layout-flow\"><figure class=\"wp-block-image size-full\"><img loading=\"lazy\" decoding=\"async\" width=\"217\" height=\"213\" src=\"https:\/\/zrc1904.com\/wp-content\/uploads\/2022\/01\/cms-logo-2.png\" alt=\"\" class=\"wp-image-327\"\/><\/figure>\n\n<h2 class=\"wp-block-heading\" id=\"plongeursdemineurs\">Plongeurs<br>D\u00e9mineurs<\/h2>\n\n<p>Le 3\u00e8me Groupement des Plongeurs D\u00e9mineurs de Toulon (GPD III), intervient toute l&rsquo;ann\u00e9e pour neutraliser des engins historiques\u00a0(obus, mines, torpilles\u2026), qui repr\u00e9sentent un danger pour la navigation. Il est \u00e9galement sp\u00e9cialis\u00e9 dans les gros travaux sous-marins.<\/p>\n\n<p>La montre ZRC Grands Fonds<sup>\u00ae<\/sup> et son bracelet, totalement amagn\u00e9tique (tout comme le poignard et m\u00eame jusqu&rsquo;\u00e0 la boucle de r\u00e9glage des palmes), \u00e9tait fort appr\u00e9ci\u00e9e des plongeurs, qui avaient parfois \u00e0 intervenir sur des mines du type \u00e0 d\u00e9clenchement magn\u00e9tique.<\/p><\/div>\n\n<div class=\"wp-block-column is-layout-flow wp-block-column-is-layout-flow\"><figure class=\"wp-block-image size-full\"><img loading=\"lazy\" decoding=\"async\" width=\"217\" height=\"213\" src=\"https:\/\/zrc1904.com\/wp-content\/uploads\/2022\/01\/cms-logo-3.png\" alt=\"\" class=\"wp-image-329\"\/><\/figure>\n\n<h2 class=\"wp-block-heading\" id=\"nageurs-de-combat-commando-hubert\">Nageurs de Combat<br>&amp; Commando Hubert<\/h2>\n\n<p>Le Commando Hubert est un commando Marine cr\u00e9\u00e9 en d\u00e9cembre 1947. Il est bas\u00e9 au Canier sur la presqu&rsquo;\u00eele de Saint-Mandrier. Il porte le nom du lieutenant Augustin Hubert, tu\u00e9 au combat le 6 juin 1944 \u00e0 Ouistreham.<\/p>\n\n<p>En 1953, le commando devient une unit\u00e9 de nageurs de combat et prend le nom de Commando d&rsquo;Actions Sous Marines (CASM).<\/p>\n\n<p>C&rsquo;est une unit\u00e9 tr\u00e8s secr\u00e8te.<\/p>\n\n<p>Le Commando Hubert est toujours la seule unit\u00e9 de nageurs de combat de la Marine Nationale Fran\u00e7aise.<\/p><\/div><\/div><h2 class=\"wp-block-heading\" id=\"un-partenariat-fort\">UN PARTENARIAT FORT<\/h2><div class=\"wp-block-media-text alignwide is-stacked-on-mobile\"><figure class=\"wp-block-media-text__media\"><img loading=\"lazy\" decoding=\"async\" width=\"446\" height=\"446\" src=\"https:\/\/zrc1904.com\/wp-content\/uploads\/2022\/01\/cms-img-4.jpg\" alt=\"\" class=\"wp-image-331 size-full\" srcset=\"https:\/\/zrc1904.com\/wp-content\/uploads\/2022\/01\/cms-img-4.jpg 446w, https:\/\/zrc1904.com\/wp-content\/uploads\/2022\/01\/cms-img-4-100x100.jpg 100w, https:\/\/zrc1904.com\/wp-content\/uploads\/2022\/01\/cms-img-4-250x250.jpg 250w\" sizes=\"(max-width: 446px) 100vw, 446px\" \/><\/figure><div class=\"wp-block-media-text__content\"><h2 class=\"wp-block-heading\" id=\"1965-2015\">1965-2015<\/h2>\n\n<p><strong>Le 50\u00e8me anniversaire du GPD<\/strong><br>En 2015, Zuccolo Rochet France signe un nouvel accord de partenariat avec la Marine Nationale : La Grands Fonds 300<sup>\u00ae<\/sup> R\u00e9\u00e9dition devient la montre Officielle du 50\u00e8me anniversaire du Groupement des Plongeurs D\u00e9mineurs de la M\u00e9diterran\u00e9e (GPD). Ce f\u00fbt l&rsquo;occasion de \u00ab tester \u00bb la Grands Fonds 300<sup>\u00ae<\/sup> en configuration au centre de plong\u00e9e de Saint-Mandrier.<\/p><\/div><\/div><div class=\"wp-block-media-text alignwide has-media-on-the-right is-stacked-on-mobile\"><figure class=\"wp-block-media-text__media\"><img loading=\"lazy\" decoding=\"async\" width=\"446\" height=\"447\" src=\"https:\/\/zrc1904.com\/wp-content\/uploads\/2022\/01\/cms-img-5.jpg\" alt=\"\" class=\"wp-image-333 size-full\" srcset=\"https:\/\/zrc1904.com\/wp-content\/uploads\/2022\/01\/cms-img-5.jpg 446w, https:\/\/zrc1904.com\/wp-content\/uploads\/2022\/01\/cms-img-5-100x100.jpg 100w, https:\/\/zrc1904.com\/wp-content\/uploads\/2022\/01\/cms-img-5-250x250.jpg 250w\" sizes=\"(max-width: 446px) 100vw, 446px\" \/><\/figure><div class=\"wp-block-media-text__content\"><h2 class=\"wp-block-heading\" id=\"2016-17\">2016-17<\/h2>\n\n<p><strong>LA FOST<\/strong><br>La Force Oc\u00e9anique Strat\u00e9gique (FOST) cr\u00e9\u00e9e le 1er mars 1972 est la composante sous-marine des forces nucl\u00e9aires Fran\u00e7aise, elle est n\u00e9e de la volont\u00e9 du g\u00e9n\u00e9ral de Gaulle de poss\u00e9der la dissuasion nucl\u00e9aire.<\/p>\n\n<p>En 2016-17, ZRC<sup>\u00ae<\/sup> a produit une s\u00e9rie de 50 montres ZRC<sup>\u00ae<\/sup>-FOST r\u00e9serv\u00e9e aux sous-mariniers d&rsquo;Active de la Marine Fran\u00e7aise.<\/p>\n\n<p>Reconnaissance ultime pour ZRC<sup>\u00ae<\/sup> en \u00e9quipant des personnels habitu\u00e9s \u00e0 man\u0153uvrer les machines les plus technologiques et puissantes du monde.<\/p><\/div><\/div><div class=\"wp-block-media-text alignwide is-stacked-on-mobile\"><figure class=\"wp-block-media-text__media\"><img loading=\"lazy\" decoding=\"async\" width=\"446\" height=\"446\" src=\"https:\/\/zrc1904.com\/wp-content\/uploads\/2022\/01\/cms-img-6.jpg\" alt=\"\" class=\"wp-image-335 size-full\" srcset=\"https:\/\/zrc1904.com\/wp-content\/uploads\/2022\/01\/cms-img-6.jpg 446w, https:\/\/zrc1904.com\/wp-content\/uploads\/2022\/01\/cms-img-6-100x100.jpg 100w, https:\/\/zrc1904.com\/wp-content\/uploads\/2022\/01\/cms-img-6-250x250.jpg 250w\" sizes=\"(max-width: 446px) 100vw, 446px\" \/><\/figure><div class=\"wp-block-media-text__content\"><h2 class=\"wp-block-heading\" id=\"2017\">2017-18<\/h2>\n\n<p><strong>Les Plongeurs d&rsquo;Armes<\/strong><br>Dans les ann\u00e9es 60, les pionniers de cette aventure d\u00e9veloppent avec la firme ZRC<sup>\u00ae<\/sup> une montre qui deviendra une v\u00e9ritable ic\u00f4ne de la plong\u00e9e\u2026Con\u00e7ue par des plongeurs pour des plongeurs, elle f\u00fbt d\u00e9velopp\u00e9e, \u00e0 l&rsquo;\u00e9poque, sur appel d&rsquo;offre de la Marine Nationale en \u00e9troite collaboration avec \u00ab le 3\u1d49 Groupe des plongeurs de la M\u00e9diterran\u00e9e \u00bb. Montre r\u00e9volutionnaire par bien des aspects, la ZRC Grands Fonds 300<sup>\u00ae<\/sup> M \u00e9quipera de 1964 \u00e0 1978 l&rsquo;\u00c9cole de Plong\u00e9e de la Marine, ses trois groupes de plongeurs d\u00e9mineurs (Manche-Mer du Nord, Atlantique et M\u00e9diterran\u00e9e) ainsi que le Commando Hubert. Fer de lance des forces sp\u00e9ciales, cette unit\u00e9 mythique, est d\u00e9ploy\u00e9e dans le plus grand secret sur tous les continents.<\/p>\n\n<p>En Juin 2017, ZRC<sup>\u00ae<\/sup> et un petit groupe de Plongeurs D\u00e9mineurs organisent une journ\u00e9e test afin de confirmer les qualit\u00e9s op\u00e9rationnelles de la ZRC<sup>\u00ae<\/sup>. Mission accomplie pour la Grands Fonds<sup>\u00ae<\/sup>. Ainsi ce sont 175 Plongeurs et Nageurs qui vont recevoir en juin 2018 leur montre ZRC<sup>\u00ae<\/sup> Edition Sp\u00e9ciale PLD ou NC sur souscription priv\u00e9e. Une preuve indiscutable des qualit\u00e9s de la Grands Fonds 300<sup>\u00ae<\/sup>.<\/p><\/div><\/div><div class=\"wp-block-media-text alignwide has-media-on-the-right is-stacked-on-mobile\"><figure class=\"wp-block-media-text__media\"><img loading=\"lazy\" decoding=\"async\" width=\"446\" height=\"446\" src=\"https:\/\/zrc1904.com\/wp-content\/uploads\/2022\/01\/cms-img-7.jpg\" alt=\"\" class=\"wp-image-337 size-full\" srcset=\"https:\/\/zrc1904.com\/wp-content\/uploads\/2022\/01\/cms-img-7.jpg 446w, https:\/\/zrc1904.com\/wp-content\/uploads\/2022\/01\/cms-img-7-100x100.jpg 100w, https:\/\/zrc1904.com\/wp-content\/uploads\/2022\/01\/cms-img-7-250x250.jpg 250w\" sizes=\"(max-width: 446px) 100vw, 446px\" \/><\/figure><div class=\"wp-block-media-text__content\"><h2 class=\"wp-block-heading\" id=\"2018\">2018<\/h2>\n\n<p><strong>Les 60 ans de l&rsquo;\u00e9cole de plong\u00e9e de la Marine Nationale \u00e0 SAINt-Mandrier<\/strong><br>En Juin 2018, l&rsquo;\u00e9cole de plong\u00e9e de Saint-Mandrier f\u00eatera son 60\u1d49 anniversaire (1958-2018). Cr\u00e9\u00e9e \u00e0 l&rsquo;initiative des \u00ab Mousquemer \u00bb Jacques Yves Cousteau, Philippe Taillez et Fr\u00e9d\u00e9ric Dumas elle r\u00e9pond aux attentes de la Marine Nationale pour le d\u00e9veloppement d&rsquo;unit\u00e9s op\u00e9rationnelles sous-marine.<\/p><\/div><\/div><figure class=\"wp-block-embed is-type-video is-provider-youtube wp-block-embed-youtube wp-embed-aspect-16-9 wp-has-aspect-ratio\"><div class=\"wp-block-embed__wrapper\">\n<iframe loading=\"lazy\" title=\"ZRC Black Phantom30s\" width=\"640\" height=\"360\" src=\"https:\/\/www.youtube.com\/embed\/D7vusG2g-2Q?feature=oembed\" frameborder=\"0\" allow=\"accelerometer; autoplay; clipboard-write; encrypted-media; gyroscope; picture-in-picture; web-share\" referrerpolicy=\"strict-origin-when-cross-origin\" allowfullscreen><\/iframe>\n<\/div><\/figure>","protected":false},"excerpt":{"rendered":"<p>1964 Suite \u00e0 l&rsquo;homologation de la premi\u00e8re Grands Fonds 300\u00ae en 1960, la Marine Nationale a expliqu\u00e9 aux concepteurs que la couronne \u00e0 3h posait un probl\u00e8me car trop vuln\u00e9rable lors des manipulations subaquatiques. Elle a ainsi demand\u00e9 \u00e0 ZRC\u00ae de \u201ctrouver une solution\u201d pour que la couronne soit prot\u00e9g\u00e9e sans pour autant g\u00eaner les [&hellip;]<\/p>\n","protected":false},"author":553,"featured_media":503,"parent":98,"menu_order":0,"comment_status":"closed","ping_status":"closed","template":"template-zrc-et-la-marine-nationale.php","meta":{"_acf_changed":false,"footnotes":""},"acf":[],"_links":{"self":[{"href":"https:\/\/zrc1904.com\/fr\/wp-json\/wp\/v2\/pages\/90"}],"collection":[{"href":"https:\/\/zrc1904.com\/fr\/wp-json\/wp\/v2\/pages"}],"about":[{"href":"https:\/\/zrc1904.com\/fr\/wp-json\/wp\/v2\/types\/page"}],"author":[{"embeddable":true,"href":"https:\/\/zrc1904.com\/fr\/wp-json\/wp\/v2\/users\/553"}],"replies":[{"embeddable":true,"href":"https:\/\/zrc1904.com\/fr\/wp-json\/wp\/v2\/comments?post=90"}],"version-history":[{"count":15,"href":"https:\/\/zrc1904.com\/fr\/wp-json\/wp\/v2\/pages\/90\/revisions"}],"predecessor-version":[{"id":8331,"href":"https:\/\/zrc1904.com\/fr\/wp-json\/wp\/v2\/pages\/90\/revisions\/8331"}],"up":[{"embeddable":true,"href":"https:\/\/zrc1904.com\/fr\/wp-json\/wp\/v2\/pages\/98"}],"wp:featuredmedia":[{"embeddable":true,"href":"https:\/\/zrc1904.com\/fr\/wp-json\/wp\/v2\/media\/503"}],"wp:attachment":[{"href":"https:\/\/zrc1904.com\/fr\/wp-json\/wp\/v2\/media?parent=90"}],"curies":[{"name":"wp","href":"https:\/\/api.w.org\/{rel}","templated":true}]}}