{"id":88,"date":"2021-12-15T10:22:04","date_gmt":"2021-12-15T09:22:04","guid":{"rendered":"https:\/\/www.zrc.test\/?page_id=88"},"modified":"2024-05-21T15:09:36","modified_gmt":"2024-05-21T13:09:36","slug":"histoire","status":"publish","type":"page","link":"https:\/\/zrc1904.com\/fr\/la-marque\/histoire\/","title":{"rendered":"ZRC <br \/> une histoire de famille <br \/> et de longue date"},"content":{"rendered":"<div class=\"wp-block-media-text alignwide is-stacked-on-mobile\"><figure class=\"wp-block-media-text__media\"><img loading=\"lazy\" decoding=\"async\" width=\"446\" height=\"346\" src=\"https:\/\/zrc1904.com\/wp-content\/uploads\/2022\/04\/ZRC-Zuccolo-Rochet.jpg\" alt=\"\" class=\"wp-image-2632 size-full\" srcset=\"https:\/\/zrc1904.com\/wp-content\/uploads\/2022\/04\/ZRC-Zuccolo-Rochet.jpg 446w, https:\/\/zrc1904.com\/wp-content\/uploads\/2022\/04\/ZRC-Zuccolo-Rochet-100x78.jpg 100w\" sizes=\"(max-width: 446px) 100vw, 446px\" \/><\/figure><div class=\"wp-block-media-text__content\"><h2 class=\"wp-block-heading\">1904<\/h2>\n\n<p>Fond\u00e9e en 1904 par Edmond Zuccolo et Joseph Rochet, ZRC<sup>\u00ae<\/sup> ne cesse d&rsquo;innover dans la fabrication de bracelets m\u00e9tal puis de montres de plong\u00e9e. Bas\u00e9e \u00e0 Gen\u00e8ve elle re\u00e7oit en 1909 lors de la mise en place du registre du commerce Genevois le N\u00b052.<br>Sp\u00e9cialiste de la cha\u00eene pour montres GOUSSET, l\u2019entreprise est \u00e0 l\u2019origine des premiers bracelets \u00ab \u00e0 griffes \u00bb permettant de porter son GOUSSET au poignet.<\/p><\/div><\/div><div class=\"wp-block-media-text alignwide has-media-on-the-right is-stacked-on-mobile\"><div class=\"wp-block-media-text__content\"><h2 class=\"wp-block-heading\">1917<\/h2>\n\n<p>En 1917, la soci\u00e9t\u00e9 d\u00e9croche le dipl\u00f4me tr\u00e8s convoit\u00e9 de l\u2019Industrie Nouvelle \u00e0 Gen\u00e8ve pour la mise au point du 1er bracelet extensible et deviendra N\u00b01 mondial de cette production.<\/p><\/div><figure class=\"wp-block-media-text__media\"><img loading=\"lazy\" decoding=\"async\" width=\"446\" height=\"346\" src=\"https:\/\/zrc1904.com\/wp-content\/uploads\/2022\/03\/image-page-histoire2.jpg\" alt=\"\" class=\"wp-image-1480 size-full\"\/><\/figure><\/div><div class=\"wp-block-media-text alignwide is-stacked-on-mobile\"><figure class=\"wp-block-media-text__media\"><img loading=\"lazy\" decoding=\"async\" width=\"446\" height=\"411\" src=\"https:\/\/zrc1904.com\/wp-content\/uploads\/2022\/05\/HISTOIRE-GRAND-FOND-ZRC.jpg\" alt=\"\" class=\"wp-image-3771 size-full\" srcset=\"https:\/\/zrc1904.com\/wp-content\/uploads\/2022\/05\/HISTOIRE-GRAND-FOND-ZRC.jpg 446w, https:\/\/zrc1904.com\/wp-content\/uploads\/2022\/05\/HISTOIRE-GRAND-FOND-ZRC-100x92.jpg 100w\" sizes=\"(max-width: 446px) 100vw, 446px\" \/><\/figure><div class=\"wp-block-media-text__content\"><h2 class=\"wp-block-heading\">1960 &#8211; 1995<\/h2>\n\n<p>Dans les ann\u00e9es 50, sp\u00e9cialiste du d\u00e9colletage, ses clients la sollicitent \u00e9galement pour la fabrication de boitiers \u00e9tanches pour montres de plong\u00e9e.<br>En 1958, au hasard d\u2019une conversation entre M. Yves Pastre, horloger de la Marine, et M. Bourdarian alors directeur commercial de la marque, l\u2019information d&rsquo;un appel d\u2019offre de la Marine Nationale remonte \u00e0 la direction. Celle-ci alors assur\u00e9e par Louis Brunet se lance dans l\u2019aventure de la ZRC Grands Fonds<sup>\u00ae<\/sup>.<\/p>\n\n<p>Jusqu&rsquo;en 1995, <a href=\"https:\/\/zrc1904.com\/fr\/la-marque\/zrc-et-la-marine-nationale\/\">ZRC<sup>\u00ae<\/sup> va ainsi \u00e9quiper les plongeurs-d\u00e9mineurs<\/a>.<\/p><\/div><\/div><div class=\"wp-block-media-text alignwide has-media-on-the-right is-stacked-on-mobile\"><div class=\"wp-block-media-text__content\"><h2 class=\"wp-block-heading\">2004<\/h2>\n\n<p>Discours de Patrick Brunet (petit fils de Joseph Rochet) pour les 100 ans de ZRC<sup>\u00ae<\/sup>.<\/p><\/div><figure class=\"wp-block-media-text__media\"><img loading=\"lazy\" decoding=\"async\" width=\"445\" height=\"271\" src=\"https:\/\/zrc1904.com\/wp-content\/uploads\/2022\/03\/image-page-histoire4.jpg\" alt=\"\" class=\"wp-image-1484 size-full\"\/><\/figure><\/div><div class=\"wp-block-media-text alignwide is-stacked-on-mobile\"><figure class=\"wp-block-media-text__media\"><img loading=\"lazy\" decoding=\"async\" width=\"445\" height=\"372\" src=\"https:\/\/zrc1904.com\/wp-content\/uploads\/2022\/04\/ZRC-Georges-Brunet-CEO-Owner.jpg\" alt=\"\" class=\"wp-image-2635 size-full\" srcset=\"https:\/\/zrc1904.com\/wp-content\/uploads\/2022\/04\/ZRC-Georges-Brunet-CEO-Owner.jpg 445w, https:\/\/zrc1904.com\/wp-content\/uploads\/2022\/04\/ZRC-Georges-Brunet-CEO-Owner-100x84.jpg 100w\" sizes=\"(max-width: 445px) 100vw, 445px\" \/><\/figure><div class=\"wp-block-media-text__content\"><h2 class=\"wp-block-heading\">2015<\/h2>\n\n<p>Georges Brunet, CEO &amp; Propri\u00e9taire<br>(arri\u00e8re-petits-fils de Joseph Rochet)  lance une \u00e9dition limit\u00e9e comm\u00e9morative et d\u00e9veloppe des collections de montres de plong\u00e9es fiables et performantes, au design unique. ZRC<sup>\u00ae<\/sup> s&rsquo;ancre de nouveau dans le paysage horloger.<\/p><\/div><\/div><div class=\"wp-block-media-text alignwide has-media-on-the-right is-stacked-on-mobile\"><div class=\"wp-block-media-text__content\"><h2 class=\"wp-block-heading\">2018<\/h2>\n\n<p>ZRC<sup>\u00ae<\/sup> sponsorise Alban Michon pour son <a href=\"https:\/\/zrc1904.com\/fr\/north-adventure\/\">exp\u00e9dition North Adventure en Arctique<\/a>.<\/p><\/div><figure class=\"wp-block-media-text__media\"><img loading=\"lazy\" decoding=\"async\" width=\"446\" height=\"435\" src=\"https:\/\/zrc1904.com\/wp-content\/uploads\/2022\/04\/ZRC-sponsor-expedition-North-Adventure-2018.jpg\" alt=\"\" class=\"wp-image-2637 size-full\" srcset=\"https:\/\/zrc1904.com\/wp-content\/uploads\/2022\/04\/ZRC-sponsor-expedition-North-Adventure-2018.jpg 446w, https:\/\/zrc1904.com\/wp-content\/uploads\/2022\/04\/ZRC-sponsor-expedition-North-Adventure-2018-100x98.jpg 100w\" sizes=\"(max-width: 446px) 100vw, 446px\" \/><\/figure><\/div><div class=\"wp-block-media-text alignwide is-stacked-on-mobile\"><figure class=\"wp-block-media-text__media\"><img loading=\"lazy\" decoding=\"async\" width=\"446\" height=\"435\" src=\"https:\/\/zrc1904.com\/wp-content\/uploads\/2022\/04\/ZRC-EXPERTISE.jpg\" alt=\"\" class=\"wp-image-2639 size-full\" srcset=\"https:\/\/zrc1904.com\/wp-content\/uploads\/2022\/04\/ZRC-EXPERTISE.jpg 446w, https:\/\/zrc1904.com\/wp-content\/uploads\/2022\/04\/ZRC-EXPERTISE-100x98.jpg 100w\" sizes=\"(max-width: 446px) 100vw, 446px\" \/><\/figure><div class=\"wp-block-media-text__content\"><h2 class=\"wp-block-heading\">2020<\/h2>\n\n<p>ZRC<sup>\u00ae<\/sup> poss\u00e8de une expertise forte dans le domaine de l\u2019\u00e9tude des contraintes li\u00e9es \u00e0 la <a href=\"https:\/\/zrc1904.com\/fr\/savoir-faire\/deformation-programmee-des-materiaux\/\">d\u00e9formation programm\u00e9e des mat\u00e9riaux<\/a>, ce qui garantit la fabrication de montres \u00e9tanches \u00e0 tr\u00e8s grande profondeur (5100M) sans avoir recourt \u00e0 une valve h\u00e9lium ou \u00e0 la pr\u00e9sence de gel dans le boitier : par ailleurs cela permet \u00e9galement de r\u00e9duire l\u2019\u00e9paisseur du boitier rendant la montre plus confortable au port\u00e9.<br>En effet le verre saphir, le boitier en acier et\/ou titane ainsi que la c\u00e9ramique ne r\u00e9agissent pas de la m\u00eame fa\u00e7on \u00e0 la pression et aux variations de temp\u00e9ratures. Cette expertise reconnue permet \u00e0 la marque de proposer des montres fiables, simples et efficaces.<\/p><\/div><\/div><div class=\"wp-block-media-text alignwide has-media-on-the-right is-stacked-on-mobile\"><div class=\"wp-block-media-text__content\"><h2 class=\"wp-block-heading\">2021<\/h2>\n\n<p>Refonte compl\u00e8te de la collection.<\/p><\/div><figure class=\"wp-block-media-text__media\"><img loading=\"lazy\" decoding=\"async\" width=\"446\" height=\"435\" src=\"https:\/\/zrc1904.com\/wp-content\/uploads\/2022\/04\/ZRC-collection-2021.jpg\" alt=\"\" class=\"wp-image-2641 size-full\" srcset=\"https:\/\/zrc1904.com\/wp-content\/uploads\/2022\/04\/ZRC-collection-2021.jpg 446w, https:\/\/zrc1904.com\/wp-content\/uploads\/2022\/04\/ZRC-collection-2021-100x98.jpg 100w\" sizes=\"(max-width: 446px) 100vw, 446px\" \/><\/figure><\/div><div class=\"wp-block-media-text alignwide is-stacked-on-mobile\"><figure class=\"wp-block-media-text__media\"><img loading=\"lazy\" decoding=\"async\" width=\"446\" height=\"557\" src=\"https:\/\/zrc1904.com\/wp-content\/uploads\/2022\/04\/Montres-ZRC-serie-limitee-partenariat-GSPM.jpg\" alt=\"\" class=\"wp-image-2585 size-full\" srcset=\"https:\/\/zrc1904.com\/wp-content\/uploads\/2022\/04\/Montres-ZRC-serie-limitee-partenariat-GSPM.jpg 446w, https:\/\/zrc1904.com\/wp-content\/uploads\/2022\/04\/Montres-ZRC-serie-limitee-partenariat-GSPM-408x510.jpg 408w, https:\/\/zrc1904.com\/wp-content\/uploads\/2022\/04\/Montres-ZRC-serie-limitee-partenariat-GSPM-80x100.jpg 80w\" sizes=\"(max-width: 446px) 100vw, 446px\" \/><\/figure><div class=\"wp-block-media-text__content\"><h2 class=\"wp-block-heading\">2021<\/h2>\n\n<p>Partenariat avec le GSPM (Groupe S\u00e9curit\u00e9 Premier Ministre), une s\u00e9rie sp\u00e9ciale limit\u00e9e \u00e0 25 pi\u00e8ces \u00e9quipe les agents de ce groupe d\u2019\u00e9lite.<\/p><\/div><\/div><div class=\"wp-block-media-text alignwide has-media-on-the-right is-stacked-on-mobile\"><div class=\"wp-block-media-text__content\"><h2 class=\"wp-block-heading\">2022<\/h2>\n\n<p>ZRC se lance un nouveau d\u00e9fi avec l\u2019Aventurier Fr\u00e9d\u00e9ric Presles\u00a0: <a href=\"https:\/\/zrc1904.com\/fr\/south-adventure\/\">SOUTH ADVENTURE<\/a> \u2013 Retour \u00e0 Campana 1840-2022 qui retrace l\u2019\u00e9pop\u00e9e extraordinaire du Naufrage de la Delphine sur les c\u00f4tes de la Patagonie Chilienne.<\/p><\/div><figure class=\"wp-block-media-text__media\"><img loading=\"lazy\" decoding=\"async\" width=\"445\" height=\"297\" src=\"https:\/\/zrc1904.com\/wp-content\/uploads\/2022\/05\/ZRC-Montre-South-Adventure.jpg\" alt=\"\" class=\"wp-image-3541 size-full\" srcset=\"https:\/\/zrc1904.com\/wp-content\/uploads\/2022\/05\/ZRC-Montre-South-Adventure.jpg 445w, https:\/\/zrc1904.com\/wp-content\/uploads\/2022\/05\/ZRC-Montre-South-Adventure-100x67.jpg 100w\" sizes=\"(max-width: 445px) 100vw, 445px\" \/><\/figure><\/div>","protected":false},"excerpt":{"rendered":"<p>1904 Fond\u00e9e en 1904 par Edmond Zuccolo et Joseph Rochet, ZRC\u00ae ne cesse d&rsquo;innover dans la fabrication de bracelets m\u00e9tal puis de montres de plong\u00e9e. Bas\u00e9e \u00e0 Gen\u00e8ve elle re\u00e7oit en 1909 lors de la mise en place du registre du commerce Genevois le N\u00b052.Sp\u00e9cialiste de la cha\u00eene pour montres GOUSSET, l\u2019entreprise est \u00e0 l\u2019origine [&hellip;]<\/p>\n","protected":false},"author":553,"featured_media":0,"parent":98,"menu_order":0,"comment_status":"closed","ping_status":"closed","template":"template-histoire.php","meta":{"_acf_changed":false,"footnotes":""},"acf":[],"_links":{"self":[{"href":"https:\/\/zrc1904.com\/fr\/wp-json\/wp\/v2\/pages\/88"}],"collection":[{"href":"https:\/\/zrc1904.com\/fr\/wp-json\/wp\/v2\/pages"}],"about":[{"href":"https:\/\/zrc1904.com\/fr\/wp-json\/wp\/v2\/types\/page"}],"author":[{"embeddable":true,"href":"https:\/\/zrc1904.com\/fr\/wp-json\/wp\/v2\/users\/553"}],"replies":[{"embeddable":true,"href":"https:\/\/zrc1904.com\/fr\/wp-json\/wp\/v2\/comments?post=88"}],"version-history":[{"count":27,"href":"https:\/\/zrc1904.com\/fr\/wp-json\/wp\/v2\/pages\/88\/revisions"}],"predecessor-version":[{"id":11306,"href":"https:\/\/zrc1904.com\/fr\/wp-json\/wp\/v2\/pages\/88\/revisions\/11306"}],"up":[{"embeddable":true,"href":"https:\/\/zrc1904.com\/fr\/wp-json\/wp\/v2\/pages\/98"}],"wp:attachment":[{"href":"https:\/\/zrc1904.com\/fr\/wp-json\/wp\/v2\/media?parent=88"}],"curies":[{"name":"wp","href":"https:\/\/api.w.org\/{rel}","templated":true}]}}