{"id":67,"date":"2021-12-14T08:09:26","date_gmt":"2021-12-14T07:09:26","guid":{"rendered":"https:\/\/www.zrc.test\/?page_id=67"},"modified":"2026-03-24T09:18:05","modified_gmt":"2026-03-24T08:18:05","slug":"conseils-dentretien","status":"publish","type":"page","link":"https:\/\/zrc1904.com\/fr\/conseils-dentretien\/","title":{"rendered":"Conseils d&rsquo;entretien"},"content":{"rendered":"<p>Comment maintenir votre montre ZRC<sup>\u00ae<\/sup> en conditions de marche.<\/p><h3 class=\"wp-block-heading\">Magn\u00e9tisme :<\/h3><p>Les champs magn\u00e9tiques sont en constant d\u00e9veloppement compte tenu de tous les appareils autour de nous, celui-ci peut affecter le bon fonctionnement de votre montre. Pour \u00e9viter les interf\u00e9rences magn\u00e9tiques nous recommandons d\u2019\u00e9loigner votre montre d\u2019appareils \u00e9mettant un champ magn\u00e9tique (cf. portable, ordinateurs, r\u00e9frig\u00e9rateurs, enceintes, portes automatiques, t\u00e9l\u00e9viseurs). Il est aussi fortement recommand\u00e9 d\u2019enlever votre montre avant de passer au portique de s\u00e9curit\u00e9 dans les a\u00e9roports.<\/p><h3 class=\"wp-block-heading\">Etanch\u00e9it\u00e9:<\/h3><p>Votre montre ZRC<sup>\u00ae<\/sup> est garantie pour une \u00e9tanch\u00e9it\u00e9 \u00e0 300m et a \u00e9t\u00e9 test\u00e9 jusqu\u2019\u00e0 475m. Attendu que les joints ont une dur\u00e9e de vie limit\u00e9e, nous recommandons de proc\u00e9der \u00e0 un contr\u00f4le de l\u2019\u00e9tanch\u00e9it\u00e9 tous les 2 ans.<\/p><h3 class=\"wp-block-heading\">R\u00e9glage de l\u2019heure:<\/h3><p>Comme indiqu\u00e9 sur les manuels d\u2019utilisateurs, nous recommandons de ne pas faire de mise \u00e0 l\u2019heure sur les mod\u00e8les \u00ab date \u00bb entre 11H et 3H lorsque la date est en train de changer.<\/p><h3 class=\"wp-block-heading\">Mise \u00e0 l\u2019eau:<\/h3><p>Votre montre ZRC<sup>\u00ae<\/sup> est un v\u00e9ritable \u201coutil de plong\u00e9e\u201d vous pouvez donc l\u2019utiliser \u00e0 tous moment dans et sous l\u2019eau. Pensez \u00e0 toujours bien rincer votre montre \u00e0 l\u2019eau douce apr\u00e8s avoir nag\u00e9 (en piscine ou en mer). Assurez-vous de bien rincer la lunette gr\u00e2ce \u00e0 notre proc\u00e9d\u00e9 brevet\u00e9 l\u2019ECS<sup>\u00ae<\/sup>&nbsp;afin d\u2019\u00e9liminer sel et autres impuret\u00e9s.<\/p><h3 class=\"wp-block-heading\">Temp\u00e9ratures:<\/h3><p>Votre montre ZRC<sup>\u00ae<\/sup> est \u00e9quip\u00e9e d\u2019origine avec le mouvement 2824-2 \u201cElabor\u00e9\u201d de chez ETA. Il est garantie pour un usage compris entre -30\u00b0C &amp; +60\u00b0C.<\/p><p>En dehors de cette plage d\u2019utilisation, votre montre pourrait-\u00eatre moins pr\u00e9cise. Nous vous recommandons \u00e9galement d\u2019\u00e9viter les chocs thermiques qui pourraient endommager votre montre ainsi que certains composants comme le verre saphir et les joints.<\/p><p>Des temp\u00e9ratures excessives pourraient \u00e9galement affecter la viscosit\u00e9 de l\u2019huile du mouvement et la faire s\u00e9cher plus rapidement. Il est donc recommand\u00e9 de proc\u00e9der \u00e0 un entretien plus fr\u00e9quent en climat humide ou tropical.<\/p><p>Apr\u00e8s un choc thermique important, de la condensation peut appara\u00eetre sous le verre saphir, celle-ci devrait dispara\u00eetre en quelques minutes en laissant la couronne ouverte et n\u2019affecte pas les performances de votre montre. Si la condensation ne dispara\u00eet pas, merci de contacter le <a href=\"https:\/\/zrc1904.com\/fr\/store-locator\/\">revendeur agr\u00e9\u00e9 ZRC<sup>\u00ae<\/sup> le plus proche<\/a>.<\/p><h3 class=\"wp-block-heading\">Produits chimiques:<\/h3><p>Les produits chimiques (cf. solvants, d\u00e9tergents, alcool) peuvent endommager le bracelet cuir, les joints et l\u2019acier de votre montre et affecter son \u00e9tanch\u00e9it\u00e9.<\/p><h3 class=\"wp-block-heading\">Bracelet cuir &amp; m\u00e9tal:<\/h3><p>Il est normal que le bracelet cuir se patine avec le temps et que le bracelet m\u00e9tal se raye. Pour pr\u00e9server votre cuir, nous vous recommandons d\u2019\u00e9viter tout contact avec l\u2019eau.<\/p><p>Pour l\u2019entretien de votre bracelet m\u00e9tal, utiliser une petite brosse avec de l\u2019eau savonneuse ti\u00e8de puis s\u00e9chez-le avec un torchon non pelucheux.<\/p><h3 class=\"wp-block-heading\">Couronne:<\/h3><p>Assurez vous que la couronne de votre montre soit compl\u00e8tement viss\u00e9e, cela garantie la parfaite \u00e9tanch\u00e9it\u00e9 de la montre.<\/p><div class=\"block block-separator\">\n            <div class=\"container\">\n        <div class=\"separator\"><\/div>\n            <\/div>\n    <\/div><h2 class=\"wp-block-heading\">Nettoyage<\/h2><p>IMPORTANT ! Afin de garantir une parfaite \u00e9tanch\u00e9it\u00e9, veillez&nbsp;<strong>A NE PAS<\/strong>&nbsp;manipuler la couronne sous l\u2019eau. Faites \u00e9galement attention au fait que la couronne soit COMPLETEMENT viss\u00e9e avant toute immersion.<\/p><p>Notre syst\u00e8me exclusif \u00ab\u00a0Crown Protection System\u2122\u00a0\u00bb vous permet entre autre de ne pas oublier de revisser la couronne en position \u00ab \u00e9tanche \u00bb.<\/p><p>Utilisez une brosse \u00e0 ongles avec de l&rsquo;eau savonneuse ti\u00e8de pour nettoyer votre montre (acier-nato).<\/p><p>N&rsquo;oubliez pas de rincer la lunette avec le syst\u00e8me ECS<sup>\u00ae<\/sup>&nbsp;pour assurer le bon fonctionnement de votre montre<\/p><div class=\"block block-separator\">\n            <div class=\"container\">\n        <div class=\"separator\"><\/div>\n            <\/div>\n    <\/div><h2 class=\"wp-block-heading\"> Montre automatique<\/h2><p><strong>La montre automatique<\/strong>&nbsp;s&rsquo;adresse aux passionn\u00e9s d&rsquo;horlogerie, \u00e0 tous ceux qui aiment sentir le&nbsp;<strong>mouvement de leur montre automatique, \u00e0 ceux qui aiment admirer le mouvement de leur montre automatique.<\/strong><\/p><p>Cependant, la montre automatique&nbsp;<strong>n&rsquo;est pas aussi pr\u00e9cise<\/strong>&nbsp;que la montre \u00e0 quartz. Une montre automatique, c&rsquo;est de la&nbsp;<strong>m\u00e9canique pure.<\/strong>&nbsp;Elle aura tendance soit \u00e0 avancer soit \u00e0 retarder, c&rsquo;est normal.<\/p><p>Vous devrez la roder pendant un mois avant que le mouvement ne soit efficace \u00e0 100%. Votre montre automatique peut s&rsquo;arr\u00eater ou retarder en fonction de la position dans laquelle elle sera pos\u00e9e. C&rsquo;est pour cela que le r\u00e9glage peut se faire \u00e0 3 ou 5 positions. Dans le cas du 2824-2 \u00e9labor\u00e9 utilis\u00e9 sur les Grands Fonds<sup>\u00ae<\/sup> nous effectuons un r\u00e9glage \u00e0 3 positions avec un pr\u00e9cision de +\/- 7sec\/jour (avec une tol\u00e9rance de +\/- 7sec \u00e9galement ce qui veut dire qu&rsquo;au mieux la montre n&rsquo;avance ni ne retarde et qu&rsquo;au pire elle peut prendre jusqu&rsquo;\u00e0 14 sec\/jour mais c&rsquo;est dans la tol\u00e9rance du fabricant ETA.<\/p><h3 class=\"wp-block-heading\">R\u00e9gler la date:<\/h3><p>Pour r\u00e9gler la date de votre&nbsp;<strong>montre automatique<\/strong>, vous devez faire attention que les aiguilles ne soient pas entre 10h et 15h. Votre montre automatique risquerait de ne plus fonctionner car le mouvement serait forc\u00e9 et cela aussi peut jouer sur la pr\u00e9cision. A savoir qu&rsquo;en cas de mauvaise manipulation entrainant le \u00ab for\u00e7age \u00bb du mouvement la garantie ne pourrait pas s\u2019appliquer.<\/p><h3 class=\"wp-block-heading\">Mise en service:<\/h3><p>Si votre montre automatique s&rsquo;arr\u00eate ou m\u00eame avant la premi\u00e8re utilisation, vous devez remonter votre montre automatique&nbsp;<strong>manuellement<\/strong>&nbsp;pour amorcer le mouvement. Cette op\u00e9ration&nbsp;<strong>n&rsquo;est pas obligatoire<\/strong>&nbsp;mais largement conseill\u00e9e afin de permettre le 1er lancement dans les meilleurs conditions. Pour remonter manuellement votre montre automatique, vous devez remonter MANUELLEMENT la couronne entre 10 et 25 fois (mais nous conseillons 30 \u00e0 40) en position \u00ab\u00a0pouss\u00e9e\u00a0\u00bb CAD d\u00e9verrouill\u00e9e mais non engag\u00e9e dans le filet de canon de couronne, de la position 12H vers la position 6H (dans le cas de la GF300).<\/p><p>Puis vous passez \u00e0 la mise \u00e0 l&rsquo;heure et vous prenez soin de bien verrouiller la couronne en position vis\u00e9e mais sans toutefois appliquer une pression trop forte qui \u00ab\u00a0\u00e9craserait et endommagerait\u00a0\u00bb le joint et nuirait ainsi \u00e0 sa parfaite \u00e9tanch\u00e9it\u00e9&#8230;<\/p><p>Bien que munis de dispositifs performants pour absorber les chocs, les mouvements de montres m\u00e9caniques n\u2019en demeurent pas moins d\u00e9licats. Ils sont entre autre sensibles :<\/p><ul><li>Aux chocs violents (Chute sur un sol dur)<\/li><\/ul><p>En cons\u00e9quence, il est recommand\u00e9 d\u2019\u00e9viter de porter votre montre lors de la pratique d\u2019activit\u00e9s n\u00e9cessitant des mouvements intenses ; rapides et saccad\u00e9s, telles que le golf ou le tennis qui pourraient, par les secousses r\u00e9p\u00e9t\u00e9es, modifier le r\u00e9glage voire endommager un ou plusieurs composants du m\u00e9canisme.<\/p>","protected":false},"excerpt":{"rendered":"<p>Comment maintenir votre montre ZRC\u00ae en conditions de marche. Magn\u00e9tisme : Les champs magn\u00e9tiques sont en constant d\u00e9veloppement compte tenu de tous les appareils autour de nous, celui-ci peut affecter le bon fonctionnement de votre montre. Pour \u00e9viter les interf\u00e9rences magn\u00e9tiques nous recommandons d\u2019\u00e9loigner votre montre d\u2019appareils \u00e9mettant un champ magn\u00e9tique (cf. portable, ordinateurs, r\u00e9frig\u00e9rateurs, [&hellip;]<\/p>\n","protected":false},"author":553,"featured_media":0,"parent":0,"menu_order":0,"comment_status":"closed","ping_status":"closed","template":"template-content-right.php","meta":{"_acf_changed":false,"footnotes":""},"acf":[],"_links":{"self":[{"href":"https:\/\/zrc1904.com\/fr\/wp-json\/wp\/v2\/pages\/67"}],"collection":[{"href":"https:\/\/zrc1904.com\/fr\/wp-json\/wp\/v2\/pages"}],"about":[{"href":"https:\/\/zrc1904.com\/fr\/wp-json\/wp\/v2\/types\/page"}],"author":[{"embeddable":true,"href":"https:\/\/zrc1904.com\/fr\/wp-json\/wp\/v2\/users\/553"}],"replies":[{"embeddable":true,"href":"https:\/\/zrc1904.com\/fr\/wp-json\/wp\/v2\/comments?post=67"}],"version-history":[{"count":5,"href":"https:\/\/zrc1904.com\/fr\/wp-json\/wp\/v2\/pages\/67\/revisions"}],"predecessor-version":[{"id":14225,"href":"https:\/\/zrc1904.com\/fr\/wp-json\/wp\/v2\/pages\/67\/revisions\/14225"}],"wp:attachment":[{"href":"https:\/\/zrc1904.com\/fr\/wp-json\/wp\/v2\/media?parent=67"}],"curies":[{"name":"wp","href":"https:\/\/api.w.org\/{rel}","templated":true}]}}