{"id":65,"date":"2021-12-14T08:09:07","date_gmt":"2021-12-14T07:09:07","guid":{"rendered":"https:\/\/www.zrc.test\/?page_id=65"},"modified":"2026-01-06T17:06:11","modified_gmt":"2026-01-06T16:06:11","slug":"maintenance","status":"publish","type":"page","link":"https:\/\/zrc1904.com\/fr\/maintenance\/","title":{"rendered":"Maintenance"},"content":{"rendered":"<p>Pour une fiabilit\u00e9 optimale, il est primordial de faire contr\u00f4ler votre montre en moyenne tous les cinq ans.<\/p><p>Voici les op\u00e9rations effectu\u00e9es au cours de cette intervention :<\/p><ul><li>Contr\u00f4le et r\u00e9glage du mouvement<\/li>\n\n<li>Contr\u00f4le des fonctions et de la r\u00e9serve de marche<\/li>\n\n<li>Nettoyage du bo\u00eetier et du bracelet<\/li>\n\n<li>Remplacement des joints<\/li>\n\n<li>Contr\u00f4le de l\u2019\u00e9tanch\u00e9it\u00e9<\/li><\/ul><p>Un devis vous sera adress\u00e9 et devra \u00eatre confirm\u00e9 avant toute prise en charge de votre montre.<\/p><p>Contactez notre Centre de Service pour tout renseignement : <a href=\"mailto:customerservice@zrc1904.ch\">customerservice@zrc1904.ch<\/a><\/p><div class=\"block block-separator\">\n            <div class=\"container\">\n        <div class=\"separator\"><\/div>\n            <\/div>\n    <\/div><h2 class=\"wp-block-heading\">R\u00e9vision compl\u00e8te<\/h2><p>Pour une dur\u00e9e de vie maximale, une r\u00e9vision compl\u00e8te est conseill\u00e9e tous les cinq ans.<\/p><p>Voici les op\u00e9rations effectu\u00e9es au cours de cette intervention:<\/p><ul><li>D\u00e9montage complet du mouvement<\/li>\n\n<li>Nettoyage et remplacement des composants us\u00e9s<\/li>\n\n<li>Rafraichissement du bo\u00eetier et du bracelet<\/li>\n\n<li>Remplacement des joints<\/li>\n\n<li>Contr\u00f4le de l\u2019\u00e9tanch\u00e9it\u00e9, des fonctions et de la r\u00e9serve de marche<\/li><\/ul><p>Un devis vous sera adress\u00e9 et devra \u00eatre confirm\u00e9 avant toute prise en charge de votre montre.<\/p><p>Contactez notre Centre de Service pour tout renseignement : <a href=\"mailto:customerservice@zrc1904.ch\">customerservice@zrc1904.ch<\/a><\/p>","protected":false},"excerpt":{"rendered":"<p>Pour une fiabilit\u00e9 optimale, il est primordial de faire contr\u00f4ler votre montre en moyenne tous les cinq ans. Voici les op\u00e9rations effectu\u00e9es au cours de cette intervention : Un devis vous sera adress\u00e9 et devra \u00eatre confirm\u00e9 avant toute prise en charge de votre montre. Contactez notre Centre de Service pour tout renseignement : customerservice@zrc1904.ch [&hellip;]<\/p>\n","protected":false},"author":553,"featured_media":0,"parent":0,"menu_order":0,"comment_status":"closed","ping_status":"closed","template":"template-content-right.php","meta":{"_acf_changed":false,"footnotes":""},"acf":[],"_links":{"self":[{"href":"https:\/\/zrc1904.com\/fr\/wp-json\/wp\/v2\/pages\/65"}],"collection":[{"href":"https:\/\/zrc1904.com\/fr\/wp-json\/wp\/v2\/pages"}],"about":[{"href":"https:\/\/zrc1904.com\/fr\/wp-json\/wp\/v2\/types\/page"}],"author":[{"embeddable":true,"href":"https:\/\/zrc1904.com\/fr\/wp-json\/wp\/v2\/users\/553"}],"replies":[{"embeddable":true,"href":"https:\/\/zrc1904.com\/fr\/wp-json\/wp\/v2\/comments?post=65"}],"version-history":[{"count":10,"href":"https:\/\/zrc1904.com\/fr\/wp-json\/wp\/v2\/pages\/65\/revisions"}],"predecessor-version":[{"id":14025,"href":"https:\/\/zrc1904.com\/fr\/wp-json\/wp\/v2\/pages\/65\/revisions\/14025"}],"wp:attachment":[{"href":"https:\/\/zrc1904.com\/fr\/wp-json\/wp\/v2\/media?parent=65"}],"curies":[{"name":"wp","href":"https:\/\/api.w.org\/{rel}","templated":true}]}}