{"id":4847,"date":"2022-09-09T15:49:13","date_gmt":"2022-09-09T13:49:13","guid":{"rendered":"https:\/\/www.zrc.test\/?page_id=4847"},"modified":"2024-05-20T15:55:27","modified_gmt":"2024-05-20T13:55:27","slug":"conditions-dutilisation","status":"publish","type":"page","link":"https:\/\/zrc1904.com\/fr\/conditions-dutilisation\/","title":{"rendered":"Conditions d&rsquo;utilisation"},"content":{"rendered":"<p>\u00c0 propos de ZRC<sup>\u00ae<\/sup> et des pr\u00e9sentes Conditions d\u2019utilisation<\/p><p>ZRC<sup>\u00ae<\/sup> Gen\u00e8ve SA a son si\u00e8ge social \u00e0 Route de Thonon 152A 1222 VESENAZ Suisse. Le site Internet est d\u00e9tenu et modifi\u00e9 par ZRC<sup>\u00ae<\/sup> Gen\u00e8ve SA Suisse.<\/p><p>Les pr\u00e9sentes Conditions d\u2019utilisation (\u00ab Conditions d\u2019utilisation \u00bb) r\u00e9gissent votre utilisation des Plateformes de ZRC<sup>\u00ae<\/sup>. Dans les pr\u00e9sentes Conditions d\u2019utilisation, nous utilisons le terme ZRC<sup>\u00ae<\/sup> (\u00ab nous \u00bb, \u00ab notre \u00bb et \u00ab nos \u00bb) pour d\u00e9signer le si\u00e8ge social de ZRC<sup>\u00ae<\/sup> Gen\u00e8ve SA dont l\u2019adresse est indiqu\u00e9e ci-dessus.<\/p><p>Veuillez lire attentivement les pr\u00e9sentes Conditions d\u2019utilisation avant d\u2019utiliser la Plateforme. En utilisant la Plateforme, vous signifiez votre consentement et votre accord aux pr\u00e9sentes Conditions d\u2019utilisation. Si vous n\u2019acceptez pas les pr\u00e9sentes Conditions d\u2019utilisation, vous n\u2019\u00eates pas autoris\u00e9 \u00e0 poursuivre votre utilisation de la Plateforme.&nbsp;<\/p><p><strong>Mises \u00e0 jour des pr\u00e9sentes Conditions d\u2019utilisation<\/strong><strong><\/strong><\/p><p>Nous pouvons \u00e0 tout moment apporter des modifications aux pr\u00e9sentes Conditions d\u2019utilisation. Veuillez donc les v\u00e9rifier r\u00e9guli\u00e8rement afin de rester inform\u00e9(e) des mises \u00e0 jour. La derni\u00e8re version des pr\u00e9sentes Conditions d\u2019utilisation sera toujours disponible sur la Plateforme. Toute nouvelle version des pr\u00e9sentes Conditions d\u2019utilisation prendra effet et r\u00e9gira l\u2019utilisation de la Plateforme, ainsi que la relation que vous entretenez avec nous, imm\u00e9diatement au moment de sa date de publication. En continuant \u00e0 utiliser la Plateforme, vous acceptez d\u2019\u00eatre li\u00e9 par les dispositions de ces mises \u00e0 jour et modifications.<\/p><p><strong>\u00c0 propos de nos services d\u2019h\u00e9bergement<\/strong><strong><\/strong><\/p><p>Les services d\u2019h\u00e9bergement du site Internet ZRC<sup>\u00ae<\/sup> sont fournis par la soci\u00e9t\u00e9&nbsp;<strong>HOSTEUR SA (www.hosteur.com)<\/strong>, au capital de&nbsp;<strong>100 000 CHF<\/strong>, immatricul\u00e9e au RCS de&nbsp;<strong>Fribourg en Suisse<\/strong>&nbsp;sous le num\u00e9ro&nbsp;<strong>CH-550-1056728<\/strong>&nbsp;et num\u00e9ro de TVA intracommunautaire&nbsp;<strong>CHE-114.684.132<\/strong>.<\/p><p><strong>Notre politique de confidentialit\u00e9<\/strong><strong><\/strong><\/p><p>Nos pratiques de collecte d\u2019informations sur les Plateformes, tels que les types d\u2019informations que nous recueillons concernant les visiteurs des Plateformes et les mani\u00e8res dont nous pouvons utiliser lesdites informations, sont r\u00e9gies par les dispositions de notre Politique de confidentialit\u00e9.<\/p><p><strong>Utilisation des documents des Plateformes<\/strong><strong><\/strong><\/p><p>ZRC<sup>\u00ae<\/sup> a cr\u00e9\u00e9 ses Plateformes afin de fournir des informations concernant sa soci\u00e9t\u00e9 et ses produits pour votre usage personnel. Bien que des efforts consid\u00e9rables aient \u00e9t\u00e9 d\u00e9ploy\u00e9s afin de s\u2019assurer que les repr\u00e9sentations visuelles des produits ZRC<sup>\u00ae<\/sup> affich\u00e9s sur les Plateformes soient repr\u00e9sentatifs de la couleur, du design, du style, etc. des produits originaux, de l\u00e9g\u00e8res variations, distorsions et \/ ou diff\u00e9rences peuvent appara\u00eetre par rapport au produit original. Cela peut \u00eatre d\u00fb, par exemple, \u00e0 des probl\u00e8mes techniques tels que le param\u00e9trage de votre navigateur ou de votre ordinateur. En cons\u00e9quence, ZRC<sup>\u00ae<\/sup> ne saurait \u00eatre tenue responsable des diff\u00e9rences apparentes entre les images des produits repr\u00e9sent\u00e9s sur les Plateformes et les produits originaux. Nous vous conseillons vivement de visiter l\u2019un de nos Concessionnaires&nbsp; avant d\u2019effectuer un achat en ligne.<\/p><p>Vous pouvez t\u00e9l\u00e9charger une copie informatique ou imprimer une copie du document mis \u00e0 votre disposition via les Plateformes ZRC<sup>\u00ae<\/sup>, et ce uniquement pour votre usage personnel et \u00e0 des fins priv\u00e9es ou domestiques et non-commerciales \u00e0 condition que les avis de propri\u00e9t\u00e9, notamment les avis de propri\u00e9t\u00e9 intellectuelle, tels que les droits d\u2019auteur\u00a9, marques commerciales\u2122, soient conserv\u00e9s intacts et qu\u2019ils ne soient pas supprim\u00e9s ou modifi\u00e9s. Sauf indication contraire, vous devez consid\u00e9rer que tout ce que vous voyez ou lisez sur les Plateformes (comme les cr\u00e9ations ou produits ZRC<sup>\u00ae<\/sup>, les images, les photos, y compris toute personne repr\u00e9sent\u00e9e sur les photos, illustrations, ic\u00f4nes, textes, clips vid\u00e9o, musique, documents \u00e9crits ou autres) (\u00ab Document de ZRC<sup>\u00ae<\/sup> \u00bb) appartient \u00e0 ZRC<sup>\u00ae<\/sup> et est prot\u00e9g\u00e9 par la loi, notamment par toutes les lois prot\u00e9geant les droits d\u2019auteur, les conceptions et marques commerciales, ainsi qu\u2019en vertu des dispositions des trait\u00e9s internationaux et des lois nationales \u00e0 travers le monde.<\/p><p>Il est strictement interdit de vendre, reproduire, distribuer, communiquer, modifier, afficher, ex\u00e9cuter publiquement, rapporter ou autrement \u00e9laborer des \u0153uvres d\u00e9riv\u00e9es ou de seconde main bas\u00e9es sur tout document de ZRC<sup>\u00ae<\/sup> ou d\u2019utiliser ledit document de quelque mani\u00e8re que ce soit \u00e0 des fins publiques ou commerciales. En outre, un Document de ZRC<sup>\u00ae<\/sup> ne peut \u00eatre affich\u00e9 ou communiqu\u00e9 sur toute autre plateforme, dans un environnement informatique en r\u00e9seau ou sur toute autre plateforme num\u00e9rique, \u00e0 quelque fin que ce soit sans l\u2019accord pr\u00e9alable et \u00e9crit de ZRC<sup>\u00ae<\/sup>. En cas de violation de l\u2019une quelconque des pr\u00e9sentes Conditions d\u2019utilisation, votre autorisation d\u2019utiliser un Document de ZRC<sup>\u00ae<\/sup> sera automatiquement r\u00e9sili\u00e9e et toutes les copies effectu\u00e9es dudit Document de ZRC<sup>\u00ae<\/sup> devront \u00eatre imm\u00e9diatement d\u00e9truites et nous nous r\u00e9servons de droit de poursuivre tout contrevenant par toute voie l\u00e9gale et judiciaire. Toute utilisation non autoris\u00e9e d\u2019un Document de ZRC<sup>\u00ae<\/sup> est susceptible d\u2019enfreindre les lois relatives aux droits d\u2019auteur, aux marques commerciales, aux lois sur la confidentialit\u00e9 et la publicit\u00e9, ainsi que les r\u00e8glements et statuts relatifs aux communications.<\/p><p><strong>Vos soumissions et communications non sollicit\u00e9es<\/strong><strong><\/strong><\/p><p>La pr\u00e9sente section porte sur les communications envoy\u00e9es \u00e0 ZRC<sup>\u00ae<\/sup>. Elle ne concerne pas la communication d\u2019informations personnelles \u00e0 ZRC<sup>\u00ae<\/sup> relativement aux demandes de clients, \u00e0 l\u2019utilisation des services ou \u00e0 l\u2019achat de produits par l\u2019interm\u00e9diaire de la Plateforme. Cette derni\u00e8re est r\u00e9gie par les r\u00e8gles \u00e9nonc\u00e9es dans la Politique de confidentialit\u00e9.<\/p><p>Toute communication ou document non sollicit\u00e9 que vous transmettez \u00e0 ZRC<sup>\u00ae<\/sup> via les Plateformes ou par l\u2019interm\u00e9diaire de m\u00e9dias sociaux, par courriel ou autrement, y compris,&nbsp;<\/p><p>sans toutefois s\u2019y limiter, des donn\u00e9es, des questions ou des r\u00e9ponses, commentaires, suggestions ou autres, sera trait\u00e9 comme non-confidentiel et non exclusif par ZRC<sup>\u00ae<\/sup>. En envoyant des communications \u00e0 ZRC<sup>\u00ae<\/sup>, vous octroyez automatiquement \u00e0 ZRC<sup>\u00ae<\/sup> une concession de droits mondiale, libre de redevance, perp\u00e9tuelle, irr\u00e9vocable et non exclusive d\u2019utiliser, reproduire, modifier, publier, \u00e9diter, traduire, distribuer, ex\u00e9cuter et afficher lesdites communications, seules ou dans le cadre d\u2019autres \u0153uvres, sous toute forme, m\u00e9dia ou technologie connu(e) ou d\u00e9velopp\u00e9(e) par la suite, et le droit de c\u00e9der ces droits \u00e0 toute personne. Toutes les informations que vous transmettez peuvent \u00eatre utilis\u00e9es par ZRC<sup>\u00ae<\/sup> et ses soci\u00e9t\u00e9s affili\u00e9es \u00e0 toutes fins, y compris, sans toutefois s\u2019y limiter, de reproduction, de divulgation, de transmission, de publication, de diffusion et d\u2019affichage, ou de d\u00e9veloppement, de fabrication et de commercialisation de produits sur la base desdites informations.<\/p><p>En outre, ZRC<sup>\u00ae<\/sup> jouit d\u2019une r\u00e9putation mondiale \u00e0 la fois dans la conception et la fabrication d&rsquo;articles Pr\u00e9mium de grande qualit\u00e9. \u00c0 cette fin, elle poss\u00e8de ses propres sources cr\u00e9atives, notamment des \u00e9quipes de cr\u00e9ateurs hautement qualifi\u00e9s qui con\u00e7oivent et perfectionnent les cr\u00e9ations de ZRC<sup>\u00ae<\/sup>. En cons\u00e9quence, ZRC<sup>\u00ae<\/sup> ne peut convenir ou accepter d\u2019\u00eatre le destinataire de propositions spontan\u00e9es de collaboration. En effet, il est envisageable que ZRC<sup>\u00ae<\/sup> travaille d\u00e9j\u00e0 sur des id\u00e9es et \/ ou des cr\u00e9ations similaires. Par cons\u00e9quent, nous vous informons que ZRC<sup>\u00ae<\/sup> n\u2019est pas int\u00e9ress\u00e9e par la r\u00e9ception d\u2019id\u00e9es ou d\u2019autres propositions relatives \u00e0 des cr\u00e9ations que vous souhaiteriez pr\u00e9senter.<\/p><p><strong>Limitation de responsabilit\u00e9<\/strong><strong><\/strong><\/p><p>La pr\u00e9sente section s\u2019applique aux Plateformes et non aux produits pouvant \u00eatre vendus en ligne ou par t\u00e9l\u00e9phone par l\u2019un de nos march\u00e9s locaux ou r\u00e9gionaux.<\/p><p>ZRC<sup>\u00ae<\/sup> s\u2019efforce de s\u2019assurer que les informations fournies soient exactes et compl\u00e8tes. Cependant, ZRC<sup>\u00ae<\/sup> ne peut garantir de mani\u00e8re implicite ou explicite que tout document de ZRC<sup>\u00ae<\/sup> est exact, exhaustif ou fiable, ou que l\u2019utilisation dudit document de ZRC<sup>\u00ae<\/sup> n\u2019enfreindra pas les droits de tiers.<\/p><p>ZRC<sup>\u00ae<\/sup> ne garantit pas que les aspects fonctionnels et \/ ou techniques des Plateformes ou tout document de ZRC<sup>\u00ae<\/sup> soit exempt de toute erreur ou que les Plateformes, Documents de ZRC<sup>\u00ae<\/sup> ou les serveurs permettant leur disponibilit\u00e9 soient exempts de virus ou autres composants nuisibles. Si l\u2019utilisation des Plateformes ou de tout document de ZRC<sup>\u00ae<\/sup> entra\u00eene la n\u00e9cessit\u00e9 de r\u00e9parer ou de remplacer des biens, mat\u00e9riels, \u00e9quipements, donn\u00e9es ou autres \u00e9l\u00e9ments, ZRC<sup>\u00ae<\/sup> ne pourra, en aucun cas, \u00eatre tenu responsable de ces co\u00fbts. Sans limiter la port\u00e9e de ce qui pr\u00e9c\u00e8de, tous les \u00e9l\u00e9ments qui vous sont fournis sur les Plateformes le sont \u00ab&nbsp; EN L\u2019ETAT \u00bb ET \u00ab TELS QUE DISPONIBLES \u00bb ET,&nbsp; SAUF DISPOSITION LEGALE IMPERATIVE CONTRAIRE, SANS GARANTIE D\u2019AUCUNE SORTE, EXPLICITE OU IMPLICITE, Y COMPRIS, SANS TOUTEFOIS S\u2019Y LIMITER,&nbsp; EN TERMES DE VALEUR COMMERCIALE, DE QUALIT\u00c9 SATISFAISANTE, D\u2019AD\u00c9QUATION \u00c0 UN USAGE&nbsp; SPECIFIQUE, DE NIVEAU DE SOIN ET DE COMP\u00c9TENCE RAISONNABLES OU DE NON-VIOLATION DES DROITS DE PROPRIETE INTELLECTUELLE. ZRC<sup>\u00ae<\/sup> et ses fournisseurs ne formulent aucune garantie concernant tout document, logiciel, texte, t\u00e9l\u00e9chargement, \u00e9l\u00e9ment graphique ou lien de ZRC<sup>\u00ae<\/sup>, ni aucune garantie quant aux r\u00e9sultats escompt\u00e9s de l\u2019aide des Plateformes.<\/p><p>Sauf disposition l\u00e9gale imp\u00e9rative contraire, ZRC<sup>\u00ae<\/sup> ne saurait \u00eatre tenue responsable des dommages directs ou indirects, de quelque nature, cause, origine ou cons\u00e9quence que ce soit, r\u00e9sultant de l\u2019utilisation des informations disponibles sur les Plateformes ou en relation avec l\u2019utilisation desdites informations, ou tenue responsable concernant toute perte d\u2019utilisation, interruption d\u2019activit\u00e9, perte de profits ou de donn\u00e9es, quelle que soit la forme de l\u2019action, quand bien m\u00eame ZRC<sup>\u00ae<\/sup> ait \u00e9t\u00e9 avis\u00e9e de la possibilit\u00e9 de survenance de tels dommages.<\/p><p>Veuillez noter que dans certaines juridictions, les lois de protection des consommateurs peuvent ne pas autoriser certaines exclusions ou limitations des garanties ou de responsabilit\u00e9 et, par cons\u00e9quent, certaines des exclusions et limitations susmentionn\u00e9es peuvent ne pas s\u2019appliquer.<\/p><p><strong>Avis de marque commerciale<\/strong><strong><\/strong><\/p><p>En g\u00e9n\u00e9ral, toutes les marques commerciales, brevets, logos et marques de service (collectivement les \u00ab Marques commerciales \u00bb) qui apparaissent sur les Plateformes sont des Marques commerciales enregistr\u00e9es, non enregistr\u00e9es ou autrement prot\u00e9g\u00e9es par ZRC<sup>\u00ae<\/sup> ou sont utilis\u00e9es par l\u2019octroi d\u2019une sous licence \u00e0 ZRC<sup>\u00ae<\/sup> par des tiers. Les autres marques sont des marques propri\u00e9taires et ont \u00e9t\u00e9 d\u00e9pos\u00e9es par leurs propri\u00e9taires respectifs. Rien de ce qui est contenu sur les Plateformes ne doit \u00eatre interpr\u00e9t\u00e9 comme pouvant octroyer, de mani\u00e8re implicite ou explicite, une quelconque licence ou un quelconque droit d\u2019utiliser toute marque commerciale ou brevet sans l\u2019autorisation \u00e9crite pr\u00e9alable de ZRC<sup>\u00ae<\/sup> ou du tiers propri\u00e9taire de la marque. Le d\u00e9tournement de toute marque commerciale ou brevet affich\u00e9e sur les Plateformes, ou de tout autre contenu sur les Plateformes, est strictement interdit, sauf disposition contraire contenue dans les pr\u00e9sentes et sera poursuivi par toute voie de droit.<\/p><p><strong>Avis de droit d\u2019auteur<\/strong><strong><\/strong><\/p><p>Tout contenu (y compris les Documents de ZRC<sup>\u00ae<\/sup>) pr\u00e9sent sur les Plateformes est soit prot\u00e9g\u00e9 par des droits d\u2019auteur (Copyright\u00a9) de ZRC<sup>\u00ae<\/sup>, soit octroy\u00e9 sous licence \u00e0 ZRC<sup>\u00ae<\/sup> et utilis\u00e9 par cette derni\u00e8re. Tous les droits sont r\u00e9serv\u00e9s. Veuillez vous reporter \u00e0 la section ci-dessus relative \u00e0 l\u2019utilisation des Documents sur les Plateformes.<\/p><p><strong>Liens et liaison<\/strong><strong><\/strong><\/p><p>Les Plateformes peuvent contenir des liens vers d\u2019autres plateformes exploit\u00e9es par des tiers non affili\u00e9s \u00e0 ZRC<sup>\u00ae<\/sup>. L\u2019inclusion de tout lien vers ces sites tiers n\u2019implique pas l\u2019approbation par ZRC<sup>\u00ae<\/sup> du contenu de ces sites. ZRC<sup>\u00ae<\/sup> n\u2019a pas examin\u00e9 l\u2019int\u00e9gralit\u00e9 du contenu de ces sites li\u00e9s et ne peut \u00eatre tenu responsable du contenu ou de l\u2019exactitude des pages hors site ou de tout autre site li\u00e9 \u00e0 l\u2019une quelconque de nos Plateformes. Si vous choisissez de cliquer sur un lien vers des pages hors site ou vers des sites tiers, vous agissez \u00e0 vos propres risques.<\/p><p>ZRC<sup>\u00ae<\/sup> n\u2019autorise aucune liaison vers l\u2019une quelconque de ses Plateformes \u00e0 partir d\u2019une plateforme tierce sans son autorisation pr\u00e9alable \u00e9crite.<\/p><p><strong>R\u00e9siliation et suspension<\/strong><strong><\/strong><\/p><p>Vous acceptez que ZRC<sup>\u00ae<\/sup> puisse sans pr\u00e9judice de ses autres droits r\u00e9silier ou suspendre de plein droit votre acc\u00e8s et votre utilisation des Plateformes, avec ou sans pr\u00e9avis, en cas de manquement de votre part \u00e0 l\u2019une quelconque des stipulations du pr\u00e9sent contrat, ou en cas de violation de votre part des droits de ZRC<sup>\u00ae<\/sup>, de ses soci\u00e9t\u00e9s affili\u00e9es ou d\u2019un tiers. Vous acceptez que ZRC<sup>\u00ae<\/sup> puisse modifier ou suspendre l\u2019acc\u00e8s \u00e0 l\u2019une quelconque des Plateformes, avec ou sans pr\u00e9avis. Vous acceptez que ZRC<sup>\u00ae<\/sup> ne puisse \u00eatre tenue responsable envers vous ou tout tiers \u00e0 la suite d\u2019une telle modification ou suspension. Les dispositions intitul\u00e9es \u00ab Limitation de responsabilit\u00e9 \u00bb et \u00ab Dispositions g\u00e9n\u00e9rales \u00bb survivront \u00e0 la r\u00e9siliation des pr\u00e9sentes Conditions d\u2019utilisation.<\/p><p><strong>Dispositions g\u00e9n\u00e9rales<\/strong><strong><\/strong><\/p><p>Sauf stipulation contraire, les informations et Documents de ZRC<sup>\u00ae<\/sup> pr\u00e9sent\u00e9s sur les Plateformes sont pr\u00e9sent\u00e9s uniquement \u00e0 des fins de promotion des produits et services de ZRC<sup>\u00ae<\/sup> et, dans certains cas, de pr\u00e9sentation des produits \u00e0 vendre via une vari\u00e9t\u00e9 de moyens. ZRC<sup>\u00ae<\/sup> ne fait aucune d\u00e9claration stipulant que les Documents de ZRC<sup>\u00ae<\/sup> sont appropri\u00e9s ou disponibles en vue de leur utilisation dans tous les pays du monde. Vous \u00eates responsable de la conformit\u00e9 avec les lois locales applicables, tout en gardant \u00e0 l\u2019esprit que l\u2019acc\u00e8s aux Documents de ZRC<sup>\u00ae<\/sup> peut ne pas s\u2019av\u00e9rer l\u00e9gal pour certaines personnes ou dans certains pays. Nos produits sont disponibles dans de nombreuses parties du monde. Toutefois, les Plateformes peuvent identifier des produits qui ne sont pas disponibles dans le monde entier notamment concernant les Editions Sp\u00e9ciale.<\/p><p>Si une ou plusieurs stipulations des pr\u00e9sentes Conditions d\u2019utilisation sont tenues pour non valides ou consid\u00e9r\u00e9es comme telles en application d&rsquo;une loi, d&rsquo;un r\u00e8glement ou d&rsquo;une d\u00e9cision d\u00e9finitive d&rsquo;une juridiction comp\u00e9tente, elles seront r\u00e9put\u00e9es non-\u00e9crites et les autres stipulations demeureront en vigueur.<\/p><p>Les pr\u00e9sentes Conditions d\u2019utilisation constituent l\u2019int\u00e9gralit\u00e9 de l\u2019accord entre vous et nous relativement \u00e0 l\u2019utilisation de la Plateforme. Elles remplacent et \u00e9teignent tous les accords, projets d\u2019accords, arrangements, engagements ou contrats accessoires ant\u00e9rieurs conclus par les parties, de quelque nature qu\u2019ils soient, que ce soit par voie orale ou \u00e9crite, relativement \u00e0 un tel objet.<\/p><p>La renonciation \u00e0 ses droits par ZRC<sup>\u00ae<\/sup> suite \u00e0 la violation de l\u2019une quelconque des dispositions des pr\u00e9sentes Conditions d\u2019utilisation ne pourra \u00eatre interpr\u00e9t\u00e9e comme une renonciation de ses droits suite \u00e0 toute autre violation ou violation ult\u00e9rieure.<\/p><p><strong>Droit applicable et juridiction<\/strong><strong><\/strong><\/p><p>Les pr\u00e9sentes Conditions d\u2019utilisation sont r\u00e9gies et interpr\u00e9t\u00e9es conform\u00e9ment aux lois de Suisse, sans r\u00e9f\u00e9rence au conflit de lois. Tout litige, controverse ou r\u00e9clamation d\u00e9coulant des Conditions d\u2019utilisation ou en relation avec celles-ci, y compris concernant la validit\u00e9, la nullit\u00e9, la violation ou la r\u00e9siliation de celles-ci, sera tranch\u00e9 ou arbitr\u00e9 conform\u00e9ment auxdites Conditions d\u2019utilisation. Lorsque les lois de Suisse sont diff\u00e9rentes des lois obligatoires relatives \u00e0 la consommation dans votre propre pays, nous vous assurerons une protection similaire.<\/p><p><strong>Nous contacter<\/strong><strong><\/strong><\/p><p>Si vous avez des questions ou des commentaires concernant les pr\u00e9sentes Conditions d\u2019utilisation, ou des questions d\u2019ordre g\u00e9n\u00e9ral, veuillez nous contacter \u00e0 l\u2019adresse indiqu\u00e9e ci-dessous. Vous pouvez \u00e9galement utiliser cette adresse si vous souhaitez nous demander une copie concernant les informations personnelles que nous d\u00e9tenons \u00e0 votre \u00e9gard.<\/p><p>E-mail: customerservice@zrc1904.com<\/p><p>Derni\u00e8re mise \u00e0 jour : Juin 2018<\/p><p><strong>Certificat d\u2019 Authenticit\u00e9 ZRC<sup>\u00ae<\/sup><\/strong><strong><\/strong><\/p><p>ZRC<sup>\u00ae<\/sup> s\u2019assure scrupuleusement que chaque produit est rigoureusement conforme aux normes de qualit\u00e9 qui lui sont applicables et qu\u2019il a satisfait \u00e0 tous les contr\u00f4les, \u00e0 la fois techniques et esth\u00e9tiques.<\/p><p>Les produits s\u00e9lectionn\u00e9s sont couverts par la Garantie Internationale ZRC<sup>\u00ae<\/sup>. Si vous souhaitez r\u00e9parer un produit couvert par la Garantie Internationale ZRC<sup>\u00ae<\/sup>, veuillez vous y reporter ou appeler notre Centre de Relations Client pour en savoir plus.&nbsp;<\/p><p><strong>Lexique ZRC<sup>\u00ae<\/sup><\/strong><\/p><p><strong>PLATEFORMES :&nbsp;<\/strong><strong><\/strong><\/p><p>Le site internet \/ Facebook \/ Instagram \/ Mini site North Adventure \/ KickStarter \/ Site internet de nos concessionnaires \/ Les groupes Facebook (liste non exhaustive).<\/p><p><strong>GARANTIE :<\/strong><strong><\/strong><\/p><p>L\u2019ensemble des obligations contractuelles ou l\u00e9gales qui engagent un fournisseur \u2014 le garant \u2014 envers un acqu\u00e9reur lors de la vente d&rsquo;un bien ou lors de la fourniture d&rsquo;un service.<\/p><p><strong>COMMANDE :<\/strong><strong><\/strong><\/p><p>Ordre par lequel un client demande une marchandise ou un service dans un d\u00e9lai d\u00e9termin\u00e9.<\/p><p><strong>RETOUR DE MARCHANDISE :<\/strong><strong><\/strong><\/p><p>Marchandises renvoy\u00e9es au fournisseur, soit parce qu&rsquo;elles ne sont pas conformes \u00e0 la commande ou qu&rsquo;elles pr\u00e9sentent des d\u00e9fauts de fabrication.<\/p><p><strong>FAQ :<\/strong><strong><\/strong><\/p><p>Foire aux questions. Pour toutes questions concernant la marque ZRC<sup>\u00ae<\/sup> et\/ou les produits ZRC<sup>\u00ae<\/sup> vous r\u00e9f\u00e9rez au FAQ.<\/p><p><strong>CONDITIONS GENERALES DE VENTE :<\/strong><strong><\/strong><\/p><p>Les Conditions g\u00e9n\u00e9rales de vente ou CGV sont des informations fournies par un fournisseur \u00e0 son client sur les conditions l\u00e9gales de vente de ses produits ou services en l&rsquo;absence d&rsquo;accord sp\u00e9cifique.<\/p><p>Sans mention expresse, l&rsquo;achat d&rsquo;un bien ou d&rsquo;un service \u00e0 ce fournisseur constitue une acceptation implicite de ces conditions.<\/p><p><strong>POLITIQUE DE CONFIDENTIALITE :<\/strong><strong><\/strong><\/p><p>La politique de confidentialit\u00e9 est un \u00e9crit qui d\u00e9crit comment une soci\u00e9t\u00e9 retient, traite, publie et efface les donn\u00e9es transmises par ses clients.&nbsp;<\/p><p>Une politique de confidentialit\u00e9 devrait habituellement contenir des clauses qui d\u00e9crivent comment les informations personnelles sont archiv\u00e9es, comment elles peuvent \u00eatre&nbsp;<\/p><p>utilis\u00e9es, les personnes \u00e0 qui elles pourraient \u00eatre transmises, les mesures de protection mises en place. Dans le cas de sites web, elle devrait \u00e9galement indiquer si le site a recours \u00e0 des cookies.<\/p><p>Certaines clauses diff\u00e8rent d&rsquo;un pays \u00e0 l&rsquo;autre, selon les lois locales en vigueur.<\/p><p><strong>CONDITION D\u2019UTILISATION :<\/strong><strong><\/strong><\/p><p>Les conditions g\u00e9n\u00e9rales d\u2019utilisation ne sont pas un document obligatoire. Il s\u2019agit d\u2019un document optionnel qu\u2019il est possible de soumettre \u00e0 l\u2019utilisateur d\u2019un service ou d\u2019un produit pour en encadrer l\u2019utilisation.<\/p><p>Les conditions g\u00e9n\u00e9rales d\u2019utilisation sont un document contractuel. On parle de contrat d\u2019adh\u00e9sion par opposition au contrat n\u00e9goci\u00e9. L\u2019utilisateur du service choisit de les accepter ou de les refuser mais ne n\u00e9gocie pas leur contenu avec l\u2019exploitant du service.<\/p><p>Comme tout document contractuel, les conditions g\u00e9n\u00e9rales d\u2019utilisation engagent l\u2019utilisateur du service et son exploitant \u00e0 en respecter le contenu.<\/p>","protected":false},"excerpt":{"rendered":"<p>\u00c0 propos de ZRC\u00ae et des pr\u00e9sentes Conditions d\u2019utilisation ZRC\u00ae Gen\u00e8ve SA a son si\u00e8ge social \u00e0 Route de Thonon 152A 1222 VESENAZ Suisse. Le site Internet est d\u00e9tenu et modifi\u00e9 par ZRC\u00ae Gen\u00e8ve SA Suisse. Les pr\u00e9sentes Conditions d\u2019utilisation (\u00ab Conditions d\u2019utilisation \u00bb) r\u00e9gissent votre utilisation des Plateformes de ZRC\u00ae. Dans les pr\u00e9sentes Conditions [&hellip;]<\/p>\n","protected":false},"author":553,"featured_media":0,"parent":0,"menu_order":0,"comment_status":"closed","ping_status":"closed","template":"","meta":{"_acf_changed":false,"footnotes":""},"acf":[],"_links":{"self":[{"href":"https:\/\/zrc1904.com\/fr\/wp-json\/wp\/v2\/pages\/4847"}],"collection":[{"href":"https:\/\/zrc1904.com\/fr\/wp-json\/wp\/v2\/pages"}],"about":[{"href":"https:\/\/zrc1904.com\/fr\/wp-json\/wp\/v2\/types\/page"}],"author":[{"embeddable":true,"href":"https:\/\/zrc1904.com\/fr\/wp-json\/wp\/v2\/users\/553"}],"replies":[{"embeddable":true,"href":"https:\/\/zrc1904.com\/fr\/wp-json\/wp\/v2\/comments?post=4847"}],"version-history":[{"count":4,"href":"https:\/\/zrc1904.com\/fr\/wp-json\/wp\/v2\/pages\/4847\/revisions"}],"predecessor-version":[{"id":11220,"href":"https:\/\/zrc1904.com\/fr\/wp-json\/wp\/v2\/pages\/4847\/revisions\/11220"}],"wp:attachment":[{"href":"https:\/\/zrc1904.com\/fr\/wp-json\/wp\/v2\/media?parent=4847"}],"curies":[{"name":"wp","href":"https:\/\/api.w.org\/{rel}","templated":true}]}}