{"id":2,"date":"2021-11-05T11:52:00","date_gmt":"2021-11-05T10:52:00","guid":{"rendered":"https:\/\/www.zrc.test\/?page_id=2"},"modified":"2026-04-08T13:58:38","modified_gmt":"2026-04-08T11:58:38","slug":"page-d-exemple","status":"publish","type":"page","link":"https:\/\/zrc1904.com\/fr\/","title":{"rendered":"ZRC 1904 &#8211; La vie est aventures"},"content":{"rendered":"<div class=\"block block-content-cta\">\n            <div class=\"cta-item\">\n                            <iframe src=\"https:\/\/player.vimeo.com\/video\/1180944742?badge=0&amp;background=1&#038;autopause=0&amp;player_id=0&amp;app_id=58479\" frameborder=\"0\" allow=\"autoplay; fullscreen; picture-in-picture; clipboard-write\"  title=\"Maximisez votre Rendement \u00c9nerg\u00e9tique avec nos Solutions Solaires Innovantes\"><\/iframe>\n            \n            <a href=\"https:\/\/zrc1904.com\/fr\/categorie\/collections-fr\/montres-grands-fonds\/\" class=\"cta-item-link\" aria-label=\"\"><\/a>\n            <div class=\"cta-item-content\">\n                <span><\/span>\n                <h2 class=\"h1\"><\/h2>\n            <\/div>\n        <\/div>\n    <\/div><div class=\"block block-content-cta\">\n            <div class=\"cta-item\">\n                                            <img loading=\"lazy\" decoding=\"async\" width=\"700\" height=\"630\" src=\"https:\/\/zrc1904.com\/wp-content\/uploads\/2024\/03\/120-ans-home.jpg\" class=\"attachment-full size-full\" alt=\"120 ans d&#039;histoire\" srcset=\"https:\/\/zrc1904.com\/wp-content\/uploads\/2024\/03\/120-ans-home.jpg 700w, https:\/\/zrc1904.com\/wp-content\/uploads\/2024\/03\/120-ans-home-510x459.jpg 510w, https:\/\/zrc1904.com\/wp-content\/uploads\/2024\/03\/120-ans-home-100x90.jpg 100w\" sizes=\"(max-width: 700px) 100vw, 700px\" \/>\n            \n            <a href=\"https:\/\/zrc1904.com\/fr\/la-marque\/histoire\/\" class=\"cta-item-link\" aria-label=\"120 ans d'histoire\"><\/a>\n            <div class=\"cta-item-content\">\n                <span>Une histoire de marque<\/span>\n                <h2 class=\"h1\">120 ans d&rsquo;histoire<\/h2>\n            <\/div>\n        <\/div>\n            <div class=\"cta-item\">\n                                            <img loading=\"lazy\" decoding=\"async\" width=\"700\" height=\"630\" src=\"https:\/\/zrc1904.com\/wp-content\/uploads\/2024\/03\/zrc-marine-home.jpg\" class=\"attachment-full size-full\" alt=\"ZRC\u00ae et la Marine nationale\" srcset=\"https:\/\/zrc1904.com\/wp-content\/uploads\/2024\/03\/zrc-marine-home.jpg 700w, https:\/\/zrc1904.com\/wp-content\/uploads\/2024\/03\/zrc-marine-home-510x459.jpg 510w, https:\/\/zrc1904.com\/wp-content\/uploads\/2024\/03\/zrc-marine-home-100x90.jpg 100w\" sizes=\"(max-width: 700px) 100vw, 700px\" \/>\n            \n            <a href=\"https:\/\/zrc1904.com\/fr\/la-marque\/zrc-et-la-marine-nationale\/\" class=\"cta-item-link\" aria-label=\"ZRC\u00ae et la Marine nationale\"><\/a>\n            <div class=\"cta-item-content\">\n                <span>Une histoire de marque<\/span>\n                <h2 class=\"h1\">ZRC<sup>\u00ae<\/sup> et la Marine nationale<\/h2>\n            <\/div>\n        <\/div>\n    <\/div><div class=\"block block-recent-news\">\n    <div class=\"decorative-zrc-shape\"><\/div>\n    <div class=\"container\">\n        <div class=\"entry-content\">\n            <h2 class=\"h1\"><!-- wp:acf\/savoir-faire {\"name\":\"acf\/savoir-faire\",\"data\":{\"title\":\"\",\"_title\":\"field_61d566c340a84\",\"contents_0_image\":3374,\"_contents_0_image\":\"field_61d5671b40a86\",\"contents_0_title\":\"\",\"_contents_0_title\":\"field_61d5673e40a87\",\"contents_0_subtitle\":\"\",\"_contents_0_subtitle\":\"field_61d69c915b7c3\",\"contents_0_content\":\"C\u2019est lors d\u2019une rencontre entre Yves PASTRES et Georges BRUNET que l\u2019id\u00e9e de l\u2019ECS\\u003csup\\u003e\u00ae\\u003c\/sup\\u003e va germer dans l\u2019esprit du jeune chef d\u2019entreprise. Le vieil horloger ne cessait de raconter combien de lunettes il avait chang\u00e9 au cours de sa longue carri\u00e8re et de la n\u00e9cessit\u00e9 de trouver un syst\u00e8me pour \u00e9viter leur usure pr\u00e9matur\u00e9e au contact du sel marin.\\r\\nC\u2019est presque 10 ans plus tard que Georges BRUNET trouvera la solution : inspir\u00e9 par une sc\u00e8ne du film \u00ab\u00a0Das Boot\u00a0\u00bb, il comprend que plut\u00f4t que d\u2019essayer d\u2019emp\u00eacher l\u2019eau de rentrer, il serait plus intelligent de lui permettre de circuler librement afin de pouvoir rincer les composants expos\u00e9s aux diff\u00e9rents \u00e9l\u00e9ments et ainsi prolonger leur int\u00e9grit\u00e9. L\u2019ECS\\u003csup\\u003e\u00ae\\u003c\/sup\\u003e \u00e9tait n\u00e9.\",\"_contents_0_content\":\"field_61d5674e40a88\",\"contents_1_image\":10914,\"_contents_1_image\":\"field_61d5671b40a86\",\"contents_1_title\":\"Easy Clean System\",\"_contents_1_title\":\"field_61d5673e40a87\",\"contents_1_subtitle\":\"Brevet n\u00b01462496\",\"_contents_1_subtitle\":\"field_61d69c915b7c3\",\"contents_1_content\":\"L\u2019ECS\\u003csup\\u003e\u00ae\\u003c\/sup\\u003e\u00a0est une solution technique r\u00e9pondant \u00e0 la probl\u00e9matique constat\u00e9e par les plongeurs d\u00e9mineurs de la Marine Nationale au cours de leurs multiples plong\u00e9es : le sel se cristallisait dans les espaces entre la lunette et le boitier, bloquant ainsi sa rotation. Pour la r\u00e9\u00e9dition 2015 de la Grands Fonds 300\\u003csup\\u003e\u00ae\\u003c\/sup\\u003e, ZRC\\u003csup\\u003e\u00ae\\u003c\/sup\\u003e\u00a0a mis au point et brevet\u00e9 une solution fonctionnelle. L\u2019ECS\\u003csup\\u003e\u00ae\\u003c\/sup\\u003e\u00a0est n\u00e9. Syst\u00e8me unique de nettoyage de l\u2019int\u00e9rieur de la lunette par une circulation d\u2019eau claire permettant la dilution et l\u2019\u00e9vacuation du sel de mer, l\u2019ECS\\u003csup\\u003e\u00ae\\u003c\/sup\\u003e\u00a0est l\u2019hommage ultime \u00e0 la Grands Fonds\\u003csup\\u003e\u00ae\\u003c\/sup\\u003e\u00a0d\u2019origine et s\u2019inscrit clairement dans l\u2019ADN de la marque.\",\"_contents_1_content\":\"field_61d5674e40a88\",\"contents\":2,\"_contents\":\"field_61d566de40a85\"},\"mode\":\"edit\"} \/-->Journal de Bord<\/h2>\n                            <p>\n                    Toute l\u2019actualit\u00e9 de ZRC\u00ae                <\/p>\n                        <div class=\"news-grid\">\n                                            <div class=\"news\">\n                                <a href=\"https:\/\/zrc1904.com\/fr\/phenix-q157\/\" class=\"news-thumbnail\">\n                                    <img loading=\"lazy\" decoding=\"async\" width=\"800\" height=\"450\" src=\"https:\/\/zrc1904.com\/wp-content\/uploads\/2024\/01\/phoenix-vignette-1.jpg\" class=\"attachment-post-thumbnail size-post-thumbnail wp-post-image\" alt=\"phoenix-vignette\" srcset=\"https:\/\/zrc1904.com\/wp-content\/uploads\/2024\/01\/phoenix-vignette-1.jpg 800w, https:\/\/zrc1904.com\/wp-content\/uploads\/2024\/01\/phoenix-vignette-1-510x287.jpg 510w, https:\/\/zrc1904.com\/wp-content\/uploads\/2024\/01\/phoenix-vignette-1-768x432.jpg 768w, https:\/\/zrc1904.com\/wp-content\/uploads\/2024\/01\/phoenix-vignette-1-100x56.jpg 100w\" sizes=\"(max-width: 800px) 100vw, 800px\" title=\"phoenix-vignette\" \/>                                <\/a>\n                                <div class=\"news-body\">\n                                    <time>11 janvier 2024<\/time>\n                                    <h3>\n                                        <a href=\"https:\/\/zrc1904.com\/fr\/phenix-q157\/\">\n                                            PHENIX Q157                                        <\/a>\n                                    <\/h3>\n                                    <p>\n                                        <a href=\"https:\/\/zrc1904.com\/fr\/phenix-q157\/\">\n                                                                                    <\/a>\n                                    <\/p>\n                                <\/div>\n                            <\/div>\n                                                    <div class=\"news\">\n                                <a href=\"https:\/\/zrc1904.com\/fr\/south-adventure\/\" class=\"news-thumbnail\">\n                                    <img loading=\"lazy\" decoding=\"async\" width=\"800\" height=\"450\" src=\"https:\/\/zrc1904.com\/wp-content\/uploads\/2023\/04\/south-vignette.jpg\" class=\"attachment-post-thumbnail size-post-thumbnail wp-post-image\" alt=\"south-vignette\" srcset=\"https:\/\/zrc1904.com\/wp-content\/uploads\/2023\/04\/south-vignette.jpg 800w, https:\/\/zrc1904.com\/wp-content\/uploads\/2023\/04\/south-vignette-510x287.jpg 510w, https:\/\/zrc1904.com\/wp-content\/uploads\/2023\/04\/south-vignette-768x432.jpg 768w, https:\/\/zrc1904.com\/wp-content\/uploads\/2023\/04\/south-vignette-100x56.jpg 100w\" sizes=\"(max-width: 800px) 100vw, 800px\" title=\"south-vignette\" \/>                                <\/a>\n                                <div class=\"news-body\">\n                                    <time>11 avril 2023<\/time>\n                                    <h3>\n                                        <a href=\"https:\/\/zrc1904.com\/fr\/south-adventure\/\">\n                                            SOUTH ADVENTURE                                        <\/a>\n                                    <\/h3>\n                                    <p>\n                                        <a href=\"https:\/\/zrc1904.com\/fr\/south-adventure\/\">\n                                                                                    <\/a>\n                                    <\/p>\n                                <\/div>\n                            <\/div>\n                                                    <div class=\"news\">\n                                <a href=\"https:\/\/zrc1904.com\/fr\/edition-limitee-plongeurs-du-gign\/\" class=\"news-thumbnail\">\n                                    <img loading=\"lazy\" decoding=\"async\" width=\"768\" height=\"408\" src=\"https:\/\/zrc1904.com\/wp-content\/uploads\/2022\/08\/gign-vignette-2025.jpg\" class=\"attachment-post-thumbnail size-post-thumbnail wp-post-image\" alt=\"gign-vignette-2025\" srcset=\"https:\/\/zrc1904.com\/wp-content\/uploads\/2022\/08\/gign-vignette-2025.jpg 768w, https:\/\/zrc1904.com\/wp-content\/uploads\/2022\/08\/gign-vignette-2025-510x271.jpg 510w, https:\/\/zrc1904.com\/wp-content\/uploads\/2022\/08\/gign-vignette-2025-100x53.jpg 100w\" sizes=\"(max-width: 768px) 100vw, 768px\" title=\"gign-vignette-2025\" \/>                                <\/a>\n                                <div class=\"news-body\">\n                                    <time>01 ao\u00fbt 2022<\/time>\n                                    <h3>\n                                        <a href=\"https:\/\/zrc1904.com\/fr\/edition-limitee-plongeurs-du-gign\/\">\n                                            \u00c9DITION LIMIT\u00c9E PLONGEURS DU GIGN                                        <\/a>\n                                    <\/h3>\n                                    <p>\n                                        <a href=\"https:\/\/zrc1904.com\/fr\/edition-limitee-plongeurs-du-gign\/\">\n                                                                                    <\/a>\n                                    <\/p>\n                                <\/div>\n                            <\/div>\n                                    <\/div>\n            <div class=\"news-button\">\n                <a href=\"https:\/\/zrc1904.com\/fr\/journal-de-bord\/\" class=\"btn btn-black\">View all<\/a>\n            <\/div>\n        <\/div>\n    <\/div>\n<\/div><div class=\"block block-content-cta\">\n            <div class=\"cta-item\">\n                                            <img loading=\"lazy\" decoding=\"async\" width=\"700\" height=\"630\" src=\"https:\/\/zrc1904.com\/wp-content\/uploads\/2024\/03\/ambassadeur-catalin-preda-home.jpg\" class=\"attachment-full size-full\" alt=\"C\u0103t\u0103linPreda\" srcset=\"https:\/\/zrc1904.com\/wp-content\/uploads\/2024\/03\/ambassadeur-catalin-preda-home.jpg 700w, https:\/\/zrc1904.com\/wp-content\/uploads\/2024\/03\/ambassadeur-catalin-preda-home-510x459.jpg 510w, https:\/\/zrc1904.com\/wp-content\/uploads\/2024\/03\/ambassadeur-catalin-preda-home-100x90.jpg 100w\" sizes=\"(max-width: 700px) 100vw, 700px\" \/>\n            \n            <a href=\"https:\/\/zrc1904.com\/fr\/ambassadeurs\/catalin-preda-plongeur-de-haut-niveau\/\" class=\"cta-item-link\" aria-label=\"C\u0103t\u0103linPreda\"><\/a>\n            <div class=\"cta-item-content\">\n                <span>Ambassadeur<\/span>\n                <h2 class=\"h1\">C\u0103t\u0103lin<br>Preda<\/h2>\n            <\/div>\n        <\/div>\n            <div class=\"cta-item\">\n                                            <img loading=\"lazy\" decoding=\"async\" width=\"700\" height=\"630\" src=\"https:\/\/zrc1904.com\/wp-content\/uploads\/2024\/03\/ambassadeur-stephane-tourreau-home.jpg\" class=\"attachment-full size-full\" alt=\"St\u00e9phane  Tourreau\" srcset=\"https:\/\/zrc1904.com\/wp-content\/uploads\/2024\/03\/ambassadeur-stephane-tourreau-home.jpg 700w, https:\/\/zrc1904.com\/wp-content\/uploads\/2024\/03\/ambassadeur-stephane-tourreau-home-510x459.jpg 510w, https:\/\/zrc1904.com\/wp-content\/uploads\/2024\/03\/ambassadeur-stephane-tourreau-home-100x90.jpg 100w\" sizes=\"(max-width: 700px) 100vw, 700px\" \/>\n            \n            <a href=\"https:\/\/zrc1904.com\/fr\/ambassadeurs\/stephane-tourreau-apneiste\/\" class=\"cta-item-link\" aria-label=\"St\u00e9phane  Tourreau\"><\/a>\n            <div class=\"cta-item-content\">\n                <span>Ambassadeur<\/span>\n                <h2 class=\"h1\">St\u00e9phane  Tourreau<\/h2>\n            <\/div>\n        <\/div>\n            <div class=\"cta-item\">\n                                            <img loading=\"lazy\" decoding=\"async\" width=\"700\" height=\"630\" src=\"https:\/\/zrc1904.com\/wp-content\/uploads\/2024\/04\/ambassadeur-sebastien-bouillet-home.jpg\" class=\"attachment-full size-full\" alt=\"S\u00e9bastien Bouillet\" srcset=\"https:\/\/zrc1904.com\/wp-content\/uploads\/2024\/04\/ambassadeur-sebastien-bouillet-home.jpg 700w, https:\/\/zrc1904.com\/wp-content\/uploads\/2024\/04\/ambassadeur-sebastien-bouillet-home-510x459.jpg 510w, https:\/\/zrc1904.com\/wp-content\/uploads\/2024\/04\/ambassadeur-sebastien-bouillet-home-100x90.jpg 100w\" sizes=\"(max-width: 700px) 100vw, 700px\" \/>\n            \n            <a href=\"https:\/\/zrc1904.com\/fr\/ambassadeurs\/sebastien-bouillet-patissier-chocolatier\/\" class=\"cta-item-link\" aria-label=\"S\u00e9bastien Bouillet\"><\/a>\n            <div class=\"cta-item-content\">\n                <span>Ambassadeur<\/span>\n                <h2 class=\"h1\">S\u00e9bastien Bouillet<\/h2>\n            <\/div>\n        <\/div>\n    <\/div><div class=\"block block-content-hero\">\n    <div class=\"container\">\n        <div class=\"entry-content\">\n            <h2>LES SAVOIR-FAIRE ZRC<sup>\u00ae<\/sup><\/h2>\n            <p>Gr\u00e2ce \u00e0 son exp\u00e9rience, fort de son expertise, ZRC<sup>\u00ae<\/sup>  ne cesse d\u2019innover pour proposer des montres de haute qualit\u00e9.<\/p>\n                            <div class=\"btn-centered\">\n                    <a class=\"btn btn-black\" href=\"https:\/\/zrc1904.com\/fr\/savoir-faire\/\" target=\"_self\">\n                        D\u00e9couvrir                    <\/a>\n                <\/div>\n                    <\/div>\n    <\/div>\n<\/div><div class=\"block block-content-cta\">\n            <div class=\"cta-item\">\n                                            <img loading=\"lazy\" decoding=\"async\" width=\"700\" height=\"630\" src=\"https:\/\/zrc1904.com\/wp-content\/uploads\/2024\/03\/divetestcenter1-home.jpg\" class=\"attachment-full size-full\" alt=\"Centre de Plong\u00e9e\" srcset=\"https:\/\/zrc1904.com\/wp-content\/uploads\/2024\/03\/divetestcenter1-home.jpg 700w, https:\/\/zrc1904.com\/wp-content\/uploads\/2024\/03\/divetestcenter1-home-510x459.jpg 510w, https:\/\/zrc1904.com\/wp-content\/uploads\/2024\/03\/divetestcenter1-home-100x90.jpg 100w\" sizes=\"(max-width: 700px) 100vw, 700px\" \/>\n            \n            <a href=\"https:\/\/zrc1904.com\/fr\/dive-test-center\/centre-de-plongee-lavandou\/\" class=\"cta-item-link\" aria-label=\"Centre de Plong\u00e9e\"><\/a>\n            <div class=\"cta-item-content\">\n                <span>Dive test center<\/span>\n                <h2 class=\"h1\">Centre de Plong\u00e9e<\/h2>\n            <\/div>\n        <\/div>\n            <div class=\"cta-item\">\n                                            <img loading=\"lazy\" decoding=\"async\" width=\"700\" height=\"630\" src=\"https:\/\/zrc1904.com\/wp-content\/uploads\/2024\/03\/divetestcenter2-home.jpg\" class=\"attachment-full size-full\" alt=\"Centre de test ZRC\u00ae\" srcset=\"https:\/\/zrc1904.com\/wp-content\/uploads\/2024\/03\/divetestcenter2-home.jpg 700w, https:\/\/zrc1904.com\/wp-content\/uploads\/2024\/03\/divetestcenter2-home-510x459.jpg 510w, https:\/\/zrc1904.com\/wp-content\/uploads\/2024\/03\/divetestcenter2-home-100x90.jpg 100w\" sizes=\"(max-width: 700px) 100vw, 700px\" \/>\n            \n            <a href=\"https:\/\/zrc1904.com\/fr\/dive-test-center\/centre-de-test-zrc\/\" class=\"cta-item-link\" aria-label=\"Centre de test ZRC\u00ae\"><\/a>\n            <div class=\"cta-item-content\">\n                <span>Dive test center<\/span>\n                <h2 class=\"h1\">Centre de test ZRC\u00ae<\/h2>\n            <\/div>\n        <\/div>\n    <\/div><div style=\"height:30px\" aria-hidden=\"true\" class=\"wp-block-spacer\"><\/div><p class=\"has-text-align-center\">Sp\u00e9cialiste reconnu du boitier de montres \u00e9tanches depuis les ann\u00e9es 20, ZRC<sup>\u00ae<\/sup> poss\u00e8de une renomm\u00e9e internationalement dans la fabrication de <a href=\"https:\/\/zrc1904.com\/fr\/categorie\/collections-fr\/montres-grands-fonds\/\">montres de plong\u00e9e de grande qualit\u00e9<\/a>. <br>Transmise de g\u00e9n\u00e9ration en g\u00e9n\u00e9ration ces connaissances ont permis le d\u00e9veloppement du <a href=\"https:\/\/zrc1904.com\/fr\/savoir-faire\/couronne-ecs-easy-clean-system\/\">brevet mondial ECS<sup>\u2122<\/sup><\/a>.<br><a href=\"https:\/\/zrc1904.com\/fr\/la-marque\/zrc-et-la-marine-nationale\/\">Fournisseur de la Marine Nationale Fran\u00e7aise de 1961 \u00e0 1996<\/a>, ZRC est la Marque qui aura \u00e9quip\u00e9 la Marine sur la plus longue p\u00e9riode et c\u2019est tout naturellement que Georges BRUNET arri\u00e8re-petit-fils du Fondateur renoue le contact avec la Marine pour \u00eatre la Marque partenaire du 50\u00e8me anniversaire du GPD M\u00e9diterran\u00e9e en 2015 et du 60\u00e8me anniversaire de l\u2019Ecole de Plong\u00e9e de Saint-Mandrier en 2021.<br>Leader sur le segment de la <a href=\"https:\/\/zrc1904.com\/fr\/categorie\/collections-fr\/montres-grands-fonds\/\">montre de plong\u00e9e<\/a> depuis 120 ans ZRC<sup>\u00ae<\/sup> poursuit son d\u00e9veloppement au travers de distributions exclusives.<\/p><div style=\"height:20px\" aria-hidden=\"true\" class=\"wp-block-spacer\"><\/div>","protected":false},"excerpt":{"rendered":"<p>Sp\u00e9cialiste reconnu du boitier de montres \u00e9tanches depuis les ann\u00e9es 20, ZRC\u00ae poss\u00e8de une renomm\u00e9e internationalement dans la fabrication de montres de plong\u00e9e de grande qualit\u00e9. Transmise de g\u00e9n\u00e9ration en g\u00e9n\u00e9ration ces connaissances ont permis le d\u00e9veloppement du brevet mondial ECS\u2122.Fournisseur de la Marine Nationale Fran\u00e7aise de 1961 \u00e0 1996, ZRC est la Marque qui [&hellip;]<\/p>\n","protected":false},"author":553,"featured_media":0,"parent":0,"menu_order":0,"comment_status":"closed","ping_status":"closed","template":"","meta":{"_acf_changed":false,"footnotes":""},"acf":[],"_links":{"self":[{"href":"https:\/\/zrc1904.com\/fr\/wp-json\/wp\/v2\/pages\/2"}],"collection":[{"href":"https:\/\/zrc1904.com\/fr\/wp-json\/wp\/v2\/pages"}],"about":[{"href":"https:\/\/zrc1904.com\/fr\/wp-json\/wp\/v2\/types\/page"}],"author":[{"embeddable":true,"href":"https:\/\/zrc1904.com\/fr\/wp-json\/wp\/v2\/users\/553"}],"replies":[{"embeddable":true,"href":"https:\/\/zrc1904.com\/fr\/wp-json\/wp\/v2\/comments?post=2"}],"version-history":[{"count":134,"href":"https:\/\/zrc1904.com\/fr\/wp-json\/wp\/v2\/pages\/2\/revisions"}],"predecessor-version":[{"id":14272,"href":"https:\/\/zrc1904.com\/fr\/wp-json\/wp\/v2\/pages\/2\/revisions\/14272"}],"wp:attachment":[{"href":"https:\/\/zrc1904.com\/fr\/wp-json\/wp\/v2\/media?parent=2"}],"curies":[{"name":"wp","href":"https:\/\/api.w.org\/{rel}","templated":true}]}}