{"id":123,"date":"2021-12-16T08:32:01","date_gmt":"2021-12-16T07:32:01","guid":{"rendered":"https:\/\/www.zrc.test\/?page_id=123"},"modified":"2024-06-03T15:11:02","modified_gmt":"2024-06-03T13:11:02","slug":"mentions-legales-et-credits","status":"publish","type":"page","link":"https:\/\/zrc1904.com\/fr\/mentions-legales-et-credits\/","title":{"rendered":"Mentions l\u00e9gales et cr\u00e9dits"},"content":{"rendered":"<p>L\u2019entreprise&nbsp;<strong>ZRC<sup>\u00ae<\/sup> Gen\u00e8ve SA<\/strong>, au capital de&nbsp;<strong>465000 CHF<\/strong>, immatricul\u00e9e au RCS de&nbsp;<strong>Gen\u00e8ve en Suisse<\/strong>&nbsp;sous le num\u00e9ro&nbsp;<strong>CHE-258.742.522<\/strong>&nbsp;et repr\u00e9sent\u00e9e par&nbsp;<strong>Georges BRUNET<\/strong>.<br>Adresse: 152A Route de Thonon \u2013 1222 VESENAZ \u2013 SUISSE<\/p><p>Email:&nbsp;<strong>customerservice@zrc1904.ch<\/strong><\/p><p>Directeur de la publication:&nbsp;<strong>Georges BRUNET<\/strong><\/p><div class=\"block block-separator\">\n            <div class=\"container\">\n        <div class=\"separator\"><\/div>\n            <\/div>\n    <\/div><h2 class=\"wp-block-heading\">H\u00e9bergement<\/h2><p>Le site Internet est h\u00e9berg\u00e9 chez la soci\u00e9t\u00e9&nbsp;<strong><a href=\"https:\/\/www.infomaniak.com\/\" target=\"_blank\" rel=\"noreferrer noopener\">Infomaniak Network SA<\/a>,<\/strong> immatricul\u00e9e au Registre du commerce du canton de Gen\u00e8ve&nbsp;sous le num\u00e9ro&nbsp;<strong>CH-660.0.059.996-1<\/strong>&nbsp;et num\u00e9ro de TVA intracommunautaire&nbsp;<strong>CHE-103.167.648<\/strong>.<\/p><div class=\"block block-separator\">\n            <div class=\"container\">\n        <div class=\"separator\"><\/div>\n            <\/div>\n    <\/div><h2 class=\"wp-block-heading\">\u00c9diteur<\/h2><p>Le site Internet est \u00e9dit\u00e9 par&nbsp;<a href=\"https:\/\/cap-digital-performance.com\/\" target=\"_blank\" rel=\"noreferrer noopener\"><strong>CAP Digital Performance<\/strong> <\/a><\/p><p><strong>hello@cap-dp.com<\/strong><\/p><div class=\"block block-separator\">\n            <div class=\"container\">\n        <div class=\"separator\"><\/div>\n            <\/div>\n    <\/div><h2 class=\"wp-block-heading\">DROIT D\u2019AUTEUR<\/h2><p>Les photos pr\u00e9sentes sur le site ont \u00e9t\u00e9 r\u00e9alis\u00e9es par :<\/p><p>Photos de Catalin Preda : Romina Amato\u00a9, Predrag Vuckovic\u00a9<br>Photos de St\u00e9phane Tourreau : B.Rhamey\u00a9, Verhoeven\u00a9, Draz Foto\u00a9, Sylvain BES\u00a9, Mathias LOPEZ\u00a9, Andy PARANT\u00a9<br>Photos d&rsquo;Alban Michon : Andy PARANT\u00a9<br>Photos de port\u00e9s et gros plan carrousel : @Nicedily<br>Photos marine nationale avec les plongeurs sur le sous-marin : Emmanuel DONFUT\u00a9<br>Photos des montres soldats, profil etc. : Aur\u00e9lien BERGOT\u00a9,\u00a0pitchmark\u00a9<br>Photos nature morte des montres SportChic : Barney<\/p>","protected":false},"excerpt":{"rendered":"<p>L\u2019entreprise&nbsp;ZRC\u00ae Gen\u00e8ve SA, au capital de&nbsp;465000 CHF, immatricul\u00e9e au RCS de&nbsp;Gen\u00e8ve en Suisse&nbsp;sous le num\u00e9ro&nbsp;CHE-258.742.522&nbsp;et repr\u00e9sent\u00e9e par&nbsp;Georges BRUNET.Adresse: 152A Route de Thonon \u2013 1222 VESENAZ \u2013 SUISSE Email:&nbsp;customerservice@zrc1904.ch Directeur de la publication:&nbsp;Georges BRUNET H\u00e9bergement Le site Internet est h\u00e9berg\u00e9 chez la soci\u00e9t\u00e9&nbsp;Infomaniak Network SA, immatricul\u00e9e au Registre du commerce du canton de Gen\u00e8ve&nbsp;sous le num\u00e9ro&nbsp;CH-660.0.059.996-1&nbsp;et [&hellip;]<\/p>\n","protected":false},"author":553,"featured_media":0,"parent":0,"menu_order":0,"comment_status":"closed","ping_status":"closed","template":"template-content-right.php","meta":{"_acf_changed":false,"footnotes":""},"acf":[],"_links":{"self":[{"href":"https:\/\/zrc1904.com\/fr\/wp-json\/wp\/v2\/pages\/123"}],"collection":[{"href":"https:\/\/zrc1904.com\/fr\/wp-json\/wp\/v2\/pages"}],"about":[{"href":"https:\/\/zrc1904.com\/fr\/wp-json\/wp\/v2\/types\/page"}],"author":[{"embeddable":true,"href":"https:\/\/zrc1904.com\/fr\/wp-json\/wp\/v2\/users\/553"}],"replies":[{"embeddable":true,"href":"https:\/\/zrc1904.com\/fr\/wp-json\/wp\/v2\/comments?post=123"}],"version-history":[{"count":11,"href":"https:\/\/zrc1904.com\/fr\/wp-json\/wp\/v2\/pages\/123\/revisions"}],"predecessor-version":[{"id":11439,"href":"https:\/\/zrc1904.com\/fr\/wp-json\/wp\/v2\/pages\/123\/revisions\/11439"}],"wp:attachment":[{"href":"https:\/\/zrc1904.com\/fr\/wp-json\/wp\/v2\/media?parent=123"}],"curies":[{"name":"wp","href":"https:\/\/api.w.org\/{rel}","templated":true}]}}