{"id":10404,"date":"2024-04-22T15:36:34","date_gmt":"2024-04-22T13:36:34","guid":{"rendered":"https:\/\/zrc.web-74.com\/?page_id=10404"},"modified":"2024-05-21T15:10:23","modified_gmt":"2024-05-21T13:10:23","slug":"centre-de-test-zrc","status":"publish","type":"page","link":"https:\/\/zrc1904.com\/fr\/dive-test-center\/centre-de-test-zrc\/","title":{"rendered":"Centre de test ZRC<sup>\u00ae<\/sup>"},"content":{"rendered":"<div class=\"wp-block-media-text alignwide has-media-on-the-right is-stacked-on-mobile\"><div class=\"wp-block-media-text__content\"><p>Depuis juin 2015<a href=\"https:\/\/zrc1904.com\/fr\/dive-test-center\/centre-de-plongee-lavandou\/\">, Le Lavandou Plong\u00e9e<\/a> est le centre de test Officiel des montres ZRC<sup>\u00ae<\/sup>. <br>Au total plus de 30 montres ont \u00e9t\u00e9 test\u00e9es en configuration de travail par les moniteurs du centre et cumulent \u00e0 ce jour plus de 6000 plong\u00e9es. <\/p><\/div><figure class=\"wp-block-media-text__media\"><img loading=\"lazy\" decoding=\"async\" width=\"446\" height=\"174\" src=\"https:\/\/zrc1904.com\/wp-content\/uploads\/2022\/03\/image-page-divecenter1.png\" alt=\"\" class=\"wp-image-1535 size-full\"\/><\/figure><\/div><div class=\"wp-block-columns is-layout-flex wp-container-core-columns-is-layout-1 wp-block-columns-is-layout-flex\"><div class=\"wp-block-column is-layout-flow wp-block-column-is-layout-flow\"><figure class=\"wp-block-image size-full\"><img loading=\"lazy\" decoding=\"async\" width=\"406\" height=\"541\" src=\"https:\/\/zrc1904.com\/wp-content\/uploads\/2024\/04\/Centre-Test-ZRC-01.jpg\" alt=\"\" class=\"wp-image-10419\" srcset=\"https:\/\/zrc1904.com\/wp-content\/uploads\/2024\/04\/Centre-Test-ZRC-01.jpg 406w, https:\/\/zrc1904.com\/wp-content\/uploads\/2024\/04\/Centre-Test-ZRC-01-383x510.jpg 383w, https:\/\/zrc1904.com\/wp-content\/uploads\/2024\/04\/Centre-Test-ZRC-01-75x100.jpg 75w\" sizes=\"(max-width: 406px) 100vw, 406px\" \/><\/figure><\/div>\n\n<div class=\"wp-block-column is-layout-flow wp-block-column-is-layout-flow\"><figure class=\"wp-block-image size-full\"><img loading=\"lazy\" decoding=\"async\" width=\"406\" height=\"541\" src=\"https:\/\/zrc1904.com\/wp-content\/uploads\/2024\/04\/Centre-Test-ZRC-02.jpg\" alt=\"\" class=\"wp-image-10422\" srcset=\"https:\/\/zrc1904.com\/wp-content\/uploads\/2024\/04\/Centre-Test-ZRC-02.jpg 406w, https:\/\/zrc1904.com\/wp-content\/uploads\/2024\/04\/Centre-Test-ZRC-02-383x510.jpg 383w, https:\/\/zrc1904.com\/wp-content\/uploads\/2024\/04\/Centre-Test-ZRC-02-75x100.jpg 75w\" sizes=\"(max-width: 406px) 100vw, 406px\" \/><\/figure><\/div><\/div><div class=\"wp-block-media-text alignwide is-stacked-on-mobile\"><figure class=\"wp-block-media-text__media\"><img loading=\"lazy\" decoding=\"async\" width=\"500\" height=\"500\" src=\"https:\/\/zrc1904.com\/wp-content\/uploads\/2024\/04\/carre-plongeur.jpg\" alt=\"\" class=\"wp-image-10411 size-full\" srcset=\"https:\/\/zrc1904.com\/wp-content\/uploads\/2024\/04\/carre-plongeur.jpg 500w, https:\/\/zrc1904.com\/wp-content\/uploads\/2024\/04\/carre-plongeur-100x100.jpg 100w, https:\/\/zrc1904.com\/wp-content\/uploads\/2024\/04\/carre-plongeur-166x166.jpg 166w, https:\/\/zrc1904.com\/wp-content\/uploads\/2024\/04\/carre-plongeur-250x250.jpg 250w\" sizes=\"(max-width: 500px) 100vw, 500px\" \/><\/figure><div class=\"wp-block-media-text__content\"><h2 class=\"wp-block-heading\">CEs TESTs GRANDEUR NATURE PERMETtent \u00e0 la marque de repousser les limites de ses gardes-temps.<\/h2><\/div><\/div><div class=\"wp-block-columns is-layout-flex wp-container-core-columns-is-layout-2 wp-block-columns-is-layout-flex\"><div class=\"wp-block-column is-layout-flow wp-block-column-is-layout-flow\"><figure class=\"wp-block-image size-full\"><img loading=\"lazy\" decoding=\"async\" width=\"500\" height=\"332\" src=\"https:\/\/zrc1904.com\/wp-content\/uploads\/2024\/04\/conduirelebateau.jpg\" alt=\"\" class=\"wp-image-10414\" srcset=\"https:\/\/zrc1904.com\/wp-content\/uploads\/2024\/04\/conduirelebateau.jpg 500w, https:\/\/zrc1904.com\/wp-content\/uploads\/2024\/04\/conduirelebateau-100x66.jpg 100w\" sizes=\"(max-width: 500px) 100vw, 500px\" \/><\/figure><\/div>\n\n<div class=\"wp-block-column is-layout-flow wp-block-column-is-layout-flow\"><figure class=\"wp-block-image size-full\"><img loading=\"lazy\" decoding=\"async\" width=\"500\" height=\"332\" src=\"https:\/\/zrc1904.com\/wp-content\/uploads\/2024\/04\/testmontres.jpg\" alt=\"\" class=\"wp-image-10408\" srcset=\"https:\/\/zrc1904.com\/wp-content\/uploads\/2024\/04\/testmontres.jpg 500w, https:\/\/zrc1904.com\/wp-content\/uploads\/2024\/04\/testmontres-100x66.jpg 100w\" sizes=\"(max-width: 500px) 100vw, 500px\" \/><\/figure><\/div><\/div>","protected":false},"excerpt":{"rendered":"<p>Depuis juin 2015, Le Lavandou Plong\u00e9e est le centre de test Officiel des montres ZRC\u00ae. Au total plus de 30 montres ont \u00e9t\u00e9 test\u00e9es en configuration de travail par les moniteurs du centre et cumulent \u00e0 ce jour plus de 6000 plong\u00e9es. CEs TESTs GRANDEUR NATURE PERMETtent \u00e0 la marque de repousser les limites de [&hellip;]<\/p>\n","protected":false},"author":2,"featured_media":0,"parent":10392,"menu_order":0,"comment_status":"closed","ping_status":"closed","template":"template-dive-center.php","meta":{"_acf_changed":false,"footnotes":""},"acf":[],"_links":{"self":[{"href":"https:\/\/zrc1904.com\/fr\/wp-json\/wp\/v2\/pages\/10404"}],"collection":[{"href":"https:\/\/zrc1904.com\/fr\/wp-json\/wp\/v2\/pages"}],"about":[{"href":"https:\/\/zrc1904.com\/fr\/wp-json\/wp\/v2\/types\/page"}],"author":[{"embeddable":true,"href":"https:\/\/zrc1904.com\/fr\/wp-json\/wp\/v2\/users\/2"}],"replies":[{"embeddable":true,"href":"https:\/\/zrc1904.com\/fr\/wp-json\/wp\/v2\/comments?post=10404"}],"version-history":[{"count":6,"href":"https:\/\/zrc1904.com\/fr\/wp-json\/wp\/v2\/pages\/10404\/revisions"}],"predecessor-version":[{"id":11308,"href":"https:\/\/zrc1904.com\/fr\/wp-json\/wp\/v2\/pages\/10404\/revisions\/11308"}],"up":[{"embeddable":true,"href":"https:\/\/zrc1904.com\/fr\/wp-json\/wp\/v2\/pages\/10392"}],"wp:attachment":[{"href":"https:\/\/zrc1904.com\/fr\/wp-json\/wp\/v2\/media?parent=10404"}],"curies":[{"name":"wp","href":"https:\/\/api.w.org\/{rel}","templated":true}]}}