{"id":10230,"date":"2024-04-17T19:50:18","date_gmt":"2024-04-17T17:50:18","guid":{"rendered":"https:\/\/zrc.web-74.com\/savoir-faire\/movement\/"},"modified":"2025-03-18T14:58:26","modified_gmt":"2025-03-18T13:58:26","slug":"mouvement","status":"publish","type":"page","link":"https:\/\/zrc1904.com\/fr\/savoir-faire\/mouvement\/","title":{"rendered":"MOUVEMENT"},"content":{"rendered":"<div class=\"block block-savoir-faire\">\n        <div class=\"container\">\n                        <div class=\"elements\">\n                            <div class=\"element\">\n                    <img loading=\"lazy\" decoding=\"async\" width=\"1500\" height=\"1500\" src=\"https:\/\/zrc1904.com\/wp-content\/uploads\/2024\/03\/SELLITA-SW300-1-ZRC.jpg\" class=\"attachment-full size-full\" alt=\"Mouvement SELLITA-SW300-1 - Montre ZRC\" srcset=\"https:\/\/zrc1904.com\/wp-content\/uploads\/2024\/03\/SELLITA-SW300-1-ZRC.jpg 1500w, https:\/\/zrc1904.com\/wp-content\/uploads\/2024\/03\/SELLITA-SW300-1-ZRC-510x510.jpg 510w, https:\/\/zrc1904.com\/wp-content\/uploads\/2024\/03\/SELLITA-SW300-1-ZRC-1024x1024.jpg 1024w, https:\/\/zrc1904.com\/wp-content\/uploads\/2024\/03\/SELLITA-SW300-1-ZRC-100x100.jpg 100w, https:\/\/zrc1904.com\/wp-content\/uploads\/2024\/03\/SELLITA-SW300-1-ZRC-768x768.jpg 768w, https:\/\/zrc1904.com\/wp-content\/uploads\/2024\/03\/SELLITA-SW300-1-ZRC-166x166.jpg 166w, https:\/\/zrc1904.com\/wp-content\/uploads\/2024\/03\/SELLITA-SW300-1-ZRC-250x250.jpg 250w\" sizes=\"(max-width: 1500px) 100vw, 1500px\" title=\"Mouvement SELLITA-SW300-1 - Montre ZRC\" \/>                    <div class=\"element-inner\">\n                                                    <h3>MOVEMENT<\/h3>\n                                                                            <h4>SELLITA SW300-1 \u00e9labor\u00e9<\/h4>\n                                                                            <div class=\"accordion\">\n                                <a href=\"#\" class=\"more\" aria-controls=\"element-1\">En savoir plus<\/a>\n                                <div class=\"element-1 accordion-target\">\n                                    <p>ZRC<sup>\u00ae<\/sup> utilise le nouveau mouvement SELLITA SW300-1 en version \u00e9labor\u00e9e pour les montres MN64 de la gamme Grands Fonds.\r\n\r\nEn collaboration avec le manufacturier Suisse ZRC<sup>\u00ae<\/sup> a d\u00e9velopp\u00e9 une masse oscillante sp\u00e9cifiquement \u00e9quilibr\u00e9e autour d\u2019un rotor centr\u00e9 sur 3 axes afin d\u2019am\u00e9liorer encore le remontage automatique. Fort d\u2019une pr\u00e9cision de +\/- 5sec par jour il poss\u00e8dent \u00e9galement une r\u00e9serve de marche de 56H. De plus son r\u00e9glage microm\u00e9trique bloqu\u00e9 permet de maintenir la pr\u00e9cision m\u00eame lors d\u2019utilisation sportive alors que l\u2019antichoc INCABLOC mont\u00e9 sur l\u2019axe du balancier prot\u00e8ge le c\u0153ur du mouvement des chocs violents.<\/p>\n                                <\/div>\n                            <\/div>\n                                            <\/div>\n                <\/div>\n                            <div class=\"element\">\n                    <img loading=\"lazy\" decoding=\"async\" width=\"1500\" height=\"1500\" src=\"https:\/\/zrc1904.com\/wp-content\/uploads\/2024\/04\/SELLITA-SW300-1-ZRC-dateur.jpg\" class=\"attachment-full size-full\" alt=\"SELLITA-SW300-1-ZRC-dateur\" srcset=\"https:\/\/zrc1904.com\/wp-content\/uploads\/2024\/04\/SELLITA-SW300-1-ZRC-dateur.jpg 1500w, https:\/\/zrc1904.com\/wp-content\/uploads\/2024\/04\/SELLITA-SW300-1-ZRC-dateur-510x510.jpg 510w, https:\/\/zrc1904.com\/wp-content\/uploads\/2024\/04\/SELLITA-SW300-1-ZRC-dateur-1024x1024.jpg 1024w, https:\/\/zrc1904.com\/wp-content\/uploads\/2024\/04\/SELLITA-SW300-1-ZRC-dateur-100x100.jpg 100w, https:\/\/zrc1904.com\/wp-content\/uploads\/2024\/04\/SELLITA-SW300-1-ZRC-dateur-768x768.jpg 768w, https:\/\/zrc1904.com\/wp-content\/uploads\/2024\/04\/SELLITA-SW300-1-ZRC-dateur-166x166.jpg 166w, https:\/\/zrc1904.com\/wp-content\/uploads\/2024\/04\/SELLITA-SW300-1-ZRC-dateur-250x250.jpg 250w\" sizes=\"(max-width: 1500px) 100vw, 1500px\" title=\"SELLITA-SW300-1-ZRC-dateur\" \/>                    <div class=\"element-inner\">\n                                                    <h3>MOVEMENT<\/h3>\n                                                                            <h4>Sp\u00e9cifications<\/h4>\n                                                                            <div class=\"accordion\">\n                                <a href=\"#\" class=\"more\" aria-controls=\"element-2\">En savoir plus<\/a>\n                                <div class=\"element-2 accordion-target\">\n                                    <p>&#8211; Pr\u00e9cision = +\/- 5sec jour <\/br>\r\n&#8211; Tol\u00e9rance = +\/- 5 sec jour = de 0 \u00e0 10 sec\/jour maximum<\/br>\r\n&#8211; Amplitude = 315\u00b0<\/br>\r\n&#8211; Rubis = 25<\/br>\r\n&#8211; R\u00e9serve de marche = 56H<\/br>\r\n&#8211; R\u00e9glage = 4 positions<\/br>\r\n&#8211; Remontage = Automatique\/Manuel<\/br><\/p>\n                                <\/div>\n                            <\/div>\n                                            <\/div>\n                <\/div>\n                    <\/div>\n            <\/div>\n    <\/div><div class=\"block block-content-cta\">\n            <div class=\"cta-item\">\n                                            <img loading=\"lazy\" decoding=\"async\" width=\"700\" height=\"630\" src=\"https:\/\/zrc1904.com\/wp-content\/uploads\/2025\/03\/fond-deformation.jpg\" class=\"attachment-full size-full\" alt=\"D\u00e9formation programm\u00e9e des mat\u00e9riaux\" srcset=\"https:\/\/zrc1904.com\/wp-content\/uploads\/2025\/03\/fond-deformation.jpg 700w, https:\/\/zrc1904.com\/wp-content\/uploads\/2025\/03\/fond-deformation-510x459.jpg 510w, https:\/\/zrc1904.com\/wp-content\/uploads\/2025\/03\/fond-deformation-100x90.jpg 100w\" sizes=\"(max-width: 700px) 100vw, 700px\" \/>\n            \n            <a href=\"https:\/\/zrc1904.com\/fr\/savoir-faire\/deformation-programmee-des-materiaux\/\" class=\"cta-item-link\" aria-label=\"D\u00e9formation programm\u00e9e des mat\u00e9riaux\"><\/a>\n            <div class=\"cta-item-content\">\n                <span>Expertise<\/span>\n                <h2 class=\"h1\">D\u00e9formation programm\u00e9e des mat\u00e9riaux<\/h2>\n            <\/div>\n        <\/div>\n            <div class=\"cta-item\">\n                                            <img loading=\"lazy\" decoding=\"async\" width=\"700\" height=\"630\" src=\"https:\/\/zrc1904.com\/wp-content\/uploads\/2025\/03\/fond-ecs.jpg\" class=\"attachment-full size-full\" alt=\"LUNETTE ECS\u2122 (EASY CLEAN SYSTEM)\" srcset=\"https:\/\/zrc1904.com\/wp-content\/uploads\/2025\/03\/fond-ecs.jpg 700w, https:\/\/zrc1904.com\/wp-content\/uploads\/2025\/03\/fond-ecs-510x459.jpg 510w, https:\/\/zrc1904.com\/wp-content\/uploads\/2025\/03\/fond-ecs-100x90.jpg 100w\" sizes=\"(max-width: 700px) 100vw, 700px\" \/>\n            \n            <a href=\"https:\/\/zrc1904.com\/fr\/savoir-faire\/couronne-ecs-easy-clean-system\/\" class=\"cta-item-link\" aria-label=\"LUNETTE ECS\u2122 (EASY CLEAN SYSTEM)\"><\/a>\n            <div class=\"cta-item-content\">\n                <span>Expertise<\/span>\n                <h2 class=\"h1\">LUNETTE ECS\u2122 (EASY CLEAN SYSTEM)<\/h2>\n            <\/div>\n        <\/div>\n            <div class=\"cta-item\">\n                                            <img loading=\"lazy\" decoding=\"async\" width=\"700\" height=\"630\" src=\"https:\/\/zrc1904.com\/wp-content\/uploads\/2024\/04\/cps-bracelets-fond-bloc.jpg\" class=\"attachment-full size-full\" alt=\"Couronne &amp; Bracelet plongeur\" srcset=\"https:\/\/zrc1904.com\/wp-content\/uploads\/2024\/04\/cps-bracelets-fond-bloc.jpg 700w, https:\/\/zrc1904.com\/wp-content\/uploads\/2024\/04\/cps-bracelets-fond-bloc-510x459.jpg 510w, https:\/\/zrc1904.com\/wp-content\/uploads\/2024\/04\/cps-bracelets-fond-bloc-100x90.jpg 100w\" sizes=\"(max-width: 700px) 100vw, 700px\" \/>\n            \n            <a href=\"https:\/\/zrc1904.com\/fr\/savoir-faire\/couronne-bracelet-plongeur\/\" class=\"cta-item-link\" aria-label=\"Couronne &#038; Bracelet plongeur\"><\/a>\n            <div class=\"cta-item-content\">\n                <span>Expertise<\/span>\n                <h2 class=\"h1\">Couronne &#038; Bracelet plongeur<\/h2>\n            <\/div>\n        <\/div>\n    <\/div>","protected":false},"excerpt":{"rendered":"","protected":false},"author":2,"featured_media":0,"parent":92,"menu_order":0,"comment_status":"closed","ping_status":"closed","template":"template-savoir-faire.php","meta":{"_acf_changed":false,"footnotes":""},"acf":[],"_links":{"self":[{"href":"https:\/\/zrc1904.com\/fr\/wp-json\/wp\/v2\/pages\/10230"}],"collection":[{"href":"https:\/\/zrc1904.com\/fr\/wp-json\/wp\/v2\/pages"}],"about":[{"href":"https:\/\/zrc1904.com\/fr\/wp-json\/wp\/v2\/types\/page"}],"author":[{"embeddable":true,"href":"https:\/\/zrc1904.com\/fr\/wp-json\/wp\/v2\/users\/2"}],"replies":[{"embeddable":true,"href":"https:\/\/zrc1904.com\/fr\/wp-json\/wp\/v2\/comments?post=10230"}],"version-history":[{"count":26,"href":"https:\/\/zrc1904.com\/fr\/wp-json\/wp\/v2\/pages\/10230\/revisions"}],"predecessor-version":[{"id":13096,"href":"https:\/\/zrc1904.com\/fr\/wp-json\/wp\/v2\/pages\/10230\/revisions\/13096"}],"up":[{"embeddable":true,"href":"https:\/\/zrc1904.com\/fr\/wp-json\/wp\/v2\/pages\/92"}],"wp:attachment":[{"href":"https:\/\/zrc1904.com\/fr\/wp-json\/wp\/v2\/media?parent=10230"}],"curies":[{"name":"wp","href":"https:\/\/api.w.org\/{rel}","templated":true}]}}